{"id":11743,"date":"2019-05-29T13:49:33","date_gmt":"2019-05-29T13:49:33","guid":{"rendered":"http:\/\/www2.unifap.br\/drh\/?page_id=11743"},"modified":"2019-05-29T14:34:51","modified_gmt":"2019-05-29T14:34:51","slug":"curso-basico-de-tesouro-gerencial","status":"publish","type":"page","link":"http:\/\/www2.unifap.br\/drh\/desenvolvimento-na-carreira\/cronograma-de-cursos-2019\/curso-basico-de-tesouro-gerencial\/","title":{"rendered":"Curso B\u00e1sico de Tesouro Gerencial"},"content":{"rendered":"\t\t<div data-elementor-type=\"wp-post\" data-elementor-id=\"11743\" class=\"elementor elementor-11743 elementor-bc-flex-widget\">\n\t\t\t\t\t\t<section class=\"elementor-section elementor-top-section elementor-element elementor-element-241d4206 elementor-section-boxed elementor-section-height-default elementor-section-height-default\" data-id=\"241d4206\" data-element_type=\"section\" data-e-type=\"section\">\n\t\t\t\t\t\t<div class=\"elementor-container elementor-column-gap-default\">\n\t\t\t\t\t<div class=\"elementor-column elementor-col-100 elementor-top-column elementor-element elementor-element-5f26d27f\" data-id=\"5f26d27f\" data-element_type=\"column\" data-e-type=\"column\">\n\t\t\t<div class=\"elementor-widget-wrap elementor-element-populated\">\n\t\t\t\t\t\t<div class=\"elementor-element elementor-element-7f88e80e elementor-widget elementor-widget-text-editor\" data-id=\"7f88e80e\" data-element_type=\"widget\" data-e-type=\"widget\" data-widget_type=\"text-editor.default\">\n\t\t\t\t<div class=\"elementor-widget-container\">\n\t\t\t\t\t\t\t\t\t<p><span style=\"color: #0000ff;\"><strong>Carga Hor\u00e1ria<\/strong><\/span>: 15 h\/a\u00a0<\/p><p><span style=\"color: #0000ff;\"><strong>Vagas<\/strong><\/span>: 15 para servidores t\u00e9cnico-administrativos (Al\u00e9m de servidores do DEFIN, o curso \u00e9 direcionado a servidores das seguintes Pr\u00f3-reitorias:<\/p><p style=\"padding-left: 30px;\"><strong><em>PROPLAN: Poder\u00e1 aplicar o conte\u00fado do curso no planejamento Institucional, com base na an\u00e1lise e acompanhamento, atrav\u00e9s dos relat\u00f3rios, das despesas e receitas p\u00fablicas, auxiliando no processo de tomada de decis\u00f5es.\u00a0<\/em><\/strong><\/p><p style=\"padding-left: 30px;\"><strong><em>PROAD: Utilizar nos processos que tramitam pela Pr\u00f3-reitoria de modo em geral, referentes a processos que gerem despesas e\/ou afins.\u00a0<\/em><\/strong><\/p><p style=\"padding-left: 30px;\"><strong><em>PROGRAD: aplicar o conte\u00fado do curso para emiss\u00e3o de relat\u00f3rios relacionados ao acompanhamento de pagamento de bolsistas de modo geral.<\/em><\/strong><\/p><p style=\"padding-left: 30px;\"><strong><em>PROPESPG: aplicar o conte\u00fado do curso para emiss\u00e3o de relat\u00f3rios relacionados ao acompanhamento de pagamento de bolsistas de modo geral.\u00a0<\/em><\/strong><\/p><p><span style=\"color: #0000ff;\"><strong>Per\u00edodo<\/strong><\/span>: de\u00a017\/06\/2019 a 21\/06\/2019 &#8211; <span style=\"color: #0000ff;\"><b>Local<\/b><\/span>:\u00a0 Laborat\u00f3rio LAB LIFE do Departamento de Letras e Artes\/DEPLA, situado no andar superior do pr\u00e9dio<\/p><p><span style=\"color: #0000ff;\"><strong>Instrutor<\/strong><\/span>:\u00a0FRANKLIN AUGUSTO AMARAL DE MENDON\u00c7A<\/p><p><span style=\"color: #0000ff;\"><strong>OBJETIVOS<\/strong><\/span>:\u00a0Criar Relat\u00f3rios como subs\u00eddio \u00e0s consultas sobre a execu\u00e7\u00e3o or\u00e7ament\u00e1rio-financeira, os principais conceitos referentes \u00e0 administra\u00e7\u00e3o financeira e or\u00e7ament\u00e1ria. Apresentar aos Participantes as funcionalidades do novo sistema e as principais caracter\u00edsticas. Capacitar os Participantes a desenvolver compet\u00eancias e a trabalhar com novo sistema de consultas do Governo Federal \u0096 Tesouro Gerencial.<\/p><h5><span style=\"color: #0000ff;\"><strong>CONTE\u00daDOS PROGRAMADOS<\/strong><\/span>:\u00a0M\u00f3dulo I: Conceitos B\u00e1sicos de Administra\u00e7\u00e3o Financeira e Or\u00e7ament\u00e1ria e Introdu\u00e7\u00e3o ao Tesouro Gerencial. 1. No\u00e7\u00f5es de Administra\u00e7\u00e3o Or\u00e7ament\u00e1ria e Financeira 2. Relacionamento SIAFI x Tesouro-Gerencial. 3. Estrutura da informa\u00e7\u00e3o no Tesouro Gerencial: A informa\u00e7\u00e3o or\u00e7ament\u00e1ria; Classifica\u00e7\u00e3o por Natureza da Receita; Classifica\u00e7\u00e3o por Natureza da Despesa; Classifica\u00e7\u00e3o por Fonte de Recursos; A C\u00e9lula or\u00e7ament\u00e1ria; Principais contas cont\u00e1beis da Execu\u00e7\u00e3o Or\u00e7ament\u00e1rio-Financeira e seus contas correntes. 4. Introdu\u00e7\u00e3o ao Tesouro Gerencial: Hist\u00f3rico; Arquitetura; Plataforma BI; Tesouro Gerencial x Siafi Gerencial; Conceitos (atributos, m\u00e9tricas, linhas e colunas); Navega\u00e7\u00e3o pelo Sistema; Menus; Principais caracter\u00edsticas; Funcionalidades; Filtros; Prompts; Grupos Personalizados; Relat\u00f3rios em Branco; Relat\u00f3rios de Bancada; Relat\u00f3rios Compartilhados; Meus Relat\u00f3rios; e formatos de sa\u00edda. M\u00f3dulo II: Consultas B\u00e1sicas no Tesouro Gerencial e Dota\u00e7\u00e3o Or\u00e7ament\u00e1ria e Descentraliza\u00e7\u00e3o de Cr\u00e9ditos 1.Tabelas do Tesouro Gerencial: Rol de contas; Itens de informa\u00e7\u00e3o; Estrutura organizacional; UG; \u00d3rg\u00e3o; e UO. 2. Projeto de Lei Or\u00e7ament\u00e1ria Anual. 3. Dota\u00e7\u00e3o Inicial. 4. Cr\u00e9ditos Adicionais: suplementar, especial e extraordin\u00e1rio. 5. Dota\u00e7\u00e3o Autorizada. 6. Provis\u00e3o e Destaque Or\u00e7ament\u00e1rio. 7. Consultas no Tesouro Gerencial sobre Dota\u00e7\u00e3o Or\u00e7ament\u00e1ria e Descentraliza\u00e7\u00e3o de Cr\u00e9ditos: Escolher Relat\u00f3rio de Bancada; Selecionar atributos; Inserir novos atributos e m\u00e9tricas; realizar consulta; exportar dados. M\u00d3DULO III: Execu\u00e7\u00e3o Or\u00e7ament\u00e1ria e Financeira da Despesa Parte I. 1. No\u00e7\u00f5es do PCASP. 2. Execu\u00e7\u00e3o simplificada da despesa. 3. Principais contas de despesa e seus contas correntes. 4. Consultas de Execu\u00e7\u00e3o da Despesa: por Unidade Gestora, programa, fonte, projeto\/atividade, elemento da despesa e suas inter-rela\u00e7\u00f5es. 5. Cria\u00e7\u00e3o de relat\u00f3rios: por meio de Relat\u00f3rios de Bancada; por meio de Relat\u00f3rios em Branco, selecionando Itens de Informa\u00e7\u00e3o, contas cont\u00e1beis, atributos e m\u00e9tricas. 6. Cria\u00e7\u00e3o de filtros, prompts e grupos personalizados. 7. Salvar consultas em Meus Relat\u00f3rios. M\u00d3DULO IV: Execu\u00e7\u00e3o Or\u00e7ament\u00e1ria e Financeira da Despesa Parte II. 1. Consultas de Execu\u00e7\u00e3o da Despesa: por Credor, Empenho e Subitem. 2. Cria\u00e7\u00e3o de relat\u00f3rios: por meio de Relat\u00f3rios de Bancada; por meio de Relat\u00f3rios em Branco, selecionando Itens de Informa\u00e7\u00e3o, contas cont\u00e1beis, atributos e m\u00e9tricas. 3. Compartilhar relat\u00f3rios. M\u00d3DULO V: Consultas de documentos no Tesouro Gerencial e Receita P\u00fablica 1. Documentos do SIAFI: Nota de Empenho (NE), Nota de Cr\u00e9dito (NC), Proposta de Programa\u00e7\u00e3o Financeira (PF), Ordem Banc\u00e1ria (OB), Nota de Lan\u00e7amento (NL), entre outros. 2. Aspectos te\u00f3ricos: Conceitos de Receita; Classifica\u00e7\u00e3o por Natureza da Receita. 3. Guia de Recolhimento da Uni\u00e3o. 4. Consultas sobre Receita no Tesouro Gerencial: Receitas por tipo de arrecada\u00e7\u00e3o; Receitas arrecadadas por GRU\/RA.<\/h5><p><span style=\"color: #0000ff;\"><strong>METODOLOGIA<\/strong><\/span>:\u00a0Exposi\u00e7\u00e3o te\u00f3rica e atividades pr\u00e1ticas (constru\u00e7\u00e3o de relat\u00f3rios no Tesouro Gerencial) para proporcionar a integra\u00e7\u00e3o e uma maior participa\u00e7\u00e3o dos servidores na resolu\u00e7\u00e3o dos exerc\u00edcios.<\/p><p>\u00a0<\/p><p>As inscri\u00e7\u00f5es est\u00e3o abertas no\u00a0<strong><a href=\"https:\/\/sigrh.unifap.br\/sigrh\/public\/home.jsf\">SIGRH<\/a>.<\/strong><\/p><p><strong>Clique\u00a0<a href=\"http:\/\/www2.unifap.br\/drh\/2017\/02\/orientacoes-de-como-se-inscrever-nas-atividades-de-capacitacao\/\">Aqui<\/a>\u00a0para acessar as informa\u00e7\u00f5es de como se inscrever.<\/strong><\/p>\t\t\t\t\t\t\t\t<\/div>\n\t\t\t\t<\/div>\n\t\t\t\t\t<\/div>\n\t\t<\/div>\n\t\t\t\t\t<\/div>\n\t\t<\/section>\n\t\t\t\t<\/div>\n\t\t","protected":false},"excerpt":{"rendered":"<p>Carga Hor\u00e1ria: 15 h\/a\u00a0 Vagas: 15 para servidores t\u00e9cnico-administrativos (Al\u00e9m de servidores do DEFIN, o curso \u00e9 direcionado a servidores das seguintes Pr\u00f3-reitorias: PROPLAN: Poder\u00e1 aplicar o conte\u00fado do curso no planejamento Institucional, com base na an\u00e1lise e acompanhamento, atrav\u00e9s dos relat\u00f3rios, das despesas e receitas p\u00fablicas, auxiliando no processo de tomada de decis\u00f5es.\u00a0 PROAD:&#8230;<\/p>\n","protected":false},"author":685,"featured_media":0,"parent":450,"menu_order":1,"comment_status":"closed","ping_status":"closed","template":"fullwidth.php","meta":{"inline_featured_image":false,"ngg_post_thumbnail":0,"footnotes":""},"class_list":["post-11743","page","type-page","status-publish","hentry","entry"],"_links":{"self":[{"href":"http:\/\/www2.unifap.br\/drh\/wp-json\/wp\/v2\/pages\/11743","targetHints":{"allow":["GET"]}}],"collection":[{"href":"http:\/\/www2.unifap.br\/drh\/wp-json\/wp\/v2\/pages"}],"about":[{"href":"http:\/\/www2.unifap.br\/drh\/wp-json\/wp\/v2\/types\/page"}],"author":[{"embeddable":true,"href":"http:\/\/www2.unifap.br\/drh\/wp-json\/wp\/v2\/users\/685"}],"replies":[{"embeddable":true,"href":"http:\/\/www2.unifap.br\/drh\/wp-json\/wp\/v2\/comments?post=11743"}],"version-history":[{"count":8,"href":"http:\/\/www2.unifap.br\/drh\/wp-json\/wp\/v2\/pages\/11743\/revisions"}],"predecessor-version":[{"id":11755,"href":"http:\/\/www2.unifap.br\/drh\/wp-json\/wp\/v2\/pages\/11743\/revisions\/11755"}],"up":[{"embeddable":true,"href":"http:\/\/www2.unifap.br\/drh\/wp-json\/wp\/v2\/pages\/450"}],"wp:attachment":[{"href":"http:\/\/www2.unifap.br\/drh\/wp-json\/wp\/v2\/media?parent=11743"}],"curies":[{"name":"wp","href":"https:\/\/api.w.org\/{rel}","templated":true}]}}