{"id":11768,"date":"2019-05-31T19:31:36","date_gmt":"2019-05-31T19:31:36","guid":{"rendered":"http:\/\/www2.unifap.br\/drh\/?page_id=11768"},"modified":"2022-02-22T18:22:18","modified_gmt":"2022-02-22T18:22:18","slug":"plano-anual-de-capacitacao-2019","status":"publish","type":"page","link":"http:\/\/www2.unifap.br\/drh\/desenvolvimento-na-carreira\/tecnico-administrativo\/plano-anual-de-capacitacao-2019\/","title":{"rendered":"Plano de Desenvolvimento de Pessoas &#8211; PDP"},"content":{"rendered":"\t\t<div data-elementor-type=\"wp-post\" data-elementor-id=\"11768\" class=\"elementor elementor-11768\">\n\t\t\t\t\t\t<section class=\"elementor-section elementor-top-section elementor-element elementor-element-1aa3ad55 elementor-section-boxed elementor-section-height-default elementor-section-height-default\" data-id=\"1aa3ad55\" data-element_type=\"section\" data-e-type=\"section\">\n\t\t\t\t\t\t<div class=\"elementor-container elementor-column-gap-default\">\n\t\t\t\t\t<div class=\"elementor-column elementor-col-100 elementor-top-column elementor-element elementor-element-de5dfa0\" data-id=\"de5dfa0\" data-element_type=\"column\" data-e-type=\"column\">\n\t\t\t<div class=\"elementor-widget-wrap elementor-element-populated\">\n\t\t\t\t\t\t<div class=\"elementor-element elementor-element-2ee86b10 elementor-invisible elementor-widget elementor-widget-text-editor\" data-id=\"2ee86b10\" data-element_type=\"widget\" data-e-type=\"widget\" data-settings=\"{&quot;_animation&quot;:&quot;fadeInLeft&quot;,&quot;_animation_delay&quot;:&quot;0&quot;}\" data-widget_type=\"text-editor.default\">\n\t\t\t\t<div class=\"elementor-widget-container\">\n\t\t\t\t\t\t\t\t\t<p><span style=\"color: #000000\"><a href=\"http:\/\/www2.unifap.br\/drh\/files\/2021\/03\/PDP.png\"><img fetchpriority=\"high\" decoding=\"async\" class=\"aligncenter\" src=\"http:\/\/www2.unifap.br\/drh\/files\/2021\/03\/PDP.png\" alt=\"\" width=\"360\" height=\"140\"\/><\/a><\/span><\/p>\n<p><span style=\"color: #000000\">A&nbsp; Pr\u00f3-Reitoria de Gest\u00e3o de Pessoas, por meio da Divis\u00e3o de Capacita\u00e7\u00e3o e Educa\u00e7\u00e3o Profissional, divulga para conhecimento dos servidores da Unifap, o Plano de Desenvolvimento de Pessoas &#8211; PDP, que \u00e9 um dos instrumentos da Pol\u00edtica de Desenvolvimento de Pessoas dos Servidores da Universidade Federal do Amap\u00e1..<\/span><\/p>\n<p style=\"margin-bottom: 20px;letter-spacing: normal;text-align: start\"><span style=\"font-weight: inherit;font-style: inherit\">A&nbsp;<span style=\"font-weight: bold\">Pol\u00edtica Nacional de Desenvolvimento de Pessoas (PNDP)<\/span>&nbsp;tem como objetivo promover o desenvolvimento dos servidores p\u00fablicos nas compet\u00eancias necess\u00e1rias \u00e0 consecu\u00e7\u00e3o da excel\u00eancia na atua\u00e7\u00e3o dos \u00f3rg\u00e3os e das entidades da administra\u00e7\u00e3o p\u00fablica federal direta, aut\u00e1rquica e fundacional.<\/span><\/p>\n<p style=\"margin-bottom: 20px;letter-spacing: normal;text-align: start\"><span style=\"font-weight: inherit;font-style: inherit\">Em virtude de novas determina\u00e7\u00f5es governamentais para essa Pol\u00edtica Nacional de Desenvolvimento de Pessoas (PNDP), a UNIFAP passou a utilizar o LNC (<a style=\"color: #428bca\" href=\"https:\/\/docs.google.com\/forms\/d\/e\/1FAIpQLSfn4M62PV7yextzc9kNZxs_cPJC6N2_NbiagYT7hSSAk5o0wA\/closedform\">Levantamento de Necessidades de Capacita\u00e7\u00e3o<\/a>) como uma ferramenta oficial de formaliza\u00e7\u00e3o dos pedidos de capacita\u00e7\u00e3o e de afastamento. Sendo assim,&nbsp;<span style=\"font-weight: bold\">os servidores com necessidades de realizar atividades de capacita\u00e7\u00e3o e\/ou afastamentos dever\u00e3o, obrigatoriamente, preencher o LNC<\/span>.<\/span><\/p>\n<p style=\"margin-bottom: 20px;letter-spacing: normal;text-align: start\"><span style=\"font-weight: inherit;font-style: inherit\">Ademais, em atendimento \u00e0s delibera\u00e7\u00f5es do governo federal para o PNDP,&nbsp;<\/span><span style=\"font-weight: inherit;font-style: inherit\">a certifica\u00e7\u00e3o de alguns cursos transversais ofertados pela&nbsp;<span style=\"font-weight: bold\">Escola Nacional&nbsp;<\/span><\/span><span style=\"font-weight: bold\">de Administra\u00e7\u00e3o P\u00fablica \u2013<\/span><span style=\"font-weight: inherit;font-style: inherit\"><span style=\"font-weight: bold\">&nbsp;ENAP<\/span>&nbsp;passar\u00e1 a ter a mesma equival\u00eancia dos certificados das atividades da Divis\u00e3o de Capacita\u00e7\u00e3o e Educa\u00e7\u00e3o Profissional \u2013 DCEP\/PROGEP.<\/span><\/p>\n<p style=\"margin-bottom: 20px;letter-spacing: normal;text-align: start\"><span style=\"font-weight: inherit;font-style: inherit\">Por meio dos documentos a seguir, voc\u00ea ter\u00e1 acesso ao levantamento de cursos de capacita\u00e7\u00e3o 2021 a serem ofertados pela DCEP\/PROGEP e pela ENAP, bem como, aos eventos e cursos de educa\u00e7\u00e3o formal solicitados pelos servidores no LNC 2021<\/span><\/p>\t\t\t\t\t\t\t\t<\/div>\n\t\t\t\t<\/div>\n\t\t\t\t<div class=\"elementor-element elementor-element-3c7997f elementor-widget elementor-widget-spacer\" data-id=\"3c7997f\" data-element_type=\"widget\" data-e-type=\"widget\" data-widget_type=\"spacer.default\">\n\t\t\t\t<div class=\"elementor-widget-container\">\n\t\t\t\t\t\t\t<div class=\"elementor-spacer\">\n\t\t\t<div class=\"elementor-spacer-inner\"><\/div>\n\t\t<\/div>\n\t\t\t\t\t\t<\/div>\n\t\t\t\t<\/div>\n\t\t\t\t<div class=\"elementor-element elementor-element-3be191d elementor-view-framed elementor-shape-circle elementor-position-block-start elementor-mobile-position-block-start elementor-invisible elementor-widget elementor-widget-icon-box\" data-id=\"3be191d\" data-element_type=\"widget\" data-e-type=\"widget\" data-settings=\"{&quot;_animation&quot;:&quot;bounceInUp&quot;}\" data-widget_type=\"icon-box.default\">\n\t\t\t\t<div class=\"elementor-widget-container\">\n\t\t\t\t\t\t\t<div class=\"elementor-icon-box-wrapper\">\n\n\t\t\t\t\t\t<div class=\"elementor-icon-box-icon\">\n\t\t\t\t<a href=\"http:\/\/www2.unifap.br\/drh\/files\/2019\/05\/PLANO-ANUAL-DE-CAPACITA%C3%87%C3%83O-2019.pdf\" target=\"_blank\" class=\"elementor-icon elementor-animation-pulse\" tabindex=\"-1\" aria-label=\"Plano de Desenvolvimento de Pessoas\">\n\t\t\t\t<i aria-hidden=\"true\" class=\"fas fa-user-plus\"><\/i>\t\t\t\t<\/a>\n\t\t\t<\/div>\n\t\t\t\n\t\t\t\t\t\t<div class=\"elementor-icon-box-content\">\n\n\t\t\t\t\t\t\t\t\t<h3 class=\"elementor-icon-box-title\">\n\t\t\t\t\t\t<a href=\"http:\/\/www2.unifap.br\/drh\/files\/2019\/05\/PLANO-ANUAL-DE-CAPACITA%C3%87%C3%83O-2019.pdf\" target=\"_blank\" >\n\t\t\t\t\t\t\tPlano de Desenvolvimento de Pessoas\t\t\t\t\t\t<\/a>\n\t\t\t\t\t<\/h3>\n\t\t\t\t\n\t\t\t\t\t\t\t\t\t<p class=\"elementor-icon-box-description\">\n\t\t\t\t\t\tClique no link abaixo para ter acesso ao documento\t\t\t\t\t<\/p>\n\t\t\t\t\n\t\t\t<\/div>\n\t\t\t\n\t\t<\/div>\n\t\t\t\t\t\t<\/div>\n\t\t\t\t<\/div>\n\t\t\t\t<div class=\"elementor-element elementor-element-0ba9bb0 animated-fast elementor-invisible elementor-widget elementor-widget-toggle\" data-id=\"0ba9bb0\" data-element_type=\"widget\" data-e-type=\"widget\" data-settings=\"{&quot;_animation&quot;:&quot;fadeInRight&quot;}\" data-widget_type=\"toggle.default\">\n\t\t\t\t<div class=\"elementor-widget-container\">\n\t\t\t\t\t\t\t<div class=\"elementor-toggle\">\n\t\t\t\t\t\t\t<div class=\"elementor-toggle-item\">\n\t\t\t\t\t<div id=\"elementor-tab-title-1221\" class=\"elementor-tab-title\" data-tab=\"1\" role=\"button\" aria-controls=\"elementor-tab-content-1221\" aria-expanded=\"false\">\n\t\t\t\t\t\t\t\t\t\t\t\t<span class=\"elementor-toggle-icon elementor-toggle-icon-left\" aria-hidden=\"true\">\n\t\t\t\t\t\t\t\t\t\t\t\t\t\t\t<span class=\"elementor-toggle-icon-closed\"><i class=\"fas fa-chevron-circle-down\"><\/i><\/span>\n\t\t\t\t\t\t\t\t<span class=\"elementor-toggle-icon-opened\"><i class=\"elementor-toggle-icon-opened fas fa-chevron-circle-up\"><\/i><\/span>\n\t\t\t\t\t\t\t\t\t\t\t\t\t<\/span>\n\t\t\t\t\t\t\t\t\t\t\t\t<a class=\"elementor-toggle-title\" tabindex=\"0\">PDP\/2022<\/a>\n\t\t\t\t\t<\/div>\n\n\t\t\t\t\t<div id=\"elementor-tab-content-1221\" class=\"elementor-tab-content elementor-clearfix\" data-tab=\"1\" role=\"region\" aria-labelledby=\"elementor-tab-title-1221\"><p><a href=\"http:\/\/www2.unifap.br\/drh\/files\/2022\/02\/PDP-OFICIAL-2022.pdf\">PDP UNIFAP 2022<\/a><\/p><p><a href=\"http:\/\/www2.unifap.br\/drh\/files\/2022\/02\/MANIFESTA\u00c7\u00c3O-T\u00c9CNICA-SIPEC_PDP-UNIFAP-2022.pdf\">Manifesta\u00e7\u00e3o T\u00e9cnica PDP 2022- SIPEC<\/a><\/p><p><a href=\"http:\/\/www2.unifap.br\/drh\/files\/2022\/02\/PORTIFOLIO-CURSOS-ENAP-2022.pdf\">Portif\u00f3lio de Cursos Dispon\u00edveis -ENAP 2022<\/a><\/p><\/div>\n\t\t\t\t<\/div>\n\t\t\t\t\t\t\t<div class=\"elementor-toggle-item\">\n\t\t\t\t\t<div id=\"elementor-tab-title-1222\" class=\"elementor-tab-title\" data-tab=\"2\" role=\"button\" aria-controls=\"elementor-tab-content-1222\" aria-expanded=\"false\">\n\t\t\t\t\t\t\t\t\t\t\t\t<span class=\"elementor-toggle-icon elementor-toggle-icon-left\" aria-hidden=\"true\">\n\t\t\t\t\t\t\t\t\t\t\t\t\t\t\t<span class=\"elementor-toggle-icon-closed\"><i class=\"fas fa-chevron-circle-down\"><\/i><\/span>\n\t\t\t\t\t\t\t\t<span class=\"elementor-toggle-icon-opened\"><i class=\"elementor-toggle-icon-opened fas fa-chevron-circle-up\"><\/i><\/span>\n\t\t\t\t\t\t\t\t\t\t\t\t\t<\/span>\n\t\t\t\t\t\t\t\t\t\t\t\t<a class=\"elementor-toggle-title\" tabindex=\"0\">PDP\/2021<\/a>\n\t\t\t\t\t<\/div>\n\n\t\t\t\t\t<div id=\"elementor-tab-content-1222\" class=\"elementor-tab-content elementor-clearfix\" data-tab=\"2\" role=\"region\" aria-labelledby=\"elementor-tab-title-1222\"><p><a href=\"https:\/\/www2.unifap.br\/drh\/files\/2021\/03\/CURSOS-DE-CAPACITA%c3%87%c3%83O-2021-3.pdf\">CURSOS DE CAPACITA\u00c7\u00c3O 2021<\/a><\/p><p><a href=\"https:\/\/www2.unifap.br\/drh\/files\/2021\/03\/CURSOS-DE-EDUCA%c3%87%c3%83O-FORMAL.pdf\">CURSOS DE EDUCA\u00c7\u00c3O FORMAL<\/a><\/p><p><a href=\"http:\/\/www2.unifap.br\/drh\/files\/2021\/03\/PARTICIPA\u00c7\u00c3O-EM-EVENTOS-2.pdf\">PARTICIPA\u00c7\u00c3O EM EVENTOS<\/a><\/p><\/div>\n\t\t\t\t<\/div>\n\t\t\t\t\t\t\t<div class=\"elementor-toggle-item\">\n\t\t\t\t\t<div id=\"elementor-tab-title-1223\" class=\"elementor-tab-title\" data-tab=\"3\" role=\"button\" aria-controls=\"elementor-tab-content-1223\" aria-expanded=\"false\">\n\t\t\t\t\t\t\t\t\t\t\t\t<span class=\"elementor-toggle-icon elementor-toggle-icon-left\" aria-hidden=\"true\">\n\t\t\t\t\t\t\t\t\t\t\t\t\t\t\t<span class=\"elementor-toggle-icon-closed\"><i class=\"fas fa-chevron-circle-down\"><\/i><\/span>\n\t\t\t\t\t\t\t\t<span class=\"elementor-toggle-icon-opened\"><i class=\"elementor-toggle-icon-opened fas fa-chevron-circle-up\"><\/i><\/span>\n\t\t\t\t\t\t\t\t\t\t\t\t\t<\/span>\n\t\t\t\t\t\t\t\t\t\t\t\t<a class=\"elementor-toggle-title\" tabindex=\"0\">PDP\/2020<\/a>\n\t\t\t\t\t<\/div>\n\n\t\t\t\t\t<div id=\"elementor-tab-content-1223\" class=\"elementor-tab-content elementor-clearfix\" data-tab=\"3\" role=\"region\" aria-labelledby=\"elementor-tab-title-1223\"><ul><li><span style=\"color: #008000\"><strong><a href=\"http:\/\/www2.unifap.br\/drh\/files\/2020\/02\/PLANO-DE-DESENVOLVIMENTO-DE-PESSOAS-2020.pdf\" target=\"_blank\" rel=\"noopener\">PLANO DE DESENVOLVIMENTO DE PESSOAS &#8211; 2020<\/a><\/strong><\/span><\/li><\/ul><\/div>\n\t\t\t\t<\/div>\n\t\t\t\t\t\t\t<div class=\"elementor-toggle-item\">\n\t\t\t\t\t<div id=\"elementor-tab-title-1224\" class=\"elementor-tab-title\" data-tab=\"4\" role=\"button\" aria-controls=\"elementor-tab-content-1224\" aria-expanded=\"false\">\n\t\t\t\t\t\t\t\t\t\t\t\t<span class=\"elementor-toggle-icon elementor-toggle-icon-left\" aria-hidden=\"true\">\n\t\t\t\t\t\t\t\t\t\t\t\t\t\t\t<span class=\"elementor-toggle-icon-closed\"><i class=\"fas fa-chevron-circle-down\"><\/i><\/span>\n\t\t\t\t\t\t\t\t<span class=\"elementor-toggle-icon-opened\"><i class=\"elementor-toggle-icon-opened fas fa-chevron-circle-up\"><\/i><\/span>\n\t\t\t\t\t\t\t\t\t\t\t\t\t<\/span>\n\t\t\t\t\t\t\t\t\t\t\t\t<a class=\"elementor-toggle-title\" tabindex=\"0\">Plano Anual de Capacita\u00e7\u00e3o\/2019<\/a>\n\t\t\t\t\t<\/div>\n\n\t\t\t\t\t<div id=\"elementor-tab-content-1224\" class=\"elementor-tab-content elementor-clearfix\" data-tab=\"4\" role=\"region\" aria-labelledby=\"elementor-tab-title-1224\"><p><a href=\"http:\/\/www2.unifap.br\/drh\/files\/2020\/04\/PAC-2019.pdf\">PAC &#8211; 2019<\/a><\/p><\/div>\n\t\t\t\t<\/div>\n\t\t\t\t\t\t\t\t<\/div>\n\t\t\t\t\t\t<\/div>\n\t\t\t\t<\/div>\n\t\t\t\t\t<\/div>\n\t\t<\/div>\n\t\t\t\t\t<\/div>\n\t\t<\/section>\n\t\t\t\t<\/div>\n\t\t","protected":false},"excerpt":{"rendered":"<p>A&nbsp; Pr\u00f3-Reitoria de Gest\u00e3o de Pessoas, por meio da Divis\u00e3o de Capacita\u00e7\u00e3o e Educa\u00e7\u00e3o Profissional, divulga para conhecimento dos servidores da Unifap, o Plano de Desenvolvimento de Pessoas &#8211; PDP, que \u00e9 um dos instrumentos da Pol\u00edtica de Desenvolvimento de Pessoas dos Servidores da Universidade Federal do Amap\u00e1.. A&nbsp;Pol\u00edtica Nacional de Desenvolvimento de Pessoas (PNDP)&nbsp;tem&#8230;<\/p>\n","protected":false},"author":685,"featured_media":0,"parent":5709,"menu_order":0,"comment_status":"closed","ping_status":"closed","template":"fullwidth.php","meta":{"inline_featured_image":false,"ngg_post_thumbnail":0,"footnotes":""},"class_list":["post-11768","page","type-page","status-publish","hentry","entry"],"_links":{"self":[{"href":"http:\/\/www2.unifap.br\/drh\/wp-json\/wp\/v2\/pages\/11768","targetHints":{"allow":["GET"]}}],"collection":[{"href":"http:\/\/www2.unifap.br\/drh\/wp-json\/wp\/v2\/pages"}],"about":[{"href":"http:\/\/www2.unifap.br\/drh\/wp-json\/wp\/v2\/types\/page"}],"author":[{"embeddable":true,"href":"http:\/\/www2.unifap.br\/drh\/wp-json\/wp\/v2\/users\/685"}],"replies":[{"embeddable":true,"href":"http:\/\/www2.unifap.br\/drh\/wp-json\/wp\/v2\/comments?post=11768"}],"version-history":[{"count":36,"href":"http:\/\/www2.unifap.br\/drh\/wp-json\/wp\/v2\/pages\/11768\/revisions"}],"predecessor-version":[{"id":16101,"href":"http:\/\/www2.unifap.br\/drh\/wp-json\/wp\/v2\/pages\/11768\/revisions\/16101"}],"up":[{"embeddable":true,"href":"http:\/\/www2.unifap.br\/drh\/wp-json\/wp\/v2\/pages\/5709"}],"wp:attachment":[{"href":"http:\/\/www2.unifap.br\/drh\/wp-json\/wp\/v2\/media?parent=11768"}],"curies":[{"name":"wp","href":"https:\/\/api.w.org\/{rel}","templated":true}]}}