{"id":11816,"date":"2019-06-03T14:13:33","date_gmt":"2019-06-03T14:13:33","guid":{"rendered":"http:\/\/www2.unifap.br\/drh\/?page_id=11816"},"modified":"2024-11-12T15:57:56","modified_gmt":"2024-11-12T18:57:56","slug":"banco-de-professor-equivalente","status":"publish","type":"page","link":"http:\/\/www2.unifap.br\/drh\/manual-do-servidor\/banco-de-professor-equivalente\/","title":{"rendered":"Banco de Professor Equivalente"},"content":{"rendered":"\t\t<div data-elementor-type=\"wp-post\" data-elementor-id=\"11816\" class=\"elementor elementor-11816\">\n\t\t\t\t\t\t<section class=\"elementor-section elementor-top-section elementor-element elementor-element-9e35427 elementor-section-boxed elementor-section-height-default elementor-section-height-default\" data-id=\"9e35427\" data-element_type=\"section\" data-e-type=\"section\">\n\t\t\t\t\t\t<div class=\"elementor-container elementor-column-gap-default\">\n\t\t\t\t\t<div class=\"elementor-column elementor-col-100 elementor-top-column elementor-element elementor-element-f97ab2b\" data-id=\"f97ab2b\" data-element_type=\"column\" data-e-type=\"column\">\n\t\t\t<div class=\"elementor-widget-wrap elementor-element-populated\">\n\t\t\t\t\t\t<div class=\"elementor-element elementor-element-64576fe elementor-widget elementor-widget-text-editor\" data-id=\"64576fe\" data-element_type=\"widget\" data-e-type=\"widget\" data-widget_type=\"text-editor.default\">\n\t\t\t\t<div class=\"elementor-widget-container\">\n\t\t\t\t\t\t\t\t\t<h3 style=\"line-height: 100%;margin-bottom: 0cm\" align=\"justify\"><span style=\"border-width: initial;border-style: none;padding: 0cm\"><span style=\"font-family: Arial, sans-serif\"><span style=\"font-size: 12pt\"><span style=\"text-transform: capitalize\"><span style=\"letter-spacing: normal\"><span style=\"font-style: normal\"><span style=\"font-weight: normal\"><span style=\"color: #000000\">Tendo Em Vista O Decreto N\u00ba. 7.485, De 18\/05\/2011, Publicado No DOU De 19\/05\/2011, Alterado Pelo O Decreto N\u00ba 8.259, De 29\/05\/2014, Publicado No DOU De 30\/05\/2014, A Portaria Interministerial N.\u00ba 197, De 08\/05\/2020, Publicada No DOU De 11\/05\/2020, Que Disp\u00f5e Sobre A Constitui\u00e7\u00e3o De Banco De Professor- Equivalente Das Universidades Federais Vinculadas Ao Minist\u00e9rio Da Educa\u00e7\u00e3o, A Universidade Federal Do Amap\u00e1, Por Meio Da Pr\u00f3- Reitora De Gest\u00e3o De Pessoas \u2013 PROGEP, Torna P\u00fablica A Composi\u00e7\u00e3o Do Banco De Professor- Equivalente Da UNIFAP, Com O Demonstrativo Dos Cargos Ocupados E Vagos.<br \/><\/span><\/span><\/span><\/span><\/span><span style=\"color: #000000\"><span style=\"text-transform: capitalize\"><span style=\"letter-spacing: normal\"><span style=\"font-style: normal\"><b><span style=\"background-image: initial;background-position: initial;background-size: initial;background-attachment: initial\"><br \/><\/span><\/b><\/span><\/span><\/span><span style=\"text-transform: capitalize\"><span style=\"letter-spacing: normal\"><span style=\"font-style: normal\"><span style=\"font-weight: normal\"><span style=\"background-image: initial;background-position: initial;background-size: initial;background-attachment: initial\">A \u00daltima Amplia\u00e7\u00e3o Do Banco De Professor- Equivalente Do Magist\u00e9rio Superior Da UNIFAP Ocorreu Em 28\/07\/2023, Atrav\u00e9s Da Publica\u00e7\u00e3o Da Portaria Conjunta MGI\/MEC N\u00ba 29, De 28\/07\/2023.<\/span><\/span><\/span><\/span><\/span><\/span><\/span><\/span><\/span><\/h3><div><span style=\"border-width: initial;border-style: none;padding: 0cm\"><span style=\"font-family: Arial, sans-serif\"><span style=\"font-size: 12pt\"><span style=\"color: #000000\"><span style=\"text-transform: capitalize\"><span style=\"letter-spacing: normal\"><span style=\"font-style: normal\"><span style=\"font-weight: normal\"><span style=\"background-image: initial;background-position: initial;background-size: initial;background-attachment: initial\">\u00a0<\/span><\/span><\/span><\/span><\/span><\/span><\/span><\/span><\/span><\/div><div><span style=\"border-width: initial;border-style: none;padding: 0cm\"><span style=\"font-family: Arial, sans-serif\"><span style=\"font-size: 12pt\"><span style=\"color: #000000\"><span style=\"text-transform: capitalize\"><span style=\"letter-spacing: normal\"><span style=\"font-style: normal\"><span style=\"font-weight: normal\"><span style=\"background-image: initial;background-position: initial;background-size: initial;background-attachment: initial\"><a href=\"http:\/\/www2.unifap.br\/drh\/files\/2024\/05\/PORTARIA-CONJUNTA-MGI_MEC-No-29-DE-28-DE-JULHO-DE-2023-PORTARIA-CONJUNTA-MGI-MEC-No-29-DE-28-DE-JULHO-DE-2023.pdf\"><strong>PORTARIA CONJUNTA MGI\/MEC N\u00ba 29, DE 28 DE JULHO DE 2023<\/strong><\/a><\/span><\/span><\/span><\/span><\/span><\/span><\/span><\/span><\/span><\/div><div><span style=\"border-width: initial;border-style: none;padding: 0cm\"><span style=\"font-family: Arial, sans-serif\"><span style=\"font-size: 12pt\"><span style=\"color: #000000\"><span style=\"text-transform: capitalize\"><span style=\"letter-spacing: normal\"><span style=\"font-style: normal\"><span style=\"font-weight: normal\"><span style=\"background-image: initial;background-position: initial;background-size: initial;background-attachment: initial\">\u00a0<\/span><\/span><\/span><\/span><\/span><\/span><\/span><\/span><\/span><\/div><div><span style=\"border-width: initial;border-style: none;padding: 0cm\"><span style=\"font-family: Arial, sans-serif\"><span style=\"font-size: 12pt\"><span style=\"color: #000000\"><span style=\"text-transform: capitalize\"><span style=\"letter-spacing: normal\"><span style=\"font-style: normal\"><span style=\"font-weight: normal\"><span style=\"background-image: initial;background-position: initial;background-size: initial;background-attachment: initial\">\u00a0<\/span><\/span><\/span><\/span><\/span><\/span><\/span><\/span><\/span><\/div><p>\u00a0<\/p><p style=\"letter-spacing: normal;line-height: 0.45cm;margin-bottom: 0cm;border-width: initial;border-style: none;padding: 0cm\" align=\"justify\"><span style=\"border-width: initial;border-style: none;padding: 0cm\"><span style=\"background-image: initial;background-position: initial;background-size: initial;background-attachment: initial\"><span style=\"color: #000000\">\u00a0<\/span><\/span><\/span><\/p>\t\t\t\t\t\t\t\t<\/div>\n\t\t\t\t<\/div>\n\t\t\t\t\t<\/div>\n\t\t<\/div>\n\t\t\t\t\t<\/div>\n\t\t<\/section>\n\t\t\t\t<section class=\"elementor-section elementor-top-section elementor-element elementor-element-37c4ad9 elementor-section-boxed elementor-section-height-default elementor-section-height-default\" data-id=\"37c4ad9\" data-element_type=\"section\" data-e-type=\"section\">\n\t\t\t\t\t\t<div class=\"elementor-container elementor-column-gap-default\">\n\t\t\t\t\t<div class=\"elementor-column elementor-col-100 elementor-top-column elementor-element elementor-element-549453ab\" data-id=\"549453ab\" data-element_type=\"column\" data-e-type=\"column\">\n\t\t\t<div class=\"elementor-widget-wrap elementor-element-populated\">\n\t\t\t\t\t\t<div class=\"elementor-element elementor-element-9f11331 elementor-widget elementor-widget-toggle\" data-id=\"9f11331\" data-element_type=\"widget\" data-e-type=\"widget\" data-widget_type=\"toggle.default\">\n\t\t\t\t<div class=\"elementor-widget-container\">\n\t\t\t\t\t\t\t<div class=\"elementor-toggle\">\n\t\t\t\t\t\t\t<div class=\"elementor-toggle-item\">\n\t\t\t\t\t<div id=\"elementor-tab-title-1661\" class=\"elementor-tab-title\" data-tab=\"1\" role=\"button\" aria-controls=\"elementor-tab-content-1661\" aria-expanded=\"false\">\n\t\t\t\t\t\t\t\t\t\t\t\t<span class=\"elementor-toggle-icon elementor-toggle-icon-left\" aria-hidden=\"true\">\n\t\t\t\t\t\t\t\t\t\t\t\t\t\t\t<span class=\"elementor-toggle-icon-closed\"><i class=\"fas fa-caret-right\"><\/i><\/span>\n\t\t\t\t\t\t\t\t<span class=\"elementor-toggle-icon-opened\"><i class=\"elementor-toggle-icon-opened fas fa-caret-up\"><\/i><\/span>\n\t\t\t\t\t\t\t\t\t\t\t\t\t<\/span>\n\t\t\t\t\t\t\t\t\t\t\t\t<a class=\"elementor-toggle-title\" tabindex=\"0\">Banco de Professor Equivalente (BPEq) - 2024<\/a>\n\t\t\t\t\t<\/div>\n\n\t\t\t\t\t<div id=\"elementor-tab-content-1661\" class=\"elementor-tab-content elementor-clearfix\" data-tab=\"1\" role=\"region\" aria-labelledby=\"elementor-tab-title-1661\"><p><strong><a href=\"https:\/\/www2.unifap.br\/drh\/bpeq-out24\/\" rel=\"attachment wp-att-18950\">Banco de Professor Equivalente (BPEq) &#8211; Cargos do Magist\u00e9rio Superior &#8211; OUTUBRO\/2024<\/a><\/strong><\/p><p><a href=\"https:\/\/www2.unifap.br\/drh\/bpeq-docente-set24\/\" rel=\"attachment wp-att-18895\"><strong>Banco de Professor Equivalente (BPEq) &#8211; Cargos do Magist\u00e9rio Superior &#8211; SETEMBRO\/2024<\/strong><\/a><\/p><p><strong><a href=\"https:\/\/www2.unifap.br\/drh\/bpeq-ago24\/\" rel=\"attachment wp-att-18861\">Banco de Professor Equivalente (BPEq) &#8211; Cargos do Magist\u00e9rio Superior &#8211; AGOSTO\/2024<\/a><\/strong><\/p><p><strong><a href=\"https:\/\/www2.unifap.br\/drh\/bpeq-ebtt-ago24\/\" rel=\"attachment wp-att-18859\">Banco de Professor Equivalente (BPEq) &#8211; Cargo de Professor EBTT- AGOSTO\/2024<\/a><\/strong><\/p><p><a href=\"https:\/\/www2.unifap.br\/drh\/bpeq-jul24\/\" rel=\"attachment wp-att-18860\">Banco de Professor Equivalente (BPEq) &#8211; Cargos do Magist\u00e9rio Superior &#8211; JULHO\/2024<\/a><\/p><p><a href=\"https:\/\/www2.unifap.br\/drh\/_1-controle-de-cod-vaga-e-bpeq-docente-bpeq-jun24\/\" rel=\"attachment wp-att-18623\">Banco de Professor Equivalente (BPEq) &#8211; Cargos do Magist\u00e9rio Superior &#8211; JUNHO\/2024<\/a><\/p><p><a href=\"http:\/\/www2.unifap.br\/drh\/files\/2024\/06\/BPEq-MAI24.pdf\">Banco de Professor Equivalente (BPEq) &#8211; Cargos do Magist\u00e9rio Superior &#8211; MAIO\/2024<\/a><\/p><p><a href=\"http:\/\/www2.unifap.br\/drh\/files\/2024\/06\/BPEq-EBTT-MAI24.pdf\">Banco de Professor Equivalente (BPEq) &#8211; Cargo de Professor EBTT- MAIO\/2024<\/a><\/p><p><a href=\"http:\/\/www2.unifap.br\/drh\/files\/2024\/05\/BPEq-Professor-do-Mag.-Superior-ABR24.pdf\">Banco de Professor Equivalente (BPEq) &#8211; Cargos do Magist\u00e9rio Superior &#8211; ABRIL\/2024<\/a><\/p><p><a href=\"http:\/\/www2.unifap.br\/drh\/files\/2024\/05\/BPEq-Cargo-de-Professor-EBTT-ABR24.pdf\">Banco de Professor Equivalente (BPEq) &#8211; Cargo de Professor EBTT- ABRIL\/2024<\/a><\/p><p><a href=\"http:\/\/www2.unifap.br\/drh\/files\/2024\/05\/BPEq-Professor-do-Mag.-Superior-MAR24.pdf\">Banco de Professor Equivalente (BPEq) &#8211; Cargos do Magist\u00e9rio Superior &#8211; MAR\u00c7O\/2024<\/a><\/p><p><a href=\"http:\/\/www2.unifap.br\/drh\/files\/2024\/05\/BPEq-Professor-Mag.-Superior-FEV24.pdf\">Banco de Professor Equivalente (BPEq) &#8211; Cargos do Magist\u00e9rio Superior &#8211; FEVEREIRO\/2024<\/a><\/p><p><a href=\"http:\/\/www2.unifap.br\/drh\/files\/2024\/05\/BPEq-Professor-do-Mag.-Superior-JAN24.pdf\">Banco de Professor Equivalente (BPEq) &#8211; Cargos do Magist\u00e9rio Superior &#8211; JANEIRO\/2024<\/a><\/p><\/div>\n\t\t\t\t<\/div>\n\t\t\t\t\t\t\t<div class=\"elementor-toggle-item\">\n\t\t\t\t\t<div id=\"elementor-tab-title-1662\" class=\"elementor-tab-title\" data-tab=\"2\" role=\"button\" aria-controls=\"elementor-tab-content-1662\" aria-expanded=\"false\">\n\t\t\t\t\t\t\t\t\t\t\t\t<span class=\"elementor-toggle-icon elementor-toggle-icon-left\" aria-hidden=\"true\">\n\t\t\t\t\t\t\t\t\t\t\t\t\t\t\t<span class=\"elementor-toggle-icon-closed\"><i class=\"fas fa-caret-right\"><\/i><\/span>\n\t\t\t\t\t\t\t\t<span class=\"elementor-toggle-icon-opened\"><i class=\"elementor-toggle-icon-opened fas fa-caret-up\"><\/i><\/span>\n\t\t\t\t\t\t\t\t\t\t\t\t\t<\/span>\n\t\t\t\t\t\t\t\t\t\t\t\t<a class=\"elementor-toggle-title\" tabindex=\"0\">Banco de Professor Equivalente (BPEq) - 2022<\/a>\n\t\t\t\t\t<\/div>\n\n\t\t\t\t\t<div id=\"elementor-tab-content-1662\" class=\"elementor-tab-content elementor-clearfix\" data-tab=\"2\" role=\"region\" aria-labelledby=\"elementor-tab-title-1662\"><p><strong><a href=\"http:\/\/www2.unifap.br\/drh\/files\/2023\/02\/Banco-de-Professor-Equivalente-%E2%80%93-Dezembro-2022.pdf\">Banco de Professor Equivalente \u2013 Dezembro 2022<\/a><\/strong><\/p><p><a href=\"http:\/\/www2.unifap.br\/drh\/files\/2022\/12\/Banco-de-Professor-Equivalente-Novembro22.pdf\"><strong>Banco de Professor Equivalente &#8211; Novembro\/2022<\/strong><\/a><\/p><p><a href=\"http:\/\/www2.unifap.br\/drh\/files\/2022\/12\/Banco-de-Professor-Equivalente-Out2022.pdf\"><strong>Banco de Professor Equivalente &#8211; Outubro\/2022<\/strong><\/a><strong>\u00a0<\/strong><\/p><p><strong><a href=\"http:\/\/www2.unifap.br\/drh\/files\/2022\/10\/BPEq-SETEMBRO-2022.pdf\">Banco de Professor Equivalente \u2013 Setembro\/2022<\/a><\/strong><\/p><p><strong><a href=\"http:\/\/www2.unifap.br\/drh\/files\/2022\/10\/BPEq-AGOSTO-2022.pdf\">Banco de Professor Equivalente \u2013 Agosto\/2022<\/a><\/strong><\/p><p><strong><a href=\"http:\/\/www2.unifap.br\/drh\/files\/2022\/10\/BPEq-JULHO-2022.pdf\">Banco de Professor Equivalente \u2013 Julho\/2022<\/a><\/strong><\/p><p><a href=\"http:\/\/www2.unifap.br\/drh\/files\/2022\/10\/BPEq-JUNHO_2022.pdf\"><strong>Banco de Professor Equivalente \u2013 Junho\/2022<\/strong><\/a><\/p><p><strong><a href=\"http:\/\/www2.unifap.br\/drh\/files\/2022\/06\/4-CONTROLE-DE-COD-VAGA-DOCENTE-E-TECNICO-orig.xlsx-BPEq-Mai-22-1.pdf\">Banco de Professor Equivalente \u2013 Maio\/2022<\/a><\/strong><\/p><p><strong><a href=\"http:\/\/www2.unifap.br\/drh\/files\/2022\/06\/BPEq-ABR22.pdf\">Banco de Professor Equivalente \u2013 Abril\/2022<\/a><\/strong><\/p><p><a href=\"http:\/\/www2.unifap.br\/drh\/files\/2022\/04\/BPEq-UNIFAP-MAR2022.pdf\"><b>Banco de Professor Equivalente \u2013 Mar\u00e7o\/2022<\/b><\/a><\/p><p><a href=\"http:\/\/www2.unifap.br\/drh\/files\/2022\/03\/BPEq-UNIFAP-FEV2022.pdf\"><b>Banco de Professor Equivalente \u2013 Fevereiro\/2022<\/b><\/a><\/p><p><a href=\"http:\/\/www2.unifap.br\/drh\/files\/2022\/03\/BPEq-UNIFAP-JAN2022.pdf\"><b>Banco de Professor Equivalente \u2013 Janeiro\/2022<\/b><\/a><\/p><p>\u00a0<\/p><\/div>\n\t\t\t\t<\/div>\n\t\t\t\t\t\t\t<div class=\"elementor-toggle-item\">\n\t\t\t\t\t<div id=\"elementor-tab-title-1663\" class=\"elementor-tab-title\" data-tab=\"3\" role=\"button\" aria-controls=\"elementor-tab-content-1663\" aria-expanded=\"false\">\n\t\t\t\t\t\t\t\t\t\t\t\t<span class=\"elementor-toggle-icon elementor-toggle-icon-left\" aria-hidden=\"true\">\n\t\t\t\t\t\t\t\t\t\t\t\t\t\t\t<span class=\"elementor-toggle-icon-closed\"><i class=\"fas fa-caret-right\"><\/i><\/span>\n\t\t\t\t\t\t\t\t<span class=\"elementor-toggle-icon-opened\"><i class=\"elementor-toggle-icon-opened fas fa-caret-up\"><\/i><\/span>\n\t\t\t\t\t\t\t\t\t\t\t\t\t<\/span>\n\t\t\t\t\t\t\t\t\t\t\t\t<a class=\"elementor-toggle-title\" tabindex=\"0\">Banco de Professor Equivalente (BPEq) - 2021<\/a>\n\t\t\t\t\t<\/div>\n\n\t\t\t\t\t<div id=\"elementor-tab-content-1663\" class=\"elementor-tab-content elementor-clearfix\" data-tab=\"3\" role=\"region\" aria-labelledby=\"elementor-tab-title-1663\"><p><a href=\"http:\/\/www2.unifap.br\/drh\/files\/2022\/03\/BPEq-UNIFAP-DEZ2021.pdf\"><b>Banco de Professor Equivalente \u2013 Dezembro\/2021<\/b><\/a><\/p><p><a href=\"http:\/\/www2.unifap.br\/drh\/files\/2022\/03\/BPEq-UNIFAP-NOV2021.pdf\"><b>Banco de Professor Equivalente \u2013 Novembro\/2021<\/b><\/a><\/p><p>\u00a0<\/p><\/div>\n\t\t\t\t<\/div>\n\t\t\t\t\t\t\t\t<\/div>\n\t\t\t\t\t\t<\/div>\n\t\t\t\t<\/div>\n\t\t\t\t<div class=\"elementor-element elementor-element-187e77d8 elementor-widget elementor-widget-text-editor\" data-id=\"187e77d8\" data-element_type=\"widget\" data-e-type=\"widget\" data-widget_type=\"text-editor.default\">\n\t\t\t\t<div class=\"elementor-widget-container\">\n\t\t\t\t\t\t\t\t\t<p align=\"justify\"><span style=\"color: #000000\"><span style=\"font-family: Arial, sans-serif\"><span style=\"font-size: medium\"><b><u>LEGISLA\u00c7\u00d5ES:<\/u><\/b><\/span><\/span><\/span><\/p><p align=\"justify\"><span style=\"color: #000000\"><span style=\"font-family: Arial, sans-serif\"><span style=\"font-size: medium\"><b><u>\u00a0<\/u><\/b><\/span><\/span><\/span><\/p><p align=\"justify\"><span style=\"color: #000000\"><span style=\"font-family: Arial, sans-serif\"><span style=\"font-size: medium\"><b><a href=\"http:\/\/www.planalto.gov.br\/ccivil_03\/_Ato2011-2014\/2011\/Decreto\/D7485.htm\" target=\"_blank\" rel=\"noopener\">Decreto n\u00ba 7.485, de 18.05.2011<\/a> &#8211; <\/b><\/span><\/span><\/span><span style=\"color: #111111\"><span style=\"font-family: Arial, sans-serif\"><span style=\"font-size: medium\">Disp\u00f5e sobre a constitui\u00e7\u00e3o de banco de professor-equivalente das universidades federais vinculadas ao Minist\u00e9rio da Educa\u00e7\u00e3o e regulamenta a admiss\u00e3o de professor substituto, de que trata o inciso IV do art. 2o da Lei no 8.745, de 9 de dezembro de 1993. <\/span><\/span><\/span><\/p><p align=\"justify\"><span style=\"color: #000000\"><span style=\"font-family: Arial, sans-serif\"><span style=\"font-size: medium\"><b><a href=\"http:\/\/www.planalto.gov.br\/ccivil_03\/_Ato2011-2014\/2014\/Decreto\/D8259.htm\" target=\"_blank\" rel=\"noopener\">Decreto n\u00ba 8.259, de 29.05.2014<\/a>\u00a0<\/b><\/span><\/span><\/span><span style=\"color: #000000\"><span style=\"font-family: Arial, sans-serif\"><span style=\"font-size: medium\">&#8211; Altera o Decreto n\u00ba 7.485\/2011 e disp\u00f5e sobre o banco de professor-equivalente.<\/span><\/span><\/span><\/p><p align=\"justify\"><span style=\"color: #000000\"><span style=\"font-family: Arial, sans-serif\"><span style=\"font-size: medium\"><strong><a href=\"https:\/\/www.planalto.gov.br\/ccivil_03\/_ato2015-2018\/2018\/decreto\/D9269.htm#:~:text=DECRETO%20N%C2%BA%209.269%2C%20DE%2024,o%20inciso%20IV%20do%20art.\">Decreto n\u00ba 9.269, de 24\/01\/2018<\/a>&#8211; <\/strong>Altera o Decreto n\u00ba 7.485, de 18 de maio de 2011, que disp\u00f5e sobre a constitui\u00e7\u00e3o de banco de professor-equivalente das universidades federais vinculadas ao Minist\u00e9rio da Educa\u00e7\u00e3o e regulamenta a admiss\u00e3o de professor substituto, de que trata o inciso IV do art. 2\u00ba da Lei n\u00ba 8.745, de 9 de dezembro de 1993.<\/span><\/span><\/span><\/p><p align=\"justify\"><span style=\"color: #000000\"><span style=\"font-family: Arial, sans-serif\"><span style=\"font-size: medium\"><b><a href=\"https:\/\/www.in.gov.br\/materia\/-\/asset_publisher\/Kujrw0TZC2Mb\/content\/id\/19362845\/do1-2017-10-19-portaria-interministerial-n-316-de-09-de-outubro-de-2017-19362746\">Portaria Interministerial n\u00ba 316, de 09\/10\/2017<\/a> &#8211; <\/b><\/span><\/span><\/span><span style=\"color: #000000\"><span style=\"font-family: Arial, sans-serif\"><span style=\"font-size: medium\">Autorizar a amplia\u00e7\u00e3o em 1.900 (mil e novecentas) vagas do Banco de Professor-Equivalente &#8211; Magist\u00e9rio Superior, Banco de Professor-Equivalente &#8211; EBTT e Quadro de Refer\u00eancia dos ServidoresT\u00e9cnico-Administrativos das Universidades Federais, vinculadas ao Minist\u00e9rio da Educa\u00e7\u00e3o conforme Anexos I, II e III, constantes nesta Portaria.<\/span><\/span><\/span><\/p><p align=\"justify\"><span style=\"color: #000000\"><span style=\"font-family: Arial, sans-serif\"><span style=\"font-size: medium\"><b><a href=\"https:\/\/www.in.gov.br\/web\/dou\/-\/portaria-interministerial-n-197-de-8-de-maio-de-2020-256098296\">Portaria Interministerial n\u00ba 197 de 08\/05\/2020<\/a> &#8211; <\/b><\/span><\/span><\/span><span style=\"color: #000000\"><span style=\"font-family: Arial, sans-serif\"><span style=\"font-size: medium\">Atualiza os fatores do banco de professor-equivalente do Magist\u00e9rio Superior das universidades federais, de que tratam os incisos II,III, IV, V e VI do art. 2\u00ba do Decreto n\u00ba 7.485, de 18 de maio de 2011, e d\u00e1 outras provid\u00eancias. <\/span><\/span><\/span><\/p><p align=\"justify\"><a href=\"https:\/\/www.in.gov.br\/en\/web\/dou\/-\/portaria-interministerial-me\/mec-n-9.359-de-10-de-agosto-de-2021-337809959\"><strong>Portaria Interministerial ME\/MEC n\u00ba 9.359\u00a0 de 10\/08\/2021<\/strong><\/a>&#8211;\u00a0<span style=\"font-size: medium;color: #000000;letter-spacing: -0.2px\">Altera os Anexos I e III \u00e0 Portaria Interministerial n\u00ba 316, de 9 de outubro de 2017, do extinto Minist\u00e9rio do Planejamento, Desenvolvimento e Gest\u00e3o e do Minist\u00e9rio da Educa\u00e7\u00e3o, que disp\u00f5e sobre o banco de professor-equivalente e o quadro de Refer\u00eancia dos Servidores T\u00e9cnico-Administrativos das universidades federais, vinculadas ao Minist\u00e9rio da Educa\u00e7\u00e3o.<\/span><\/p><p align=\"justify\"><span style=\"color: #000000\"><span style=\"font-family: Arial, sans-serif\"><span style=\"font-size: medium\"><strong><a href=\"https:\/\/www.in.gov.br\/web\/dou\/-\/portaria-conjunta-mgi\/mec-n-29-de-28-de-julho-de-2023-499522800\">Portaria Conjunta MGI\/MEC n\u00ba 29\u00a0 de 28\/07\/2023<\/a>&#8211; <\/strong><\/span><\/span><\/span><span style=\"color: #000000\"><span style=\"font-family: Arial, sans-serif\"><span style=\"font-size: medium\">Amplia o Banco de Professor-Equivalente do Magist\u00e9rio Superior das Universidades Federais, vinculadas ao Minist\u00e9rio da Educa\u00e7\u00e3o, constitu\u00eddo pelo Decreto n\u00ba 7.485, de 18 de maio de 2011, e o Banco de Professor-Equivalente da Carreira do Magist\u00e9rio do Ensino B\u00e1sico, T\u00e9cnico e Tecnol\u00f3gico das unidades subordinadas \u00e0s Universidades Federais, institu\u00eddo pelo Decreto n\u00ba 8.260, 29 de maio de 2014; e atualiza o Quadro de Refer\u00eancia dos Servidores T\u00e9cnico-Administrativos das Universidades Federais, de que trata a Lei n\u00ba 11.091, de 12 de janeiro de 2005, vinculadas ao Minist\u00e9rio da Educa\u00e7\u00e3o.<\/span><\/span><\/span><\/p>\t\t\t\t\t\t\t\t<\/div>\n\t\t\t\t<\/div>\n\t\t\t\t\t<\/div>\n\t\t<\/div>\n\t\t\t\t\t<\/div>\n\t\t<\/section>\n\t\t\t\t<\/div>\n\t\t","protected":false},"excerpt":{"rendered":"<p>Tendo Em Vista O Decreto N\u00ba. 7.485, De 18\/05\/2011, Publicado No DOU De 19\/05\/2011, Alterado Pelo O Decreto N\u00ba 8.259, De 29\/05\/2014, Publicado No DOU De 30\/05\/2014, A Portaria Interministerial N.\u00ba 197, De 08\/05\/2020, Publicada No DOU De 11\/05\/2020, Que Disp\u00f5e Sobre A Constitui\u00e7\u00e3o De Banco De Professor- Equivalente Das Universidades Federais Vinculadas Ao Minist\u00e9rio&#8230;<\/p>\n","protected":false},"author":685,"featured_media":0,"parent":1831,"menu_order":15,"comment_status":"closed","ping_status":"closed","template":"","meta":{"inline_featured_image":false,"ngg_post_thumbnail":0,"footnotes":""},"class_list":["post-11816","page","type-page","status-publish","hentry","entry"],"_links":{"self":[{"href":"http:\/\/www2.unifap.br\/drh\/wp-json\/wp\/v2\/pages\/11816","targetHints":{"allow":["GET"]}}],"collection":[{"href":"http:\/\/www2.unifap.br\/drh\/wp-json\/wp\/v2\/pages"}],"about":[{"href":"http:\/\/www2.unifap.br\/drh\/wp-json\/wp\/v2\/types\/page"}],"author":[{"embeddable":true,"href":"http:\/\/www2.unifap.br\/drh\/wp-json\/wp\/v2\/users\/685"}],"replies":[{"embeddable":true,"href":"http:\/\/www2.unifap.br\/drh\/wp-json\/wp\/v2\/comments?post=11816"}],"version-history":[{"count":104,"href":"http:\/\/www2.unifap.br\/drh\/wp-json\/wp\/v2\/pages\/11816\/revisions"}],"predecessor-version":[{"id":18953,"href":"http:\/\/www2.unifap.br\/drh\/wp-json\/wp\/v2\/pages\/11816\/revisions\/18953"}],"up":[{"embeddable":true,"href":"http:\/\/www2.unifap.br\/drh\/wp-json\/wp\/v2\/pages\/1831"}],"wp:attachment":[{"href":"http:\/\/www2.unifap.br\/drh\/wp-json\/wp\/v2\/media?parent=11816"}],"curies":[{"name":"wp","href":"https:\/\/api.w.org\/{rel}","templated":true}]}}