{"id":11866,"date":"2019-06-04T18:17:45","date_gmt":"2019-06-04T18:17:45","guid":{"rendered":"http:\/\/www2.unifap.br\/drh\/?page_id=11866"},"modified":"2019-08-08T20:24:40","modified_gmt":"2019-08-08T20:24:40","slug":"alimentacao","status":"publish","type":"page","link":"http:\/\/www2.unifap.br\/drh\/clube-de-vantagens\/alimentacao\/","title":{"rendered":"ALIMENTA\u00c7\u00c3O"},"content":{"rendered":"<p><strong><a href=\"http:\/\/www2.unifap.br\/dqv\/files\/2018\/11\/COMPANHIA-DO-CHURRASCO.pdf\" target=\"_blank\" rel=\"noopener\">Companhia do Churrasco<\/a><\/strong><\/p>\n<p><strong><a href=\"http:\/\/www2.unifap.br\/dqv\/files\/2018\/11\/DELICIA-SAUDAVEL-BISTRO.pdf\" target=\"_blank\" rel=\"noopener\">Del\u00edcia Saud\u00e1vel Bistr\u00f4<\/a><\/strong><\/p>\n<p><strong>NutriCental<\/strong><\/p>\n<p><strong><a href=\"http:\/\/www2.unifap.br\/drh\/files\/2019\/08\/Barfe\u0301.pdf\">Barf\u00e9 &#8211; Bar e Cafeteria ( Oiapoque )<\/a><\/strong><\/p>\n<p><strong><a href=\"http:\/\/www2.unifap.br\/drh\/files\/2019\/08\/CASA-DAS-FRUTAS.pdf\">Casa das Frutas ( Oiapoque )<\/a><\/strong><\/p>\n","protected":false},"excerpt":{"rendered":"<p>Companhia do Churrasco Del\u00edcia Saud\u00e1vel Bistr\u00f4 NutriCental Barf\u00e9 &#8211; Bar e Cafeteria ( Oiapoque ) Casa das Frutas ( Oiapoque )<\/p>\n","protected":false},"author":685,"featured_media":0,"parent":11840,"menu_order":1,"comment_status":"closed","ping_status":"closed","template":"fullwidth.php","meta":{"inline_featured_image":false,"ngg_post_thumbnail":0,"footnotes":""},"class_list":["post-11866","page","type-page","status-publish","hentry","entry"],"_links":{"self":[{"href":"http:\/\/www2.unifap.br\/drh\/wp-json\/wp\/v2\/pages\/11866","targetHints":{"allow":["GET"]}}],"collection":[{"href":"http:\/\/www2.unifap.br\/drh\/wp-json\/wp\/v2\/pages"}],"about":[{"href":"http:\/\/www2.unifap.br\/drh\/wp-json\/wp\/v2\/types\/page"}],"author":[{"embeddable":true,"href":"http:\/\/www2.unifap.br\/drh\/wp-json\/wp\/v2\/users\/685"}],"replies":[{"embeddable":true,"href":"http:\/\/www2.unifap.br\/drh\/wp-json\/wp\/v2\/comments?post=11866"}],"version-history":[{"count":14,"href":"http:\/\/www2.unifap.br\/drh\/wp-json\/wp\/v2\/pages\/11866\/revisions"}],"predecessor-version":[{"id":19244,"href":"http:\/\/www2.unifap.br\/drh\/wp-json\/wp\/v2\/pages\/11866\/revisions\/19244"}],"up":[{"embeddable":true,"href":"http:\/\/www2.unifap.br\/drh\/wp-json\/wp\/v2\/pages\/11840"}],"wp:attachment":[{"href":"http:\/\/www2.unifap.br\/drh\/wp-json\/wp\/v2\/media?parent=11866"}],"curies":[{"name":"wp","href":"https:\/\/api.w.org\/{rel}","templated":true}]}}