{"id":11875,"date":"2019-06-04T18:25:09","date_gmt":"2019-06-04T18:25:09","guid":{"rendered":"http:\/\/www2.unifap.br\/drh\/?page_id=11875"},"modified":"2021-06-22T18:41:04","modified_gmt":"2021-06-22T18:41:04","slug":"saude","status":"publish","type":"page","link":"http:\/\/www2.unifap.br\/drh\/clube-de-vantagens\/saude\/","title":{"rendered":"SA\u00daDE"},"content":{"rendered":"\t\t<div data-elementor-type=\"wp-page\" data-elementor-id=\"11875\" class=\"elementor elementor-11875\">\n\t\t\t\t\t\t<section class=\"elementor-section elementor-top-section elementor-element elementor-element-391b316f elementor-section-boxed elementor-section-height-default elementor-section-height-default\" data-id=\"391b316f\" data-element_type=\"section\" data-e-type=\"section\">\n\t\t\t\t\t\t<div class=\"elementor-container elementor-column-gap-default\">\n\t\t\t\t\t<div class=\"elementor-column elementor-col-100 elementor-top-column elementor-element elementor-element-4700c95\" data-id=\"4700c95\" data-element_type=\"column\" data-e-type=\"column\">\n\t\t\t<div class=\"elementor-widget-wrap elementor-element-populated\">\n\t\t\t\t\t\t<div class=\"elementor-element elementor-element-2a3d2a9 elementor-icon-list--layout-traditional elementor-list-item-link-full_width elementor-widget elementor-widget-icon-list\" data-id=\"2a3d2a9\" data-element_type=\"widget\" data-e-type=\"widget\" data-widget_type=\"icon-list.default\">\n\t\t\t\t<div class=\"elementor-widget-container\">\n\t\t\t\t\t\t\t<ul class=\"elementor-icon-list-items\">\n\t\t\t\t\t\t\t<li class=\"elementor-icon-list-item\">\n\t\t\t\t\t\t\t\t\t\t\t<span class=\"elementor-icon-list-icon\">\n\t\t\t\t\t\t\t<i aria-hidden=\"true\" class=\"fas fa-check\"><\/i>\t\t\t\t\t\t<\/span>\n\t\t\t\t\t\t\t\t\t\t<span class=\"elementor-icon-list-text\"><\/span>\n\t\t\t\t\t\t\t\t\t<\/li>\n\t\t\t\t\t\t<\/ul>\n\t\t\t\t\t\t<\/div>\n\t\t\t\t<\/div>\n\t\t\t\t<div class=\"elementor-element elementor-element-3f787fc5 elementor-invisible elementor-widget elementor-widget-text-editor\" data-id=\"3f787fc5\" data-element_type=\"widget\" data-e-type=\"widget\" data-settings=\"{&quot;_animation&quot;:&quot;bounceInRight&quot;}\" data-widget_type=\"text-editor.default\">\n\t\t\t\t<div class=\"elementor-widget-container\">\n\t\t\t\t\t\t\t\t\t<ul><li><h3><strong><a href=\"http:\/\/www2.unifap.br\/drh\/files\/2019\/07\/Clinica-Equilibrium.pdf\">Cl\u00ednica Equilibrium<\/a><\/strong><\/h3><\/li><li><h3><strong><a href=\"http:\/\/www2.unifap.br\/dqv\/files\/2019\/04\/CL%C3%8DNICA-FISIOGUIMA-abril-2019.pdf\" target=\"_blank\" rel=\"noopener noreferrer\">Cl\u00ednica FiosioGuima<\/a><\/strong><\/h3><\/li><\/ul><ul><li><h3><strong><a href=\"http:\/\/www2.unifap.br\/dqv\/files\/2019\/04\/CLINICA-SA%C3%9ADE-E-VIDA.pdf\" target=\"_blank\" rel=\"noopener noreferrer\">Cl\u00ednica Sa\u00fade e Vida<\/a><\/strong><\/h3><\/li><li><h3><a href=\"http:\/\/www2.unifap.br\/dqv\/files\/2019\/04\/Proposta-Odontomelo-Clube-de-Vantagens-2019.pdf\" target=\"_blank\" rel=\"noopener noreferrer\"><strong>Cl\u00ednica S\u00f3 Risos<\/strong><\/a><\/h3><\/li><li><h3><strong><a href=\"http:\/\/www2.unifap.br\/drh\/files\/2019\/06\/DENTISTA-ORTODONTIA.pdf\" target=\"_blank\" rel=\"noopener noreferrer\">Dr. Alexandre Vilhena G\u00f3es (Dentista\/Ortodontista)<\/a><\/strong><\/h3><\/li><li><h3><strong><a href=\"http:\/\/www2.unifap.br\/dqv\/files\/2019\/03\/ICCA-BAIXAR-EM-PDF.pdf\" target=\"_blank\" rel=\"noopener noreferrer\">ICCA &#8211; Instituto Crist\u00e3o de Cardiologia do Amap\u00e1 &#8211; Encerrado<\/a><\/strong><\/h3><\/li><li><h3><a href=\"http:\/\/www2.unifap.br\/drh\/files\/2020\/07\/PARCEIRA_PRIMARE.pdf\">Clinica PRIMARE (Oftalmologia)<\/a><\/h3><\/li><li><h3><strong><a href=\"http:\/\/www2.unifap.br\/drh\/files\/2019\/08\/Center-Nutrition.pdf\">Center Nutrition ( Oiapoque )<\/a><\/strong><\/h3><\/li><li><h3><a href=\"http:\/\/www2.unifap.br\/drh\/files\/2020\/05\/Proposta-mediclin.pdf\">Laborat\u00f3rio Medclin (Exames laboratoriais &#8211; TESTE COVID-19)<\/a><\/h3><\/li><li><h3><a href=\"http:\/\/www2.unifap.br\/drh\/files\/2020\/07\/PARCEIRO_EDUCADOR-F\u00cdSICO.pdf\">Educador F\u00edsico<\/a><\/h3><\/li><li><h3><a href=\"http:\/\/www2.unifap.br\/drh\/files\/2020\/09\/VULPIX-ESPA\u00c7O-TERAPEUTIVO-UNIFAP.pdf\">VULPIX ESPA\u00c7O TERAPEUTIVO &#8211; UNIFAP<\/a><\/h3><\/li><\/ul>\t\t\t\t\t\t\t\t<\/div>\n\t\t\t\t<\/div>\n\t\t\t\t\t<\/div>\n\t\t<\/div>\n\t\t\t\t\t<\/div>\n\t\t<\/section>\n\t\t\t\t<\/div>\n\t\t","protected":false},"excerpt":{"rendered":"<p>Cl\u00ednica Equilibrium Cl\u00ednica FiosioGuima Cl\u00ednica Sa\u00fade e Vida Cl\u00ednica S\u00f3 Risos Dr. Alexandre Vilhena G\u00f3es (Dentista\/Ortodontista) ICCA &#8211; Instituto Crist\u00e3o de Cardiologia do Amap\u00e1 &#8211; Encerrado Clinica PRIMARE (Oftalmologia) Center Nutrition ( Oiapoque ) Laborat\u00f3rio Medclin (Exames laboratoriais &#8211; TESTE COVID-19) Educador F\u00edsico VULPIX ESPA\u00c7O TERAPEUTIVO &#8211; UNIFAP<\/p>\n","protected":false},"author":685,"featured_media":0,"parent":11840,"menu_order":3,"comment_status":"closed","ping_status":"closed","template":"fullwidth.php","meta":{"inline_featured_image":false,"ngg_post_thumbnail":0,"footnotes":""},"class_list":["post-11875","page","type-page","status-publish","hentry","entry"],"_links":{"self":[{"href":"http:\/\/www2.unifap.br\/drh\/wp-json\/wp\/v2\/pages\/11875","targetHints":{"allow":["GET"]}}],"collection":[{"href":"http:\/\/www2.unifap.br\/drh\/wp-json\/wp\/v2\/pages"}],"about":[{"href":"http:\/\/www2.unifap.br\/drh\/wp-json\/wp\/v2\/types\/page"}],"author":[{"embeddable":true,"href":"http:\/\/www2.unifap.br\/drh\/wp-json\/wp\/v2\/users\/685"}],"replies":[{"embeddable":true,"href":"http:\/\/www2.unifap.br\/drh\/wp-json\/wp\/v2\/comments?post=11875"}],"version-history":[{"count":29,"href":"http:\/\/www2.unifap.br\/drh\/wp-json\/wp\/v2\/pages\/11875\/revisions"}],"predecessor-version":[{"id":13959,"href":"http:\/\/www2.unifap.br\/drh\/wp-json\/wp\/v2\/pages\/11875\/revisions\/13959"}],"up":[{"embeddable":true,"href":"http:\/\/www2.unifap.br\/drh\/wp-json\/wp\/v2\/pages\/11840"}],"wp:attachment":[{"href":"http:\/\/www2.unifap.br\/drh\/wp-json\/wp\/v2\/media?parent=11875"}],"curies":[{"name":"wp","href":"https:\/\/api.w.org\/{rel}","templated":true}]}}