{"id":11889,"date":"2019-06-04T18:29:52","date_gmt":"2019-06-04T18:29:52","guid":{"rendered":"http:\/\/www2.unifap.br\/drh\/?page_id=11889"},"modified":"2019-06-04T20:47:20","modified_gmt":"2019-06-04T20:47:20","slug":"estetica","status":"publish","type":"page","link":"http:\/\/www2.unifap.br\/drh\/clube-de-vantagens\/estetica\/","title":{"rendered":"EST\u00c9TICA"},"content":{"rendered":"<p><strong>Depyl Action<\/strong><\/p>\n<p><a href=\"http:\/\/www2.unifap.br\/dqv\/files\/2019\/03\/ESPA%C3%87O-LASE-BAIXAR-EM-PDF.pdf\" target=\"_blank\" rel=\"noopener\"><strong>Espa\u00e7o Laser Depila\u00e7\u00e3o &#8211; Macap\u00e1<\/strong><\/a><\/p>\n<p><strong>Est\u00e9tica Hollywood Macap\u00e1<\/strong><\/p>\n<p><strong>Fioest\u00e9tica<\/strong><\/p>\n<p><strong>K M Becker de Almeida<\/strong><\/p>\n<p><strong>Produtos Mary Kay<\/strong><\/p>\n<p>&nbsp;<\/p>\n","protected":false},"excerpt":{"rendered":"<p>Depyl Action Espa\u00e7o Laser Depila\u00e7\u00e3o &#8211; Macap\u00e1 Est\u00e9tica Hollywood Macap\u00e1 Fioest\u00e9tica K M Becker de Almeida Produtos Mary Kay &nbsp;<\/p>\n","protected":false},"author":685,"featured_media":0,"parent":11840,"menu_order":5,"comment_status":"closed","ping_status":"closed","template":"fullwidth.php","meta":{"inline_featured_image":false,"ngg_post_thumbnail":0,"footnotes":""},"class_list":["post-11889","page","type-page","status-publish","hentry","entry"],"_links":{"self":[{"href":"http:\/\/www2.unifap.br\/drh\/wp-json\/wp\/v2\/pages\/11889","targetHints":{"allow":["GET"]}}],"collection":[{"href":"http:\/\/www2.unifap.br\/drh\/wp-json\/wp\/v2\/pages"}],"about":[{"href":"http:\/\/www2.unifap.br\/drh\/wp-json\/wp\/v2\/types\/page"}],"author":[{"embeddable":true,"href":"http:\/\/www2.unifap.br\/drh\/wp-json\/wp\/v2\/users\/685"}],"replies":[{"embeddable":true,"href":"http:\/\/www2.unifap.br\/drh\/wp-json\/wp\/v2\/comments?post=11889"}],"version-history":[{"count":3,"href":"http:\/\/www2.unifap.br\/drh\/wp-json\/wp\/v2\/pages\/11889\/revisions"}],"predecessor-version":[{"id":11996,"href":"http:\/\/www2.unifap.br\/drh\/wp-json\/wp\/v2\/pages\/11889\/revisions\/11996"}],"up":[{"embeddable":true,"href":"http:\/\/www2.unifap.br\/drh\/wp-json\/wp\/v2\/pages\/11840"}],"wp:attachment":[{"href":"http:\/\/www2.unifap.br\/drh\/wp-json\/wp\/v2\/media?parent=11889"}],"curies":[{"name":"wp","href":"https:\/\/api.w.org\/{rel}","templated":true}]}}