{"id":12103,"date":"2019-06-19T13:22:54","date_gmt":"2019-06-19T13:22:54","guid":{"rendered":"http:\/\/www2.unifap.br\/drh\/?page_id=12103"},"modified":"2024-06-07T12:43:28","modified_gmt":"2024-06-07T15:43:28","slug":"horario-especial-para-servidor-com-dependente-com-deficiencia","status":"publish","type":"page","link":"http:\/\/www2.unifap.br\/drh\/manual-do-servidor\/horario-especial\/horario-especial-para-servidor-com-dependente-com-deficiencia\/","title":{"rendered":"Hor\u00e1rio Especial para Servidor com Dependente com Defici\u00eancia"},"content":{"rendered":"\t\t<div data-elementor-type=\"wp-post\" data-elementor-id=\"12103\" class=\"elementor elementor-12103\">\n\t\t\t\t\t\t<section class=\"elementor-section elementor-top-section elementor-element elementor-element-1032d30e elementor-section-boxed elementor-section-height-default elementor-section-height-default\" data-id=\"1032d30e\" data-element_type=\"section\" data-e-type=\"section\">\n\t\t\t\t\t\t<div class=\"elementor-container elementor-column-gap-default\">\n\t\t\t\t\t<div class=\"elementor-column elementor-col-100 elementor-top-column elementor-element elementor-element-63324611\" data-id=\"63324611\" data-element_type=\"column\" data-e-type=\"column\">\n\t\t\t<div class=\"elementor-widget-wrap elementor-element-populated\">\n\t\t\t\t\t\t<div class=\"elementor-element elementor-element-1f916d6b elementor-widget elementor-widget-text-editor\" data-id=\"1f916d6b\" data-element_type=\"widget\" data-e-type=\"widget\" data-widget_type=\"text-editor.default\">\n\t\t\t\t<div class=\"elementor-widget-container\">\n\t\t\t\t\t\t\t\t\t<p><strong>Defini\u00e7\u00e3o:<\/strong><strong>\u00a0\u00a0<\/strong><\/p><p>Ao servidor que tenha c\u00f4njuge, filho ou dependente com defici\u00eancia ser\u00e1 concedido hor\u00e1rio especial, desde que comprovada necessidade por Junta M\u00e9dica Oficial.<\/p><p><strong>Documenta\u00e7\u00e3o Necess\u00e1ria para instruir o processo:<\/strong><\/p><ul><li>Formul\u00e1rio de solicita\u00e7\u00e3o de hor\u00e1rio especial para servidor com familiar com defici\u00eancia, com ci\u00eancia da Dire\u00e7\u00e3o e da Chefia imediata<strong> <a href=\"https:\/\/www2.unifap.br\/drh\/files\/2024\/01\/Requerimento-de-Horario-Especial-servidor-com-deficiencia-ou-familiar.pdf\">CLIQUE AQUI<\/a><\/strong> ;<\/li><li>Laudo m\u00e9dico e exames complementares;<\/li><li>Documento oficial que comprove a rela\u00e7\u00e3o de parentesco\/depend\u00eancia (certid\u00e3o de casamento; certid\u00e3o de<br \/>nascimento; RG; termo de ado\u00e7\u00e3o; termo de tutela\/curatela; ou outro pertinente);<\/li><li>Declara\u00e7\u00e3o de ci\u00eancia (est\u00e1 em anexo ao requerimento) e<\/li><li>Declara\u00e7\u00e3o de Acumulo de V\u00ednculo (est\u00e1 em anexo ao requerimento).<\/li><\/ul><p><strong>Informa\u00e7\u00f5es Gerais:<\/strong><\/p><ol><li>Servidor ap\u00f3s preenchimento de formul\u00e1rio padr\u00e3o abrir\u00e1 o processo e encaminhar\u00e1 a Secretaria da Progep.<\/li><li>A Secretaria da Progep, ap\u00f3s receber o processo, ir\u00e1 fazer o agendamento de per\u00edcia em Junta M\u00e9dica Oficial e comunicar\u00e1 ao servidor por telefone e e-mail a data e o hor\u00e1rio do comparecimento.<\/li><li>No dia agendado, o servidor acompanhado de seu familiar dever\u00e1 apresentar laudo m\u00e9dico original e sem rasuras, informando o C\u00f3digo Internacional de Doen\u00e7as &#8211; CID.<\/li><li>O familiar do servidor ser\u00e1 avaliado pela Junta M\u00e9dica Oficial, que poder\u00e1 requerer exames complementares ou a avalia\u00e7\u00e3o do caso por m\u00e9dico especialista.<\/li><li>A Junta M\u00e9dica Oficial somente aceita documentos originais, sem rasuras, com carimbo e assinatura do m\u00e9dico. Atestados emitidos por familiares dos servidores n\u00e3o ser\u00e3o aceitos pela Junta M\u00e9dica Oficial.<\/li><li>Poder\u00e1 ser solicitado, pela Junta M\u00e9dica Oficial, o que for necess\u00e1rio e pass\u00edvel de comprova\u00e7\u00e3o para que haja a convic\u00e7\u00e3o dos peritos. A Junta M\u00e9dica Oficial poder\u00e1 valer-se ainda de pareceres da equipe multiprofissional a fim de subsidiar sua decis\u00e3o.<\/li><li>A concess\u00e3o do hor\u00e1rio especial objetiva possibilitar ao servidor se ausentar do local de trabalho para prestar assist\u00eancia ao c\u00f4njuge, filho ou dependente com defici\u00eancia, sem necessidade de compensa\u00e7\u00e3o de hor\u00e1rio.<\/li><\/ol><p>\u00a0<\/p><p><em>\u00a0\u00a0\u00a0\u00a0\u00a0\u00a0\u00a0\u00a0\u00a0\u00a0\u00a0\u00a0<strong>Fundamento legal: art. 98 \u00a7 3\u00ba \u00a0e art. 241 da Lei 8.112 de 1990<\/strong><\/em><em><strong>.<\/strong><\/em><\/p>\t\t\t\t\t\t\t\t<\/div>\n\t\t\t\t<\/div>\n\t\t\t\t\t<\/div>\n\t\t<\/div>\n\t\t\t\t\t<\/div>\n\t\t<\/section>\n\t\t\t\t<\/div>\n\t\t","protected":false},"excerpt":{"rendered":"<p>Defini\u00e7\u00e3o:\u00a0\u00a0 Ao servidor que tenha c\u00f4njuge, filho ou dependente com defici\u00eancia ser\u00e1 concedido hor\u00e1rio especial, desde que comprovada necessidade por Junta M\u00e9dica Oficial. Documenta\u00e7\u00e3o Necess\u00e1ria para instruir o processo: Formul\u00e1rio de solicita\u00e7\u00e3o de hor\u00e1rio especial para servidor com familiar com defici\u00eancia, com ci\u00eancia da Dire\u00e7\u00e3o e da Chefia imediata CLIQUE AQUI ; Laudo m\u00e9dico e&#8230;<\/p>\n","protected":false},"author":685,"featured_media":0,"parent":12098,"menu_order":1,"comment_status":"closed","ping_status":"closed","template":"","meta":{"inline_featured_image":false,"ngg_post_thumbnail":0,"footnotes":""},"class_list":["post-12103","page","type-page","status-publish","hentry","entry"],"_links":{"self":[{"href":"http:\/\/www2.unifap.br\/drh\/wp-json\/wp\/v2\/pages\/12103","targetHints":{"allow":["GET"]}}],"collection":[{"href":"http:\/\/www2.unifap.br\/drh\/wp-json\/wp\/v2\/pages"}],"about":[{"href":"http:\/\/www2.unifap.br\/drh\/wp-json\/wp\/v2\/types\/page"}],"author":[{"embeddable":true,"href":"http:\/\/www2.unifap.br\/drh\/wp-json\/wp\/v2\/users\/685"}],"replies":[{"embeddable":true,"href":"http:\/\/www2.unifap.br\/drh\/wp-json\/wp\/v2\/comments?post=12103"}],"version-history":[{"count":7,"href":"http:\/\/www2.unifap.br\/drh\/wp-json\/wp\/v2\/pages\/12103\/revisions"}],"predecessor-version":[{"id":18543,"href":"http:\/\/www2.unifap.br\/drh\/wp-json\/wp\/v2\/pages\/12103\/revisions\/18543"}],"up":[{"embeddable":true,"href":"http:\/\/www2.unifap.br\/drh\/wp-json\/wp\/v2\/pages\/12098"}],"wp:attachment":[{"href":"http:\/\/www2.unifap.br\/drh\/wp-json\/wp\/v2\/media?parent=12103"}],"curies":[{"name":"wp","href":"https:\/\/api.w.org\/{rel}","templated":true}]}}