{"id":1261,"date":"2014-02-17T19:40:32","date_gmt":"2014-02-17T19:40:32","guid":{"rendered":"http:\/\/www2.unifap.br\/drh\/?page_id=1261"},"modified":"2024-04-23T13:39:00","modified_gmt":"2024-04-23T13:39:00","slug":"relatorio-de-concessao-de-diarias-passagens-e-deslocamentos","status":"publish","type":"page","link":"http:\/\/www2.unifap.br\/drh\/manual-do-servidor\/relatorio-de-concessao-de-diarias-passagens-e-deslocamentos\/","title":{"rendered":"Di\u00e1rias, Passagens e Deslocamentos"},"content":{"rendered":"<p style=\"text-align: justify\"><strong>Far\u00e1 jus \u00e0 percep\u00e7\u00e3o de di\u00e1rias o servidor civil da administra\u00e7\u00e3o federal direta, aut\u00e1rquica e fundacional que se deslocar, a servi\u00e7o, da localidade onde tem exerc\u00edcio para outro ponto do territ\u00f3rio nacional, ou para o exterior. <\/strong><\/p>\n<p style=\"text-align: justify\"><strong>Far\u00e1 jus tamb\u00e9m o colaborador eventual que seja convidado a prestar servi\u00e7os ou participar de eventos de interesse dos \u00f3rg\u00e3os ou entidades da Administra\u00e7\u00e3o P\u00fablica Federal. <\/strong><\/p>\n<p style=\"text-align: justify\"><strong>Ter\u00e1 direito ainda \u00e0 percep\u00e7\u00e3o de di\u00e1rias o servidor ou colaborador eventual que acompanhar servidor com defici\u00eancia em deslocamento a servi\u00e7o, autorizado por meio de resultado de per\u00edcia oficial.<\/strong><\/p>\n<ul>\n<li><a href=\"http:\/\/www.unifap.br\/public\/index\/view\/id\/8516\"><span style=\"color: #008000\"><strong>ORDEM DE SERVI\u00c7O REITORIA 001\/2017 &#8211; Normas para concess\u00e3o de di\u00e1rias e passagens<\/strong><\/span><\/a><a href=\"http:\/\/www2.unifap.br\/drh\/servicos-de-recursos-humanos\/relatorio-de-concessao-de-diarias-passagens-e-deslocamentos\/norma-interna-n%C2%BA-0012014-progepunifap\/\"><strong style=\"color: #0000ff\">&nbsp;<\/strong><\/a><\/li>\n<\/ul>\n","protected":false},"excerpt":{"rendered":"<p>Far\u00e1 jus \u00e0 percep\u00e7\u00e3o de di\u00e1rias o servidor civil da administra\u00e7\u00e3o federal direta, aut\u00e1rquica e fundacional que se deslocar, a servi\u00e7o, da localidade onde tem exerc\u00edcio para outro ponto do territ\u00f3rio nacional, ou para o exterior. Far\u00e1 jus tamb\u00e9m o colaborador eventual que seja convidado a prestar servi\u00e7os ou participar de eventos de interesse dos&#8230;<\/p>\n","protected":false},"author":860,"featured_media":0,"parent":1831,"menu_order":1,"comment_status":"closed","ping_status":"closed","template":"","meta":{"inline_featured_image":false,"ngg_post_thumbnail":0,"footnotes":""},"class_list":["post-1261","page","type-page","status-publish","hentry","entry"],"_links":{"self":[{"href":"http:\/\/www2.unifap.br\/drh\/wp-json\/wp\/v2\/pages\/1261","targetHints":{"allow":["GET"]}}],"collection":[{"href":"http:\/\/www2.unifap.br\/drh\/wp-json\/wp\/v2\/pages"}],"about":[{"href":"http:\/\/www2.unifap.br\/drh\/wp-json\/wp\/v2\/types\/page"}],"author":[{"embeddable":true,"href":"http:\/\/www2.unifap.br\/drh\/wp-json\/wp\/v2\/users\/860"}],"replies":[{"embeddable":true,"href":"http:\/\/www2.unifap.br\/drh\/wp-json\/wp\/v2\/comments?post=1261"}],"version-history":[{"count":14,"href":"http:\/\/www2.unifap.br\/drh\/wp-json\/wp\/v2\/pages\/1261\/revisions"}],"predecessor-version":[{"id":11404,"href":"http:\/\/www2.unifap.br\/drh\/wp-json\/wp\/v2\/pages\/1261\/revisions\/11404"}],"up":[{"embeddable":true,"href":"http:\/\/www2.unifap.br\/drh\/wp-json\/wp\/v2\/pages\/1831"}],"wp:attachment":[{"href":"http:\/\/www2.unifap.br\/drh\/wp-json\/wp\/v2\/media?parent=1261"}],"curies":[{"name":"wp","href":"https:\/\/api.w.org\/{rel}","templated":true}]}}