{"id":18431,"date":"2024-05-23T23:24:41","date_gmt":"2024-05-24T02:24:41","guid":{"rendered":"https:\/\/www2.unifap.br\/drh\/?page_id=18431"},"modified":"2024-07-11T12:48:13","modified_gmt":"2024-07-11T15:48:13","slug":"transparencia","status":"publish","type":"page","link":"http:\/\/www2.unifap.br\/drh\/transparencia\/","title":{"rendered":"TR\u00c2NSPAR\u00caNCIA"},"content":{"rendered":"\t\t<div data-elementor-type=\"wp-page\" data-elementor-id=\"18431\" class=\"elementor elementor-18431\">\n\t\t\t\t\t\t<section class=\"elementor-section elementor-top-section elementor-element elementor-element-ce7f9bf elementor-section-boxed elementor-section-height-default elementor-section-height-default\" data-id=\"ce7f9bf\" data-element_type=\"section\" data-e-type=\"section\">\n\t\t\t\t\t\t<div class=\"elementor-container elementor-column-gap-default\">\n\t\t\t\t\t<div class=\"elementor-column elementor-col-100 elementor-top-column elementor-element elementor-element-7e2822fb\" data-id=\"7e2822fb\" data-element_type=\"column\" data-e-type=\"column\">\n\t\t\t<div class=\"elementor-widget-wrap elementor-element-populated\">\n\t\t\t\t\t\t<div class=\"elementor-element elementor-element-2581528d elementor-widget elementor-widget-text-editor\" data-id=\"2581528d\" data-element_type=\"widget\" data-e-type=\"widget\" data-widget_type=\"text-editor.default\">\n\t\t\t\t<div class=\"elementor-widget-container\">\n\t\t\t\t\t\t\t\t\t<h2>TR\u00c2NPAR\u00caNCIA DE DADOS<\/h2><p>A transpar\u00eancia \u00e9 um requisito indispens\u00e1vel na administra\u00e7\u00e3o p\u00fablica e tem ganhado cada vez mais notoriedade na sociedade e nos \u00f3rg\u00e3os de controle. Nesse sentido, o Departamento de Administra\u00e7\u00e3o de Pessoal-DAP da PROGEP\/UNIFAP se coloca sempre \u00e0 disposi\u00e7\u00e3o para eventuais d\u00favidas relacionadas aos seus processos e atos administrativos, al\u00e9m disso, em cumprimento \u00e0 Lei e ao\u00a0<span style=\"font-family: Helvetica, sans-serif;font-size: 20px;font-style: normal;letter-spacing: 0.9px\">n\u00famero de pedidos demandados pela sociedade referente a este assunto ao Sistema Eletr\u00f4nico de Informa\u00e7\u00e3o ao Usu\u00e1rio (FalaBR), nesta se\u00e7\u00e3o, iremos<\/span> <span style=\"font-size: 20px;letter-spacing: 0.9px\">disponibilizar algumas informa\u00e7\u00f5es que podem ser visualizadas nos menus abaixos:<\/span><\/p><p>\u00a0<\/p>\t\t\t\t\t\t\t\t<\/div>\n\t\t\t\t<\/div>\n\t\t\t\t\t<\/div>\n\t\t<\/div>\n\t\t\t\t\t<\/div>\n\t\t<\/section>\n\t\t\t\t<section class=\"elementor-section elementor-top-section elementor-element elementor-element-7377ac7 elementor-section-boxed elementor-section-height-default elementor-section-height-default\" data-id=\"7377ac7\" data-element_type=\"section\" data-e-type=\"section\">\n\t\t\t\t\t\t<div class=\"elementor-container elementor-column-gap-default\">\n\t\t\t\t\t<div class=\"elementor-column elementor-col-100 elementor-top-column elementor-element elementor-element-3cf924d\" data-id=\"3cf924d\" data-element_type=\"column\" data-e-type=\"column\">\n\t\t\t<div class=\"elementor-widget-wrap elementor-element-populated\">\n\t\t\t\t\t\t<div class=\"elementor-element elementor-element-b52dc89 elementor-widget elementor-widget-text-editor\" data-id=\"b52dc89\" data-element_type=\"widget\" data-e-type=\"widget\" data-widget_type=\"text-editor.default\">\n\t\t\t\t<div class=\"elementor-widget-container\">\n\t\t\t\t\t\t\t\t\t<ul><li><strong><a href=\"https:\/\/www2.unifap.br\/drh\/relatorio-geral-de-servidores-ativos-da-unifap-lotacionograma-e-exercicio-2\/\" rel=\"attachment wp-att-18618\">Rela\u00e7\u00e3o Geral de Servidores Ativos da Unifap &#8211; Lotacionograma e Exerc\u00edcio<\/a>;<\/strong><\/li><li><strong>Rela\u00e7\u00e3o de Servidores Ativos Permanentes (em Exerc\u00edcio) na Unifap;<\/strong><\/li><li><strong>Rela\u00e7\u00e3o de Servidores da UNIFAP Ativos(em Exerc\u00edcio) em Outro \u00d3rg\u00e3o;<\/strong><\/li><li><strong>Rela\u00e7\u00e3o de Servidores da UNIFAP Aposentados;<\/strong><\/li><li><a href=\"https:\/\/portaldatransparencia.gov.br\/servidores\/consulta?paginacaoSimples=true&amp;tamanhoPagina=&amp;offset=&amp;direcaoOrdenacao=asc&amp;orgaosServidorLotacao=OR26286&amp;situacao=3&amp;colunasSelecionadas=detalhar%2Ctipo%2Cnome%2CorgaoServidorLotacao%2Cmatricula%2CtipoVinculo%2Csituacao%2CunidadeOrganizacionalServidorLotacao%2CunidadeOrganizacionalServidorExercicio%2Ccargo%2CnomeInstPensao&amp;t=IkzPsph3C7k25SkceyVe\"><strong>Rela\u00e7\u00e3o de Pensionistas da Unifap;<\/strong><\/a><\/li><li><strong>Rela\u00e7\u00e3o Geral de Servidores da Unifap com Afastamento Vigente;<\/strong><\/li><li><strong>Rela\u00e7\u00e3o de Servidores de outros \u00d3rg\u00e3os em Exercicio na UNIFAP;<\/strong><\/li><li><strong>Rela\u00e7\u00e3o de Servidores em Cargos (CD- 001; CD- 002, CD- 003 e CD- 004);<\/strong><\/li><li><strong>Rela\u00e7\u00e3o de Servidores em Fun\u00e7\u00e3o Comissionada de Coordena\u00e7\u00e3o de Curso (FUC-001);<\/strong><\/li><li><strong>Rela\u00e7\u00e3o de Servidores em Fun\u00e7\u00e3o Gratificada ( FG-001; FG-002 e FG-003)<\/strong><\/li><\/ul>\t\t\t\t\t\t\t\t<\/div>\n\t\t\t\t<\/div>\n\t\t\t\t\t<\/div>\n\t\t<\/div>\n\t\t\t\t\t<\/div>\n\t\t<\/section>\n\t\t\t\t<section class=\"elementor-section elementor-top-section elementor-element elementor-element-dfc121f elementor-section-boxed elementor-section-height-default elementor-section-height-default\" data-id=\"dfc121f\" data-element_type=\"section\" data-e-type=\"section\">\n\t\t\t\t\t\t<div class=\"elementor-container elementor-column-gap-default\">\n\t\t\t\t\t<div class=\"elementor-column elementor-col-100 elementor-top-column elementor-element elementor-element-c7bfd30\" data-id=\"c7bfd30\" data-element_type=\"column\" data-e-type=\"column\">\n\t\t\t<div class=\"elementor-widget-wrap elementor-element-populated\">\n\t\t\t\t\t\t<div class=\"elementor-element elementor-element-b10cf9f elementor-widget elementor-widget-button\" data-id=\"b10cf9f\" data-element_type=\"widget\" data-e-type=\"widget\" data-widget_type=\"button.default\">\n\t\t\t\t<div class=\"elementor-widget-container\">\n\t\t\t\t\t\t\t\t\t<div class=\"elementor-button-wrapper\">\n\t\t\t\t\t<a class=\"elementor-button elementor-button-link elementor-size-sm\" href=\"https:\/\/www2.unifap.br\/drh\/manual-do-servidor\/banco-de-professor-equivalente\/\">\n\t\t\t\t\t\t<span class=\"elementor-button-content-wrapper\">\n\t\t\t\t\t\t\t\t\t<span class=\"elementor-button-text\">Banco de Professor Equivalente da UNIFAp - BPEq<\/span>\n\t\t\t\t\t<\/span>\n\t\t\t\t\t<\/a>\n\t\t\t\t<\/div>\n\t\t\t\t\t\t\t\t<\/div>\n\t\t\t\t<\/div>\n\t\t\t\t<div class=\"elementor-element elementor-element-c128c22 elementor-align-left elementor-widget elementor-widget-button\" data-id=\"c128c22\" data-element_type=\"widget\" data-e-type=\"widget\" data-widget_type=\"button.default\">\n\t\t\t\t<div class=\"elementor-widget-container\">\n\t\t\t\t\t\t\t\t\t<div class=\"elementor-button-wrapper\">\n\t\t\t\t\t<a class=\"elementor-button elementor-button-link elementor-size-sm\" href=\"https:\/\/www2.unifap.br\/drh\/manual-do-servidor\/qrsta-quadro-de-referencia-dos-servidores-tecnico-administrativos\/\">\n\t\t\t\t\t\t<span class=\"elementor-button-content-wrapper\">\n\t\t\t\t\t\t\t\t\t<span class=\"elementor-button-text\">Quadro de Refer\u00eancia dos Servidores T\u00e9cnico-Administrativos em Educa\u00e7\u00e3o da UNIFAP \u2013 QRSTA<\/span>\n\t\t\t\t\t<\/span>\n\t\t\t\t\t<\/a>\n\t\t\t\t<\/div>\n\t\t\t\t\t\t\t\t<\/div>\n\t\t\t\t<\/div>\n\t\t\t\t\t<\/div>\n\t\t<\/div>\n\t\t\t\t\t<\/div>\n\t\t<\/section>\n\t\t\t\t<section class=\"elementor-section elementor-top-section elementor-element elementor-element-98a8599 elementor-section-boxed elementor-section-height-default elementor-section-height-default\" data-id=\"98a8599\" data-element_type=\"section\" data-e-type=\"section\">\n\t\t\t\t\t\t<div class=\"elementor-container elementor-column-gap-default\">\n\t\t\t\t\t<div class=\"elementor-column elementor-col-100 elementor-top-column elementor-element elementor-element-d6c983d\" data-id=\"d6c983d\" data-element_type=\"column\" data-e-type=\"column\">\n\t\t\t<div class=\"elementor-widget-wrap elementor-element-populated\">\n\t\t\t\t\t\t<div class=\"elementor-element elementor-element-20bb6b9 elementor-widget elementor-widget-text-editor\" data-id=\"20bb6b9\" data-element_type=\"widget\" data-e-type=\"widget\" data-widget_type=\"text-editor.default\">\n\t\t\t\t<div class=\"elementor-widget-container\">\n\t\t\t\t\t\t\t\t\t<p><span style=\"font-size: 14px;letter-spacing: -0.2px\">Todos os dados e planilhas acima est\u00e3o atualizado com base nos dados extra\u00eddos do SIAPE (Sistema Integrado de Administra\u00e7\u00e3o de Pessoal).<\/span><b><\/b><\/p>\t\t\t\t\t\t\t\t<\/div>\n\t\t\t\t<\/div>\n\t\t\t\t\t<\/div>\n\t\t<\/div>\n\t\t\t\t\t<\/div>\n\t\t<\/section>\n\t\t\t\t<\/div>\n\t\t","protected":false},"excerpt":{"rendered":"<p>TR\u00c2NPAR\u00caNCIA DE DADOS A transpar\u00eancia \u00e9 um requisito indispens\u00e1vel na administra\u00e7\u00e3o p\u00fablica e tem ganhado cada vez mais notoriedade na sociedade e nos \u00f3rg\u00e3os de controle. Nesse sentido, o Departamento de Administra\u00e7\u00e3o de Pessoal-DAP da PROGEP\/UNIFAP se coloca sempre \u00e0 disposi\u00e7\u00e3o para eventuais d\u00favidas relacionadas aos seus processos e atos administrativos, al\u00e9m disso, em cumprimento&#8230;<\/p>\n","protected":false},"author":3852,"featured_media":0,"parent":0,"menu_order":0,"comment_status":"closed","ping_status":"closed","template":"","meta":{"inline_featured_image":false,"ngg_post_thumbnail":0,"footnotes":""},"class_list":["post-18431","page","type-page","status-publish","hentry","entry"],"_links":{"self":[{"href":"http:\/\/www2.unifap.br\/drh\/wp-json\/wp\/v2\/pages\/18431","targetHints":{"allow":["GET"]}}],"collection":[{"href":"http:\/\/www2.unifap.br\/drh\/wp-json\/wp\/v2\/pages"}],"about":[{"href":"http:\/\/www2.unifap.br\/drh\/wp-json\/wp\/v2\/types\/page"}],"author":[{"embeddable":true,"href":"http:\/\/www2.unifap.br\/drh\/wp-json\/wp\/v2\/users\/3852"}],"replies":[{"embeddable":true,"href":"http:\/\/www2.unifap.br\/drh\/wp-json\/wp\/v2\/comments?post=18431"}],"version-history":[{"count":28,"href":"http:\/\/www2.unifap.br\/drh\/wp-json\/wp\/v2\/pages\/18431\/revisions"}],"predecessor-version":[{"id":18622,"href":"http:\/\/www2.unifap.br\/drh\/wp-json\/wp\/v2\/pages\/18431\/revisions\/18622"}],"wp:attachment":[{"href":"http:\/\/www2.unifap.br\/drh\/wp-json\/wp\/v2\/media?parent=18431"}],"curies":[{"name":"wp","href":"https:\/\/api.w.org\/{rel}","templated":true}]}}