{"id":2189,"date":"2015-08-26T17:25:27","date_gmt":"2015-08-26T17:25:27","guid":{"rendered":"http:\/\/www2.unifap.br\/drh\/?page_id=2189"},"modified":"2024-04-23T13:40:01","modified_gmt":"2024-04-23T13:40:01","slug":"progressao-por-capacitacao","status":"publish","type":"page","link":"http:\/\/www2.unifap.br\/drh\/desenvolvimento-na-carreira\/tecnico-administrativo\/progressao-por-capacitacao\/","title":{"rendered":"Progress\u00e3o por Capacita\u00e7\u00e3o: perguntas frequentes"},"content":{"rendered":"\t\t<div data-elementor-type=\"wp-post\" data-elementor-id=\"2189\" class=\"elementor elementor-2189 elementor-bc-flex-widget\">\n\t\t\t\t\t\t<section class=\"elementor-section elementor-top-section elementor-element elementor-element-25b440b3 elementor-section-boxed elementor-section-height-default elementor-section-height-default\" data-id=\"25b440b3\" data-element_type=\"section\" data-e-type=\"section\">\n\t\t\t\t\t\t<div class=\"elementor-container elementor-column-gap-default\">\n\t\t\t\t\t<div class=\"elementor-column elementor-col-100 elementor-top-column elementor-element elementor-element-41fcad1\" data-id=\"41fcad1\" data-element_type=\"column\" data-e-type=\"column\">\n\t\t\t<div class=\"elementor-widget-wrap elementor-element-populated\">\n\t\t\t\t\t\t<div class=\"elementor-element elementor-element-7b78d4ad elementor-widget elementor-widget-text-editor\" data-id=\"7b78d4ad\" data-element_type=\"widget\" data-e-type=\"widget\" data-widget_type=\"text-editor.default\">\n\t\t\t\t<div class=\"elementor-widget-container\">\n\t\t\t\t\t\t\t\t\t<p style=\"text-align: justify;\"><span style=\"color: #0000ff;\"><span style=\"color: #008000;\"><strong>ATIVIDADE<\/strong><\/span><\/span><\/p><p style=\"text-align: justify;\"><strong>Antes de completar o interst\u00edcio de 18 meses para Progress\u00e3o por Capacita\u00e7\u00e3o, o servidor deve criar processo eletr\u00f4nico no SIPAC (<span style=\"color: #0000ff;\"><a href=\"https:\/\/sipac.unifap.br\/public\/jsp\/portal.jsf\"><span style=\"color: #0000ff;\">https:\/\/sipac.unifap.br\/public\/jsp\/portal.jsf<\/span><\/a><\/span>) e solicitar, por meio de requerimento e documenta\u00e7\u00e3o necess\u00e1ria sua progress\u00e3o por capacita\u00e7\u00e3o.\u00a0<\/strong><\/p><p style=\"text-align: justify;\">Normativas:<\/p><ul><li><a href=\"http:\/\/www.planalto.gov.br\/ccivil_03\/_ato2004-2006\/2005\/lei\/l11091.htm\"><span style=\"color: #008000;\"><strong>Lei N\u00ba 11.091\/2005<\/strong><\/span><\/a><\/li><li><a href=\"http:\/\/www2.unifap.br\/drh\/files\/2018\/12\/Ordem-de-Servi%C3%A7o-n%C2%BA-01-2018-PROGEP1.pdf\" target=\"_blank\" rel=\"noopener\"><strong><span style=\"color: #008000;\">Ordem de Servi\u00e7o n\u00ba 01\/2018 &#8211; PROGEP &#8211; Validade de Certificados para Capacita\u00e7\u00e3o<\/span><\/strong><\/a><\/li><\/ul><p style=\"text-align: justify;\"><span style=\"color: #008000;\"><strong>TAREFAS<\/strong><\/span><\/p><ul style=\"text-align: justify;\"><li>Imprimir o requerimento no SIGRH, assin\u00e1-lo\u00a0 e fazer c\u00f3pia dos certificados \u2013\u00a0<strong>AP\u00d3S ISSO, DEVE-SE ESCANEAR A DOCUMENTA\u00c7\u00c3O E SALV\u00c1-LA EM PDF<\/strong>;<ul><li><em>Orienta\u00e7\u00f5es de como obter o requerimento<\/em>\u00a0&gt;\u00a0<span style=\"color: #008000;\"><strong><a href=\"http:\/\/www2.unifap.br\/drh\/files\/2010\/04\/SIGRH-FORMUL%C3%81RIOS-INCENTIVO-E-PROGRESS%C3%83O1.pdf\"><span style=\"color: #008000;\">SIGRH \u2013 REQUERIMENTO (INCENTIVO E PROGRESS\u00c3O<\/span><\/a><\/strong><\/span>;<\/li><\/ul><\/li><li>Com os arquivos em PDF em m\u00e3os, deve o interessado pedir o cadastro de processo eletr\u00f4nico de Progress\u00e3o Por Capacita\u00e7\u00e3o Profissional no<span style=\"color: #008000;\">\u00a0<strong><a href=\"https:\/\/sipac.unifap.br\/public\/jsp\/portal.jsf\"><span style=\"color: #008000;\">SIPAC<\/span><\/a><\/strong>\u00a0<\/span>em sua unidade administrativa.<\/li><li>Ap\u00f3s a cria\u00e7\u00e3o do processo eletr\u00f4nico, encaminhar os autos a Divis\u00e3o de Capacita\u00e7\u00e3o e Educa\u00e7\u00e3o Profissional \u2013 DCEP\/DDP\/PROGEP<\/li><\/ul><p>\u00a0<\/p><p>Fluxo do Processo de Progress\u00e3o por Capacita\u00e7\u00e3o &#8211; <span style=\"text-decoration: underline;\"><a href=\"http:\/\/www2.unifap.br\/drh\/desenvolvimento-na-carreira\/tecnico-administrativo\/progressao-por-capacitacao\/fluxo-do-processo-de-progressao-funcional-por-capacitacao\/\"><span style=\"color: #008000;\"><strong>Aqui<\/strong><\/span><\/a><\/span><\/p><p>Consulte no link abaixo a tabela de carga hor\u00e1ria de Progress\u00e3o por Capacita\u00e7\u00e3o<\/p><ul><li><strong style=\"color: #0000ff;\"><a href=\"http:\/\/www2.unifap.br\/drh\/files\/2015\/08\/TABELA-PARA-PROGRESS\u00c3O-POR-CAPACITA\u00c7\u00c3O-CARGA-HOR\u00c1RIA.pdf\"><span style=\"color: #0000ff;\">TABELA PARA PROGRESS\u00c3O POR CAPACITA\u00c7\u00c3O &#8211; CARGA HOR\u00c1RIA<\/span><\/a><\/strong><\/li><\/ul><p>\u00a0<\/p><h1 style=\"text-align: justify;\"><span style=\"color: #008000;\"><strong>PERGUNTAS FREQUENTES<\/strong><\/span><\/h1><p><strong style=\"color: #0000ff; text-align: justify;\">Qual o n\u00edvel de capacita\u00e7\u00e3o em que me encontro?<\/strong><\/p><p style=\"text-align: justify;\"><strong>O n\u00edvel de capacita\u00e7\u00e3o \u00e9 a posi\u00e7\u00e3o do servidor na Matriz Hier\u00e1rquica dos Padr\u00f5es de Vencimento em decorr\u00eancia da capacita\u00e7\u00e3o profissional para o exerc\u00edcio das atividades do cargo ocupado, realizada ap\u00f3s o ingresso.<\/strong><\/p><p style=\"text-align: justify;\"><strong>O N\u00edvel de Capacita\u00e7\u00e3o pode ser verificado no seu contracheque no campo REF\/PADR\u00c3O\/N\u00cdVEL do contracheque.<\/strong><\/p><p style=\"text-align: justify;\"><strong>Exemplo:<\/strong><\/p><p style=\"text-align: justify;\"><strong>\u00a0<a href=\"http:\/\/www2.unifap.br\/drh\/files\/2015\/08\/contra.jpg\"><img decoding=\"async\" class=\"alignnone size-full wp-image-3090\" src=\"http:\/\/www2.unifap.br\/drh\/files\/2015\/08\/contra.jpg\" alt=\"contra\" width=\"482\" height=\"72\" srcset=\"http:\/\/www2.unifap.br\/drh\/files\/2015\/08\/contra.jpg 482w, http:\/\/www2.unifap.br\/drh\/files\/2015\/08\/contra-300x44.jpg 300w\" sizes=\"(max-width: 482px) 100vw, 482px\" \/><\/a><\/strong><\/p><p><strong style=\"color: #0000ff; text-align: justify;\">O que significa ambiente organizacional?<\/strong><\/p><p style=\"text-align: justify;\"><strong>Ambiente organizacional \u00e9 a \u00e1rea espec\u00edfica de atua\u00e7\u00e3o do servidor, integrada por atividades afins ou complementares, organizada a partir das necessidades institucionais e que orienta a pol\u00edtica de desenvolvimento de pessoal. <\/strong><\/p><p style=\"text-align: justify;\"><strong>Por exemplo, o t\u00e9cnico em Enfermagem est\u00e1 no ambiente Ci\u00eancias da Sa\u00fade. Os ambientes s\u00e3o: Administrativo; Infraestrutura; Ci\u00eancias Humanas, Jur\u00eddicas e Econ\u00f4micas; Ci\u00eancias Biol\u00f3gicas; Ci\u00eancias Exatas e da Natureza, Ci\u00eancias da Sa\u00fade; Agropecu\u00e1rio; Informa\u00e7\u00e3o; Artes, Comunica\u00e7\u00e3o e Difus\u00e3o; Mar\u00edtimo, Fluvial e Lacustre.<\/strong><\/p><p><strong style=\"color: #0000ff; text-align: justify;\">Como posso saber se os cursos de capacita\u00e7\u00e3o que n\u00e3o sejam de educa\u00e7\u00e3<\/strong><strong style=\"color: #0000ff; text-align: justify;\">o formal, t\u00eam rela\u00e7\u00e3o direta com o meu ambiente organizacional?<\/strong><\/p><p style=\"text-align: justify;\"><strong>Por meio do anexo da <span style=\"text-decoration: underline;\"><span style=\"color: #008000;\"><a href=\"http:\/\/www2.unifap.br\/drh\/files\/2014\/11\/Portaria_09_2006.pdf\"><span style=\"color: #008000; text-decoration: underline;\">Portaria n\u00ba 09\/2006 &#8211; MEC<\/span><\/a><\/span><\/span>, de 29 de junho de 2006.<\/strong><\/p><p><strong style=\"color: #0000ff; text-align: justify;\">No caso de apresentar um certificado c<\/strong><strong>arga hor\u00e1ria superior \u00e0 necess\u00e1ria para progress\u00e3o\u00a0<\/strong>ou certificados em que a somat\u00f3ria da com carga hor\u00e1ria seja tamb\u00e9m superior, o restante das horas poder\u00e1 ser aproveitada posteriormente?<\/p><p style=\"text-align: justify;\"><strong>Sim. Pois de acordo com a <span style=\"color: #008000;\"><a href=\"http:\/\/www.planalto.gov.br\/ccivil_03\/_ato2011-2014\/2012\/lei\/l12772.htm\"><span style=\"color: #008000;\">Lei 12.772\/2012<\/span><\/a><\/span>, \u00e9 permitido o somat\u00f3rio da carga hor\u00e1ria que excedeu \u00e0 exig\u00eancia para progress\u00e3o no interst\u00edcio do n\u00edvel anterior.<\/strong><\/p><p><strong style=\"color: #0000ff; text-align: justify;\">Cursos de capacita\u00e7\u00e3o realizados antes de entrar em exerc\u00edcio na UNIFAP s\u00e3o v\u00e1lidos?<\/strong><\/p><p style=\"text-align: justify;\"><strong>N\u00e3o. Pois de acordo com a <span style=\"color: #008000;\"><a href=\"http:\/\/www.planalto.gov.br\/ccivil_03\/_ato2004-2006\/2005\/lei\/l11091.htm\"><span style=\"color: #008000;\">Lei 11.091\/2005<\/span><\/a><\/span>, os cursos visam \u00e0 capacita\u00e7\u00e3o profissional para o exerc\u00edcio das atividades do\u00a0cargo ocupado, realizada\u00a0ap\u00f3s o ingresso.<\/strong><\/p><p><strong style=\"color: #0000ff; text-align: justify;\">O que \u00e9 interst\u00edcio de progress\u00e3o?<\/strong><\/p><p style=\"text-align: justify;\"><strong>\u00c9 o per\u00edodo compreendido entre a \u00faltima progress\u00e3o e a pr\u00f3xima progress\u00e3o por capacita\u00e7\u00e3o, ou seja, se a Progress\u00e3o por Capacita\u00e7\u00e3o Profissional (PCP) ocorreu em 29 de outubro de 2016, a pr\u00f3xima PCP dever\u00e1 ser a partir de 29 de abril de 2018, e os 18 meses de intervalo entre estas duas progress\u00f5es \u00e9 considerado o interst\u00edcio de progress\u00e3o. No caso da primeira progress\u00e3o, deve-se contar 18 meses a partir da data de efetivo exerc\u00edcio.<\/strong><\/p><p><strong style=\"color: #0000ff; text-align: justify;\">Quais s\u00e3o os requisitos b\u00e1sicos que devem constar no certificado?<\/strong><\/p><p style=\"text-align: justify;\"><strong>O certificado deve conter o nome completo do servidor, nome do curso realizado, conte\u00fado program\u00e1tico, per\u00edodo de realiza\u00e7\u00e3o do curso (data de in\u00edcio e t\u00e9rmino), carga hor\u00e1ria total e dados da institui\u00e7\u00e3o que ofereceu o curso.<\/strong><\/p><p style=\"text-align: justify;\">Obs: Caso o curso seja a dist\u00e2ncia, o certificado deve conter c\u00f3digo de verifica\u00e7\u00e3o on-line<\/p><p><strong style=\"color: #0000ff; text-align: justify;\">As cargas hor\u00e1rias de certificados podem ser somadas?<\/strong><\/p><p style=\"text-align: justify;\"><strong>Sim. Pois de acordo com a Lei 12.772\/2012, \u00e9 permitido o somat\u00f3rio de cargas hor\u00e1rias de cursos realizados pelo servidor durante a perman\u00eancia no n\u00edvel de capacita\u00e7\u00e3o em que se encontra, desde que cada certificado tenha carga hor\u00e1ria m\u00ednima de 20 (vinte) horas-aula.<\/strong><\/p><p style=\"text-align: justify;\"><span style=\"color: #000000;\"><strong><span style=\"color: #0000ff;\">Se eu entregar um certificado com a carga hor\u00e1ria m\u00e1xima para minha classe vou direto para o n\u00edvel de capacita\u00e7\u00e3o 4?<\/span>\u00a0N\u00e3o. De acordo com a\u00a0<span style=\"color: #008000;\"><a href=\"http:\/\/www.planalto.gov.br\/ccivil_03\/_Ato2004-2006\/2005\/Lei\/L11091.htm\" target=\"_blank\" rel=\"noopener\"><span style=\"color: #008000;\">Lei n\u00ba 11.091\/05<\/span><\/a><\/span>\u00a0e com o\u00a0<span style=\"color: #008000;\"><a href=\"http:\/\/wp.ufpel.edu.br\/prgrh\/files\/2010\/04\/Memorando-CGGP-SAA-MEC-2.671-09.pdf\" target=\"_blank\" rel=\"noopener\"><span style=\"color: #008000;\">Memorando CGGP\/SAA\/MEC 2.671\/09<\/span><\/a><\/span>, a progress\u00e3o por capacita\u00e7\u00e3o ser\u00e1 do 1 para o 2, do 2 para o 3 e do 3 para o 4.<\/strong><\/span><\/p><p><strong style=\"text-align: justify;\"><span style=\"color: #0000ff;\">Pode-se aproveitar a carga hor\u00e1ria de disciplinas isoladas de cursos de p\u00f3s-gradua\u00e7\u00e3o stricto sensu para fins de Progress\u00e3o por Capacita\u00e7\u00e3o?<\/span><\/strong><\/p><p style=\"text-align: justify;\"><strong>Sim, pois conforme a Lei N\u00ba 11.091\/05, para os servidores titulares de cargos de <span style=\"text-decoration: underline;\">N\u00edvel de Classifica\u00e7\u00e3o E<\/span>, a conclus\u00e3o, com aproveitamento, na condi\u00e7\u00e3o de aluno regular, de disciplinas isoladas, que tenham rela\u00e7\u00e3o direta com as atividades inerentes ao cargo do servidor, em cursos de Mestrado e Doutorado reconhecidos pelo Minist\u00e9rio da Educa\u00e7\u00e3o &#8211; MEC, desde que devidamente comprovada, poder\u00e1 ser considerada como certifica\u00e7\u00e3o em Programa de Capacita\u00e7\u00e3o para fins de Progress\u00e3o por Capacita\u00e7\u00e3o Profissional.<\/strong><\/p><ul style=\"text-align: justify;\"><li><a href=\"http:\/\/www2.unifap.br\/drh\/files\/2014\/11\/PORTARIA-MEC.pdf\"><span style=\"color: #008000;\"><strong>Portaria 39\/2011-MEC<\/strong><\/span><\/a><\/li><\/ul><p><strong style=\"color: #0000ff; text-align: justify;\">\u00a0Como fico sabendo a carga hor\u00e1ria total que sobrou para a pr\u00f3xima progress\u00e3o?<\/strong><\/p><p style=\"text-align: justify;\"><strong>Ligue para a Divis\u00e3o de Capacita\u00e7\u00e3o e Educa\u00e7\u00e3o Profissional &#8211; DCEP\/DDP\/PROGEP no telefone <span style=\"color: #0000ff;\">3312-1729<\/span> ou entre em contato pelo e-mail: <span style=\"text-decoration: underline;\">capacitacao@unifap.br<\/span>.<\/strong><\/p><p><strong style=\"color: #0000ff; text-align: justify;\">\u00a0Como proceder para encaminhar os certificados para Progress\u00e3o por Capacita\u00e7\u00e3o?<\/strong><\/p><ul><li style=\"text-align: justify;\">Imprimir o requerimento no SIGRH, assin\u00e1-lo\u00a0 e fazer c\u00f3pia dos certificados \u2013\u00a0<strong>AP\u00d3S ISSO, DEVE-SE ESCANEAR A DOCUMENTA\u00c7\u00c3O E SALV\u00c1-LA EM PDF<\/strong>;<ul><li><em>Orienta\u00e7\u00f5es de como obter o requerimento<\/em> &gt;\u00a0<span style=\"color: #008000;\"><strong><a href=\"http:\/\/www2.unifap.br\/drh\/files\/2010\/04\/SIGRH-FORMUL%C3%81RIOS-INCENTIVO-E-PROGRESS%C3%83O1.pdf\"><span style=\"color: #008000;\">SIGRH \u2013 REQUERIMENTO (INCENTIVO E PROGRESS\u00c3O<\/span><\/a><\/strong><\/span>;<\/li><\/ul><\/li><li style=\"text-align: justify;\">Com os arquivos em PDF em m\u00e3os, deve o interessado pedir o cadastro de processo eletr\u00f4nico de Progress\u00e3o Por Capacita\u00e7\u00e3o Profissional no\u00a0<span style=\"color: #008000;\"><a href=\"https:\/\/sipac.unifap.br\/public\/jsp\/portal.jsf\"><span style=\"color: #008000;\">SIPAC<\/span><\/a><\/span>\u00a0em sua unidade administrativa.<\/li><li style=\"text-align: justify;\">Ap\u00f3s a cria\u00e7\u00e3o do processo eletr\u00f4nico, encaminhar os autos a Divis\u00e3o de Capacita\u00e7\u00e3o e Educa\u00e7\u00e3o Profissional \u2013 DCEP\/DDP\/PROGEP<\/li><\/ul><p>\u00a0<\/p><p><span style=\"color: #0000ff;\"><strong>Mais informa\u00e7\u00f5es<\/strong><\/span><\/p><p>Divis\u00e3o de Capacita\u00e7\u00e3o e Educa\u00e7\u00e3o Profissional<\/p><p><a href=\"http:\/\/www2.unifap.br\/drh\/files\/2017\/02\/telefone.png\"><img decoding=\"async\" class=\"alignnone size-full wp-image-7299\" src=\"http:\/\/www2.unifap.br\/drh\/files\/2017\/02\/telefone.png\" alt=\"telefone\" width=\"67\" height=\"64\" \/><\/a>(96) 3312-1729 <a href=\"http:\/\/www2.unifap.br\/drh\/files\/2017\/02\/email.png\"><img decoding=\"async\" class=\"alignnone size-full wp-image-7298\" src=\"http:\/\/www2.unifap.br\/drh\/files\/2017\/02\/email.png\" alt=\"email\" width=\"102\" height=\"89\" \/><\/a>capacitacao@unifap.br<\/p><p>\u00a0<\/p><p>\u00a0<\/p><p style=\"text-align: justify;\">\u00a0<\/p>\t\t\t\t\t\t\t\t<\/div>\n\t\t\t\t<\/div>\n\t\t\t\t\t<\/div>\n\t\t<\/div>\n\t\t\t\t\t<\/div>\n\t\t<\/section>\n\t\t\t\t<\/div>\n\t\t","protected":false},"excerpt":{"rendered":"<p>ATIVIDADE Antes de completar o interst\u00edcio de 18 meses para Progress\u00e3o por Capacita\u00e7\u00e3o, o servidor deve criar processo eletr\u00f4nico no SIPAC (https:\/\/sipac.unifap.br\/public\/jsp\/portal.jsf) e solicitar, por meio de requerimento e documenta\u00e7\u00e3o necess\u00e1ria sua progress\u00e3o por capacita\u00e7\u00e3o.\u00a0 Normativas: Lei N\u00ba 11.091\/2005 Ordem de Servi\u00e7o n\u00ba 01\/2018 &#8211; PROGEP &#8211; Validade de Certificados para Capacita\u00e7\u00e3o TAREFAS Imprimir o&#8230;<\/p>\n","protected":false},"author":685,"featured_media":0,"parent":5709,"menu_order":3,"comment_status":"closed","ping_status":"closed","template":"","meta":{"inline_featured_image":false,"ngg_post_thumbnail":0,"footnotes":""},"class_list":["post-2189","page","type-page","status-publish","hentry","entry"],"_links":{"self":[{"href":"http:\/\/www2.unifap.br\/drh\/wp-json\/wp\/v2\/pages\/2189","targetHints":{"allow":["GET"]}}],"collection":[{"href":"http:\/\/www2.unifap.br\/drh\/wp-json\/wp\/v2\/pages"}],"about":[{"href":"http:\/\/www2.unifap.br\/drh\/wp-json\/wp\/v2\/types\/page"}],"author":[{"embeddable":true,"href":"http:\/\/www2.unifap.br\/drh\/wp-json\/wp\/v2\/users\/685"}],"replies":[{"embeddable":true,"href":"http:\/\/www2.unifap.br\/drh\/wp-json\/wp\/v2\/comments?post=2189"}],"version-history":[{"count":86,"href":"http:\/\/www2.unifap.br\/drh\/wp-json\/wp\/v2\/pages\/2189\/revisions"}],"predecessor-version":[{"id":17988,"href":"http:\/\/www2.unifap.br\/drh\/wp-json\/wp\/v2\/pages\/2189\/revisions\/17988"}],"up":[{"embeddable":true,"href":"http:\/\/www2.unifap.br\/drh\/wp-json\/wp\/v2\/pages\/5709"}],"wp:attachment":[{"href":"http:\/\/www2.unifap.br\/drh\/wp-json\/wp\/v2\/media?parent=2189"}],"curies":[{"name":"wp","href":"https:\/\/api.w.org\/{rel}","templated":true}]}}