{"id":2776,"date":"2016-03-01T17:54:54","date_gmt":"2016-03-01T17:54:54","guid":{"rendered":"http:\/\/www2.unifap.br\/drh\/?page_id=2776"},"modified":"2024-04-23T13:40:25","modified_gmt":"2024-04-23T13:40:25","slug":"funpresp","status":"publish","type":"page","link":"http:\/\/www2.unifap.br\/drh\/manual-do-servidor\/funpresp\/","title":{"rendered":"FUNPRESP"},"content":{"rendered":"<p>&nbsp;<\/p>\n<p><span style=\"color: #0000ff\"><strong><a href=\"http:\/\/www2.unifap.br\/drh\/files\/2016\/03\/frunpesp.png\"><img decoding=\"async\" class=\"size-full wp-image-7229 aligncenter\" alt=\"frunpesp\" src=\"http:\/\/www2.unifap.br\/drh\/files\/2016\/03\/frunpesp.png\" width=\"300\" height=\"99\" \/><\/a><\/strong><\/span><\/p>\n<p><span style=\"color: #0000ff\"><strong>PREVID\u00caNCIA COMPLEMENTAR<\/strong><\/span><\/p>\n<p style=\"text-align: justify\"><strong>Lei n\u00ba 12.618\/2012 \u2013 Regime de Previd\u00eancia Complementar (RPC) \u2013 consolidou a cria\u00e7\u00e3o da\u00a0FUNPRESP-EXE\u00a0(Decreto n\u00ba 7.808\/2012);<\/strong><br \/>\n<strong>Objetivo FUNPRESP-EXE: administrar e executar planos de benef\u00edcios de car\u00e1ter\u00a0previdenci\u00e1rio complementar para os servidores p\u00fablicos titulares de cargo efetivo da Uni\u00e3o, suas autarquias e funda\u00e7\u00f5es;<\/strong><\/p>\n<ul>\n<li><strong style=\"color: #0000ff\"><a href=\"https:\/\/www.funpresp.com.br\/portal\/\" target=\"_blank\" rel=\"noopener\"><span style=\"color: #0000ff\">https:\/\/www.funpresp.com.br\/portal\/<\/span><\/a><\/strong><\/li>\n<\/ul>\n<p><strong>REGIME DE TRIBUTA\u00c7\u00c3O DO IMPOSTO DE RENDA<\/strong><\/p>\n<p><strong>\u00a0<\/strong><span style=\"color: #0000ff\"><strong>REGRESSIVO:<\/strong><\/span><\/p>\n<p><strong>\u00a0<\/strong><strong>Menor ser\u00e1 a al\u00edquota de I.R. na hora do resgate ou recebimento da renda\u00a0\u2013 ESSA \u00c9 A MELHOR OP\u00c7\u00c3O PARA UM INVESTIMENTO EM LONGO PRAZO!<\/strong><\/p>\n<ul>\n<li><strong>At\u00e9 2 anos &#8212;&#8212;-\u00e0\u00a035%<\/strong><\/li>\n<li><strong>2 a 4 anos &#8212;&#8212;-\u00e0\u00a030%<\/strong><\/li>\n<li><strong>4 a 6 anos &#8212;&#8212;-\u00e0\u00a025%<\/strong><\/li>\n<li><strong>6 a 8 anos &#8212;&#8212;-\u00e0\u00a020%<\/strong><\/li>\n<li><strong>8 a 10 anos &#8212;&#8212;-\u00e0\u00a015%<\/strong><\/li>\n<li><strong>Acima de 10 anos &#8212;&#8212;-\u00e0\u00a010%<\/strong><\/li>\n<\/ul>\n<p><strong style=\"color: #0000ff\">PROGRESSIVO<\/strong><\/p>\n<p><strong>\u00a0<\/strong><strong>\u00c9 a mesma que determina a al\u00edquota do Imposto de Renda sobre o seu sal\u00e1rio. Na pr\u00e1tica, o que determina a al\u00edquota sobre o plano de previd\u00eancia \u00e9 o valor a ser resgatado ou transformado em renda.<\/strong><\/p>\n<p><strong>Acima de 4.271,59 \u2013 al\u00edquota de\u00a027,5% (Receita Federal 2014)<\/strong><\/p>\n<p><span style=\"color: #0000ff\"><strong>PARTICIPANTE ATIVO NORMAL<\/strong><\/span><\/p>\n<p><strong>Com o advento da Lei 13.183\/2015, a partir de 5 de novembro de 2015 aqueles que ingressarem em cargo p\u00fablico efetivo da Uni\u00e3o, suas autarquias e funda\u00e7\u00f5es que:<\/strong><\/p>\n<p><strong>Possuem remunera\u00e7\u00e3o bruta superior a R$ 5.189,82 (Teto p\/ benef\u00edcio do RGPS);<\/strong><\/p>\n<p><strong>Ser\u00e3o automaticamente inscritos no Plano da FUNPRESP \u2013 Participante Ativo Normal;<\/strong><\/p>\n<p><strong>Solicita\u00e7\u00e3o do cancelamento at\u00e9 90 dias da data da inscri\u00e7\u00e3o;<\/strong><\/p>\n<ul>\n<li><strong>7,5% (sete inteiros e cinco d\u00e9cimos por cento)<\/strong><\/li>\n<li><strong>8% (oito inteiros por cento)<\/strong><\/li>\n<li><strong>8,5% (oito inteiros e cinco d\u00e9cimos por cento)<\/strong><\/li>\n<\/ul>\n<p><span style=\"color: #0000ff\"><strong><span style=\"color: #0000ff\"><a href=\"https:\/\/www.funpresp.com.br\/portal\/wp-content\/uploads\/2013\/03\/Formulario-de-Inscricao-Ativo-Normal-ExecPrev.pdf\" target=\"_blank\" rel=\"noopener\">https:\/\/www.funpresp.com.br\/portal\/wp-content\/uploads\/2013\/03\/Formulario-de-Inscricao-Ativo-Normal-ExecPrev.pdf<\/a><\/span><\/strong><\/span><\/p>\n<p><span style=\"color: #0000ff\"><strong>PARTICIPANTE ATIVO ALTERNATIVO<\/strong><\/span><\/p>\n<p><strong>Servidor n\u00e3o enquadrado no Regime de Previd\u00eancia Complementar (RPC), que opte por uma renda opcional no futuro, complementando sua aposentadoria \u2013 Remunera\u00e7\u00e3o bruta inferior a R$ 5.189.82.<\/strong><\/p>\n<p><strong>N\u00e3o h\u00e1 contribui\u00e7\u00e3o parit\u00e1ria do patrocinador, pois o sal\u00e1rio de participa\u00e7\u00e3o \u00e9 definido pelo pr\u00f3prio participante;<\/strong><\/p>\n<p><strong><\/strong><strong>Pode contratar cobertura para evento de invalidez e morte;<\/strong><\/p>\n<ul>\n<li><strong>7,5% (sete inteiros e cinco d\u00e9cimos por cento)<\/strong><\/li>\n<li><strong>8% (oito inteiros por cento)<\/strong><\/li>\n<li><strong>8,5% (oito inteiros e cinco d\u00e9cimos por cento)<\/strong><\/li>\n<\/ul>\n<p><span style=\"color: #0000ff\"><strong><a href=\"https:\/\/www.funpresp.com.br\/campanha\/form-insc-ativo-alt.php?tpbf=ativ_alt&amp;ptrc=exe\" target=\"_blank\" rel=\"noopener\"><span style=\"color: #0000ff\">https:\/\/www.funpresp.com.br\/campanha\/form-insc-ativo-alt.php?tpbf=ativ_alt&amp;ptrc=exe<\/span><\/a><\/strong><\/span><\/p>\n","protected":false},"excerpt":{"rendered":"<p>&nbsp; PREVID\u00caNCIA COMPLEMENTAR Lei n\u00ba 12.618\/2012 \u2013 Regime de Previd\u00eancia Complementar (RPC) \u2013 consolidou a cria\u00e7\u00e3o da\u00a0FUNPRESP-EXE\u00a0(Decreto n\u00ba 7.808\/2012); Objetivo FUNPRESP-EXE: administrar e executar planos de benef\u00edcios de car\u00e1ter\u00a0previdenci\u00e1rio complementar para os servidores p\u00fablicos titulares de cargo efetivo da Uni\u00e3o, suas autarquias e funda\u00e7\u00f5es; https:\/\/www.funpresp.com.br\/portal\/ REGIME DE TRIBUTA\u00c7\u00c3O DO IMPOSTO DE RENDA \u00a0REGRESSIVO: \u00a0Menor ser\u00e1&#8230;<\/p>\n","protected":false},"author":685,"featured_media":0,"parent":1831,"menu_order":6,"comment_status":"closed","ping_status":"closed","template":"","meta":{"inline_featured_image":false,"ngg_post_thumbnail":0,"footnotes":""},"class_list":["post-2776","page","type-page","status-publish","hentry","entry"],"_links":{"self":[{"href":"http:\/\/www2.unifap.br\/drh\/wp-json\/wp\/v2\/pages\/2776","targetHints":{"allow":["GET"]}}],"collection":[{"href":"http:\/\/www2.unifap.br\/drh\/wp-json\/wp\/v2\/pages"}],"about":[{"href":"http:\/\/www2.unifap.br\/drh\/wp-json\/wp\/v2\/types\/page"}],"author":[{"embeddable":true,"href":"http:\/\/www2.unifap.br\/drh\/wp-json\/wp\/v2\/users\/685"}],"replies":[{"embeddable":true,"href":"http:\/\/www2.unifap.br\/drh\/wp-json\/wp\/v2\/comments?post=2776"}],"version-history":[{"count":11,"href":"http:\/\/www2.unifap.br\/drh\/wp-json\/wp\/v2\/pages\/2776\/revisions"}],"predecessor-version":[{"id":17990,"href":"http:\/\/www2.unifap.br\/drh\/wp-json\/wp\/v2\/pages\/2776\/revisions\/17990"}],"up":[{"embeddable":true,"href":"http:\/\/www2.unifap.br\/drh\/wp-json\/wp\/v2\/pages\/1831"}],"wp:attachment":[{"href":"http:\/\/www2.unifap.br\/drh\/wp-json\/wp\/v2\/media?parent=2776"}],"curies":[{"name":"wp","href":"https:\/\/api.w.org\/{rel}","templated":true}]}}