{"id":3032,"date":"2016-03-15T21:35:10","date_gmt":"2016-03-15T21:35:10","guid":{"rendered":"http:\/\/www2.unifap.br\/drh\/?page_id=3032"},"modified":"2024-04-23T13:40:36","modified_gmt":"2024-04-23T13:40:36","slug":"vencimento-basico-pcctae","status":"publish","type":"page","link":"http:\/\/www2.unifap.br\/drh\/manual-do-servidor\/remuneracao\/vencimento-basico-pcctae\/","title":{"rendered":"Remunera\u00e7\u00e3o &#8211; T\u00e9cnico Administrativo"},"content":{"rendered":"<p style=\"text-align: justify\">A remunera\u00e7\u00e3o \u00e9 composta de&nbsp;Vencimento + Incentivo a Qualifica\u00e7\u00e3o. O Vencimento equivale ao valor estabelecido para o Padr\u00e3o referente ao N\u00edvel da Classe (A, B, C, D ou E) a qual pertence o cargo, em conformidade com o Plano de Careira dos Cargos T\u00e9cnico-Administrativos em Educa\u00e7\u00e3o (<a href=\"http:\/\/www.planalto.gov.br\/ccivil_03\/_ato2004-2006\/2005\/lei\/l11091.htm\" target=\"_blank\" rel=\"noopener\">Lei n\u00ba 11091\/2005<\/a>).<\/p>\n<p style=\"text-align: justify\">Os descontos efetuados na folha de pagamento s\u00e3o: Imposto de Renda, Plano de Seguridade Social (PSS), Aux\u00edlio Transporte e Aux\u00edlio Creche. Estes descontos obedecem a percentuais pr\u00e9-estabelecidos em lei.<\/p>\n<p style=\"text-align: left\"><span style=\"color: #008000\"><strong>Tabela de Vencimento B\u00e1sico do Plano de Carreira dos Cargos T\u00e9cnico-Administrativo<\/strong><\/span><\/p>\n<p style=\"text-align: left\"><span style=\"color: #008000\">LEI N\u00ba 13.325 DE 29\/07\/2016 VIG\u00caNCIA 01 DE JANEIRO DE 2017<span style=\"color: #000000\">&nbsp;<\/span><span style=\"color: #000000\">(clique no link abaixo para ter acesso ao arquivo)<\/span><\/span><\/p>\n<ul>\n<li>\n<h2><strong style=\"color: #ff00ff\"><span style=\"color: #0000ff\"><a href=\"http:\/\/www2.unifap.br\/drh\/files\/2016\/03\/Tabela-de-Vencimentos-TAES.pdf\"><span style=\"color: #0000ff\">Tabela de Vencimentos &#8211; TAES<\/span><\/a><\/span><\/strong><\/h2>\n<\/li>\n<\/ul>\n","protected":false},"excerpt":{"rendered":"<p>A remunera\u00e7\u00e3o \u00e9 composta de&nbsp;Vencimento + Incentivo a Qualifica\u00e7\u00e3o. O Vencimento equivale ao valor estabelecido para o Padr\u00e3o referente ao N\u00edvel da Classe (A, B, C, D ou E) a qual pertence o cargo, em conformidade com o Plano de Careira dos Cargos T\u00e9cnico-Administrativos em Educa\u00e7\u00e3o (Lei n\u00ba 11091\/2005). Os descontos efetuados na folha de&#8230;<\/p>\n","protected":false},"author":685,"featured_media":0,"parent":6482,"menu_order":1,"comment_status":"closed","ping_status":"closed","template":"","meta":{"inline_featured_image":false,"ngg_post_thumbnail":0,"footnotes":""},"class_list":["post-3032","page","type-page","status-publish","hentry","entry"],"_links":{"self":[{"href":"http:\/\/www2.unifap.br\/drh\/wp-json\/wp\/v2\/pages\/3032","targetHints":{"allow":["GET"]}}],"collection":[{"href":"http:\/\/www2.unifap.br\/drh\/wp-json\/wp\/v2\/pages"}],"about":[{"href":"http:\/\/www2.unifap.br\/drh\/wp-json\/wp\/v2\/types\/page"}],"author":[{"embeddable":true,"href":"http:\/\/www2.unifap.br\/drh\/wp-json\/wp\/v2\/users\/685"}],"replies":[{"embeddable":true,"href":"http:\/\/www2.unifap.br\/drh\/wp-json\/wp\/v2\/comments?post=3032"}],"version-history":[{"count":31,"href":"http:\/\/www2.unifap.br\/drh\/wp-json\/wp\/v2\/pages\/3032\/revisions"}],"predecessor-version":[{"id":11499,"href":"http:\/\/www2.unifap.br\/drh\/wp-json\/wp\/v2\/pages\/3032\/revisions\/11499"}],"up":[{"embeddable":true,"href":"http:\/\/www2.unifap.br\/drh\/wp-json\/wp\/v2\/pages\/6482"}],"wp:attachment":[{"href":"http:\/\/www2.unifap.br\/drh\/wp-json\/wp\/v2\/media?parent=3032"}],"curies":[{"name":"wp","href":"https:\/\/api.w.org\/{rel}","templated":true}]}}