{"id":3770,"date":"2016-04-22T14:55:42","date_gmt":"2016-04-22T14:55:42","guid":{"rendered":"http:\/\/www2.unifap.br\/drh\/?page_id=3770"},"modified":"2024-04-23T13:41:25","modified_gmt":"2024-04-23T13:41:25","slug":"legislacao","status":"publish","type":"page","link":"http:\/\/www2.unifap.br\/drh\/manual-do-servidor\/legislacao\/","title":{"rendered":"Legisla\u00e7\u00e3o"},"content":{"rendered":"<table border=\"1\" cellspacing=\"0\" cellpadding=\"0\">\n<tbody>\n<tr>\n<td style=\"text-align: justify\" valign=\"top\" width=\"576\"><strong>A<\/strong><b>\u00a0<\/b><strong>Pr\u00f3-Reitoria de Gest\u00e3o de Pessoas \u2013 PROGEP<\/strong><b>\u00a0<\/b><strong>coloca a disposi\u00e7\u00e3o da comunidade universit\u00e1ria arquivos e links para a consulta, pesquisa e estudo referente \u00e0 conjuntura jur\u00eddica dos servidores.<\/strong><\/td>\n<\/tr>\n<\/tbody>\n<\/table>\n<p style=\"text-align: center\"><a href=\"http:\/\/www2.unifap.br\/drh\/files\/2016\/04\/legisla\u00e7\u00e3o.jpg\"><img fetchpriority=\"high\" decoding=\"async\" src=\"http:\/\/www2.unifap.br\/drh\/files\/2016\/04\/legisla\u00e7\u00e3o.jpg\" alt=\"legisla\u00e7\u00e3o\" width=\"675\" height=\"152\" \/><\/a><\/p>\n<ul style=\"text-align: justify\">\n<li style=\"text-align: justify\"><strong><a href=\"http:\/\/www.planalto.gov.br\/ccivil_03\/decreto\/d1171.htm\">Decreto n\u00ba 1171\/1994<\/a>\u00a0(C\u00f3digo de \u00c9tica Profissional do Servidor P\u00fablico Civil do Poder Executivo Federal)<\/strong><\/li>\n<li style=\"text-align: justify\"><strong><a href=\"http:\/\/www.planalto.gov.br\/ccivil_03\/leis\/L8112cons.htm\">Lei n\u00ba 8.112\/1990<\/a>\u00a0(Regime jur\u00eddico dos servidores p\u00fablicos civis da Uni\u00e3o, das autarquias e das funda\u00e7\u00f5es p\u00fablicas federais)<\/strong><\/li>\n<li style=\"text-align: justify\"><strong><a href=\"http:\/\/www.planalto.gov.br\/ccivil_03\/_ato2004-2006\/2005\/lei\/l11091.htm\">Lei n\u00ba 11.091\/2006<\/a>\u00a0(Estrutura\u00e7\u00e3o do Plano de Carreira dos Cargos T\u00e9cnico-Administrativos em Educa\u00e7\u00e3o)<\/strong><\/li>\n<\/ul>\n<ul style=\"text-align: justify\">\n<li style=\"text-align: justify\"><strong><a href=\"http:\/\/www.planalto.gov.br\/ccivil_03\/_Ato2015-2018\/2017\/Decreto\/D9144.htm\" target=\"_blank\" rel=\"noopener\">Decreto n\u00ba 9.144\/2017<\/a> (Disp\u00f5es sobre as cess\u00f5es e as requisi\u00e7\u00f5es de pessoal em que a administra\u00e7\u00e3o p\u00fablica federal direta e indireta seja parte)<\/strong><\/li>\n<li style=\"text-align: justify\"><strong><\/strong><strong><a href=\"http:\/\/www.planalto.gov.br\/ccivil_03\/_ato2015-2018\/2017\/decreto\/D9094.htm\">Decreto n\u00ba 9.094\/2017<\/a> (<\/strong>Regulamenta dispositivos da\u00a0<a href=\"http:\/\/www.planalto.gov.br\/ccivil_03\/_ato2015-2018\/2017\/Lei\/L13460.htm\">Lei n\u00ba 13.460, de 26 de junho de 2017\u00a0<\/a>, disp\u00f5e sobre a simplifica\u00e7\u00e3o do atendimento prestado aos usu\u00e1rios dos servi\u00e7os p\u00fablicos, institui o Cadastro de Pessoas F\u00edsicas &#8211; CPF como instrumento suficiente e substitutivo para a apresenta\u00e7\u00e3o de dados do cidad\u00e3o no exerc\u00edcio de obriga\u00e7\u00f5es e direitos e na obten\u00e7\u00e3o de benef\u00edcios, ratifica a dispensa do reconhecimento de firma e da autentica\u00e7\u00e3o em documentos produzidos no Pa\u00eds e institui a Carta de Servi\u00e7os ao Usu\u00e1rio)<\/li>\n<li style=\"text-align: justify\"><strong><a href=\"http:\/\/www.planalto.gov.br\/ccivil_03\/_ato2004-2006\/2006\/Lei\/L11357.htm\">Lei n\u00ba 11.357\/2006<\/a> &#8211;\u00a0Plano Geral de Cargos do Poder Executivo &#8211; PGPE<\/strong><\/li>\n<li style=\"text-align: justify\"><strong><a href=\"http:\/\/www.planalto.gov.br\/ccivil_03\/_ato2007-2010\/2008\/decreto\/d6690.htm\">Decreto n\u00ba 6.690\/2008<\/a> (Institui o Programa de Prorroga\u00e7\u00e3o da Licen\u00e7a \u00e0 Gestante e \u00e0 Adotante, estabelece os crit\u00e9rios de ades\u00e3o ao Programa e d\u00e1 outras provid\u00eancias)<\/strong><\/li>\n<li style=\"text-align: justify\"><strong><a href=\"http:\/\/www2.unifap.br\/drh\/files\/2016\/04\/orientao-normativa-8-2014.pdf\">Orienta\u00e7\u00e3o Normativa n\u00ba 8\/2014<\/a><\/strong><strong>\u00a0(<\/strong><strong>Estabelece orienta\u00e7\u00f5es acerca do regime de previd\u00eancia complementar)<\/strong><\/li>\n<\/ul>\n<ul style=\"text-align: justify\">\n<li><strong><a href=\"http:\/\/www.planalto.gov.br\/ccivil_03\/leis\/L8745cons.htm\">Lei n\u00ba 8.475\/1993<\/a> (Disp\u00f5e sobre a contrata\u00e7\u00e3o por tempo determinado para atender a necessidade tempor\u00e1ria de excepcional interesse p\u00fablico, nos termos do inciso IX do art. 37 da Constitui\u00e7\u00e3o Federal, e d\u00e1 outras provid\u00eancias.)<\/strong><\/li>\n<li><strong><a href=\"http:\/\/www2.unifap.br\/drh\/files\/2016\/04\/Portaria-073-2015-MPOG.pdf\">Portaria 073\/2015-MPOG<\/a><\/strong><strong>\u00a0(Disp\u00f5e sobre o acesso por meio do Portal os comprovantes de rendimentos dos servidores, aposentados, pensionistas e empregados p\u00fablicos da Administra\u00e7\u00e3o P\u00fablica Federal direta, das autarquias e das funda\u00e7\u00f5es p\u00fablicas vinculadas ao Poder Executivo Federal, acerca da obrigatoriedade de informa\u00e7\u00e3o do endere\u00e7o eletr\u00f4nico de (e-mail)<\/strong><\/li>\n<li><strong><a href=\"http:\/\/www2.unifap.br\/drh\/files\/2016\/04\/Portaria-n\u00ba-205-2010-MPOG.pdf\">Portaria n\u00ba 205\/2010 &#8211; MPOG<\/a>\u00a0(Trata da necessidade de racionaliza\u00e7\u00e3o dos gastos governamentais)<\/strong><\/li>\n<li><strong><a href=\"http:\/\/www.planalto.gov.br\/ccivil_03\/_Ato2007-2010\/2010\/Decreto\/D7232.htm\">Decreto n\u00ba 7.232\/2010<\/a> (Disp\u00f5e sobre os quantitativos de lota\u00e7\u00e3o dos cargos dos n\u00edveis de classifica\u00e7\u00e3o \u201cC\u201d, \u201cD\u201d e \u201cE\u201d integrantes do Plano de Carreira dos Cargos T\u00e9cnico-Administrativos em Educa\u00e7\u00e3o)<\/strong><\/li>\n<li><strong><a href=\"http:\/\/www2.unifap.br\/drh\/files\/2016\/04\/NOTA-INFORMATIVA-N\u00ba-421-2012-CGNOR-DENOP-SEGEP-MP.pdf\">Nota Informativa N\u00ba 421\/2012-\/-DENOP\/SEGEP\/MP<\/a>\u00a0(Pagamento retroativo do aux\u00edlio \u00e0 sa\u00fade, mediante ressarcimento)<\/strong><\/li>\n<li><strong><a href=\"http:\/\/www2.unifap.br\/drh\/files\/2016\/04\/NOTA-T\u00c9CNICA-2077-2017-CGNOR.pdf\">Nota T\u00e9cnica n\u00ba 2077\/2017-CGNOR<\/a>\u00a0<\/strong><strong>\u00a0(Compensa\u00e7\u00e3o de hor\u00e1rio nas ocorr\u00eancias de faltas consideradas justificadas)<\/strong><\/li>\n<li><strong><a href=\"http:\/\/www2.unifap.br\/drh\/files\/2016\/04\/Nota-T\u00e9cnica-N\u00ba-42-2011-SRH-Referente-ao-direito-de-f\u00e9rias-em-face-de-afastamento.pdf\">Nota T\u00e9cnica N\u00ba 42\/2011 SRH<\/a>\u00a0<\/strong><strong>(Referente ao direito de f\u00e9rias em face de afastamento)<\/strong><\/li>\n<li><strong><a href=\"http:\/\/www2.unifap.br\/drh\/files\/2016\/04\/orientacao_normativa_n-2-2011.pdf\">Orienta\u00e7\u00e3o Normativa SRH N\u00ba 02\/2011 <\/a>\u00a0<\/strong><strong>\u00a0Sobre pagamento remunera\u00e7\u00e3o f\u00e9rias\u00a0\u00a0<\/strong><strong><a href=\"http:\/\/www2.unifap.br\/drh\/files\/2016\/04\/orientao-normativa_10_frias-em-afastamento.pdf\">Orienta\u00e7\u00e3o Normativa N\u00ba 10\/2014-MPOG<\/a>\u00a0(Nova Reda\u00e7\u00e3o)<\/strong><\/li>\n<li><strong> <a href=\"http:\/\/www2.unifap.br\/drh\/files\/2016\/04\/Portaria-2.561-95-\u2013-Disp\u00f5e-sobre-os-c\u00f3digos-de-ocorr\u00eancias-referentes-a.pdf\">Portaria 2.561\/95<\/a>\u00a0(Disp\u00f5e sobre os c\u00f3digos de ocorr\u00eancias referentes a afastamentos e licen\u00e7as dos servidores p\u00fablicos federais)<br \/>\n<\/strong><\/li>\n<li><strong><a href=\"http:\/\/www2.unifap.br\/drh\/files\/2016\/04\/Portaria-MPOG-N\u00ba-05-2010-Orienta\u00e7\u00f5es-sobre-assist\u00eancia-\u00e0-sa\u00fade-suplementar.pdf\">Portaria MPOG N\u00ba 05\/2010<\/a>\u00a0(<\/strong><strong>Orienta\u00e7\u00f5es sobre assist\u00eancia \u00e0 sa\u00fade suplementar)<\/strong><\/li>\n<\/ul>\n<ul style=\"text-align: justify\">\n<li><strong><a href=\"http:\/\/www.planalto.gov.br\/ccivil_03\/Leis\/L8027.htm\">Lei n\u00ba 8.027\/1990<\/a> (Disp\u00f5e sobre normas de conduta dos servidores p\u00fablicos civis da Uni\u00e3o, das Autarquias e das Funda\u00e7\u00f5es P\u00fablicas, e d\u00e1 outras provid\u00eancias.)<\/strong><\/li>\n<\/ul>\n<ul>\n<li style=\"text-align: justify\"><strong><a href=\"http:\/\/www.planalto.gov.br\/ccivil_03\/decreto\/d1590.htm\">Decreto n\u00ba 1590\/1995<\/a>\u00a0(Disp\u00f5e sobre a jornada de trabalho dos servidores da Administra\u00e7\u00e3o P\u00fablica Federal direta, das autarquias e das funda\u00e7\u00f5es p\u00fablicas federais, e d\u00e1 outras provid\u00eancias)<\/strong><\/li>\n<li style=\"text-align: justify\"><strong><a href=\"http:\/\/www2.unifap.br\/drh\/files\/2016\/04\/Decreto-n\u00ba-7003-2009-Regulamenta-licen\u00e7a-para-tratamento-de-sa\u00fade.pdf\">Decreto n\u00ba 7.003\/2009<\/a><\/strong>\u00a0 \u00a0 <strong>(Regulamenta a licen\u00e7a para tratamento de sa\u00fade, de que\u00a0tratam os arts. 202 a 205 da Lei no 8.112, de 11 de dezembro\u00a0de 1990, e d\u00e1 outras provid\u00eancias.)<\/strong><\/li>\n<li style=\"text-align: justify\"><strong><a href=\"http:\/\/www2.unifap.br\/dsmt\/files\/2015\/05\/PORTARIA-NORMATIVA-4-2009.pdf\">Portaria Normativa 4\/2009-MPOG<\/a>\u00a0(Disp\u00f5e sobre os Exames Peri\u00f3dicos)<br \/>\n<\/strong><\/li>\n<li style=\"text-align: justify\"><strong><a href=\"http:\/\/www.planalto.gov.br\/ccivil_03\/_ato2007-2010\/2009\/decreto\/d6856.htm\">Decreto n\u00ba 6856\/2009<\/a> (Regulamenta os exames peri\u00f3dicos)<\/strong><\/li>\n<li style=\"text-align: justify\"><strong><a href=\"http:\/\/www2.unifap.br\/dsmt\/files\/2015\/05\/Artigo-206-da-Lei-n%C2%BA-8.112.90.docx\">Artigo 206 da Lei n\u00ba 8.112.90<\/a>\u00a0(Sobre os Exames Peri\u00f3dicos)<\/strong><\/li>\n<li style=\"text-align: justify\"><strong><a href=\"http:\/\/www2.unifap.br\/dsmt\/files\/2015\/05\/Decreto-Le-1_873-19811.pdf\">Decreto 1873\/1981<\/a>\u00a0(Disp\u00f5e sobre a concess\u00e3o de adicionais de Insalubridade e de periculosidade)<\/strong><\/li>\n<li style=\"text-align: justify\"><strong><a href=\"http:\/\/www2.unifap.br\/dsmt\/files\/2015\/05\/Orientacao_normativa_6_-_2013.pdf\">Orienta\u00e7\u00e3o Normativa 6\/2013<\/a>\u00a0(Estabelece orienta\u00e7\u00e3o sobre a concess\u00e3o dos adicionais de insalubridade, periculosidade, irradia\u00e7\u00e3o ionizante e gratifica\u00e7\u00e3o por trabalhos com raios-x ou subst\u00e2ncias radioativas, e d\u00e1 outras provid\u00eancias)<\/strong><\/li>\n<li style=\"text-align: justify\"><strong><a href=\"http:\/\/www2.unifap.br\/dsmt\/files\/2015\/05\/NR-15-atualizada-2014.pdf\">NR-15 (atualizada 2014)<\/a>\u00a0(Atividades e Opera\u00e7\u00f5es Insalubres)<\/strong><\/li>\n<li style=\"text-align: justify\"><strong><a href=\"http:\/\/www2.unifap.br\/drh\/files\/2016\/04\/NOTA-INFORMATIVA-360-2017-1.pdf\">Nota Informativa 360\/2017-MP<\/a>\u00a0(Pagamento de ajuda de custo quando se tratar de remo\u00e7\u00e3o para acompanhar c\u00f4njuge, de que trata a al\u00ednea &#8220;a&#8221; do inciso III do art. 36 da Lei n\u00ba 8.112, de 11 de dezembro de 1990)<\/strong><\/li>\n<li style=\"text-align: justify\"><strong><a href=\"http:\/\/www2.unifap.br\/drh\/files\/2016\/04\/NOTA-T\u00c9CNICA-231-2017-CGNOR-1.pdf\">Nota T\u00e9cnica 23\/2017-CGNOR<\/a><\/strong><strong>\u00a0<\/strong><strong>(Os servidores detentores dos cargos submetidos ao regime de dedica\u00e7\u00e3o integral, quando investidos em cargo em comiss\u00e3o, tamb\u00e9m estar\u00e3o sujeitos, concomitantemente, ao regime de dedica\u00e7\u00e3o exclusiva)<\/strong><\/li>\n<li><strong><a href=\"http:\/\/www2.unifap.br\/drh\/files\/2020\/02\/PORTARIA-0164.pdf\">PORTARIA 0164<\/a> <\/strong>&#8211; <strong>Regulamenta<\/strong> <strong>Licen\u00e7a\u00a0para Capacita\u00e7\u00e3o aos servidores T\u00e9cnico-Administrativos e Docentes, no \u00e2mbito da\u00a0<\/strong><strong>Universidade Federal do Amap\u00e1.<\/strong><\/li>\n<li><strong><span style=\"color: #000080\"><a href=\"https:\/\/www.planalto.gov.br\/ccivil_03\/_ato2019-2022\/2019\/decreto\/d9991.htm\">DECRETO N\u00ba 9.991 &#8211;\u00a0Pol\u00edtica Nacional de Desenvolvimento de Pessoas da administra\u00e7\u00e3o p\u00fablica federal direta, aut\u00e1rquica e fundacional\u00a0<\/a><\/span><\/strong><\/li>\n<li><strong><a href=\"http:\/\/www.in.gov.br\/en\/web\/dou\/-\/instrucao-normativa-n-201-de-11-de-setembro-de-2019-215812638\">INSTRU\u00c7\u00c3O NORMATIVA N\u00ba 201\/2019 &#8211;\u00a0Pol\u00edtica Nacional de Desenvolvimento de Pessoas.<\/a><\/strong><\/li>\n<li><\/li>\n<\/ul>\n","protected":false},"excerpt":{"rendered":"<p>A\u00a0Pr\u00f3-Reitoria de Gest\u00e3o de Pessoas \u2013 PROGEP\u00a0coloca a disposi\u00e7\u00e3o da comunidade universit\u00e1ria arquivos e links para a consulta, pesquisa e estudo referente \u00e0 conjuntura jur\u00eddica dos servidores. Decreto n\u00ba 1171\/1994\u00a0(C\u00f3digo de \u00c9tica Profissional do Servidor P\u00fablico Civil do Poder Executivo Federal) Lei n\u00ba 8.112\/1990\u00a0(Regime jur\u00eddico dos servidores p\u00fablicos civis da Uni\u00e3o, das autarquias e das&#8230;<\/p>\n","protected":false},"author":685,"featured_media":0,"parent":1831,"menu_order":0,"comment_status":"closed","ping_status":"closed","template":"","meta":{"inline_featured_image":false,"ngg_post_thumbnail":0,"footnotes":""},"class_list":["post-3770","page","type-page","status-publish","hentry","entry"],"_links":{"self":[{"href":"http:\/\/www2.unifap.br\/drh\/wp-json\/wp\/v2\/pages\/3770","targetHints":{"allow":["GET"]}}],"collection":[{"href":"http:\/\/www2.unifap.br\/drh\/wp-json\/wp\/v2\/pages"}],"about":[{"href":"http:\/\/www2.unifap.br\/drh\/wp-json\/wp\/v2\/types\/page"}],"author":[{"embeddable":true,"href":"http:\/\/www2.unifap.br\/drh\/wp-json\/wp\/v2\/users\/685"}],"replies":[{"embeddable":true,"href":"http:\/\/www2.unifap.br\/drh\/wp-json\/wp\/v2\/comments?post=3770"}],"version-history":[{"count":79,"href":"http:\/\/www2.unifap.br\/drh\/wp-json\/wp\/v2\/pages\/3770\/revisions"}],"predecessor-version":[{"id":17995,"href":"http:\/\/www2.unifap.br\/drh\/wp-json\/wp\/v2\/pages\/3770\/revisions\/17995"}],"up":[{"embeddable":true,"href":"http:\/\/www2.unifap.br\/drh\/wp-json\/wp\/v2\/pages\/1831"}],"wp:attachment":[{"href":"http:\/\/www2.unifap.br\/drh\/wp-json\/wp\/v2\/media?parent=3770"}],"curies":[{"name":"wp","href":"https:\/\/api.w.org\/{rel}","templated":true}]}}