{"id":4092,"date":"2016-04-26T14:53:23","date_gmt":"2016-04-26T14:53:23","guid":{"rendered":"http:\/\/www2.unifap.br\/drh\/?page_id=4092"},"modified":"2024-04-23T13:41:40","modified_gmt":"2024-04-23T13:41:40","slug":"como-se-inscrever","status":"publish","type":"page","link":"http:\/\/www2.unifap.br\/drh\/desenvolvimento-na-carreira\/cronograma-de-cursos-2019\/como-se-inscrever\/","title":{"rendered":"Como se Inscrever"},"content":{"rendered":"<p style=\"text-align: justify\"><strong>A forma de inscri\u00e7\u00e3o nos eventos de aprendizagem promovidos pela Pr\u00f3-Reitoria de Gest\u00e3o de Pessoas &#8211; PROGEP, por meio da Divis\u00e3o de Capacita\u00e7\u00e3o e Educa\u00e7\u00e3o Profissional &#8211; DCEP,\u00a0<span style=\"line-height: 1.5em\">mudou. <\/span><\/strong><\/p>\n<p style=\"text-align: justify\"><strong><span style=\"line-height: 1.5em\">A partir de agora, os servidores da UNIFAP dever\u00e3o efetuar o procedimento de inscri\u00e7\u00e3o nos eventos de aprendizagem por meio de login no <span style=\"color: #0000ff\"><a href=\"http:\/\/sigrh.unifap.br\/sigrh\/login.jsf\"><span style=\"color: #0000ff\">Sistema Integrado de Gest\u00e3o de Recursos Humanos (SIGRH \u2013 M\u00f3dulo Capacita\u00e7\u00e3o<\/span><\/a>)<\/span>.<\/span><\/strong><\/p>\n<ul>\n<li><span style=\"color: #008000\"><strong><a href=\"http:\/\/www2.unifap.br\/drh\/files\/2017\/02\/Manual-de-Inscri\u00e7\u00e3o-em-Atividades-de-Capacita\u00e7\u00e3o-no-SIGRH.pdf\"><span style=\"color: #008000\">Manual de Inscri\u00e7\u00e3o em Atividades de Capacita\u00e7\u00e3o no SIGRH<\/span><\/a><\/strong><\/span><\/li>\n<\/ul>\n<h2 style=\"text-align: justify\"><span style=\"color: #008000\"><strong>M\u00d3DULO CAPACITA\u00c7\u00c3O &#8211; SIGRH<\/strong><\/span><\/h2>\n<p style=\"text-align: justify\"><strong>Entre os principais servi\u00e7os possibilitados ao perfil do servidor, est\u00e3o: acompanhar a lista de eventos com inscri\u00e7\u00f5es abertas, realizar inscri\u00e7\u00e3o, realizar a avalia\u00e7\u00e3o de rea\u00e7\u00e3o e emitir certificado logo ap\u00f3s a conclus\u00e3o dos cursos.<\/strong><\/p>\n<h2 style=\"text-align: left\"><span style=\"color: #008000\"><strong>PAPEL DOS GESTORES DAS UNIDADES ADMINISTRATIVAS E ACAD\u00caMICAS<\/strong><\/span><\/h2>\n<p style=\"text-align: justify\"><strong>Os gestores ter\u00e3o a responsabilidade de homologar a inscri\u00e7\u00e3o do servidor para que este possa participar dos cursos. Para o cumprimento dessa etapa, assim que o servidor efetuar a inscri\u00e7\u00e3o em um dos eventos ofertados, um e-mail ser\u00e1 enviado automaticamente ao gestor m\u00e1ximo da unidade em que o servidor estiver lotado, informando sua inscri\u00e7\u00e3o e solicitando que se pronuncie acerca da autoriza\u00e7\u00e3o para a participa\u00e7\u00e3o no evento, dessa forma, \u00e9\u00a0importante \u00a0que gestores mantenham seus contatos atualizados no SIGRH<\/strong><\/p>\n<ul>\n<li><span style=\"color: #0000ff\"><strong style=\"color: #0000ff\"><a href=\"http:\/\/www2.unifap.br\/drh\/files\/2016\/05\/Como-se-Inscrever-SIGRH.pdf\"><span style=\"color: #0000ff\">INSCRI\u00c7\u00d5ES NO SIGRH &#8211; PEQUENAS ORIENTA\u00c7\u00d5ES (Manual)<\/span><\/a><\/strong><\/span><\/li>\n<\/ul>\n<p>&nbsp;<\/p>\n<p><span style=\"color: #008000\"><strong>Mais Informa\u00e7\u00f5es<\/strong><\/span><\/p>\n<p>Divis\u00e3o de Capacita\u00e7\u00e3o e Educa\u00e7\u00e3o Profissional &#8211; DCEP<br \/>\nDepartamento de Desenvolvimento de Pessoas &#8211; DDP<br \/>\nPr\u00f3-Reitoria de Gest\u00e3o de Pessoas &#8211; PROGEP<\/p>\n<p>UNIVERSIDADE FEDERAL DO AMAP\u00c1<\/p>\n<p><span style=\"color: #0000ff\"><strong>capacitacao@unifap.br\u00a0&#8211; (96) 3312-1729<\/strong><\/span><\/p>\n<p>&nbsp;<\/p>\n","protected":false},"excerpt":{"rendered":"<p>A forma de inscri\u00e7\u00e3o nos eventos de aprendizagem promovidos pela Pr\u00f3-Reitoria de Gest\u00e3o de Pessoas &#8211; PROGEP, por meio da Divis\u00e3o de Capacita\u00e7\u00e3o e Educa\u00e7\u00e3o Profissional &#8211; DCEP,\u00a0mudou. A partir de agora, os servidores da UNIFAP dever\u00e3o efetuar o procedimento de inscri\u00e7\u00e3o nos eventos de aprendizagem por meio de login no Sistema Integrado de Gest\u00e3o&#8230;<\/p>\n","protected":false},"author":685,"featured_media":0,"parent":450,"menu_order":0,"comment_status":"closed","ping_status":"closed","template":"","meta":{"inline_featured_image":false,"ngg_post_thumbnail":0,"footnotes":""},"class_list":["post-4092","page","type-page","status-publish","hentry","entry"],"_links":{"self":[{"href":"http:\/\/www2.unifap.br\/drh\/wp-json\/wp\/v2\/pages\/4092","targetHints":{"allow":["GET"]}}],"collection":[{"href":"http:\/\/www2.unifap.br\/drh\/wp-json\/wp\/v2\/pages"}],"about":[{"href":"http:\/\/www2.unifap.br\/drh\/wp-json\/wp\/v2\/types\/page"}],"author":[{"embeddable":true,"href":"http:\/\/www2.unifap.br\/drh\/wp-json\/wp\/v2\/users\/685"}],"replies":[{"embeddable":true,"href":"http:\/\/www2.unifap.br\/drh\/wp-json\/wp\/v2\/comments?post=4092"}],"version-history":[{"count":16,"href":"http:\/\/www2.unifap.br\/drh\/wp-json\/wp\/v2\/pages\/4092\/revisions"}],"predecessor-version":[{"id":8661,"href":"http:\/\/www2.unifap.br\/drh\/wp-json\/wp\/v2\/pages\/4092\/revisions\/8661"}],"up":[{"embeddable":true,"href":"http:\/\/www2.unifap.br\/drh\/wp-json\/wp\/v2\/pages\/450"}],"wp:attachment":[{"href":"http:\/\/www2.unifap.br\/drh\/wp-json\/wp\/v2\/media?parent=4092"}],"curies":[{"name":"wp","href":"https:\/\/api.w.org\/{rel}","templated":true}]}}