{"id":4166,"date":"2016-04-27T15:03:10","date_gmt":"2016-04-27T15:03:10","guid":{"rendered":"http:\/\/www2.unifap.br\/drh\/?page_id=4166"},"modified":"2024-04-23T13:41:43","modified_gmt":"2024-04-23T13:41:43","slug":"manual-de-avaliacao-de-desempenho","status":"publish","type":"page","link":"http:\/\/www2.unifap.br\/drh\/manual-do-servidor\/manual-de-avaliacao-de-desempenho\/","title":{"rendered":"Manual de Avalia\u00e7\u00e3o de Desempenho"},"content":{"rendered":"<p style=\"text-align: justify\"><strong>Segue para consulta dos Servidores o <span style=\"color: #0000ff\">Manual de Avalia\u00e7\u00e3o de Desempenho<\/span> da UNIFAP<\/strong><\/p>\n<p style=\"text-align: justify\"><strong>Elabora\u00e7\u00e3o: Divis\u00e3o de Acompanhamento e Avalia\u00e7\u00e3o &#8211; DAA\/DDP\/PROGEP<\/strong><\/p>\n<p>&nbsp;<\/p>\n<ul>\n<li>\n<h2><a href=\"http:\/\/www2.unifap.br\/drh\/programa-avaliacao-de-desempenho\/\" target=\"_blank\" rel=\"noopener\"><span style=\"color: #0000ff\"><strong style=\"color: #0000ff\"><span style=\"color: #0000ff\">MANUAL DE AVALIA\u00c7\u00c3O DE DESEMPENHO<\/span><\/strong><\/span><\/a><\/h2>\n<\/li>\n<\/ul>\n","protected":false},"excerpt":{"rendered":"<p>Segue para consulta dos Servidores o Manual de Avalia\u00e7\u00e3o de Desempenho da UNIFAP Elabora\u00e7\u00e3o: Divis\u00e3o de Acompanhamento e Avalia\u00e7\u00e3o &#8211; DAA\/DDP\/PROGEP &nbsp; MANUAL DE AVALIA\u00c7\u00c3O DE DESEMPENHO<\/p>\n","protected":false},"author":685,"featured_media":0,"parent":1831,"menu_order":5,"comment_status":"closed","ping_status":"closed","template":"","meta":{"inline_featured_image":false,"ngg_post_thumbnail":0,"footnotes":""},"class_list":["post-4166","page","type-page","status-publish","hentry","entry"],"_links":{"self":[{"href":"http:\/\/www2.unifap.br\/drh\/wp-json\/wp\/v2\/pages\/4166","targetHints":{"allow":["GET"]}}],"collection":[{"href":"http:\/\/www2.unifap.br\/drh\/wp-json\/wp\/v2\/pages"}],"about":[{"href":"http:\/\/www2.unifap.br\/drh\/wp-json\/wp\/v2\/types\/page"}],"author":[{"embeddable":true,"href":"http:\/\/www2.unifap.br\/drh\/wp-json\/wp\/v2\/users\/685"}],"replies":[{"embeddable":true,"href":"http:\/\/www2.unifap.br\/drh\/wp-json\/wp\/v2\/comments?post=4166"}],"version-history":[{"count":6,"href":"http:\/\/www2.unifap.br\/drh\/wp-json\/wp\/v2\/pages\/4166\/revisions"}],"predecessor-version":[{"id":17996,"href":"http:\/\/www2.unifap.br\/drh\/wp-json\/wp\/v2\/pages\/4166\/revisions\/17996"}],"up":[{"embeddable":true,"href":"http:\/\/www2.unifap.br\/drh\/wp-json\/wp\/v2\/pages\/1831"}],"wp:attachment":[{"href":"http:\/\/www2.unifap.br\/drh\/wp-json\/wp\/v2\/media?parent=4166"}],"curies":[{"name":"wp","href":"https:\/\/api.w.org\/{rel}","templated":true}]}}