{"id":4898,"date":"2016-06-21T11:57:54","date_gmt":"2016-06-21T11:57:54","guid":{"rendered":"http:\/\/www2.unifap.br\/drh\/?page_id=4898"},"modified":"2024-04-23T13:41:29","modified_gmt":"2024-04-23T13:41:29","slug":"licencas-medicas","status":"publish","type":"page","link":"http:\/\/www2.unifap.br\/drh\/manual-do-servidor\/licencas\/licencas-medicas\/","title":{"rendered":"Licen\u00e7a M\u00e9dica"},"content":{"rendered":"\t\t<div data-elementor-type=\"wp-post\" data-elementor-id=\"4898\" class=\"elementor elementor-4898\">\n\t\t\t\t\t\t<section class=\"elementor-section elementor-top-section elementor-element elementor-element-4c7ccde7 elementor-section-boxed elementor-section-height-default elementor-section-height-default\" data-id=\"4c7ccde7\" data-element_type=\"section\" data-e-type=\"section\">\n\t\t\t\t\t\t<div class=\"elementor-container elementor-column-gap-default\">\n\t\t\t\t\t<div class=\"elementor-column elementor-col-100 elementor-top-column elementor-element elementor-element-79738e98\" data-id=\"79738e98\" data-element_type=\"column\" data-e-type=\"column\">\n\t\t\t<div class=\"elementor-widget-wrap elementor-element-populated\">\n\t\t\t\t\t\t<div class=\"elementor-element elementor-element-2a4d3dbe elementor-widget elementor-widget-text-editor\" data-id=\"2a4d3dbe\" data-element_type=\"widget\" data-e-type=\"widget\" data-widget_type=\"text-editor.default\">\n\t\t\t\t<div class=\"elementor-widget-container\">\n\t\t\t\t\t\t\t\t\t<p><strong>D\u00favidas a respeito de licen\u00e7as m\u00e9dicas? No link abaixo voc\u00ea obt\u00eam orienta\u00e7\u00f5es de como proceder com as licen\u00e7as m\u00e9dicas<\/strong>.<\/p><p><a href=\"https:\/\/www2.unifap.br\/drh\/2021\/10\/informe-licenca-para-tratamento-saude\/\"><strong>LICEN\u00c7A PARA TRATAMENTO DA PR\u00d3PRIA SA\u00daDE<\/strong><\/a><\/p><p><a href=\"https:\/\/www2.unifap.br\/drh\/2021\/10\/licenca-para-tratamento-de-saude-de-pessoa-da-familia\/\"><strong>LICEN\u00c7A PARA TRATAMENTO DE SAUDE EM PESSOA DA FAMILIA<\/strong><\/a><\/p><p><a href=\"http:\/\/www2.unifap.br\/drh\/licenca-medica\/\"><strong style=\"color: #0000ff\"><span>MANUAL SIASS &#8211; ORIENTA\u00c7\u00d5ES SOBRE LICEN\u00c7AS M\u00c9DICAS<\/span><\/strong><\/a><\/p>\t\t\t\t\t\t\t\t<\/div>\n\t\t\t\t<\/div>\n\t\t\t\t\t<\/div>\n\t\t<\/div>\n\t\t\t\t\t<\/div>\n\t\t<\/section>\n\t\t\t\t<\/div>\n\t\t","protected":false},"excerpt":{"rendered":"<p>D\u00favidas a respeito de licen\u00e7as m\u00e9dicas? No link abaixo voc\u00ea obt\u00eam orienta\u00e7\u00f5es de como proceder com as licen\u00e7as m\u00e9dicas. LICEN\u00c7A PARA TRATAMENTO DA PR\u00d3PRIA SA\u00daDE LICEN\u00c7A PARA TRATAMENTO DE SAUDE EM PESSOA DA FAMILIA MANUAL SIASS &#8211; ORIENTA\u00c7\u00d5ES SOBRE LICEN\u00c7AS M\u00c9DICAS<\/p>\n","protected":false},"author":890,"featured_media":0,"parent":6480,"menu_order":1,"comment_status":"closed","ping_status":"closed","template":"","meta":{"inline_featured_image":false,"ngg_post_thumbnail":0,"footnotes":""},"class_list":["post-4898","page","type-page","status-publish","hentry","entry"],"_links":{"self":[{"href":"http:\/\/www2.unifap.br\/drh\/wp-json\/wp\/v2\/pages\/4898","targetHints":{"allow":["GET"]}}],"collection":[{"href":"http:\/\/www2.unifap.br\/drh\/wp-json\/wp\/v2\/pages"}],"about":[{"href":"http:\/\/www2.unifap.br\/drh\/wp-json\/wp\/v2\/types\/page"}],"author":[{"embeddable":true,"href":"http:\/\/www2.unifap.br\/drh\/wp-json\/wp\/v2\/users\/890"}],"replies":[{"embeddable":true,"href":"http:\/\/www2.unifap.br\/drh\/wp-json\/wp\/v2\/comments?post=4898"}],"version-history":[{"count":12,"href":"http:\/\/www2.unifap.br\/drh\/wp-json\/wp\/v2\/pages\/4898\/revisions"}],"predecessor-version":[{"id":14217,"href":"http:\/\/www2.unifap.br\/drh\/wp-json\/wp\/v2\/pages\/4898\/revisions\/14217"}],"up":[{"embeddable":true,"href":"http:\/\/www2.unifap.br\/drh\/wp-json\/wp\/v2\/pages\/6480"}],"wp:attachment":[{"href":"http:\/\/www2.unifap.br\/drh\/wp-json\/wp\/v2\/media?parent=4898"}],"curies":[{"name":"wp","href":"https:\/\/api.w.org\/{rel}","templated":true}]}}