{"id":5751,"date":"2017-01-12T20:38:09","date_gmt":"2017-01-12T20:38:09","guid":{"rendered":"http:\/\/www2.unifap.br\/drh\/?page_id=5751"},"modified":"2019-05-23T15:04:14","modified_gmt":"2019-05-23T15:04:14","slug":"atribuicoes-dos-cargos-pcctae","status":"publish","type":"page","link":"http:\/\/www2.unifap.br\/drh\/manual-do-servidor\/atribuicoes-dos-cargos-pcctae\/","title":{"rendered":"Descri\u00e7\u00e3o dos Cargos &#8211; PCCTAE"},"content":{"rendered":"<p style=\"text-align: justify\"><span style=\"color: #000000\"><strong>Descri\u00e7\u00e3o das atribui\u00e7\u00f5es dos cargos do Plano de Carreira dos Servidores T\u00e9cnico Administrativos em Educa\u00e7\u00e3o institu\u00eddo pela Lei 11.091\/2005<\/strong><\/span><\/p>\n<ul>\n<li><span style=\"color: #0000ff\"><strong><a href=\"http:\/\/www2.unifap.br\/drh\/files\/2017\/01\/DESCRICAO_DE_CARGOS-NIVEL_A.pdf\"><span style=\"color: #0000ff\">Cargos de N\u00edvel A<\/span><\/a><\/strong><\/span><\/li>\n<li><span style=\"color: #0000ff\"><strong><a href=\"http:\/\/www2.unifap.br\/drh\/files\/2017\/01\/DESCRICAO_DE_CARGOS-NIVEL_B.pdf\"><span style=\"color: #0000ff\">Cargos de N\u00edvel B<\/span><\/a><\/strong><\/span><\/li>\n<li><span style=\"color: #0000ff\"><strong><a href=\"http:\/\/www2.unifap.br\/drh\/files\/2017\/01\/DESCRICAO_DE_CARGOS-NIVEL_C.pdf\"><span style=\"color: #0000ff\">Cargos de N\u00edvel C<\/span><\/a><\/strong><\/span><\/li>\n<li><span style=\"color: #0000ff\"><strong><a href=\"http:\/\/www2.unifap.br\/drh\/files\/2017\/01\/DESCRICAO_DE_CARGOS-NIVEL_D.pdf\"><span style=\"color: #0000ff\">Cargos de N\u00edvel D<\/span><\/a><\/strong><\/span><\/li>\n<li><span style=\"color: #0000ff\"><strong><a href=\"http:\/\/www2.unifap.br\/drh\/files\/2017\/01\/DESCRICAO_DE_CARGOS-NIVEL_E.pdf\"><span style=\"color: #0000ff\">Cargos de N\u00edvel E<\/span><\/a><\/strong><\/span><\/li>\n<\/ul>\n<ul>\n<li>\n<h2><span style=\"color: #0000ff\"><strong><a href=\"http:\/\/www2.unifap.br\/drh\/files\/2017\/01\/Of\u00edcio-Circular-n\u00ba-015-2005-CGGP-SAA-SE-MEC.pdf\"><span style=\"color: #0000ff\"><strong>Of<\/strong>\u00edcio Circular n\u00ba 015\/2005\/CGGP\/SAA\/SE\/MEC<\/span><\/a><\/strong><\/span><\/h2>\n<\/li>\n<\/ul>\n<p>&nbsp;<\/p>\n<p style=\"text-align: justify\"><span style=\"color: #ff0000\"><strong>ATEN\u00c7\u00c3O<\/strong><\/span><\/p>\n<p style=\"text-align: justify\"><strong>A <strong>Coordena\u00e7\u00e3o-Geral de Gest\u00e3o de Pessoas do MEC expediu o<\/strong>&nbsp;Of\u00edcio-Circular n\u00ba 1\/2017\/COLEP\/CGGP\/SAA-MEC, que torna sem efeito o Of\u00edcio Circular n\u00ba 015\/2005\/CGGP\/SAA\/SE\/MEC, de 28 de novembro de 2005.<\/strong><\/p>\n<ul>\n<li><span style=\"text-decoration: underline;color: #008000\"><strong><a style=\"font-size: 1.5em\" href=\"http:\/\/www2.unifap.br\/drh\/files\/2017\/01\/Of\u00edcio-Circular-n\u00ba-1-2017-COLEP-CGGP-SAA-MEC.pdf\"><span style=\"color: #008000;text-decoration: underline\">Of\u00edcio Circular n\u00ba 1\/2017\/COLEP\/CGGP\/SAA\/MEC<\/span><\/a><\/strong><\/span><\/li>\n<\/ul>\n<p>&nbsp;<\/p>\n<p>&nbsp;<\/p>\n","protected":false},"excerpt":{"rendered":"<p>Descri\u00e7\u00e3o das atribui\u00e7\u00f5es dos cargos do Plano de Carreira dos Servidores T\u00e9cnico Administrativos em Educa\u00e7\u00e3o institu\u00eddo pela Lei 11.091\/2005 Cargos de N\u00edvel A Cargos de N\u00edvel B Cargos de N\u00edvel C Cargos de N\u00edvel D Cargos de N\u00edvel E Of\u00edcio Circular n\u00ba 015\/2005\/CGGP\/SAA\/SE\/MEC &nbsp; ATEN\u00c7\u00c3O A Coordena\u00e7\u00e3o-Geral de Gest\u00e3o de Pessoas do MEC expediu o&nbsp;Of\u00edcio-Circular&#8230;<\/p>\n","protected":false},"author":685,"featured_media":0,"parent":1831,"menu_order":2,"comment_status":"open","ping_status":"open","template":"fullwidth.php","meta":{"inline_featured_image":false,"ngg_post_thumbnail":0,"footnotes":""},"class_list":["post-5751","page","type-page","status-publish","hentry","entry"],"_links":{"self":[{"href":"http:\/\/www2.unifap.br\/drh\/wp-json\/wp\/v2\/pages\/5751","targetHints":{"allow":["GET"]}}],"collection":[{"href":"http:\/\/www2.unifap.br\/drh\/wp-json\/wp\/v2\/pages"}],"about":[{"href":"http:\/\/www2.unifap.br\/drh\/wp-json\/wp\/v2\/types\/page"}],"author":[{"embeddable":true,"href":"http:\/\/www2.unifap.br\/drh\/wp-json\/wp\/v2\/users\/685"}],"replies":[{"embeddable":true,"href":"http:\/\/www2.unifap.br\/drh\/wp-json\/wp\/v2\/comments?post=5751"}],"version-history":[{"count":13,"href":"http:\/\/www2.unifap.br\/drh\/wp-json\/wp\/v2\/pages\/5751\/revisions"}],"predecessor-version":[{"id":11405,"href":"http:\/\/www2.unifap.br\/drh\/wp-json\/wp\/v2\/pages\/5751\/revisions\/11405"}],"up":[{"embeddable":true,"href":"http:\/\/www2.unifap.br\/drh\/wp-json\/wp\/v2\/pages\/1831"}],"wp:attachment":[{"href":"http:\/\/www2.unifap.br\/drh\/wp-json\/wp\/v2\/media?parent=5751"}],"curies":[{"name":"wp","href":"https:\/\/api.w.org\/{rel}","templated":true}]}}