{"id":5913,"date":"2017-01-17T14:21:10","date_gmt":"2017-01-17T14:21:10","guid":{"rendered":"http:\/\/www2.unifap.br\/drh\/?page_id=5913"},"modified":"2019-05-23T18:00:56","modified_gmt":"2019-05-23T18:00:56","slug":"comissao-interna-de-supervisao","status":"publish","type":"page","link":"http:\/\/www2.unifap.br\/drh\/manual-do-servidor\/comissao-interna-de-supervisao\/","title":{"rendered":"Comiss\u00e3o Interna de Supervis\u00e3o"},"content":{"rendered":"<h1><a href=\"http:\/\/www2.unifap.br\/drh\/files\/2017\/01\/cis.jpg\"><img fetchpriority=\"high\" decoding=\"async\" class=\"alignnone size-full wp-image-5923 aligncenter\" src=\"http:\/\/www2.unifap.br\/drh\/files\/2017\/01\/cis.jpg\" alt=\"cis\" width=\"300\" height=\"190\"><\/a><\/h1>\n<h1 style=\"text-align: justify\"><span style=\"color: #0000ff\"><strong>O que \u00e9 a CIS?<\/strong><\/span><\/h1>\n<p style=\"text-align: justify\" align=\"JUSTIFY\"><strong>A CIS \u00e9 a Comiss\u00e3o Interna de Supervis\u00e3o da Carreira dos Cargos T\u00e9cnico administrativos em Educa\u00e7\u00e3o.<\/strong><\/p>\n<p style=\"text-align: justify\" align=\"JUSTIFY\"><span style=\"color: #0000ff\"><strong>Para que serve a CIS?<\/strong><\/span><\/p>\n<p style=\"text-align: justify\" align=\"JUSTIFY\"><strong>Para orientar os TAEs nas quest\u00f5es relacionadas \u00e0 carreira do TAE;<\/strong><\/p>\n<p style=\"text-align: justify\" align=\"JUSTIFY\"><strong>Para fiscalizar e avaliar a atua\u00e7\u00e3o nas quest\u00f5es relacionadas \u00e0 Carreira T\u00e9cnico-Administrativa em Educa\u00e7\u00e3o, considerando os aspectos: dimensionamento, capacita\u00e7\u00e3o e avalia\u00e7\u00e3o.<\/strong><\/p>\n<p style=\"text-align: justify\" align=\"JUSTIFY\"><strong>Para propor \u00e0 Comiss\u00e3o Nacional de Supervis\u00e3o as altera\u00e7\u00f5es necess\u00e1rias para o aprimoramento do plano de Carreira dos TAEs;<\/strong><\/p>\n<p style=\"text-align: justify\" align=\"JUSTIFY\"><span style=\"color: #0000ff\"><strong>Como \u00e9 composta?<\/strong><\/span><\/p>\n<p style=\"text-align: justify\" align=\"JUSTIFY\"><strong>A CIS \u00e9 composta por representantes dos TAEs, optantes pela Carreira, eleitos entre seus pares (considerando ativos, aposentados e pensionista). <\/strong><\/p>\n<p style=\"text-align: justify\" align=\"JUSTIFY\"><em>Clique no link abaixo para ter acesso a nova Composi\u00e7\u00e3o da CIS\/TAES da Unifap.<\/em><\/p>\n<ul>\n<li>\n<h2><span style=\"color: #008000\"><strong><a style=\"color: #008000\" href=\"http:\/\/www2.unifap.br\/drh\/files\/2019\/04\/470-2019.pdf\" target=\"_blank\" rel=\"noopener\">PORTARIA n\u00ba 470\/2019<\/a><\/strong><\/span><\/h2>\n<\/li>\n<\/ul>\n<p>&nbsp;<\/p>\n<p style=\"text-align: justify\"><strong>&nbsp;Site: <a href=\"http:\/\/www2.unifap.br\/cis\/\"><span style=\"color: #0000ff\">Co<\/span><\/a><\/strong><a href=\"http:\/\/www2.unifap.br\/cis\/\"><span style=\"color: #0000ff\"><strong>miss\u00e3o Interna de S<\/strong><b>upervis\u00e3o<\/b><\/span><\/a><\/p>\n<h1><span style=\"color: #0000ff\"><strong>Portaria 2.519\/2005<\/strong><\/span><\/h1>\n<ul>\n<li><span style=\"color: #0000ff\"><strong><a href=\"http:\/\/www2.unifap.br\/drh\/files\/2017\/01\/Portaria-2519.pdf\"><span style=\"color: #0000ff\">Portaria 2519\/2005-MEC<\/span><\/a><\/strong><\/span><\/li>\n<\/ul>\n<p><strong>Institui\u00e7\u00e3o da Comiss\u00e3o Interna de Supervis\u00e3o do Plano de Carreira dos Cargos T\u00e9cnico-administrativos em Educa\u00e7\u00e3o<\/strong><\/p>\n<h1><span style=\"color: #0000ff\"><strong>Portaria 2.562\/2005<\/strong><\/span><\/h1>\n<ul>\n<li><span style=\"color: #0000ff\"><strong><a href=\"http:\/\/www2.unifap.br\/drh\/files\/2017\/01\/Portaria2562.pdf\"><span style=\"color: #0000ff\">Portaria 2562\/2005-MEC<\/span><\/a><\/strong><\/span><\/li>\n<\/ul>\n<p><strong>D\u00e1 nova reda\u00e7\u00e3o aos arts. 2 o , 3 o e 5 o da Portaria n\u00ba 2.519, de 15 de julho de 2005.<\/strong><\/p>\n","protected":false},"excerpt":{"rendered":"<p>O que \u00e9 a CIS? A CIS \u00e9 a Comiss\u00e3o Interna de Supervis\u00e3o da Carreira dos Cargos T\u00e9cnico administrativos em Educa\u00e7\u00e3o. Para que serve a CIS? Para orientar os TAEs nas quest\u00f5es relacionadas \u00e0 carreira do TAE; Para fiscalizar e avaliar a atua\u00e7\u00e3o nas quest\u00f5es relacionadas \u00e0 Carreira T\u00e9cnico-Administrativa em Educa\u00e7\u00e3o, considerando os aspectos: dimensionamento,&#8230;<\/p>\n","protected":false},"author":685,"featured_media":0,"parent":1831,"menu_order":6,"comment_status":"open","ping_status":"open","template":"fullwidth.php","meta":{"inline_featured_image":false,"ngg_post_thumbnail":0,"footnotes":""},"class_list":["post-5913","page","type-page","status-publish","hentry","entry"],"_links":{"self":[{"href":"http:\/\/www2.unifap.br\/drh\/wp-json\/wp\/v2\/pages\/5913","targetHints":{"allow":["GET"]}}],"collection":[{"href":"http:\/\/www2.unifap.br\/drh\/wp-json\/wp\/v2\/pages"}],"about":[{"href":"http:\/\/www2.unifap.br\/drh\/wp-json\/wp\/v2\/types\/page"}],"author":[{"embeddable":true,"href":"http:\/\/www2.unifap.br\/drh\/wp-json\/wp\/v2\/users\/685"}],"replies":[{"embeddable":true,"href":"http:\/\/www2.unifap.br\/drh\/wp-json\/wp\/v2\/comments?post=5913"}],"version-history":[{"count":19,"href":"http:\/\/www2.unifap.br\/drh\/wp-json\/wp\/v2\/pages\/5913\/revisions"}],"predecessor-version":[{"id":11443,"href":"http:\/\/www2.unifap.br\/drh\/wp-json\/wp\/v2\/pages\/5913\/revisions\/11443"}],"up":[{"embeddable":true,"href":"http:\/\/www2.unifap.br\/drh\/wp-json\/wp\/v2\/pages\/1831"}],"wp:attachment":[{"href":"http:\/\/www2.unifap.br\/drh\/wp-json\/wp\/v2\/media?parent=5913"}],"curies":[{"name":"wp","href":"https:\/\/api.w.org\/{rel}","templated":true}]}}