{"id":595,"date":"2013-10-29T19:30:53","date_gmt":"2013-10-29T19:30:53","guid":{"rendered":"http:\/\/www2.unifap.br\/drh\/?page_id=595"},"modified":"2024-04-23T13:38:52","modified_gmt":"2024-04-23T13:38:52","slug":"manual-do-servidor","status":"publish","type":"page","link":"http:\/\/www2.unifap.br\/drh\/manual-do-servidor\/manual-do-servidor\/","title":{"rendered":"Manual do Servidor"},"content":{"rendered":"<p style=\"text-align: left\"><strong>SERVIDORES P\u00daBLICOS<\/strong><\/p>\n<p style=\"text-align: justify\">S\u00e3o pessoas f\u00edsicas que desempenham atividades por meio de v\u00ednculo profissional com a Administra\u00e7\u00e3o P\u00fablica, fazendo jus ao recebimento de remunera\u00e7\u00e3o paga pela Uni\u00e3o.<\/p>\n<p style=\"text-align: justify\">Podem ser:<\/p>\n<p style=\"text-align: justify\">I &#8211;&nbsp;<strong>Estatu\u00e1rios<\/strong>: s\u00e3o as pessoas f\u00edsicas que ingressam na carreira p\u00fablica por meio de concurso p\u00fablico para cargo efetivo. S\u00e3o regidos por meio de estatuto &#8211; Lei n\u00ba 8.112, de 11\/12\/90, com contribui\u00e7\u00e3o em Regime de Previd\u00eancia Social do Servidor &#8211; PSSS.<\/p>\n<p style=\"text-align: justify\">S\u00e3o considerados:<\/p>\n<p style=\"text-align: justify\">a) Servidores em est\u00e1gio probat\u00f3rio: aqueles que acabam de ingressar na carreira p\u00fablica por meio de habilita\u00e7\u00e3o em concurso p\u00fablico para provimento de cargo efetivo e est\u00e3o em per\u00edodo de avalia\u00e7\u00e3o de compet\u00eancias.<br \/>\nb) Servidores est\u00e1veis: aqueles que j\u00e1 passaram pelo est\u00e1gio probat\u00f3rio e s\u00e3o est\u00e1veis no servi\u00e7o p\u00fablico.<\/p>\n<p style=\"text-align: justify\">II &#8211;&nbsp;<strong>Tempor\u00e1rios<\/strong>: pessoas f\u00edsicas que exercem fun\u00e7\u00e3o p\u00fablica por meio de contrato tempor\u00e1rio de trabalho regido pela Consolida\u00e7\u00e3o das Leis Trabalhistas &#8211; CLT, com contribui\u00e7\u00e3o em Regime Geral de `revid\u00eancia Social &#8211; RGPS.<\/p>\n<p style=\"text-align: justify\"><strong>S\u00e3o deveres do servidor:<\/strong><\/p>\n<p style=\"text-align: justify\">I &#8211; Exercer com zelo e dedica\u00e7\u00e3o as atribui\u00e7\u00f5es do cargo;<br \/>\nII &#8211; Ser leal \u00e0s institui\u00e7\u00f5es a que servir;<br \/>\nIII &#8211; Observar as normas legais e regulamentares;<br \/>\nIV &#8211; Cumprir as ordens superiores, exceto quando manifestamente ilegais;<br \/>\nV &#8211; Atender com presteza:<br \/>\na) ao p\u00fablico em geral, prestando as informa\u00e7\u00f5es requeridas, ressalvadas as protegidas por sigilo;<br \/>\nb) \u00e0 expedi\u00e7\u00e3o de certid\u00f5es requeridas para defesa de direito ou esclarecimento de situa\u00e7\u00f5es de interesse pessoal;<br \/>\nc) \u00e0s requisi\u00e7\u00f5es para a defesa da Fazenda P\u00fablica.<br \/>\nVI &#8211; Levar ao conhecimento da autoridade superior as irregularidades de que tiver ci\u00eancia em raz\u00e3o do cargo;<br \/>\nVII &#8211; Zelar pela economia do material e a conserva\u00e7\u00e3o do patrim\u00f4nio p\u00fablico;<br \/>\nVIII &#8211; Guardar sigilo sobre assunto da reparti\u00e7\u00e3o;<br \/>\nIX &#8211; Manter conduta compat\u00edvel com a moralidade administrativa;<br \/>\nX &#8211; Ser ass\u00edduo e pontual ao servi\u00e7o;<br \/>\nXI &#8211; Tratar com urbanidade as pessoas;<br \/>\nXII &#8211; Representar contra ilegalidade, omiss\u00e3o ou abuso de poder.<\/p>\n<p style=\"text-align: justify\"><strong>Fundamenta\u00e7\u00e3o Legal:<\/strong><br \/>\nArt. 116, Lei n\u00ba 8.112, de 11\/12\/90<br \/>\nDecreto n\u00ba 1.117, de 22\/06\/94<br \/>\nDecreto n\u00ba 1.590, de 10\/08\/95<\/p>\n<p><strong>Confira o Manual:<\/strong><\/p>\n<p><a href=\"https:\/\/www2.unifap.br\/drh\/files\/2020\/09\/MANUAL-PROGEP-4.pdf\"><img fetchpriority=\"high\" decoding=\"async\" class=\"aligncenter wp-image-13196\" src=\"http:\/\/www2.unifap.br\/drh\/files\/2020\/06\/Manual-de-Procedimentos.png\" alt=\"\" width=\"517\" height=\"355\" srcset=\"http:\/\/www2.unifap.br\/drh\/files\/2020\/06\/Manual-de-Procedimentos.png 768w, http:\/\/www2.unifap.br\/drh\/files\/2020\/06\/Manual-de-Procedimentos-300x206.png 300w\" sizes=\"(max-width: 517px) 100vw, 517px\" \/><\/a><\/p>\n<h4 style=\"text-align: left\"><strong><a href=\"http:\/\/www2.unifap.br\/drh\/files\/2013\/10\/MANUAL_SERVIDOR_CNDP_20121.pdf\" target=\"_blank\" rel=\"noopener noreferrer\">\u2192<\/a><\/strong><strong style=\"font-size: 1.5em\"><a href=\"http:\/\/www2.unifap.br\/drh\/files\/2020\/09\/MANUAL-PROGEP.pdf\">MANUAL DO SERVIDOR &#8211; PROGEP<\/a><\/strong><\/h4>\n<p>&nbsp;<\/p>\n<p style=\"text-align: justify\"><strong>A Comiss\u00e3o Nacional&nbsp; de Dirigentes&nbsp; de Pessoal &#8211; CNDP, vem por meio deste manual de&nbsp; normas de pessoal, colocar&nbsp; a disposi\u00e7\u00e3o das Institui\u00e7\u00f5es Federais de Ensino o resultado&nbsp; de um esfor\u00e7o integrado com o fim de facilitar&nbsp; a compreens\u00e3o, analise e estudo das demandas diarias&nbsp; recebidas&nbsp; por parte de nossos servidores.<\/strong><\/p>\n<p style=\"text-align: justify\"><strong>Este manual visa reunir em um&nbsp; mesmo documento todos os&nbsp; regramentos&nbsp; sobre a mat\u00e9ria de gest\u00e3o de pessoas&nbsp; no \u00e2mbito federal, fazendo com que nossas Unidades de Ensino possam ter&nbsp; um entendimento padr\u00e3o&nbsp; ou pelo menos um alinhamento nas decis\u00f5es ja existentes.<\/strong><\/p>\n","protected":false},"excerpt":{"rendered":"<p>SERVIDORES P\u00daBLICOS S\u00e3o pessoas f\u00edsicas que desempenham atividades por meio de v\u00ednculo profissional com a Administra\u00e7\u00e3o P\u00fablica, fazendo jus ao recebimento de remunera\u00e7\u00e3o paga pela Uni\u00e3o. Podem ser: I &#8211;&nbsp;Estatu\u00e1rios: s\u00e3o as pessoas f\u00edsicas que ingressam na carreira p\u00fablica por meio de concurso p\u00fablico para cargo efetivo. S\u00e3o regidos por meio de estatuto &#8211; Lei&#8230;<\/p>\n","protected":false},"author":359,"featured_media":0,"parent":1831,"menu_order":0,"comment_status":"closed","ping_status":"closed","template":"","meta":{"inline_featured_image":false,"ngg_post_thumbnail":0,"footnotes":""},"class_list":["post-595","page","type-page","status-publish","hentry","entry"],"_links":{"self":[{"href":"http:\/\/www2.unifap.br\/drh\/wp-json\/wp\/v2\/pages\/595","targetHints":{"allow":["GET"]}}],"collection":[{"href":"http:\/\/www2.unifap.br\/drh\/wp-json\/wp\/v2\/pages"}],"about":[{"href":"http:\/\/www2.unifap.br\/drh\/wp-json\/wp\/v2\/types\/page"}],"author":[{"embeddable":true,"href":"http:\/\/www2.unifap.br\/drh\/wp-json\/wp\/v2\/users\/359"}],"replies":[{"embeddable":true,"href":"http:\/\/www2.unifap.br\/drh\/wp-json\/wp\/v2\/comments?post=595"}],"version-history":[{"count":58,"href":"http:\/\/www2.unifap.br\/drh\/wp-json\/wp\/v2\/pages\/595\/revisions"}],"predecessor-version":[{"id":17986,"href":"http:\/\/www2.unifap.br\/drh\/wp-json\/wp\/v2\/pages\/595\/revisions\/17986"}],"up":[{"embeddable":true,"href":"http:\/\/www2.unifap.br\/drh\/wp-json\/wp\/v2\/pages\/1831"}],"wp:attachment":[{"href":"http:\/\/www2.unifap.br\/drh\/wp-json\/wp\/v2\/media?parent=595"}],"curies":[{"name":"wp","href":"https:\/\/api.w.org\/{rel}","templated":true}]}}