{"id":5976,"date":"2017-01-18T14:57:57","date_gmt":"2017-01-18T14:57:57","guid":{"rendered":"http:\/\/www2.unifap.br\/drh\/?page_id=5976"},"modified":"2019-05-23T17:58:33","modified_gmt":"2019-05-23T17:58:33","slug":"conflitos-de-interesses","status":"publish","type":"page","link":"http:\/\/www2.unifap.br\/drh\/manual-do-servidor\/conflitos-de-interesses\/","title":{"rendered":"Conflito de Interesses"},"content":{"rendered":"<div><a href=\"http:\/\/www2.unifap.br\/drh\/files\/2017\/01\/conflito-de-interesses.png\"><img fetchpriority=\"high\" decoding=\"async\" class=\"alignnone size-full wp-image-5981 aligncenter\" src=\"http:\/\/www2.unifap.br\/drh\/files\/2017\/01\/conflito-de-interesses.png\" alt=\"conflito-de-interesses\" width=\"292\" height=\"304\" srcset=\"http:\/\/www2.unifap.br\/drh\/files\/2017\/01\/conflito-de-interesses.png 292w, http:\/\/www2.unifap.br\/drh\/files\/2017\/01\/conflito-de-interesses-288x300.png 288w\" sizes=\"(max-width: 292px) 100vw, 292px\" \/><\/a><\/div>\n<div>\n<div id=\"78654060c7574dd1ab2b79e9264922e0\">\n<div>\n<p style=\"text-align: justify\"><strong>Em 1\u00ba de julho de 2013, entrou em vigor no Brasil a&nbsp;<span style=\"color: #0000ff\"><a href=\"http:\/\/www.planalto.gov.br\/ccivil_03\/_Ato2011-2014\/2013\/Lei\/L12813.htm\" target=\"_blank\" rel=\"noopener\"><span style=\"color: #0000ff\">Lei n\u00ba 12.813, de 16 de maio de 2013<\/span><\/a><\/span>, conhecida como Lei de Conflito de Interesses. Ela define as situa\u00e7\u00f5es que configuram esse tipo de conflito durante e ap\u00f3s o exerc\u00edcio de cargo ou emprego no Poder Executivo Federal.<\/strong><\/p>\n<p style=\"text-align: justify\"><strong>A Lei estabelece formas do agente p\u00fablico se prevenir da ocorr\u00eancia do conflito de interesses, prevendo, por outro lado, puni\u00e7\u00e3o severa \u00e0quele que se encontrar em alguma dessas situa\u00e7\u00f5es.<\/strong><\/p>\n<p><strong>Mais informa\u00e7\u00f5es <span style=\"text-decoration: underline\"><span style=\"color: #0000ff\"><a href=\"http:\/\/www.cgu.gov.br\/assuntos\/etica-e-integridade\/setor-publico\/conflito-de-interesses\"><span style=\"color: #0000ff;text-decoration: underline\">AQUI<\/span><\/a><\/span><\/span><\/strong><\/p>\n<\/div>\n<\/div>\n<\/div>\n","protected":false},"excerpt":{"rendered":"<p>Em 1\u00ba de julho de 2013, entrou em vigor no Brasil a&nbsp;Lei n\u00ba 12.813, de 16 de maio de 2013, conhecida como Lei de Conflito de Interesses. Ela define as situa\u00e7\u00f5es que configuram esse tipo de conflito durante e ap\u00f3s o exerc\u00edcio de cargo ou emprego no Poder Executivo Federal. A Lei estabelece formas do&#8230;<\/p>\n","protected":false},"author":685,"featured_media":0,"parent":1831,"menu_order":9,"comment_status":"open","ping_status":"open","template":"fullwidth.php","meta":{"inline_featured_image":false,"ngg_post_thumbnail":0,"footnotes":""},"class_list":["post-5976","page","type-page","status-publish","hentry","entry"],"_links":{"self":[{"href":"http:\/\/www2.unifap.br\/drh\/wp-json\/wp\/v2\/pages\/5976","targetHints":{"allow":["GET"]}}],"collection":[{"href":"http:\/\/www2.unifap.br\/drh\/wp-json\/wp\/v2\/pages"}],"about":[{"href":"http:\/\/www2.unifap.br\/drh\/wp-json\/wp\/v2\/types\/page"}],"author":[{"embeddable":true,"href":"http:\/\/www2.unifap.br\/drh\/wp-json\/wp\/v2\/users\/685"}],"replies":[{"embeddable":true,"href":"http:\/\/www2.unifap.br\/drh\/wp-json\/wp\/v2\/comments?post=5976"}],"version-history":[{"count":7,"href":"http:\/\/www2.unifap.br\/drh\/wp-json\/wp\/v2\/pages\/5976\/revisions"}],"predecessor-version":[{"id":11440,"href":"http:\/\/www2.unifap.br\/drh\/wp-json\/wp\/v2\/pages\/5976\/revisions\/11440"}],"up":[{"embeddable":true,"href":"http:\/\/www2.unifap.br\/drh\/wp-json\/wp\/v2\/pages\/1831"}],"wp:attachment":[{"href":"http:\/\/www2.unifap.br\/drh\/wp-json\/wp\/v2\/media?parent=5976"}],"curies":[{"name":"wp","href":"https:\/\/api.w.org\/{rel}","templated":true}]}}