{"id":6066,"date":"2017-01-19T19:01:34","date_gmt":"2017-01-19T19:01:34","guid":{"rendered":"http:\/\/www2.unifap.br\/drh\/?page_id=6066"},"modified":"2024-04-23T13:42:05","modified_gmt":"2024-04-23T13:42:05","slug":"incentivo-a-qualificacao-tabela-de-percentuais","status":"publish","type":"page","link":"http:\/\/www2.unifap.br\/drh\/desenvolvimento-na-carreira\/tecnico-administrativo\/incentivo-a-qualificacao\/incentivo-a-qualificacao-tabela-de-percentuais\/","title":{"rendered":"Incentivo \u00e0 Qualifica\u00e7\u00e3o &#8211; Tabela de Percentuais"},"content":{"rendered":"<p><a href=\"http:\/\/www2.unifap.br\/drh\/files\/2017\/01\/incentivo-a-qualifica\u00e7\u00e3o-percentuais.png\"><img fetchpriority=\"high\" decoding=\"async\" class=\"size-full wp-image-6971 aligncenter\" src=\"http:\/\/www2.unifap.br\/drh\/files\/2017\/01\/incentivo-a-qualifica\u00e7\u00e3o-percentuais.png\" alt=\"incentivo a qualifica\u00e7\u00e3o percentuais\" width=\"649\" height=\"491\" srcset=\"http:\/\/www2.unifap.br\/drh\/files\/2017\/01\/incentivo-a-qualifica\u00e7\u00e3o-percentuais.png 649w, http:\/\/www2.unifap.br\/drh\/files\/2017\/01\/incentivo-a-qualifica\u00e7\u00e3o-percentuais-300x226.png 300w\" sizes=\"(max-width: 649px) 100vw, 649px\" \/><\/a><\/p>\n","protected":false},"excerpt":{"rendered":"","protected":false},"author":685,"featured_media":0,"parent":4918,"menu_order":0,"comment_status":"closed","ping_status":"closed","template":"","meta":{"inline_featured_image":false,"ngg_post_thumbnail":0,"footnotes":""},"class_list":["post-6066","page","type-page","status-publish","hentry","entry"],"_links":{"self":[{"href":"http:\/\/www2.unifap.br\/drh\/wp-json\/wp\/v2\/pages\/6066","targetHints":{"allow":["GET"]}}],"collection":[{"href":"http:\/\/www2.unifap.br\/drh\/wp-json\/wp\/v2\/pages"}],"about":[{"href":"http:\/\/www2.unifap.br\/drh\/wp-json\/wp\/v2\/types\/page"}],"author":[{"embeddable":true,"href":"http:\/\/www2.unifap.br\/drh\/wp-json\/wp\/v2\/users\/685"}],"replies":[{"embeddable":true,"href":"http:\/\/www2.unifap.br\/drh\/wp-json\/wp\/v2\/comments?post=6066"}],"version-history":[{"count":9,"href":"http:\/\/www2.unifap.br\/drh\/wp-json\/wp\/v2\/pages\/6066\/revisions"}],"predecessor-version":[{"id":17998,"href":"http:\/\/www2.unifap.br\/drh\/wp-json\/wp\/v2\/pages\/6066\/revisions\/17998"}],"up":[{"embeddable":true,"href":"http:\/\/www2.unifap.br\/drh\/wp-json\/wp\/v2\/pages\/4918"}],"wp:attachment":[{"href":"http:\/\/www2.unifap.br\/drh\/wp-json\/wp\/v2\/media?parent=6066"}],"curies":[{"name":"wp","href":"https:\/\/api.w.org\/{rel}","templated":true}]}}