{"id":6329,"date":"2017-01-24T19:46:12","date_gmt":"2017-01-24T19:46:12","guid":{"rendered":"http:\/\/www2.unifap.br\/drh\/?page_id=6329"},"modified":"2019-05-23T15:09:16","modified_gmt":"2019-05-23T15:09:16","slug":"tabela-remuneratoria-fg-e-cd","status":"publish","type":"page","link":"http:\/\/www2.unifap.br\/drh\/manual-do-servidor\/remuneracao\/tabela-remuneratoria-fg-e-cd\/","title":{"rendered":"Tabela Remunerat\u00f3ria &#8211; FG e CD"},"content":{"rendered":"<p><strong><span style=\"color: #0000ff\">Exerc\u00edcio de Fun\u00e7\u00f5es<\/span><\/strong><\/p>\n<p style=\"text-align: justify\">Ato de investidura do servidor integrante do quadro da Institui\u00e7\u00e3o, retribu\u00edda com gratifica\u00e7\u00e3o.<\/p>\n<p style=\"text-align: justify\">A Portaria de designa\u00e7\u00e3o para Fun\u00e7\u00e3o Gratificada ser\u00e1 publicada no D.O.U.<\/p>\n<p style=\"text-align: justify\">O ocupante de Fun\u00e7\u00e3o Gratificada deve cumprir obrigatoriamente o regime de tempo integral &#8211; 40 (quarenta) horas semanais de trabalho, podendo ser convocado sempre que houver interesse da Administra\u00e7\u00e3o (Art. n\u00ba 19, \u00a7 1\u00ba da Lei n\u00ba 8.112\/90).<\/p>\n<p style=\"text-align: justify\">Ao servidor investido em Fun\u00e7\u00e3o Gratificada \u00e9 devida uma gratifica\u00e7\u00e3o de acordo com o c\u00f3digo da fun\u00e7\u00e3o exercida, nos valores fixados nas Tabelas de Vencimentos (Art. 62 da Lei n\u00ba 8.112\/90).<\/p>\n<p style=\"text-align: justify\">O servidor em est\u00e1gio probat\u00f3rio poder\u00e1 exercer fun\u00e7\u00e3o de Dire\u00e7\u00e3o ou Chefia, desde que as atribui\u00e7\u00f5es da fun\u00e7\u00e3o gratificada guardem correla\u00e7\u00e3o com as do cargo efetivo (Art. 2\u00ba, \u00a7 3\u00ba da Lei n\u00ba 8.112\/90).<\/p>\n<p><strong><span style=\"color: #0000ff\">Substitui\u00e7\u00f5es&nbsp; de CD&nbsp; e FG<\/span><\/strong><\/p>\n<p style=\"text-align: justify\">\u00c9 o pagamento devido ao substituto pelo exerc\u00edcio de fun\u00e7\u00e3o de dire\u00e7\u00e3o, chefia ou assessoramento, na propor\u00e7\u00e3o dos dias de efetiva substitui\u00e7\u00e3o, por motivo de afastamento ou impedimento regulamentar do titular de Cargo de Dire\u00e7\u00e3o (CD) ou Fun\u00e7\u00e3o Gratificada (FG).<\/p>\n<p style=\"text-align: justify\">O substituto faz jus \u00e0 remunera\u00e7\u00e3o da CD&nbsp;ou FG, paga na propor\u00e7\u00e3o dos dias de efetiva substitui\u00e7\u00e3o.<\/p>\n<p style=\"text-align: justify\">Constituem casos de substitui\u00e7\u00e3o os afastamentos do titular em decorr\u00eancia de:<\/p>\n<p style=\"text-align: justify\">a) f\u00e9rias regulamentares;<br \/>\nb) licen\u00e7a para tratamento da pr\u00f3pria sa\u00fade;<br \/>\nc) licen\u00e7a por acidente em servi\u00e7o ou doen\u00e7a profissional;<br \/>\nd) licen\u00e7a \u00e0 gestante, \u00e0 adotante ou licen\u00e7a-paternidade;<br \/>\ne) afastamento do ou no Pa\u00eds, quando o per\u00edodo n\u00e3o exceder a 90 (noventa) dias;<br \/>\nf) licen\u00e7a para casamento;<br \/>\ng) aus\u00eancia por falecimento do c\u00f4njuge, companheiro, pais, madrasta ou padrasto, filhos, enteados, menor sob guarda ou tutela e irm\u00e3os;<br \/>\nh) participa\u00e7\u00e3o em programa de treinamento regularmente institu\u00eddo;<br \/>\ni) j\u00fari e outros servi\u00e7os obrigat\u00f3rios por lei;<br \/>\nj)licen\u00e7a para participa\u00e7\u00e3o em competi\u00e7\u00e3o esportiva nacional ou convoca\u00e7\u00e3o para integrar representa\u00e7\u00e3o desportiva nacional no Pa\u00eds ou no exterior.<\/p>\n<ul>\n<li><strong style=\"color: #008000\"><a href=\"http:\/\/www2.unifap.br\/drh\/files\/2017\/01\/Of\u00edcio-146-2005-COGES-SRH-MP-Afastamentos-Substitui\u00e7\u00e3o.pdf\" target=\"_blank\" rel=\"noopener\"><span style=\"color: #008000\">Of\u00edcio 146\/2005-COGES\/SRH\/MP &#8211; Afastamentos Substitui\u00e7\u00e3o<\/span><\/a><\/strong><\/li>\n<\/ul>\n<p style=\"text-align: justify\">&#8212;&#8212;&#8212;&#8212;&#8212;&#8212;&#8212;&#8212;&#8212;&#8212;&#8212;&#8212;&#8212;&#8212;&#8212;&#8212;&#8212;&#8212;&#8212;&#8212;&#8211;<\/p>\n<p style=\"text-align: justify\"><strong>A <span style=\"color: #0000ff\">PROGEP<\/span> disponibiliza para consulta a Tabela remunerat\u00f3ria dos <span style=\"color: #0000ff\">Cargos de Dire\u00e7\u00e3o (CD)<\/span>&nbsp;e <span style=\"color: #0000ff\">Fun\u00e7\u00f5es Gratificadas (FG)<\/span>&nbsp;&#8211; vig\u00eancia a partir de <span style=\"text-decoration: underline\"><span style=\"color: #008000;text-decoration: underline\">01\/01\/2019&nbsp;<\/span><\/span>&#8211; LEI N\u00ba 13.328, DE 29 DE JULHO DE 2016, ANEXO XX (Anexo III \u00e0 Lei n\u00ba 11.526, de 4 de outubro de 2007)<\/strong><\/p>\n<p><b>Tabela de Remunera\u00e7\u00e3o dos Cargos de Dire\u00e7\u00e3o das IFES &#8211; CD&nbsp;<\/b><br \/>\n<i>Vig\u00eancia&nbsp;a partir de 01.01.2019<\/i><\/p>\n<p><b>CD &#8211; Cargo de Dire\u00e7\u00e3o<\/b><\/p>\n<table>\n<tbody>\n<tr>\n<td style=\"text-align: center\" colspan=\"4\">INTEGRAL<\/td>\n<td colspan=\"2\">OP\u00c7\u00c3O &#8211; 60%<\/td>\n<\/tr>\n<tr>\n<td colspan=\"2\">CD &#8211; 01<\/td>\n<td colspan=\"2\">13.474,12<\/td>\n<td colspan=\"2\"><strong><span style=\"color: #008000\">8.084,47<\/span><\/strong><\/td>\n<\/tr>\n<tr>\n<td colspan=\"2\">CD &#8211; 02<\/td>\n<td colspan=\"2\">11.263,53<\/td>\n<td colspan=\"2\"><span style=\"color: #008000\"><strong>6.758,12<\/strong><\/span><\/td>\n<\/tr>\n<tr>\n<td colspan=\"2\">CD &#8211; 03<\/td>\n<td colspan=\"2\">8.842,39<\/td>\n<td colspan=\"2\"><span style=\"color: #008000\"><strong>5.305,45<\/strong><\/span><\/td>\n<\/tr>\n<tr>\n<td colspan=\"2\">CD &#8211; 04<\/td>\n<td colspan=\"2\">6.421,26<\/td>\n<td colspan=\"2\"><strong><span style=\"color: #008000\">3.852,76<\/span><\/strong><\/td>\n<\/tr>\n<\/tbody>\n<\/table>\n<p><b>Tabela de Remunera\u00e7\u00e3o das Fun\u00e7\u00f5es Gratificadas &#8211; FG<\/b><\/p>\n<p><a title=\"\" href=\"https:\/\/www.planalto.gov.br\/ccivil_03\/_Ato2015-2018\/2016\/Lei\/L13328.htm\" target=\"_blank\" rel=\"noopener\">Lei n\u00ba 13.328, de 29.07.2016<\/a>&nbsp;&#8211;&nbsp;<i>Vig\u00eancia&nbsp;a partir de 01.01.2019<\/i><\/p>\n<p>Valores em Reais (R$)<\/p>\n<table>\n<tbody>\n<tr>\n<td colspan=\"2\">N\u00edvel<\/td>\n<td colspan=\"2\">FG<\/td>\n<td colspan=\"2\">GADF*<\/td>\n<td colspan=\"2\">AGE**<\/td>\n<td colspan=\"2\">TOTAL<\/td>\n<\/tr>\n<tr>\n<td colspan=\"2\">FG &#8211; 01<\/td>\n<td colspan=\"2\">137,26<\/td>\n<td colspan=\"2\">227,86<\/td>\n<td colspan=\"2\">610,39<\/td>\n<td colspan=\"2\"><strong><span style=\"color: #0000ff\">975,51<\/span><\/strong><\/td>\n<\/tr>\n<tr>\n<td colspan=\"2\">FG &#8211; 02<\/td>\n<td colspan=\"2\">117,24<\/td>\n<td colspan=\"2\">1194,62<\/td>\n<td colspan=\"2\">3344,42<\/td>\n<td colspan=\"2\"><span style=\"color: #0000ff\"><strong>656,28<\/strong><\/span><\/td>\n<\/tr>\n<tr>\n<td colspan=\"2\">FG &#8211; 03<\/td>\n<td colspan=\"2\">97,13<\/td>\n<td colspan=\"2\">161,24<\/td>\n<td colspan=\"2\">273,70<\/td>\n<td colspan=\"2\"><span style=\"color: #0000ff\"><strong>532,07<\/strong><\/span><\/td>\n<\/tr>\n<tr>\n<td colspan=\"2\">FG &#8211; 04<\/td>\n<td colspan=\"2\">66,39<\/td>\n<td colspan=\"2\">110,20<\/td>\n<td colspan=\"2\">94,24<\/td>\n<td colspan=\"2\"><strong><span style=\"color: #0000ff\">270,83<\/span><\/strong><\/td>\n<\/tr>\n<tr>\n<td colspan=\"2\">FG &#8211; 05<\/td>\n<td colspan=\"2\">54,65<\/td>\n<td colspan=\"2\">90,71<\/td>\n<td colspan=\"2\">74,39<\/td>\n<td colspan=\"2\"><strong><span style=\"color: #0000ff\">219,75<\/span><\/strong><\/td>\n<\/tr>\n<tr>\n<td colspan=\"2\">&nbsp;<\/td>\n<td colspan=\"2\">&nbsp;<\/td>\n<td colspan=\"2\">&nbsp;<\/td>\n<td colspan=\"2\">&nbsp;<\/td>\n<td colspan=\"2\">&nbsp;<\/td>\n<\/tr>\n<\/tbody>\n<\/table>\n<p>&nbsp;<\/p>\n<p>* Gratifica\u00e7\u00e3o de Atividade pelo Desempenho de Fun\u00e7\u00e3o (art. 15 da&nbsp;<a href=\"https:\/\/www.planalto.gov.br\/ccivil_03\/leis\/ldl\/ldl13.htm\" target=\"_blank\" rel=\"noopener\">Lei Delegada no 13, de 27 de agosto de 1992<\/a>).<\/p>\n<p>** Adicional de Gest\u00e3o Educacional.<\/p>\n<table>\n<tbody>\n<tr>\n<td colspan=\"2\">\n<p align=\"center\"><b>FUN\u00c7\u00c3O DE COORDENADOR DE CURSO<\/b><\/p>\n<\/td>\n<\/tr>\n<tr>\n<td>\n<p align=\"center\">FCC-01<\/p>\n<\/td>\n<td>\n<p align=\"center\"><strong><span style=\"color: #ff0000\">983,18<\/span><\/strong><\/p>\n<p>&nbsp;<\/td>\n<\/tr>\n<\/tbody>\n<\/table>\n<p style=\"text-align: justify\"><em>&nbsp;<\/em><\/p>\n","protected":false},"excerpt":{"rendered":"<p>Exerc\u00edcio de Fun\u00e7\u00f5es Ato de investidura do servidor integrante do quadro da Institui\u00e7\u00e3o, retribu\u00edda com gratifica\u00e7\u00e3o. A Portaria de designa\u00e7\u00e3o para Fun\u00e7\u00e3o Gratificada ser\u00e1 publicada no D.O.U. O ocupante de Fun\u00e7\u00e3o Gratificada deve cumprir obrigatoriamente o regime de tempo integral &#8211; 40 (quarenta) horas semanais de trabalho, podendo ser convocado sempre que houver interesse da&#8230;<\/p>\n","protected":false},"author":685,"featured_media":0,"parent":6482,"menu_order":3,"comment_status":"open","ping_status":"open","template":"fullwidth.php","meta":{"inline_featured_image":false,"ngg_post_thumbnail":0,"footnotes":""},"class_list":["post-6329","page","type-page","status-publish","hentry","entry"],"_links":{"self":[{"href":"http:\/\/www2.unifap.br\/drh\/wp-json\/wp\/v2\/pages\/6329","targetHints":{"allow":["GET"]}}],"collection":[{"href":"http:\/\/www2.unifap.br\/drh\/wp-json\/wp\/v2\/pages"}],"about":[{"href":"http:\/\/www2.unifap.br\/drh\/wp-json\/wp\/v2\/types\/page"}],"author":[{"embeddable":true,"href":"http:\/\/www2.unifap.br\/drh\/wp-json\/wp\/v2\/users\/685"}],"replies":[{"embeddable":true,"href":"http:\/\/www2.unifap.br\/drh\/wp-json\/wp\/v2\/comments?post=6329"}],"version-history":[{"count":26,"href":"http:\/\/www2.unifap.br\/drh\/wp-json\/wp\/v2\/pages\/6329\/revisions"}],"predecessor-version":[{"id":11414,"href":"http:\/\/www2.unifap.br\/drh\/wp-json\/wp\/v2\/pages\/6329\/revisions\/11414"}],"up":[{"embeddable":true,"href":"http:\/\/www2.unifap.br\/drh\/wp-json\/wp\/v2\/pages\/6482"}],"wp:attachment":[{"href":"http:\/\/www2.unifap.br\/drh\/wp-json\/wp\/v2\/media?parent=6329"}],"curies":[{"name":"wp","href":"https:\/\/api.w.org\/{rel}","templated":true}]}}