{"id":6468,"date":"2017-01-25T20:07:06","date_gmt":"2017-01-25T20:07:06","guid":{"rendered":"http:\/\/www2.unifap.br\/drh\/?page_id=6468"},"modified":"2019-05-23T21:37:44","modified_gmt":"2019-05-23T21:37:44","slug":"afastamento-em-razao-de-casamento","status":"publish","type":"page","link":"http:\/\/www2.unifap.br\/drh\/manual-do-servidor\/afastamentos\/afastamento-em-razao-de-casamento\/","title":{"rendered":"Afastamento em Raz\u00e3o de Casamento"},"content":{"rendered":"<p><strong><span style=\"color: #0000ff\">DEFINI\u00c7\u00c3O<\/span><\/strong><\/p>\n<p>Afastamento concedido ao servidor, por 8 dias consecutivos, em raz\u00e3o de casamento (civil).<\/p>\n<p><span style=\"color: #0000ff\">Como solicitar:<\/span><\/p>\n<p>Criar processo eletr\u00f4nico no SIPAC contendo:<\/p>\n<ul>\n<li><span style=\"color: #0000ff\"><a href=\"http:\/\/www2.unifap.br\/drh\/files\/2010\/04\/Requerimento-Geral-EDITADO.pdf\"><span style=\"color: #0000ff\">Requerimento Geral<\/span><\/a><\/span>&nbsp;solicitando o afastamento;<\/li>\n<li>C\u00f3pia autenticada ou conferida com a original da Certid\u00e3o de Casamento Civil ou Religioso.<\/li>\n<li>Encaminhar o processo a Secretaria da Progep &#8211; SEPROGEP<\/li>\n<\/ul>\n<p><span style=\"color: #0000ff\">Legisla\u00e7\u00e3o b\u00e1sica:<\/span><\/p>\n<p>&nbsp;Lei n\u00ba 8.112, de 11 de dezembro de 1990 (Art. 97)<\/p>\n","protected":false},"excerpt":{"rendered":"<p>DEFINI\u00c7\u00c3O Afastamento concedido ao servidor, por 8 dias consecutivos, em raz\u00e3o de casamento (civil). Como solicitar: Criar processo eletr\u00f4nico no SIPAC contendo: Requerimento Geral&nbsp;solicitando o afastamento; C\u00f3pia autenticada ou conferida com a original da Certid\u00e3o de Casamento Civil ou Religioso. Encaminhar o processo a Secretaria da Progep &#8211; SEPROGEP Legisla\u00e7\u00e3o b\u00e1sica: &nbsp;Lei n\u00ba 8.112, de&#8230;<\/p>\n","protected":false},"author":685,"featured_media":0,"parent":6465,"menu_order":1,"comment_status":"open","ping_status":"open","template":"fullwidth.php","meta":{"inline_featured_image":false,"ngg_post_thumbnail":0,"footnotes":""},"class_list":["post-6468","page","type-page","status-publish","hentry","entry"],"_links":{"self":[{"href":"http:\/\/www2.unifap.br\/drh\/wp-json\/wp\/v2\/pages\/6468","targetHints":{"allow":["GET"]}}],"collection":[{"href":"http:\/\/www2.unifap.br\/drh\/wp-json\/wp\/v2\/pages"}],"about":[{"href":"http:\/\/www2.unifap.br\/drh\/wp-json\/wp\/v2\/types\/page"}],"author":[{"embeddable":true,"href":"http:\/\/www2.unifap.br\/drh\/wp-json\/wp\/v2\/users\/685"}],"replies":[{"embeddable":true,"href":"http:\/\/www2.unifap.br\/drh\/wp-json\/wp\/v2\/comments?post=6468"}],"version-history":[{"count":8,"href":"http:\/\/www2.unifap.br\/drh\/wp-json\/wp\/v2\/pages\/6468\/revisions"}],"predecessor-version":[{"id":11562,"href":"http:\/\/www2.unifap.br\/drh\/wp-json\/wp\/v2\/pages\/6468\/revisions\/11562"}],"up":[{"embeddable":true,"href":"http:\/\/www2.unifap.br\/drh\/wp-json\/wp\/v2\/pages\/6465"}],"wp:attachment":[{"href":"http:\/\/www2.unifap.br\/drh\/wp-json\/wp\/v2\/media?parent=6468"}],"curies":[{"name":"wp","href":"https:\/\/api.w.org\/{rel}","templated":true}]}}