{"id":6482,"date":"2017-01-25T20:20:53","date_gmt":"2017-01-25T20:20:53","guid":{"rendered":"http:\/\/www2.unifap.br\/drh\/?page_id=6482"},"modified":"2019-05-27T20:24:54","modified_gmt":"2019-05-27T20:24:54","slug":"remuneracao","status":"publish","type":"page","link":"http:\/\/www2.unifap.br\/drh\/manual-do-servidor\/remuneracao\/","title":{"rendered":"Remunera\u00e7\u00e3o"},"content":{"rendered":"\t\t<div data-elementor-type=\"wp-post\" data-elementor-id=\"6482\" class=\"elementor elementor-6482 elementor-bc-flex-widget\">\n\t\t\t\t\t\t<section class=\"elementor-section elementor-top-section elementor-element elementor-element-6937c0a7 elementor-section-boxed elementor-section-height-default elementor-section-height-default\" data-id=\"6937c0a7\" data-element_type=\"section\" data-e-type=\"section\">\n\t\t\t\t\t\t<div class=\"elementor-container elementor-column-gap-default\">\n\t\t\t\t\t<div class=\"elementor-column elementor-col-100 elementor-top-column elementor-element elementor-element-5633eb6\" data-id=\"5633eb6\" data-element_type=\"column\" data-e-type=\"column\">\n\t\t\t<div class=\"elementor-widget-wrap elementor-element-populated\">\n\t\t\t\t\t\t<div class=\"elementor-element elementor-element-6c116dce elementor-widget elementor-widget-text-editor\" data-id=\"6c116dce\" data-element_type=\"widget\" data-e-type=\"widget\" data-widget_type=\"text-editor.default\">\n\t\t\t\t<div class=\"elementor-widget-container\">\n\t\t\t\t\t\t\t\t\t<p style=\"text-align: center;\">\u00a0<a href=\"http:\/\/www2.unifap.br\/drh\/files\/2017\/01\/remunera\u00e7\u00e3o.png\"><img decoding=\"async\" class=\"alignnone size-full wp-image-7464\" src=\"http:\/\/www2.unifap.br\/drh\/files\/2017\/01\/remunera\u00e7\u00e3o.png\" alt=\"remunera\u00e7\u00e3o\" width=\"200\" height=\"200\" srcset=\"http:\/\/www2.unifap.br\/drh\/files\/2017\/01\/remunera\u00e7\u00e3o.png 200w, http:\/\/www2.unifap.br\/drh\/files\/2017\/01\/remunera\u00e7\u00e3o-150x150.png 150w, http:\/\/www2.unifap.br\/drh\/files\/2017\/01\/remunera\u00e7\u00e3o-70x70.png 70w\" sizes=\"(max-width: 200px) 100vw, 200px\" \/><\/a><\/p><p style=\"text-align: center;\"><strong>Informa\u00e7\u00f5es nos links abaixo<\/strong><\/p>\t\t\t\t\t\t\t\t<\/div>\n\t\t\t\t<\/div>\n\t\t\t\t<div class=\"elementor-element elementor-element-6056420 elementor-button-danger elementor-align-left elementor-invisible elementor-widget elementor-widget-button\" data-id=\"6056420\" data-element_type=\"widget\" data-e-type=\"widget\" data-settings=\"{&quot;_animation&quot;:&quot;fadeInRight&quot;}\" data-widget_type=\"button.default\">\n\t\t\t\t<div class=\"elementor-widget-container\">\n\t\t\t\t\t\t\t\t\t<div class=\"elementor-button-wrapper\">\n\t\t\t\t\t<a class=\"elementor-button elementor-button-link elementor-size-md elementor-animation-pulse-shrink\" href=\"http:\/\/www2.unifap.br\/drh\/servicos-de-recursos-humanos\/remuneracao\/vencimento-basico-pcctae\/\">\n\t\t\t\t\t\t<span class=\"elementor-button-content-wrapper\">\n\t\t\t\t\t\t<span class=\"elementor-button-icon\">\n\t\t\t\t\t\t\t\t\t<i class=\"fa fa-dollar\" aria-hidden=\"true\"><\/i>\n\t\t\t\t\t\t\t<\/span>\n\t\t\t\t\t\t\t\t\t<span class=\"elementor-button-text\">T\u00e9cnico-Administrativo<\/span>\n\t\t\t\t\t<\/span>\n\t\t\t\t\t<\/a>\n\t\t\t\t<\/div>\n\t\t\t\t\t\t\t\t<\/div>\n\t\t\t\t<\/div>\n\t\t\t\t<div class=\"elementor-element elementor-element-c3b57ed elementor-button-danger elementor-align-left elementor-invisible elementor-widget elementor-widget-button\" data-id=\"c3b57ed\" data-element_type=\"widget\" data-e-type=\"widget\" data-settings=\"{&quot;_animation&quot;:&quot;bounce&quot;}\" data-widget_type=\"button.default\">\n\t\t\t\t<div class=\"elementor-widget-container\">\n\t\t\t\t\t\t\t\t\t<div class=\"elementor-button-wrapper\">\n\t\t\t\t\t<a class=\"elementor-button elementor-button-link elementor-size-md elementor-animation-pulse-shrink\" href=\"http:\/\/www2.unifap.br\/drh\/servicos-de-recursos-humanos\/remuneracao\/tabela-de-vencimentos-professor-do-magisterio-superior\/\">\n\t\t\t\t\t\t<span class=\"elementor-button-content-wrapper\">\n\t\t\t\t\t\t<span class=\"elementor-button-icon\">\n\t\t\t\t\t\t\t\t\t<i class=\"fa fa-dollar\" aria-hidden=\"true\"><\/i>\n\t\t\t\t\t\t\t<\/span>\n\t\t\t\t\t\t\t\t\t<span class=\"elementor-button-text\">Professor do Magist\u00e9rio Superior<\/span>\n\t\t\t\t\t<\/span>\n\t\t\t\t\t<\/a>\n\t\t\t\t<\/div>\n\t\t\t\t\t\t\t\t<\/div>\n\t\t\t\t<\/div>\n\t\t\t\t<div class=\"elementor-element elementor-element-9fc5a68 elementor-button-danger elementor-align-left elementor-invisible elementor-widget elementor-widget-button\" data-id=\"9fc5a68\" data-element_type=\"widget\" data-e-type=\"widget\" data-settings=\"{&quot;_animation&quot;:&quot;lightSpeedIn&quot;}\" data-widget_type=\"button.default\">\n\t\t\t\t<div class=\"elementor-widget-container\">\n\t\t\t\t\t\t\t\t\t<div class=\"elementor-button-wrapper\">\n\t\t\t\t\t<a class=\"elementor-button elementor-button-link elementor-size-md elementor-animation-pulse-shrink\" href=\"http:\/\/www2.unifap.br\/drh\/servicos-de-recursos-humanos\/remuneracao\/tabela-remuneratoria-fg-e-cd\/\">\n\t\t\t\t\t\t<span class=\"elementor-button-content-wrapper\">\n\t\t\t\t\t\t<span class=\"elementor-button-icon\">\n\t\t\t\t\t\t\t\t\t<i class=\"fa fa-dollar\" aria-hidden=\"true\"><\/i>\n\t\t\t\t\t\t\t<\/span>\n\t\t\t\t\t\t\t\t\t<span class=\"elementor-button-text\">Cargos de Dire\u00e7\u00e3o e Fun\u00e7\u00f5es Gratificadas (CD e FG)<\/span>\n\t\t\t\t\t<\/span>\n\t\t\t\t\t<\/a>\n\t\t\t\t<\/div>\n\t\t\t\t\t\t\t\t<\/div>\n\t\t\t\t<\/div>\n\t\t\t\t<div class=\"elementor-element elementor-element-0799aa7 elementor-button-danger elementor-align-left elementor-invisible elementor-widget elementor-widget-button\" data-id=\"0799aa7\" data-element_type=\"widget\" data-e-type=\"widget\" data-settings=\"{&quot;_animation&quot;:&quot;rollIn&quot;}\" data-widget_type=\"button.default\">\n\t\t\t\t<div class=\"elementor-widget-container\">\n\t\t\t\t\t\t\t\t\t<div class=\"elementor-button-wrapper\">\n\t\t\t\t\t<a class=\"elementor-button elementor-button-link elementor-size-md elementor-animation-pulse-shrink\" href=\"http:\/\/www2.unifap.br\/drh\/servicos-de-recursos-humanos\/remuneracao\/tabela-de-percentuais-de-incentivo-a-qualificacao\/\">\n\t\t\t\t\t\t<span class=\"elementor-button-content-wrapper\">\n\t\t\t\t\t\t<span class=\"elementor-button-icon\">\n\t\t\t\t\t\t\t\t\t<i class=\"fa fa-dollar\" aria-hidden=\"true\"><\/i>\n\t\t\t\t\t\t\t<\/span>\n\t\t\t\t\t\t\t\t\t<span class=\"elementor-button-text\">Percentuais de Incentivo \u00e0 Qualifica\u00e7\u00e3o<\/span>\n\t\t\t\t\t<\/span>\n\t\t\t\t\t<\/a>\n\t\t\t\t<\/div>\n\t\t\t\t\t\t\t\t<\/div>\n\t\t\t\t<\/div>\n\t\t\t\t<div class=\"elementor-element elementor-element-408969f elementor-button-danger elementor-align-left elementor-invisible elementor-widget elementor-widget-button\" data-id=\"408969f\" data-element_type=\"widget\" data-e-type=\"widget\" data-settings=\"{&quot;_animation&quot;:&quot;zoomInLeft&quot;}\" data-widget_type=\"button.default\">\n\t\t\t\t<div class=\"elementor-widget-container\">\n\t\t\t\t\t\t\t\t\t<div class=\"elementor-button-wrapper\">\n\t\t\t\t\t<a class=\"elementor-button elementor-button-link elementor-size-md elementor-animation-pulse-shrink\" href=\"http:\/\/www2.unifap.br\/drh\/servicos-de-recursos-humanos\/remuneracao\/gratificacao-por-encargo-de-curso-e-concurso\/\">\n\t\t\t\t\t\t<span class=\"elementor-button-content-wrapper\">\n\t\t\t\t\t\t<span class=\"elementor-button-icon\">\n\t\t\t\t\t\t\t\t\t<i class=\"fa fa-dollar\" aria-hidden=\"true\"><\/i>\n\t\t\t\t\t\t\t<\/span>\n\t\t\t\t\t\t\t\t\t<span class=\"elementor-button-text\">Gratifica\u00e7\u00e3o por Encargo de Curso e Concurso<\/span>\n\t\t\t\t\t<\/span>\n\t\t\t\t\t<\/a>\n\t\t\t\t<\/div>\n\t\t\t\t\t\t\t\t<\/div>\n\t\t\t\t<\/div>\n\t\t\t\t\t<\/div>\n\t\t<\/div>\n\t\t\t\t\t<\/div>\n\t\t<\/section>\n\t\t\t\t<\/div>\n\t\t","protected":false},"excerpt":{"rendered":"<p>\u00a0 Informa\u00e7\u00f5es nos links abaixo T\u00e9cnico-Administrativo Professor do Magist\u00e9rio Superior Cargos de Dire\u00e7\u00e3o e Fun\u00e7\u00f5es Gratificadas (CD e FG) Percentuais de Incentivo \u00e0 Qualifica\u00e7\u00e3o Gratifica\u00e7\u00e3o por Encargo de Curso e Concurso<\/p>\n","protected":false},"author":685,"featured_media":0,"parent":1831,"menu_order":5,"comment_status":"open","ping_status":"open","template":"fullwidth.php","meta":{"inline_featured_image":false,"ngg_post_thumbnail":0,"footnotes":""},"class_list":["post-6482","page","type-page","status-publish","hentry","entry"],"_links":{"self":[{"href":"http:\/\/www2.unifap.br\/drh\/wp-json\/wp\/v2\/pages\/6482","targetHints":{"allow":["GET"]}}],"collection":[{"href":"http:\/\/www2.unifap.br\/drh\/wp-json\/wp\/v2\/pages"}],"about":[{"href":"http:\/\/www2.unifap.br\/drh\/wp-json\/wp\/v2\/types\/page"}],"author":[{"embeddable":true,"href":"http:\/\/www2.unifap.br\/drh\/wp-json\/wp\/v2\/users\/685"}],"replies":[{"embeddable":true,"href":"http:\/\/www2.unifap.br\/drh\/wp-json\/wp\/v2\/comments?post=6482"}],"version-history":[{"count":21,"href":"http:\/\/www2.unifap.br\/drh\/wp-json\/wp\/v2\/pages\/6482\/revisions"}],"predecessor-version":[{"id":11696,"href":"http:\/\/www2.unifap.br\/drh\/wp-json\/wp\/v2\/pages\/6482\/revisions\/11696"}],"up":[{"embeddable":true,"href":"http:\/\/www2.unifap.br\/drh\/wp-json\/wp\/v2\/pages\/1831"}],"wp:attachment":[{"href":"http:\/\/www2.unifap.br\/drh\/wp-json\/wp\/v2\/media?parent=6482"}],"curies":[{"name":"wp","href":"https:\/\/api.w.org\/{rel}","templated":true}]}}