{"id":6494,"date":"2017-01-25T20:38:24","date_gmt":"2017-01-25T20:38:24","guid":{"rendered":"http:\/\/www2.unifap.br\/drh\/?page_id=6494"},"modified":"2019-05-23T21:34:41","modified_gmt":"2019-05-23T21:34:41","slug":"licenca-a-adotante-ou-prorrogacao","status":"publish","type":"page","link":"http:\/\/www2.unifap.br\/drh\/manual-do-servidor\/licencas\/licenca-a-adotante-ou-prorrogacao\/","title":{"rendered":"Licen\u00e7a \u00e0 Adotante e Prorroga\u00e7\u00e3o"},"content":{"rendered":"<p style=\"text-align: justify\"><span style=\"color: #0000ff\"><strong>DEFINI\u00c7\u00c3O<\/strong><\/span><\/p>\n<p style=\"text-align: justify\">Prazo que era de 90 dias se equipara ao da licen\u00e7a-gestante<\/p>\n<p style=\"text-align: justify\">A Secretaria de Gest\u00e3o de Pessoas e Rela\u00e7\u00f5es do Trabalho no Servi\u00e7o P\u00fablico do Minist\u00e9rio do Planejamento, Desenvolvimento e Gest\u00e3o (Segrt\/MP) determinou aos \u00f3rg\u00e3os e entidades do Poder Executivo Federal a equipara\u00e7\u00e3o dos prazos da licen\u00e7a-gestante com a licen\u00e7a-adotante nos atos de concess\u00e3o do benef\u00edcio.<\/p>\n<p style=\"text-align: justify\">At\u00e9 ent\u00e3o, o per\u00edodo de licen\u00e7a autorizado aos servidores p\u00fablicos federais nos casos de ado\u00e7\u00e3o tinha o prazo de 90 dias com possibilidade de prorroga\u00e7\u00e3o por mais 30, totalizando 120 dias. Com o per\u00edodo igualado ao da licen\u00e7a-gestante, o prazo foi ampliado para 120 dias, podendo ser prorrogado mais 60, totalizando 180 dias.<\/p>\n<p style=\"text-align: justify\">A concess\u00e3o de licen\u00e7a-adotante n\u00e3o \u00e9 exclusiva para mulheres, sendo um direito assegurado tamb\u00e9m a&nbsp;servidores do sexo masculino, n\u00e3o importando se solteiros, casados, em rela\u00e7\u00e3o heterossexual ou homoafetiva.<\/p>\n<p>Fonte:&nbsp;<span style=\"color: #0000ff\"><a href=\"http:\/\/www.planejamento.gov.br\/noticias\/servidores-do-executivo-federal-que-adotam-filhos-ganham-direito-a-120-dias-de-licenca\"><span style=\"color: #0000ff\">Aqui<\/span><\/a><\/span><\/p>\n<p>Documentos dispon\u00edveis:<\/p>\n<ul>\n<li><span style=\"color: #0000ff\"><a href=\"http:\/\/www2.unifap.br\/drh\/files\/2017\/02\/Parecer-AGU-n%C2%BA-003-2016.pdf\"><span style=\"color: #0000ff\">Parecer AGU n\u00ba 003\/2016<\/span><\/a><\/span><\/li>\n<li><span style=\"color: #0000ff\"><a href=\"http:\/\/www2.unifap.br\/drh\/files\/2017\/02\/OF%C3%8DCIO-CIRCULAR-14-2017.pdf\"><span style=\"color: #0000ff\">Of\u00edcio Circular n\u00ba 14\/2017-MP<\/span><\/a><\/span><\/li>\n<\/ul>\n<p style=\"text-align: justify\"><span style=\"color: #0000ff\">Como solicitar:<\/span><\/p>\n<p style=\"text-align: justify\">Criar processo eletr\u00f4nico no SIPAC contendo:<\/p>\n<ul style=\"text-align: justify\">\n<li><a href=\"http:\/\/www2.unifap.br\/drh\/files\/2010\/04\/Requerimento-para-Licen%C3%A7a-Adotante1.pdf\"><span style=\"color: #0000ff\">Requerimento de Licen\u00e7a \u00e0 Adotante<\/span><\/a>&nbsp;solicitando a licen\u00e7a \u00e0 adotante;<\/li>\n<li>C\u00f3pia autenticada ou conferida com a original de documento comprobat\u00f3rio da ado\u00e7\u00e3o ou guarda judicial.<\/li>\n<\/ul>\n<p>O processo eletr\u00f4nico deve ser encaminhado a Secretaria da Progep \u2013 SEPROGEP<\/p>\n<p style=\"text-align: justify\"><span style=\"color: #0000ff\">Legisla\u00e7\u00e3o b\u00e1sica:<\/span><\/p>\n<p style=\"text-align: justify\">&nbsp;Lei n\u00ba 8.112, de 11 de dezembro de 1990 (Art. 210)<\/p>\n<p style=\"text-align: justify\"><span style=\"color: #000000\"><a href=\"http:\/\/www.planalto.gov.br\/ccivil_03\/_ato2007-2010\/2008\/decreto\/d6690.htm\"><span style=\"color: #000000\">Decreto n\u00ba 6.690, de 11 de dezembro de 2008<\/span><\/a><\/span><\/p>\n<p style=\"text-align: justify\"><span style=\"color: #000000\"><a href=\"http:\/\/www2.unifap.br\/drh\/files\/2017\/01\/NOTA-T\u00c9CNICA-150-2014.pdf\"><span style=\"color: #000000\">Nota T\u00e9cnica n\u00ba 150\/2014\/CGNOR\/DENOP\/SEGEP\/MP<\/span><\/a><\/span><\/p>\n<p style=\"text-align: justify\"><span style=\"color: #0000ff\"><span style=\"color: #0000ff\"><span style=\"color: #000000\"><a href=\"http:\/\/www2.unifap.br\/drh\/files\/2017\/01\/OF\u00cdCIO-CIRCULAR-14-2017.pdf\"><span style=\"color: #000000\">Of\u00edcio Circular &nbsp;n\u00ba 14\/2017-MP<\/span><\/a>&nbsp;&#8211;<\/span>&nbsp;<span style=\"color: #000000\">Equipara\u00e7\u00e3o. Licen\u00e7a-gestante. Licen\u00e7a-adotante.<\/span><\/span><\/span><\/p>\n","protected":false},"excerpt":{"rendered":"<p>DEFINI\u00c7\u00c3O Prazo que era de 90 dias se equipara ao da licen\u00e7a-gestante A Secretaria de Gest\u00e3o de Pessoas e Rela\u00e7\u00f5es do Trabalho no Servi\u00e7o P\u00fablico do Minist\u00e9rio do Planejamento, Desenvolvimento e Gest\u00e3o (Segrt\/MP) determinou aos \u00f3rg\u00e3os e entidades do Poder Executivo Federal a equipara\u00e7\u00e3o dos prazos da licen\u00e7a-gestante com a licen\u00e7a-adotante nos atos de concess\u00e3o&#8230;<\/p>\n","protected":false},"author":685,"featured_media":0,"parent":6480,"menu_order":3,"comment_status":"open","ping_status":"open","template":"fullwidth.php","meta":{"inline_featured_image":false,"ngg_post_thumbnail":0,"footnotes":""},"class_list":["post-6494","page","type-page","status-publish","hentry","entry"],"_links":{"self":[{"href":"http:\/\/www2.unifap.br\/drh\/wp-json\/wp\/v2\/pages\/6494","targetHints":{"allow":["GET"]}}],"collection":[{"href":"http:\/\/www2.unifap.br\/drh\/wp-json\/wp\/v2\/pages"}],"about":[{"href":"http:\/\/www2.unifap.br\/drh\/wp-json\/wp\/v2\/types\/page"}],"author":[{"embeddable":true,"href":"http:\/\/www2.unifap.br\/drh\/wp-json\/wp\/v2\/users\/685"}],"replies":[{"embeddable":true,"href":"http:\/\/www2.unifap.br\/drh\/wp-json\/wp\/v2\/comments?post=6494"}],"version-history":[{"count":12,"href":"http:\/\/www2.unifap.br\/drh\/wp-json\/wp\/v2\/pages\/6494\/revisions"}],"predecessor-version":[{"id":11559,"href":"http:\/\/www2.unifap.br\/drh\/wp-json\/wp\/v2\/pages\/6494\/revisions\/11559"}],"up":[{"embeddable":true,"href":"http:\/\/www2.unifap.br\/drh\/wp-json\/wp\/v2\/pages\/6480"}],"wp:attachment":[{"href":"http:\/\/www2.unifap.br\/drh\/wp-json\/wp\/v2\/media?parent=6494"}],"curies":[{"name":"wp","href":"https:\/\/api.w.org\/{rel}","templated":true}]}}