{"id":6512,"date":"2017-01-25T20:56:08","date_gmt":"2017-01-25T20:56:08","guid":{"rendered":"http:\/\/www2.unifap.br\/drh\/?page_id=6512"},"modified":"2024-07-18T21:35:39","modified_gmt":"2024-07-19T00:35:39","slug":"licenca-para-atividade-politica","status":"publish","type":"page","link":"http:\/\/www2.unifap.br\/drh\/manual-do-servidor\/licencas\/licenca-para-atividade-politica\/","title":{"rendered":"Licen\u00e7a para Atividade Pol\u00edtica"},"content":{"rendered":"\t\t<div data-elementor-type=\"wp-page\" data-elementor-id=\"6512\" class=\"elementor elementor-6512\">\n\t\t\t\t\t\t<section class=\"elementor-section elementor-top-section elementor-element elementor-element-6afeeff elementor-section-boxed elementor-section-height-default elementor-section-height-default\" data-id=\"6afeeff\" data-element_type=\"section\" data-e-type=\"section\">\n\t\t\t\t\t\t<div class=\"elementor-container elementor-column-gap-default\">\n\t\t\t\t\t<div class=\"elementor-column elementor-col-100 elementor-top-column elementor-element elementor-element-a2784ea\" data-id=\"a2784ea\" data-element_type=\"column\" data-e-type=\"column\">\n\t\t\t<div class=\"elementor-widget-wrap elementor-element-populated\">\n\t\t\t\t\t\t<div class=\"elementor-element elementor-element-6cd3e58 elementor-widget elementor-widget-heading\" data-id=\"6cd3e58\" data-element_type=\"widget\" data-e-type=\"widget\" data-widget_type=\"heading.default\">\n\t\t\t\t<div class=\"elementor-widget-container\">\n\t\t\t\t\t<h2 class=\"elementor-heading-title elementor-size-default\">LICEN\u00c7A PARA ATIVIDADE POL\u00cdTICA<\/h2>\t\t\t\t<\/div>\n\t\t\t\t<\/div>\n\t\t\t\t\t<\/div>\n\t\t<\/div>\n\t\t\t\t\t<\/div>\n\t\t<\/section>\n\t\t\t\t<section class=\"elementor-section elementor-top-section elementor-element elementor-element-1ebddba1 elementor-section-boxed elementor-section-height-default elementor-section-height-default\" data-id=\"1ebddba1\" data-element_type=\"section\" data-e-type=\"section\">\n\t\t\t\t\t\t<div class=\"elementor-container elementor-column-gap-default\">\n\t\t\t\t\t<div class=\"elementor-column elementor-col-100 elementor-top-column elementor-element elementor-element-6707bfa9\" data-id=\"6707bfa9\" data-element_type=\"column\" data-e-type=\"column\">\n\t\t\t<div class=\"elementor-widget-wrap elementor-element-populated\">\n\t\t\t\t\t\t<div class=\"elementor-element elementor-element-7ce0c03f elementor-widget elementor-widget-text-editor\" data-id=\"7ce0c03f\" data-element_type=\"widget\" data-e-type=\"widget\" data-widget_type=\"text-editor.default\">\n\t\t\t\t<div class=\"elementor-widget-container\">\n\t\t\t\t\t\t\t\t\t<h2 style=\"text-align: justify\"><span style=\"color: #0000ff\"><strong>DEFINI\u00c7\u00c3O<\/strong><\/span><\/h2><p style=\"text-align: justify\">Licen\u00e7a concedida ao servidor para candidatar-se a cargo eletivo federal, estadual, municipal ou distrital, observados os requisitos legais.<\/p><h2 style=\"text-align: justify\"><span style=\"color: #0000ff\"><strong>REQUISITO B\u00c1SICO<\/strong><\/span><\/h2><p>Candidatura a cargo eletivo federal, estadual, municipal ou distrital.<\/p><h2><span style=\"color: #0000ff\"><strong>COMO SOLICITAR<\/strong><\/span><\/h2><p>Requerente faz abertura do processo administrativo no SIPAC e anexa a seguinte documenta\u00e7\u00e3o:<\/p><p>\u00a0<\/p><p>JUNTAMENTE COM O PEDIDO DE DESINCOMPATIBILIDADE ELEITORAL<\/p><ol><li><strong><a href=\"https:\/\/www2.unifap.br\/drh\/requerimento-de-licenca-para-atividade-politica-docx\/\" rel=\"attachment wp-att-18660\">Requerimento de Licen\u00e7a para Atividade Pol\u00edtica<\/a>\u00a0<\/strong>devidamente preenchido e assinado pelo servidor e sua chefia imedita (somente assinatura digital do GOV.br)<\/li><li>Certid\u00e3o de filia\u00e7\u00e3o partid\u00e1ria;<\/li><li>Ata da conven\u00e7\u00e3o partid\u00e1ria onde conste o servidor como candidato ou pr\u00e9 candidato;<\/li><li>Nos casos de servidor ocupante de cargo de dire\u00e7\u00e3o- CD ou fun\u00e7\u00e3o gratificada \u2013 FG\/FUC, anexar <a href=\"https:\/\/www2.unifap.br\/drh\/files\/2022\/12\/1-REQUERIMENTO-EXONERACAO.NOMEACAO-DISP.DESIG-Documentos-Google.pdf\">formul\u00e1rio de dispensa do cargo ou fun\u00e7\u00e3o<\/a>;<\/li><\/ol><p>AP\u00d3S O RESGISTRO DA CANDIDATURA\u00a0<\/p><ol><li>Certid\u00e3o emitida pela Justi\u00e7a Eleitoral informando sobre o deferimento do Registro da Candidatura (exig\u00eancia da Lei n\u00b0 8.112\/90).<\/li><li>Declara\u00e7\u00e3o ou outro documento que comprove o registro da candidatura junto ao \u00f3rg\u00e3o eleitoral; e<\/li><li>Manifesta\u00e7\u00e3o da autoridade competente para confirmar o exerc\u00edcio das atividades, compet\u00eancia ou interesse, direta, indireta ou eventual, no lan\u00e7amento, arrecada\u00e7\u00e3o ou fiscaliza\u00e7\u00e3o de impostos, taxas e contribui\u00e7\u00f5es de car\u00e1ter obrigat\u00f3rio, inclusive parafiscais, ou para aplicar multas relacionadas com essas atividades.<\/li><\/ol><h2>\u00a0<\/h2><h2><span style=\"color: #0000ff\"><strong>FLUXO DO PROCESSO<\/strong><\/span><\/h2><table width=\"643\" cellspacing=\"0\" cellpadding=\"2\"><thead><tr><th width=\"51\"><p align=\"center\">Etapa<\/p><\/th><th width=\"144\"><p>Unidade<\/p><\/th><th width=\"434\"><p>Procedimento<\/p><\/th><\/tr><\/thead><tbody><tr><td width=\"51\"><p align=\"center\">1<\/p><\/td><td width=\"144\"><p>Requerente ou Unidade de Lota\u00e7\u00e3o do Requerente<\/p><\/td><td width=\"434\"><p>Abrir processo via SIPAC e anexar a documenta\u00e7\u00e3o acima descrita.<\/p><\/td><\/tr><tr><td width=\"51\"><p align=\"center\">2<\/p><\/td><td width=\"144\"><p>SEPROGEP<\/p><\/td><td width=\"434\"><p>Receber o processo e verificar se o mesmo foi corretamente instruido.<\/p><\/td><\/tr><tr><td width=\"51\"><p align=\"center\">3<\/p><\/td><td width=\"144\"><p>DAP<\/p><\/td><td width=\"434\"><p>Faz a an\u00e1lise do requerimento, anexa Ficha Funcional e Relat\u00f3rio de F\u00e9rias e Afastamentos.<\/p><\/td><\/tr><tr><td width=\"51\"><p align=\"center\">4<\/p><\/td><td width=\"144\"><p>DILEP<\/p><\/td><td width=\"434\"><p>Emite Parecer T\u00e9cnico<\/p><\/td><\/tr><tr><td width=\"51\"><p align=\"center\">5<\/p><\/td><td width=\"144\"><p>DAP<\/p><\/td><td width=\"434\"><p>Emite decis\u00e3o final e solicita emiss\u00e3o de portaria<\/p><\/td><\/tr><tr><td width=\"51\"><p align=\"center\">6<\/p><\/td><td width=\"144\"><p>SRMS<\/p><\/td><td width=\"434\"><p>Realiza a emiss\u00e3o e publica\u00e7\u00e3o da Portaria<\/p><\/td><\/tr><tr><td width=\"51\"><p align=\"center\">7<\/p><\/td><td width=\"144\"><p>DIC<\/p><\/td><td width=\"434\"><p>Realiza os lan\u00e7amentos sist\u00eamicos da portaria.<\/p><\/td><\/tr><tr><td width=\"51\"><p align=\"center\">8<\/p><\/td><td width=\"144\"><p>DIPSA<\/p><\/td><td width=\"434\"><p>Para ajustes financeiros na remunera\u00e7\u00e3o do servidor.<\/p><\/td><\/tr><tr><td width=\"51\"><p align=\"center\">9<\/p><\/td><td width=\"144\"><p>SEPROGEP<\/p><\/td><td width=\"434\"><p>Para notificar o servidor e chefia imediata quanto a efetiva\u00e7\u00e3o e finaliza\u00e7\u00e3o da licen\u00e7a.<\/p><\/td><\/tr><tr><td width=\"51\"><p align=\"center\">10<\/p><\/td><td width=\"144\"><p>Arquivo PROGEP<\/p><\/td><td width=\"434\"><p>Arquivamento<\/p><\/td><\/tr><\/tbody><\/table><h2><span style=\"color: #0000ff\"><strong>INFORMA\u00c7\u00d5ES IMPORTANTES<\/strong><\/span><\/h2><p><strong>SOBRE A LICEN\u00c7A<\/strong><\/p><ul><li><p>Ser\u00e1 concedida licen\u00e7a para atividade pol\u00edtica, sem remunera\u00e7\u00e3o, ao servidor durante o per\u00edodo compreendido entre sua escolha como candidato em conven\u00e7\u00e3o partid\u00e1ria e a v\u00e9spera do registro de sua candidatura perante a Justi\u00e7a Eleitoral (Of\u00edcio-Circular N\u00ba 9\/2021\/DAJ\/COLEP\/CGGP\/SAA-MEC).<\/p><\/li><li>Ser\u00e1 concedida licen\u00e7a para atividade pol\u00edtica, com remunera\u00e7\u00e3o, ao servidor a partir do dia imediato ao do registro de sua candidatura perante a Justi\u00e7a Eleitoral, at\u00e9 o d\u00e9cimo dia seguinte ao do pleito, assegurados os vencimentos do cargo efetivo, somente pelo per\u00edodo de tr\u00eas meses (Of\u00edcio-Circular N\u00ba 9\/2021\/DAJ\/COLEP\/CGGP\/SAA-MEC).<\/li><li>O per\u00edodo de Licen\u00e7a para Atividade Pol\u00edtica, com remunera\u00e7\u00e3o, contar-se-\u00e1 apenas para fins de aposentadoria e disponibilidade e, sem remunera\u00e7\u00e3o, n\u00e3o ser\u00e1 contado para nenhum fim (Of\u00edcio-Circular N\u00ba 9\/2021\/DAJ\/COLEP\/CGGP\/SAA-MEC).<\/li><li>Durante o per\u00edodo de licen\u00e7a, ficam exclu\u00eddos da remunera\u00e7\u00e3o os seguintes benef\u00edcios: aux\u00edlio-transporte, aux\u00edlio alimenta\u00e7\u00e3o, adicional de insalubridade e adicional de periculosidade (Of\u00edcio-Circular N\u00ba 9\/2021\/DAJ\/COLEP\/CGGP\/SAA-MEC).<\/li><li>No caso de servidor que exer\u00e7a cargo de dire\u00e7\u00e3o, chefia, assessoramento, arrecada\u00e7\u00e3o ou fiscaliza\u00e7\u00e3o, dele ser\u00e1 afastado, a partir do dia imediato ao do registro de sua candidatura perante a Justi\u00e7a Eleitoral, at\u00e9 o d\u00e9cimo dia seguinte ao do pleito.<\/li><li>Contar-se-\u00e1 apenas para efeito de aposentadoria e disponibilidade o per\u00edodo de Licen\u00e7a para Atividade Pol\u00edtica com remunera\u00e7\u00e3o.<\/li><li>Ao servidor em Est\u00e1gio Probat\u00f3rio poder\u00e1 ser concedida a licen\u00e7a, ficando o Est\u00e1gio Probat\u00f3rio suspenso durante a licen\u00e7a e retomado a partir do t\u00e9rmino do impedimento.<\/li><\/ul><p><strong>DESINCOMPATIBILIZA\u00c7\u00c3O<\/strong><\/p><ul><li>O servidor que deseja concorrer a cargo eletivo deve se desincompatibilizar do cargo p\u00fablico\/fun\u00e7\u00e3o exercida. A desincompatibiliza\u00e7\u00e3o \u00e9 o afastamento obrigat\u00f3rio de cargo p\u00fablico do servidor que for se candidatar. A desincompatibiliza\u00e7\u00e3o deve ocorrer at\u00e9 03 (tr\u00eas) meses antes do primeiro turno das elei\u00e7\u00f5es, sendo assegurados os vencimentos.<\/li><li>Caso o prazo estipulado para desincompatibiliza\u00e7\u00e3o do cargo ou fun\u00e7\u00e3o p\u00fablica n\u00e3o seja respeitado, o servidor poder\u00e1 ser considerado ineleg\u00edvel pela Justi\u00e7a Eleitoral, conforme a determina a Lei Complementar n\u00ba 64\/1009.<\/li><li>O servidor far\u00e1 jus \u00e0 licen\u00e7a remunerada ap\u00f3s o registro de sua candidatura pela Justi\u00e7a Eleitoral, de acordo com o \u00a7 2\u00b0 do art. 86 da Lei n\u00b0 8.112, de 1990, ou quando esta n\u00e3o ocorrer at\u00e9 o per\u00edodo de desincompatibiliza\u00e7\u00e3o de que trata o art. 1\u00b0, II, letra L, c\/c incisos V e VI do mesmo artigo, da Lei complementar n\u00b0 64, de 1990, no terceiro m\u00eas antecedente ao pleito eleitoral. (Item 14 da Nota T\u00e9cnica CGNOR\/DENOP\/SEGEP\/MP n\u00b0296\/2012)<\/li><li>Caso n\u00e3o seja poss\u00edvel a apresenta\u00e7\u00e3o da Certid\u00e3o emitida pela Justi\u00e7a Eleitoral no prazo limite para desincompatibiliza\u00e7\u00e3o exigido pela Justi\u00e7a Eleitoral, em raz\u00e3o do calend\u00e1rio eleitoral, preenchidos os requisitos, o servidor poder\u00e1 ser licenciado, no entanto, a documenta\u00e7\u00e3o dever\u00e1 ser apresentada at\u00e9 o segundo dia \u00fatil seguinte \u00e0 realiza\u00e7\u00e3o da conven\u00e7\u00e3o partid\u00e1ria, sob pena de cassa\u00e7\u00e3o da licen\u00e7a, nos moldes da Nota Informativa SEI n\u00ba 7\/2019\/DIDLA\/CGDIM\/DEPRO\/SGP\/SEDGG-ME.<\/li><\/ul><h2>\u00a0<\/h2><h2 style=\"text-align: justify\"><span style=\"color: #0000ff\"><strong>LEGISLA\u00c7\u00c3O<\/strong><\/span><\/h2><p style=\"text-align: justify\">Lei n\u00ba 8.112, de 11 de dezembro de 1990 (Art. 20, 86 e 103, inciso III);<\/p><p style=\"text-align: justify\">Lei n\u00ba 9.527, de 10\/12\/1997;<\/p><p style=\"text-align: justify\">Lei Complementar n\u00b0 64, de 21\/05\/90;<\/p><p>Instru\u00e7\u00e3o Normativa 34\/2021\/SGP\/SEDGG\/ME.<\/p>\t\t\t\t\t\t\t\t<\/div>\n\t\t\t\t<\/div>\n\t\t\t\t\t<\/div>\n\t\t<\/div>\n\t\t\t\t\t<\/div>\n\t\t<\/section>\n\t\t\t\t<\/div>\n\t\t","protected":false},"excerpt":{"rendered":"<p>LICEN\u00c7A PARA ATIVIDADE POL\u00cdTICA DEFINI\u00c7\u00c3O Licen\u00e7a concedida ao servidor para candidatar-se a cargo eletivo federal, estadual, municipal ou distrital, observados os requisitos legais. REQUISITO B\u00c1SICO Candidatura a cargo eletivo federal, estadual, municipal ou distrital. COMO SOLICITAR Requerente faz abertura do processo administrativo no SIPAC e anexa a seguinte documenta\u00e7\u00e3o: \u00a0 JUNTAMENTE COM O PEDIDO DE&#8230;<\/p>\n","protected":false},"author":685,"featured_media":0,"parent":6480,"menu_order":6,"comment_status":"open","ping_status":"open","template":"","meta":{"inline_featured_image":false,"ngg_post_thumbnail":0,"footnotes":""},"class_list":["post-6512","page","type-page","status-publish","hentry","entry"],"_links":{"self":[{"href":"http:\/\/www2.unifap.br\/drh\/wp-json\/wp\/v2\/pages\/6512","targetHints":{"allow":["GET"]}}],"collection":[{"href":"http:\/\/www2.unifap.br\/drh\/wp-json\/wp\/v2\/pages"}],"about":[{"href":"http:\/\/www2.unifap.br\/drh\/wp-json\/wp\/v2\/types\/page"}],"author":[{"embeddable":true,"href":"http:\/\/www2.unifap.br\/drh\/wp-json\/wp\/v2\/users\/685"}],"replies":[{"embeddable":true,"href":"http:\/\/www2.unifap.br\/drh\/wp-json\/wp\/v2\/comments?post=6512"}],"version-history":[{"count":8,"href":"http:\/\/www2.unifap.br\/drh\/wp-json\/wp\/v2\/pages\/6512\/revisions"}],"predecessor-version":[{"id":18668,"href":"http:\/\/www2.unifap.br\/drh\/wp-json\/wp\/v2\/pages\/6512\/revisions\/18668"}],"up":[{"embeddable":true,"href":"http:\/\/www2.unifap.br\/drh\/wp-json\/wp\/v2\/pages\/6480"}],"wp:attachment":[{"href":"http:\/\/www2.unifap.br\/drh\/wp-json\/wp\/v2\/media?parent=6512"}],"curies":[{"name":"wp","href":"https:\/\/api.w.org\/{rel}","templated":true}]}}