{"id":6514,"date":"2017-01-25T20:59:20","date_gmt":"2017-01-25T20:59:20","guid":{"rendered":"http:\/\/www2.unifap.br\/drh\/?page_id=6514"},"modified":"2019-05-23T18:44:18","modified_gmt":"2019-05-23T18:44:18","slug":"licenca-para-desempenho-de-mandato-classista","status":"publish","type":"page","link":"http:\/\/www2.unifap.br\/drh\/manual-do-servidor\/licencas\/licenca-para-desempenho-de-mandato-classista\/","title":{"rendered":"Licen\u00e7a para desempenho de Mandato Classista"},"content":{"rendered":"<p style=\"text-align: justify\"><span style=\"color: #0000ff\"><strong>DEFINI\u00c7\u00c3O<\/strong><\/span><\/p>\n<ul style=\"text-align: justify\">\n<li><strong>Licen\u00e7a sem remunera\u00e7\u00e3o concedida para o desempenho de mandato em confedera\u00e7\u00e3o, federa\u00e7\u00e3o, associa\u00e7\u00e3o de classe de \u00e2mbito nacional, sindicato representativo da categoria ou entidade fiscalizadora da profiss\u00e3o;<\/strong><\/li>\n<li><strong>Somente poder\u00e3o ser licenciados servidores eleitos para cargos de dire\u00e7\u00e3o ou representa\u00e7\u00e3o nas referidas entidades, desde que cadastradas no Minist\u00e9rio da Administra\u00e7\u00e3o Federal e Reforma do Estado;<\/strong><\/li>\n<li><strong>A licen\u00e7a ter\u00e1 dura\u00e7\u00e3o igual \u00e0 do mandato, podendo ser prorrogada, no caso de reelei\u00e7\u00e3o, e por uma \u00fanica vez.<\/strong><\/li>\n<\/ul>\n<p style=\"text-align: justify\"><span style=\"color: #0000ff\"><strong>Como solicitar<\/strong><\/span><\/p>\n<p style=\"text-align: justify\"><strong>Abrir processo eletr\u00f4nico no SIPAC contendo:<\/strong><\/p>\n<p style=\"text-align: justify\"><strong>&#8211;&nbsp;<span style=\"color: #0000ff\"><a href=\"http:\/\/www2.unifap.br\/drh\/files\/2010\/04\/Requerimento-Geral-EDITADO.pdf\"><span style=\"color: #0000ff\">Requerimento Geral<\/span><\/a><\/span><\/strong><strong>&nbsp;solicitando a licen\u00e7a;<\/strong><\/p>\n<p style=\"text-align: justify\"><strong>&#8211; C\u00f3pia do registro da entidade de classe;<\/strong><\/p>\n<p style=\"text-align: justify\"><strong>&#8211; Documento comprobat\u00f3rio da elei\u00e7\u00e3o do servidor para o mandado classista.<\/strong><\/p>\n<p style=\"text-align: justify\"><span style=\"color: #0000ff\"><strong>Legisla\u00e7\u00e3o b\u00e1sica:<\/strong><\/span><\/p>\n<p style=\"text-align: justify\"><strong>&nbsp;Lei n\u00ba 8.112, de 11 de dezembro de 1990 (Art. 81, 82, 92 e 94)<\/strong><\/p>\n","protected":false},"excerpt":{"rendered":"<p>DEFINI\u00c7\u00c3O Licen\u00e7a sem remunera\u00e7\u00e3o concedida para o desempenho de mandato em confedera\u00e7\u00e3o, federa\u00e7\u00e3o, associa\u00e7\u00e3o de classe de \u00e2mbito nacional, sindicato representativo da categoria ou entidade fiscalizadora da profiss\u00e3o; Somente poder\u00e3o ser licenciados servidores eleitos para cargos de dire\u00e7\u00e3o ou representa\u00e7\u00e3o nas referidas entidades, desde que cadastradas no Minist\u00e9rio da Administra\u00e7\u00e3o Federal e Reforma do Estado;&#8230;<\/p>\n","protected":false},"author":685,"featured_media":0,"parent":6480,"menu_order":7,"comment_status":"open","ping_status":"open","template":"fullwidth.php","meta":{"inline_featured_image":false,"ngg_post_thumbnail":0,"footnotes":""},"class_list":["post-6514","page","type-page","status-publish","hentry","entry"],"_links":{"self":[{"href":"http:\/\/www2.unifap.br\/drh\/wp-json\/wp\/v2\/pages\/6514","targetHints":{"allow":["GET"]}}],"collection":[{"href":"http:\/\/www2.unifap.br\/drh\/wp-json\/wp\/v2\/pages"}],"about":[{"href":"http:\/\/www2.unifap.br\/drh\/wp-json\/wp\/v2\/types\/page"}],"author":[{"embeddable":true,"href":"http:\/\/www2.unifap.br\/drh\/wp-json\/wp\/v2\/users\/685"}],"replies":[{"embeddable":true,"href":"http:\/\/www2.unifap.br\/drh\/wp-json\/wp\/v2\/comments?post=6514"}],"version-history":[{"count":3,"href":"http:\/\/www2.unifap.br\/drh\/wp-json\/wp\/v2\/pages\/6514\/revisions"}],"predecessor-version":[{"id":11484,"href":"http:\/\/www2.unifap.br\/drh\/wp-json\/wp\/v2\/pages\/6514\/revisions\/11484"}],"up":[{"embeddable":true,"href":"http:\/\/www2.unifap.br\/drh\/wp-json\/wp\/v2\/pages\/6480"}],"wp:attachment":[{"href":"http:\/\/www2.unifap.br\/drh\/wp-json\/wp\/v2\/media?parent=6514"}],"curies":[{"name":"wp","href":"https:\/\/api.w.org\/{rel}","templated":true}]}}