{"id":6520,"date":"2017-01-25T21:11:28","date_gmt":"2017-01-25T21:11:28","guid":{"rendered":"http:\/\/www2.unifap.br\/drh\/?page_id=6520"},"modified":"2019-05-23T21:34:15","modified_gmt":"2019-05-23T21:34:15","slug":"licenca-para-tratamento-de-saude","status":"publish","type":"page","link":"http:\/\/www2.unifap.br\/drh\/manual-do-servidor\/licencas\/licenca-para-tratamento-de-saude\/","title":{"rendered":"Licen\u00e7a para Tratamento de Sa\u00fade"},"content":{"rendered":"<p style=\"text-align: justify\"><span style=\"color: #0000ff\"><strong>DEFINI\u00c7\u00c3O<\/strong><\/span><\/p>\n<p style=\"text-align: justify\">&nbsp;\u00c9 um direito que o servidor faz jus para tratamento de sua sa\u00fade sem preju\u00edzo de sua remunera\u00e7\u00e3o.<\/p>\n<p style=\"text-align: justify\"><span style=\"color: #0000ff\"><em>Licen\u00e7as Dispensadas de Per\u00edcia:<\/em><\/span><\/p>\n<p style=\"text-align: justify\">&#8211; at\u00e9 05 dias consecutivos.<\/p>\n<p style=\"text-align: justify\">&#8211; somat\u00f3rio dos dias de afastamento n\u00e3o ultrapasse 14 dias num per\u00edodo de 12 meses, contanto a partir do primeiro dia de afastamento.<\/p>\n<p style=\"text-align: justify\">&nbsp;Os atestados, para serem aceitos sem necessidade de per\u00edcia, devem conter:<\/p>\n<ul style=\"text-align: justify\">\n<li>Nome da patologia conforme C\u00f3digo Internacional de Doen\u00e7as (CID);<\/li>\n<li>N\u00famero do Conselho Regional de Medicina \u2013 CRM, ou do Conselho Regional de Odontologia \u2013 CRO;<\/li>\n<li>Identifica\u00e7\u00e3o do servidor e do profissional emitente;<\/li>\n<li>Tempo de Afastamento e data, todos leg\u00edveis.<\/li>\n<\/ul>\n<p style=\"text-align: justify\">No caso do atestado n\u00e3o atender as regras estabelecidas pelo SIASS, acima, ou no caso do servidor optar por n\u00e3o especificar o diagn\u00f3stico de sua doen\u00e7a no atestado, este dever\u00e1 se submeter a exame pericial ainda que se trate de atestados inferiores ou iguais a cinco dias.<\/p>\n<p style=\"text-align: justify\"><span style=\"color: #0000ff\">&nbsp;<em>Licen\u00e7as n\u00e3o dispensadas de Per\u00edcia:<\/em><\/span><\/p>\n<p style=\"text-align: justify\">&#8211; atestados a partir de 06 dias consecutivos.<\/p>\n<p style=\"text-align: justify\">&#8211; quando o servidor completar 15 dias de afastamento no per\u00edodo de 12 meses, contado a partir do primeiro dia de afastamento.<\/p>\n","protected":false},"excerpt":{"rendered":"<p>DEFINI\u00c7\u00c3O &nbsp;\u00c9 um direito que o servidor faz jus para tratamento de sua sa\u00fade sem preju\u00edzo de sua remunera\u00e7\u00e3o. Licen\u00e7as Dispensadas de Per\u00edcia: &#8211; at\u00e9 05 dias consecutivos. &#8211; somat\u00f3rio dos dias de afastamento n\u00e3o ultrapasse 14 dias num per\u00edodo de 12 meses, contanto a partir do primeiro dia de afastamento. &nbsp;Os atestados, para serem&#8230;<\/p>\n","protected":false},"author":685,"featured_media":0,"parent":6480,"menu_order":9,"comment_status":"open","ping_status":"open","template":"fullwidth.php","meta":{"inline_featured_image":false,"ngg_post_thumbnail":0,"footnotes":""},"class_list":["post-6520","page","type-page","status-publish","hentry","entry"],"_links":{"self":[{"href":"http:\/\/www2.unifap.br\/drh\/wp-json\/wp\/v2\/pages\/6520","targetHints":{"allow":["GET"]}}],"collection":[{"href":"http:\/\/www2.unifap.br\/drh\/wp-json\/wp\/v2\/pages"}],"about":[{"href":"http:\/\/www2.unifap.br\/drh\/wp-json\/wp\/v2\/types\/page"}],"author":[{"embeddable":true,"href":"http:\/\/www2.unifap.br\/drh\/wp-json\/wp\/v2\/users\/685"}],"replies":[{"embeddable":true,"href":"http:\/\/www2.unifap.br\/drh\/wp-json\/wp\/v2\/comments?post=6520"}],"version-history":[{"count":3,"href":"http:\/\/www2.unifap.br\/drh\/wp-json\/wp\/v2\/pages\/6520\/revisions"}],"predecessor-version":[{"id":11558,"href":"http:\/\/www2.unifap.br\/drh\/wp-json\/wp\/v2\/pages\/6520\/revisions\/11558"}],"up":[{"embeddable":true,"href":"http:\/\/www2.unifap.br\/drh\/wp-json\/wp\/v2\/pages\/6480"}],"wp:attachment":[{"href":"http:\/\/www2.unifap.br\/drh\/wp-json\/wp\/v2\/media?parent=6520"}],"curies":[{"name":"wp","href":"https:\/\/api.w.org\/{rel}","templated":true}]}}