{"id":7267,"date":"2017-02-15T18:59:50","date_gmt":"2017-02-15T18:59:50","guid":{"rendered":"http:\/\/www2.unifap.br\/drh\/?page_id=7267"},"modified":"2019-09-04T20:42:09","modified_gmt":"2019-09-04T20:42:09","slug":"gratificacao-por-encargo-de-curso-e-concurso","status":"publish","type":"page","link":"http:\/\/www2.unifap.br\/drh\/manual-do-servidor\/remuneracao\/gratificacao-por-encargo-de-curso-e-concurso\/","title":{"rendered":"Gratifica\u00e7\u00e3o por Encargo de Curso e Concurso"},"content":{"rendered":"\t\t<div data-elementor-type=\"wp-post\" data-elementor-id=\"7267\" class=\"elementor elementor-7267 elementor-bc-flex-widget\">\n\t\t\t\t\t\t<section class=\"elementor-section elementor-top-section elementor-element elementor-element-5badd51c elementor-section-boxed elementor-section-height-default elementor-section-height-default\" data-id=\"5badd51c\" data-element_type=\"section\" data-e-type=\"section\">\n\t\t\t\t\t\t<div class=\"elementor-container elementor-column-gap-default\">\n\t\t\t\t\t<div class=\"elementor-column elementor-col-100 elementor-top-column elementor-element elementor-element-8694a4d\" data-id=\"8694a4d\" data-element_type=\"column\" data-e-type=\"column\">\n\t\t\t<div class=\"elementor-widget-wrap elementor-element-populated\">\n\t\t\t\t\t\t<div class=\"elementor-element elementor-element-ab19334 elementor-view-default elementor-widget elementor-widget-icon\" data-id=\"ab19334\" data-element_type=\"widget\" data-e-type=\"widget\" data-widget_type=\"icon.default\">\n\t\t\t\t<div class=\"elementor-widget-container\">\n\t\t\t\t\t\t\t<div class=\"elementor-icon-wrapper\">\n\t\t\t<div class=\"elementor-icon elementor-animation-shrink\">\n\t\t\t\t\t\t\t<i class=\"fa fa-copy\" aria-hidden=\"true\"><\/i>\n\t\t\t\t\t\t<\/div>\n\t\t<\/div>\n\t\t\t\t\t\t<\/div>\n\t\t\t\t<\/div>\n\t\t\t\t<div class=\"elementor-element elementor-element-f48d4fc elementor-widget elementor-widget-heading\" data-id=\"f48d4fc\" data-element_type=\"widget\" data-e-type=\"widget\" data-widget_type=\"heading.default\">\n\t\t\t\t<div class=\"elementor-widget-container\">\n\t\t\t\t\t<h2 class=\"elementor-heading-title elementor-size-large\">Lesgisla\u00e7\u00e3o<\/h2>\t\t\t\t<\/div>\n\t\t\t\t<\/div>\n\t\t\t\t<div class=\"elementor-element elementor-element-34c2d0ae elementor-widget elementor-widget-text-editor\" data-id=\"34c2d0ae\" data-element_type=\"widget\" data-e-type=\"widget\" data-widget_type=\"text-editor.default\">\n\t\t\t\t<div class=\"elementor-widget-container\">\n\t\t\t\t\t\t\t\t\t<p><strong><a href=\"http:\/\/www.planalto.gov.br\/ccivil_03\/_Ato2007-2010\/2007\/Decreto\/D6114.htm\">Decreto N\u00ba 6.114\/2007 <\/a>&#8211;<\/strong> Pagamento da Gratifica\u00e7\u00e3o por Encargo de Curso ou Concurso<\/p><p><strong><a href=\"http:\/\/www2.unifap.br\/drh\/files\/2017\/02\/Portaria-MEC-GECC1084_2008-.pdf\">Portaria N\u00ba 1084\/2008-MEC<\/a>\u00a0&#8211;<\/strong> Regulamenta\u00e7\u00e3o da GECC<\/p><p><span style=\"color: #0000ff;\"><span style=\"color: #0000ff;\"><strong><a href=\"http:\/\/www2.unifap.br\/drh\/files\/2019\/05\/3424-2019-SGP.pdf\">Portaria n\u00ba 3424\/2019-SGP<\/a>&#8211;<\/strong>\u00a0<\/span><\/span>Divulga o valor do menor e maior vencimento b\u00e1sico da Administra\u00e7\u00e3o P\u00fablica federal, para efeito de pagamento de aux\u00edlio-natalidade, de que trata o art. 196 da Lei n\u00ba 8.112, de 11 de dezembro de 1990, e para efeitos de pagamento da gratifica\u00e7\u00e3o por encargo de curso ou concurso, de que trata o art. 76-A da Lei n\u00ba 8.112, de 11 de dezembro de 1990)<\/p><p><strong><a href=\"http:\/\/www.planalto.gov.br\/ccivil_03\/_ato2015-2018\/2017\/decreto\/D9185.htm\" target=\"_blank\" rel=\"noopener\">Decreto N\u00ba 9.185\/2017<\/a>\u00a0<\/strong><span style=\"color: #0000ff;\"><span style=\"color: #000000;\">&#8211;\u00a0Altera o Decreto n\u00ba 6.114, de 15 de maio de 2007, que regulamenta o pagamento da Gratifica\u00e7\u00e3o por Encargo de Curso ou Concurso de que trata o art. 76-A da Lei n\u00ba 8.112, de 11 de dezembro de 1990.<\/span><\/span><\/p><p style=\"text-align: justify;\"><span style=\"color: #008000;\"><strong>TABELA DE VALORES DE PAGAMENTO<\/strong><\/span><\/p><p style=\"text-align: justify;\"><strong>Vig\u00eancia a partir 29\/04\/2019\u00a0<\/strong>(clique no link abaixo para acessar o documento)<\/p>\t\t\t\t\t\t\t\t<\/div>\n\t\t\t\t<\/div>\n\t\t\t\t<div class=\"elementor-element elementor-element-88d8824 elementor-widget elementor-widget-accordion\" data-id=\"88d8824\" data-element_type=\"widget\" data-e-type=\"widget\" data-widget_type=\"accordion.default\">\n\t\t\t\t<div class=\"elementor-widget-container\">\n\t\t\t\t\t\t\t<div class=\"elementor-accordion\">\n\t\t\t\t\t\t\t<div class=\"elementor-accordion-item\">\n\t\t\t\t\t<div id=\"elementor-tab-title-1431\" class=\"elementor-tab-title\" data-tab=\"1\" role=\"button\" aria-controls=\"elementor-tab-content-1431\" aria-expanded=\"false\">\n\t\t\t\t\t\t\t\t\t\t\t\t\t<span class=\"elementor-accordion-icon elementor-accordion-icon-left\" aria-hidden=\"true\">\n\t\t\t\t\t\t\t\t\t\t\t\t\t\t\t<i class=\"elementor-accordion-icon-closed fa fa-arrow-circle-down\"><\/i>\n\t\t\t\t\t\t\t\t<i class=\"elementor-accordion-icon-opened fa fa-arrow-circle-up\"><\/i>\n\t\t\t\t\t\t\t\t\t\t\t\t\t\t<\/span>\n\t\t\t\t\t\t\t\t\t\t\t\t<a class=\"elementor-accordion-title\" tabindex=\"0\">Tabela de Pagamento - Gratifica\u00e7\u00e3o por Encargo de Curso e Concurso<\/a>\n\t\t\t\t\t<\/div>\n\t\t\t\t\t<div id=\"elementor-tab-content-1431\" class=\"elementor-tab-content elementor-clearfix\" data-tab=\"1\" role=\"region\" aria-labelledby=\"elementor-tab-title-1431\"><p><strong><a href=\"http:\/\/www2.unifap.br\/drh\/files\/2019\/09\/Tabela-de-Pagamento-\u2013-Gratifica\u00e7\u00e3o-por-Encargo-de-Curso-e-Concurso.pdf\">Tabela de Pagamento \u2013 Gratifica\u00e7\u00e3o por Encargo de Curso e Concurso<\/a><\/strong><\/p><\/div>\n\t\t\t\t<\/div>\n\t\t\t\t\t\t\t\t<\/div>\n\t\t\t\t\t\t<\/div>\n\t\t\t\t<\/div>\n\t\t\t\t\t<\/div>\n\t\t<\/div>\n\t\t\t\t\t<\/div>\n\t\t<\/section>\n\t\t\t\t<\/div>\n\t\t","protected":false},"excerpt":{"rendered":"<p>Lesgisla\u00e7\u00e3o Decreto N\u00ba 6.114\/2007 &#8211; Pagamento da Gratifica\u00e7\u00e3o por Encargo de Curso ou Concurso Portaria N\u00ba 1084\/2008-MEC\u00a0&#8211; Regulamenta\u00e7\u00e3o da GECC Portaria n\u00ba 3424\/2019-SGP&#8211;\u00a0Divulga o valor do menor e maior vencimento b\u00e1sico da Administra\u00e7\u00e3o P\u00fablica federal, para efeito de pagamento de aux\u00edlio-natalidade, de que trata o art. 196 da Lei n\u00ba 8.112, de 11 de dezembro&#8230;<\/p>\n","protected":false},"author":685,"featured_media":0,"parent":6482,"menu_order":5,"comment_status":"open","ping_status":"open","template":"fullwidth.php","meta":{"inline_featured_image":false,"ngg_post_thumbnail":0,"footnotes":""},"class_list":["post-7267","page","type-page","status-publish","hentry","entry"],"_links":{"self":[{"href":"http:\/\/www2.unifap.br\/drh\/wp-json\/wp\/v2\/pages\/7267","targetHints":{"allow":["GET"]}}],"collection":[{"href":"http:\/\/www2.unifap.br\/drh\/wp-json\/wp\/v2\/pages"}],"about":[{"href":"http:\/\/www2.unifap.br\/drh\/wp-json\/wp\/v2\/types\/page"}],"author":[{"embeddable":true,"href":"http:\/\/www2.unifap.br\/drh\/wp-json\/wp\/v2\/users\/685"}],"replies":[{"embeddable":true,"href":"http:\/\/www2.unifap.br\/drh\/wp-json\/wp\/v2\/comments?post=7267"}],"version-history":[{"count":23,"href":"http:\/\/www2.unifap.br\/drh\/wp-json\/wp\/v2\/pages\/7267\/revisions"}],"predecessor-version":[{"id":12362,"href":"http:\/\/www2.unifap.br\/drh\/wp-json\/wp\/v2\/pages\/7267\/revisions\/12362"}],"up":[{"embeddable":true,"href":"http:\/\/www2.unifap.br\/drh\/wp-json\/wp\/v2\/pages\/6482"}],"wp:attachment":[{"href":"http:\/\/www2.unifap.br\/drh\/wp-json\/wp\/v2\/media?parent=7267"}],"curies":[{"name":"wp","href":"https:\/\/api.w.org\/{rel}","templated":true}]}}