{"id":7718,"date":"2017-05-08T11:26:26","date_gmt":"2017-05-08T11:26:26","guid":{"rendered":"http:\/\/www2.unifap.br\/drh\/?page_id=7718"},"modified":"2017-05-08T11:26:26","modified_gmt":"2017-05-08T11:26:26","slug":"projeto-movimente-se","status":"publish","type":"page","link":"http:\/\/www2.unifap.br\/drh\/saude-do-servidor\/projeto-movimente-se\/","title":{"rendered":"Projeto Movimente-se"},"content":{"rendered":"<p style=\"text-align: justify\"><strong>A\u00a0<span style=\"color: #0000ff\">Pr\u00f3-Reitoria de Gest\u00e3o de Pessoas \u2013 PROGEP\/UNIFAP<\/span>, por meio da Divis\u00e3o de Qualidade de Vida \u2013 DQV\/DDP convida os servidores e dependentes para participar do\u00a0<span style=\"color: #008000\">PROJETO MOVIMENTE-SE<\/span>, com atividades f\u00edsicas conduzidas pelo prof\u00ba Thiago Cardoso, toda ter\u00e7a-feira e quinta-feira no hor\u00e1rio das 17h \u00e0s 17h45.<\/strong><\/p>\n<p style=\"text-align: justify\"><strong>O encontro ser\u00e1 na sala anexo do Departamento de Desenvolvimento de Pessoas -DDP, no pr\u00e9dio do Centro de Viv\u00eancias.<\/strong><br \/>\n<strong><\/strong><\/p>\n<p style=\"text-align: justify\"><strong>Inscri\u00e7\u00f5es abertas!<\/strong><\/p>\n<p style=\"text-align: center\"><a href=\"http:\/\/www2.unifap.br\/drh\/files\/2017\/05\/movimente-se.jpg\"><img fetchpriority=\"high\" decoding=\"async\" class=\"alignnone size-full wp-image-7716\" alt=\"movimente-se\" src=\"http:\/\/www2.unifap.br\/drh\/files\/2017\/05\/movimente-se.jpg\" width=\"480\" height=\"480\" srcset=\"http:\/\/www2.unifap.br\/drh\/files\/2017\/05\/movimente-se.jpg 480w, http:\/\/www2.unifap.br\/drh\/files\/2017\/05\/movimente-se-150x150.jpg 150w, http:\/\/www2.unifap.br\/drh\/files\/2017\/05\/movimente-se-300x300.jpg 300w, http:\/\/www2.unifap.br\/drh\/files\/2017\/05\/movimente-se-70x70.jpg 70w\" sizes=\"(max-width: 480px) 100vw, 480px\" \/><\/a><\/p>\n","protected":false},"excerpt":{"rendered":"<p>A\u00a0Pr\u00f3-Reitoria de Gest\u00e3o de Pessoas \u2013 PROGEP\/UNIFAP, por meio da Divis\u00e3o de Qualidade de Vida \u2013 DQV\/DDP convida os servidores e dependentes para participar do\u00a0PROJETO MOVIMENTE-SE, com atividades f\u00edsicas conduzidas pelo prof\u00ba Thiago Cardoso, toda ter\u00e7a-feira e quinta-feira no hor\u00e1rio das 17h \u00e0s 17h45. O encontro ser\u00e1 na sala anexo do Departamento de Desenvolvimento de&#8230;<\/p>\n","protected":false},"author":685,"featured_media":0,"parent":5270,"menu_order":6,"comment_status":"open","ping_status":"open","template":"","meta":{"inline_featured_image":false,"ngg_post_thumbnail":0,"footnotes":""},"class_list":["post-7718","page","type-page","status-publish","hentry","entry"],"_links":{"self":[{"href":"http:\/\/www2.unifap.br\/drh\/wp-json\/wp\/v2\/pages\/7718","targetHints":{"allow":["GET"]}}],"collection":[{"href":"http:\/\/www2.unifap.br\/drh\/wp-json\/wp\/v2\/pages"}],"about":[{"href":"http:\/\/www2.unifap.br\/drh\/wp-json\/wp\/v2\/types\/page"}],"author":[{"embeddable":true,"href":"http:\/\/www2.unifap.br\/drh\/wp-json\/wp\/v2\/users\/685"}],"replies":[{"embeddable":true,"href":"http:\/\/www2.unifap.br\/drh\/wp-json\/wp\/v2\/comments?post=7718"}],"version-history":[{"count":1,"href":"http:\/\/www2.unifap.br\/drh\/wp-json\/wp\/v2\/pages\/7718\/revisions"}],"predecessor-version":[{"id":7719,"href":"http:\/\/www2.unifap.br\/drh\/wp-json\/wp\/v2\/pages\/7718\/revisions\/7719"}],"up":[{"embeddable":true,"href":"http:\/\/www2.unifap.br\/drh\/wp-json\/wp\/v2\/pages\/5270"}],"wp:attachment":[{"href":"http:\/\/www2.unifap.br\/drh\/wp-json\/wp\/v2\/media?parent=7718"}],"curies":[{"name":"wp","href":"https:\/\/api.w.org\/{rel}","templated":true}]}}