{"id":7724,"date":"2017-05-09T11:46:18","date_gmt":"2017-05-09T11:46:18","guid":{"rendered":"http:\/\/www2.unifap.br\/drh\/?page_id=7724"},"modified":"2019-05-22T14:15:24","modified_gmt":"2019-05-22T14:15:24","slug":"edital-de-remocao","status":"publish","type":"page","link":"http:\/\/www2.unifap.br\/drh\/progep-2\/processos-seletivos\/1o-concurso-remocao\/edital-de-remocao\/","title":{"rendered":"Editais &#8211; 1\u00ba Concurso de Remo\u00e7\u00e3o &#8211; 2017"},"content":{"rendered":"<h2 align=\"center\"><span style=\"color: #0000ff\"><b>EDITAL 01\/2017-COMISS\u00c3O DE REMO\u00c7\u00c3O\/UNIFAP &#8211; PROCESSO SELETIVO DE REMO\u00c7\u00c3O DE SERVIDORES T\u00c9CNICO-ADMINISTRATIVOS<\/b><\/span><\/h2>\n<p>&nbsp;<\/p>\n<p style=\"text-align: justify\"><span style=\"color: #000000\"><strong>A Presidente da Comiss\u00e3o do Processo Seletivo de Remo\u00e7\u00e3o de Servidores T\u00e9cnico-administrativos, no uso de suas atribui\u00e7\u00f5es e considerando o que consta no Art. 36, III, \u201cc\u201d, da Lei n\u00ba 8.112\/1990, na Resolu\u00e7\u00e3o n\u00ba 019\/2016 \u2013 CONSU\/UNIFAP e na Portaria n\u00ba 0763\/2017-UNIFAP.<\/strong><\/span><\/p>\n<p style=\"text-align: justify\"><span style=\"color: #000000\"><strong>RESOLVE:<\/strong><\/span><\/p>\n<p style=\"text-align: justify\"><span style=\"color: #000000\"><strong>Tornar p\u00fablica a abertura das inscri\u00e7\u00f5es para o Processo Seletivo de Remo\u00e7\u00e3o de Servidores T\u00e9cnico-administrativos no \u00e2mbito dos <i>campi<\/i> da Universidade Federal do Amap\u00e1.<\/strong><\/span><\/p>\n<p>&nbsp;<\/p>\n<table border=\"1\" cellspacing=\"0\" cellpadding=\"0\">\n<tbody>\n<tr>\n<td valign=\"top\" width=\"73\">\n<p align=\"center\"><span style=\"color: #0000ff\"><b>ORDEM<\/b><\/span><\/p>\n<\/td>\n<td valign=\"top\" width=\"378\">\n<p align=\"center\"><span style=\"color: #0000ff\"><b>DOCUMENTO<\/b><\/span><\/p>\n<\/td>\n<td valign=\"top\" width=\"125\">\n<p align=\"center\"><span style=\"color: #0000ff\"><b>LINK<\/b><\/span><\/p>\n<\/td>\n<\/tr>\n<tr>\n<td style=\"text-align: center\" valign=\"top\" width=\"73\"><span style=\"color: #000000\"><strong>&nbsp;01.<\/strong><\/span><\/td>\n<td style=\"text-align: center\" valign=\"top\" width=\"378\">\n<p align=\"center\"><span style=\"color: #000000\"><b>EDITAL 01\/2017-COMISS\u00c3O DE REMO\u00c7\u00c3O\/UNIFAP &#8211;&nbsp;<\/b><b>PROCESSO SELETIVO DE REMO\u00c7\u00c3O DE SERVIDORES T\u00c9CNICO-ADMINISTRATIVOS &#8211; Retificado<\/b><\/span><\/p>\n<\/td>\n<td style=\"text-align: center\" valign=\"top\" width=\"125\"><strong>&lt;&lt;<span style=\"color: #008000\"><a href=\"http:\/\/www2.unifap.br\/drh\/files\/2017\/05\/EDITAL-01-2017-COMISS\u00c3O-DE-REMO\u00c7\u00c3O-UNIFAP-PROCESSO-SELETIVO-DE-REMO\u00c7\u00c3O-DE-SERVIDORES-T\u00c9CNICO-ADMINISTRATIVOS2.pdf\"><span style=\"color: #008000\">Aqui<\/span><\/a><\/span>&gt;&gt;&nbsp;<\/strong><\/td>\n<\/tr>\n<tr>\n<td style=\"text-align: center\" valign=\"top\" width=\"73\"><span style=\"color: #000000\"><strong>&nbsp;02.<\/strong><\/span><\/td>\n<td style=\"text-align: center\" valign=\"top\" width=\"378\"><span style=\"color: #000000\"><strong>&nbsp;Formul\u00e1rio de Recurso<\/strong><\/span><\/td>\n<td style=\"text-align: center\" valign=\"top\" width=\"125\"><span style=\"color: #000000\"><strong><strong>&lt;&lt;<span style=\"color: #008000\"><a href=\"http:\/\/www2.unifap.br\/drh\/files\/2017\/05\/FORMUL\u00c1RIO-RECURSO.pdf\"><span style=\"color: #008000\">Aqui<\/span><\/a><\/span>&gt;&gt;&nbsp;<\/strong><\/strong><\/span><\/td>\n<\/tr>\n<tr>\n<td style=\"text-align: center\" valign=\"top\" width=\"73\"><span style=\"color: #000000\"><strong>&nbsp;03.<\/strong><\/span><\/td>\n<td style=\"text-align: center\" valign=\"top\" width=\"378\"><span style=\"color: #000000\"><strong>&nbsp;Inscri\u00e7\u00f5es Homologadas<\/strong><\/span><\/td>\n<td style=\"text-align: center\" valign=\"top\" width=\"125\"><span style=\"color: #000000\"><strong>&nbsp;&lt;&lt;<span style=\"color: #008000\"><a href=\"http:\/\/www2.unifap.br\/drh\/files\/2017\/05\/EDITAL-01-2017-COMISS\u00c3O-DE-REMO\u00c7\u00c3O-UNIFAP-INSCRI\u00c7\u00d5ES-HOMOLOGADAS.pdf\"><span style=\"color: #008000\">Aqui<\/span><\/a><\/span>&gt;&gt;<\/strong><\/span><\/td>\n<\/tr>\n<tr>\n<td style=\"text-align: center\" valign=\"top\" width=\"73\"><span style=\"color: #000000\"><strong>&nbsp;04.<\/strong><\/span><\/td>\n<td style=\"text-align: center\" valign=\"top\" width=\"378\"><span style=\"color: #000000\"><strong>&nbsp;Resultado Preliminar<\/strong><\/span><\/td>\n<td style=\"text-align: center\" valign=\"top\" width=\"125\"><span style=\"color: #000000\"><strong>&nbsp;&lt;&lt;<span style=\"color: #008000\"><a href=\"http:\/\/www2.unifap.br\/drh\/files\/2017\/05\/EDITAL-01-2017-COMISS\u00c3O-DE-REMO\u00c7\u00c3O-UNIFAP-RESULTADO-PRELIMINAR1.pdf\"><span style=\"color: #008000\">Aqui<\/span><\/a><\/span>&gt;&gt;<\/strong><\/span><\/td>\n<\/tr>\n<tr>\n<td style=\"text-align: center\" valign=\"top\" width=\"73\"><span style=\"color: #000000\"><strong>&nbsp;05.<\/strong><\/span><\/td>\n<td style=\"text-align: center\" valign=\"top\" width=\"378\"><span style=\"color: #ff6600\"><strong>RESULTADO FINAL&nbsp;<\/strong><\/span><\/td>\n<td style=\"text-align: center\" valign=\"top\" width=\"125\"><span style=\"color: #000000\"><strong>&nbsp;&lt;&lt;<span style=\"color: #008000\"><a href=\"http:\/\/www2.unifap.br\/drh\/files\/2017\/05\/EDITAL-01-2017-COMISS\u00c3O-DE-REMO\u00c7\u00c3O-UNIFAP-RESULTADO-FINAL1.pdf\"><span style=\"color: #008000\">Aqui<\/span><\/a><\/span>&gt;&gt;<\/strong><\/span><\/td>\n<\/tr>\n<tr>\n<td style=\"text-align: center\" valign=\"top\" width=\"73\"><span style=\"color: #000000\"><strong>&nbsp;<\/strong><\/span><\/td>\n<td valign=\"top\" width=\"378\"><span style=\"color: #000000\"><strong>&nbsp;<\/strong><\/span><\/td>\n<td valign=\"top\" width=\"125\"><span style=\"color: #000000\"><strong>&nbsp;<\/strong><\/span><\/td>\n<\/tr>\n<tr>\n<td style=\"text-align: center\" valign=\"top\" width=\"73\"><span style=\"color: #000000\"><strong>&nbsp;<\/strong><\/span><\/td>\n<td style=\"text-align: center\" valign=\"top\" width=\"378\"><span style=\"color: #000000\"><strong>&nbsp;<\/strong><\/span><\/td>\n<td style=\"text-align: center\" valign=\"top\" width=\"125\"><span style=\"color: #000000\"><strong>&nbsp;<\/strong><\/span><\/td>\n<\/tr>\n<tr>\n<td style=\"text-align: center\" valign=\"top\" width=\"73\">&nbsp;<\/td>\n<td valign=\"top\" width=\"378\">&nbsp;<\/td>\n<td valign=\"top\" width=\"125\">&nbsp;<\/td>\n<\/tr>\n<\/tbody>\n<\/table>\n<p>&nbsp;<\/p>\n<p>&nbsp;<\/p>\n","protected":false},"excerpt":{"rendered":"<p>EDITAL 01\/2017-COMISS\u00c3O DE REMO\u00c7\u00c3O\/UNIFAP &#8211; PROCESSO SELETIVO DE REMO\u00c7\u00c3O DE SERVIDORES T\u00c9CNICO-ADMINISTRATIVOS &nbsp; A Presidente da Comiss\u00e3o do Processo Seletivo de Remo\u00e7\u00e3o de Servidores T\u00e9cnico-administrativos, no uso de suas atribui\u00e7\u00f5es e considerando o que consta no Art. 36, III, \u201cc\u201d, da Lei n\u00ba 8.112\/1990, na Resolu\u00e7\u00e3o n\u00ba 019\/2016 \u2013 CONSU\/UNIFAP e na Portaria n\u00ba 0763\/2017-UNIFAP&#8230;.<\/p>\n","protected":false},"author":685,"featured_media":0,"parent":9181,"menu_order":1,"comment_status":"open","ping_status":"open","template":"fullwidth.php","meta":{"inline_featured_image":false,"ngg_post_thumbnail":0,"footnotes":""},"class_list":["post-7724","page","type-page","status-publish","hentry","entry"],"_links":{"self":[{"href":"http:\/\/www2.unifap.br\/drh\/wp-json\/wp\/v2\/pages\/7724","targetHints":{"allow":["GET"]}}],"collection":[{"href":"http:\/\/www2.unifap.br\/drh\/wp-json\/wp\/v2\/pages"}],"about":[{"href":"http:\/\/www2.unifap.br\/drh\/wp-json\/wp\/v2\/types\/page"}],"author":[{"embeddable":true,"href":"http:\/\/www2.unifap.br\/drh\/wp-json\/wp\/v2\/users\/685"}],"replies":[{"embeddable":true,"href":"http:\/\/www2.unifap.br\/drh\/wp-json\/wp\/v2\/comments?post=7724"}],"version-history":[{"count":70,"href":"http:\/\/www2.unifap.br\/drh\/wp-json\/wp\/v2\/pages\/7724\/revisions"}],"predecessor-version":[{"id":11355,"href":"http:\/\/www2.unifap.br\/drh\/wp-json\/wp\/v2\/pages\/7724\/revisions\/11355"}],"up":[{"embeddable":true,"href":"http:\/\/www2.unifap.br\/drh\/wp-json\/wp\/v2\/pages\/9181"}],"wp:attachment":[{"href":"http:\/\/www2.unifap.br\/drh\/wp-json\/wp\/v2\/media?parent=7724"}],"curies":[{"name":"wp","href":"https:\/\/api.w.org\/{rel}","templated":true}]}}