{"id":8577,"date":"2017-07-12T13:45:18","date_gmt":"2017-07-12T13:45:18","guid":{"rendered":"http:\/\/www2.unifap.br\/drh\/?page_id=8577"},"modified":"2019-06-19T13:12:02","modified_gmt":"2019-06-19T13:12:02","slug":"portarias","status":"publish","type":"page","link":"http:\/\/www2.unifap.br\/drh\/manual-do-servidor\/portarias\/","title":{"rendered":"Portarias"},"content":{"rendered":"<div style=\"text-align: center\"><a href=\"http:\/\/www2.unifap.br\/drh\/files\/2017\/07\/imagem-portaria.jpg\"><img fetchpriority=\"high\" decoding=\"async\" class=\"alignnone size-full wp-image-9711\" src=\"http:\/\/www2.unifap.br\/drh\/files\/2017\/07\/imagem-portaria.jpg\" alt=\"imagem portaria\" width=\"650\" height=\"300\" srcset=\"http:\/\/www2.unifap.br\/drh\/files\/2017\/07\/imagem-portaria.jpg 650w, http:\/\/www2.unifap.br\/drh\/files\/2017\/07\/imagem-portaria-300x138.jpg 300w\" sizes=\"(max-width: 650px) 100vw, 650px\" \/><\/a><\/div>\n<div style=\"text-align: justify\"><strong><span style=\"font-size: medium\">A consulta de portarias da UNIFAP \u00e9 feita da seguinte forma:<\/span><\/strong><\/div>\n<div style=\"text-align: justify\">&nbsp;<\/div>\n<div style=\"text-align: justify\">&nbsp;<\/div>\n<div style=\"text-align: justify\"><span style=\"font-size: medium\"><strong>Servidores<\/strong> \u2013 Atrav\u00e9s do Sistema Integrado de Gest\u00e3o de Recursos Humanos (SIGRH).<br \/>\n<\/span><\/div>\n<div style=\"text-align: justify\">&nbsp;<\/div>\n<div style=\"text-align: justify\"><span style=\"font-size: medium\"><strong>Comunidade em geral<\/strong> \u2013 Acessar&nbsp;<\/span><span style=\"font-size: medium\">o portal p\u00fablico do SIGRH, (o link \u00e9 encontrado na aba de servi\u00e7os do Site da UNIFAP), clicar em Portarias na aba lateral e na sequ\u00eancia preencher os campos com n\u00famero, ano ou descri\u00e7\u00e3o.<\/span><\/div>\n<p>&nbsp;<\/p>\n<p><strong>Acesse ao Portal de Portarias da Unifap no link abaixo:<\/strong><\/p>\n<p><a href=\"http:\/\/sigrh.unifap.br\/sigrh\/public\/home.jsf\"><span style=\"text-decoration: underline\"><span style=\"color: #008000\"><strong>Clique Aqui<\/strong><\/span><\/span><\/a><\/p>\n","protected":false},"excerpt":{"rendered":"<p>A consulta de portarias da UNIFAP \u00e9 feita da seguinte forma: &nbsp; &nbsp; Servidores \u2013 Atrav\u00e9s do Sistema Integrado de Gest\u00e3o de Recursos Humanos (SIGRH). &nbsp; Comunidade em geral \u2013 Acessar&nbsp;o portal p\u00fablico do SIGRH, (o link \u00e9 encontrado na aba de servi\u00e7os do Site da UNIFAP), clicar em Portarias na aba lateral e na&#8230;<\/p>\n","protected":false},"author":685,"featured_media":0,"parent":1831,"menu_order":9,"comment_status":"open","ping_status":"open","template":"fullwidth.php","meta":{"inline_featured_image":false,"ngg_post_thumbnail":0,"footnotes":""},"class_list":["post-8577","page","type-page","status-publish","hentry","entry"],"_links":{"self":[{"href":"http:\/\/www2.unifap.br\/drh\/wp-json\/wp\/v2\/pages\/8577","targetHints":{"allow":["GET"]}}],"collection":[{"href":"http:\/\/www2.unifap.br\/drh\/wp-json\/wp\/v2\/pages"}],"about":[{"href":"http:\/\/www2.unifap.br\/drh\/wp-json\/wp\/v2\/types\/page"}],"author":[{"embeddable":true,"href":"http:\/\/www2.unifap.br\/drh\/wp-json\/wp\/v2\/users\/685"}],"replies":[{"embeddable":true,"href":"http:\/\/www2.unifap.br\/drh\/wp-json\/wp\/v2\/comments?post=8577"}],"version-history":[{"count":5,"href":"http:\/\/www2.unifap.br\/drh\/wp-json\/wp\/v2\/pages\/8577\/revisions"}],"predecessor-version":[{"id":12097,"href":"http:\/\/www2.unifap.br\/drh\/wp-json\/wp\/v2\/pages\/8577\/revisions\/12097"}],"up":[{"embeddable":true,"href":"http:\/\/www2.unifap.br\/drh\/wp-json\/wp\/v2\/pages\/1831"}],"wp:attachment":[{"href":"http:\/\/www2.unifap.br\/drh\/wp-json\/wp\/v2\/media?parent=8577"}],"curies":[{"name":"wp","href":"https:\/\/api.w.org\/{rel}","templated":true}]}}