{"id":8581,"date":"2017-07-17T20:16:04","date_gmt":"2017-07-17T20:16:04","guid":{"rendered":"http:\/\/www2.unifap.br\/drh\/?page_id=8581"},"modified":"2017-08-08T18:55:05","modified_gmt":"2017-08-08T18:55:05","slug":"jornada-de-trabalho","status":"publish","type":"page","link":"http:\/\/www2.unifap.br\/drh\/manual-do-servidor\/jornada-de-trabalho\/","title":{"rendered":"Jornada de Trabalho"},"content":{"rendered":"<p style=\"text-align: justify\"><span style=\"color: #008000\"><strong>RESOLU\u00c7\u00c3O N\u00ba 015\/2007-CONSU\/UNIFAP, DE 05 DE JUNHO DE 2017 <\/strong><\/span><\/p>\n<p style=\"text-align: justify\"><strong>Estabelece normas que regulam a Jornada de Trabalho dos Servidores T\u00e9cnico-Administrativos em Educa\u00e7\u00e3o, no \u00e2mbito da Universidade Federal do Amap\u00e1 (UNIFAP).<\/strong><\/p>\n<p>Para mais informa\u00e7\u00f5es, clique no link abaixo:<\/p>\n<h2><a href=\"http:\/\/www2.unifap.br\/cis\/res-01520017-consu\/\"><strong><span style=\"text-decoration: underline\"><span style=\"color: #008000;text-decoration: underline\">http:\/\/www2.unifap.br\/cis\/res-01520017-consu\/<\/span><\/span><\/strong><\/a><\/h2>\n","protected":false},"excerpt":{"rendered":"<p>RESOLU\u00c7\u00c3O N\u00ba 015\/2007-CONSU\/UNIFAP, DE 05 DE JUNHO DE 2017 Estabelece normas que regulam a Jornada de Trabalho dos Servidores T\u00e9cnico-Administrativos em Educa\u00e7\u00e3o, no \u00e2mbito da Universidade Federal do Amap\u00e1 (UNIFAP). Para mais informa\u00e7\u00f5es, clique no link abaixo: http:\/\/www2.unifap.br\/cis\/res-01520017-consu\/<\/p>\n","protected":false},"author":685,"featured_media":0,"parent":1831,"menu_order":4,"comment_status":"open","ping_status":"open","template":"","meta":{"inline_featured_image":false,"ngg_post_thumbnail":0,"footnotes":""},"class_list":["post-8581","page","type-page","status-publish","hentry","entry"],"_links":{"self":[{"href":"http:\/\/www2.unifap.br\/drh\/wp-json\/wp\/v2\/pages\/8581","targetHints":{"allow":["GET"]}}],"collection":[{"href":"http:\/\/www2.unifap.br\/drh\/wp-json\/wp\/v2\/pages"}],"about":[{"href":"http:\/\/www2.unifap.br\/drh\/wp-json\/wp\/v2\/types\/page"}],"author":[{"embeddable":true,"href":"http:\/\/www2.unifap.br\/drh\/wp-json\/wp\/v2\/users\/685"}],"replies":[{"embeddable":true,"href":"http:\/\/www2.unifap.br\/drh\/wp-json\/wp\/v2\/comments?post=8581"}],"version-history":[{"count":7,"href":"http:\/\/www2.unifap.br\/drh\/wp-json\/wp\/v2\/pages\/8581\/revisions"}],"predecessor-version":[{"id":8686,"href":"http:\/\/www2.unifap.br\/drh\/wp-json\/wp\/v2\/pages\/8581\/revisions\/8686"}],"up":[{"embeddable":true,"href":"http:\/\/www2.unifap.br\/drh\/wp-json\/wp\/v2\/pages\/1831"}],"wp:attachment":[{"href":"http:\/\/www2.unifap.br\/drh\/wp-json\/wp\/v2\/media?parent=8581"}],"curies":[{"name":"wp","href":"https:\/\/api.w.org\/{rel}","templated":true}]}}