{"id":8669,"date":"2017-08-08T16:57:43","date_gmt":"2017-08-08T16:57:43","guid":{"rendered":"http:\/\/www2.unifap.br\/drh\/?page_id=8669"},"modified":"2019-05-23T17:44:43","modified_gmt":"2019-05-23T17:44:43","slug":"plano-de-cargos-carreira-docente","status":"publish","type":"page","link":"http:\/\/www2.unifap.br\/drh\/desenvolvimento-na-carreira\/docente\/plano-de-cargos-carreira-docente\/","title":{"rendered":"Plano de Cargos &#8211; Carreira Docente"},"content":{"rendered":"<p><a href=\"http:\/\/www2.unifap.br\/drh\/files\/2017\/08\/estrutura-da-carreira-e-cargos-magist\u00e9io-superior.png\"><img fetchpriority=\"high\" decoding=\"async\" class=\"aligncenter size-full wp-image-9392\" src=\"http:\/\/www2.unifap.br\/drh\/files\/2017\/08\/estrutura-da-carreira-e-cargos-magist\u00e9io-superior.png\" alt=\"estrutura da carreira e cargos magist\u00e9io superior\" width=\"743\" height=\"559\" srcset=\"http:\/\/www2.unifap.br\/drh\/files\/2017\/08\/estrutura-da-carreira-e-cargos-magist\u00e9io-superior.png 743w, http:\/\/www2.unifap.br\/drh\/files\/2017\/08\/estrutura-da-carreira-e-cargos-magist\u00e9io-superior-300x225.png 300w\" sizes=\"(max-width: 743px) 100vw, 743px\" \/><\/a><\/p>\n<p>Obtenha informa\u00e7\u00f5es sobre o&nbsp;PLANO DE CARGOS E CARREIRA DO MAGIST\u00c9RIO SUPERIOR EM \u00c2MBITO FEDERAL clicando no link abaixo:<\/p>\n<p><a href=\"http:\/\/www2.unifap.br\/cppd\/files\/2015\/03\/Palestra-sobre-planos-e-carreira-do-Magist%C3%A9rio-Superior.pdf\" target=\"_blank\" rel=\"noopener\"><span style=\"color: #008000\"><strong><span style=\"text-decoration: underline\">Clique Aqui<\/span><\/strong><\/span><\/a><\/p>\n","protected":false},"excerpt":{"rendered":"<p>Obtenha informa\u00e7\u00f5es sobre o&nbsp;PLANO DE CARGOS E CARREIRA DO MAGIST\u00c9RIO SUPERIOR EM \u00c2MBITO FEDERAL clicando no link abaixo: Clique Aqui<\/p>\n","protected":false},"author":685,"featured_media":0,"parent":5727,"menu_order":3,"comment_status":"open","ping_status":"open","template":"fullwidth.php","meta":{"inline_featured_image":false,"ngg_post_thumbnail":0,"footnotes":""},"class_list":["post-8669","page","type-page","status-publish","hentry","entry"],"_links":{"self":[{"href":"http:\/\/www2.unifap.br\/drh\/wp-json\/wp\/v2\/pages\/8669","targetHints":{"allow":["GET"]}}],"collection":[{"href":"http:\/\/www2.unifap.br\/drh\/wp-json\/wp\/v2\/pages"}],"about":[{"href":"http:\/\/www2.unifap.br\/drh\/wp-json\/wp\/v2\/types\/page"}],"author":[{"embeddable":true,"href":"http:\/\/www2.unifap.br\/drh\/wp-json\/wp\/v2\/users\/685"}],"replies":[{"embeddable":true,"href":"http:\/\/www2.unifap.br\/drh\/wp-json\/wp\/v2\/comments?post=8669"}],"version-history":[{"count":6,"href":"http:\/\/www2.unifap.br\/drh\/wp-json\/wp\/v2\/pages\/8669\/revisions"}],"predecessor-version":[{"id":11423,"href":"http:\/\/www2.unifap.br\/drh\/wp-json\/wp\/v2\/pages\/8669\/revisions\/11423"}],"up":[{"embeddable":true,"href":"http:\/\/www2.unifap.br\/drh\/wp-json\/wp\/v2\/pages\/5727"}],"wp:attachment":[{"href":"http:\/\/www2.unifap.br\/drh\/wp-json\/wp\/v2\/media?parent=8669"}],"curies":[{"name":"wp","href":"https:\/\/api.w.org\/{rel}","templated":true}]}}