{"id":8679,"date":"2017-08-08T17:41:04","date_gmt":"2017-08-08T17:41:04","guid":{"rendered":"http:\/\/www2.unifap.br\/drh\/?page_id=8679"},"modified":"2019-07-02T13:12:20","modified_gmt":"2019-07-02T13:12:20","slug":"legislacao","status":"publish","type":"page","link":"http:\/\/www2.unifap.br\/drh\/desenvolvimento-na-carreira\/docente\/legislacao\/","title":{"rendered":"Legisla\u00e7\u00e3o"},"content":{"rendered":"<p><strong>Legisla\u00e7\u00e3o acerca da Carreira Docente:<\/strong><\/p>\n<p><a href=\"http:\/\/www2.unifap.br\/consu\/files\/2016\/04\/Resolu%C3%A7%C3%A3o-n%C2%BA-06-2016-Aprova-altera%C3%A7%C3%A3o-na-Res.-020-2015.pdf\" target=\"_blank\" rel=\"noopener\"><span style=\"color: #99cc00\"><strong>Resolu\u00e7\u00e3o n\u00ba 06\/2016-CONSU\/UNIFAP<\/strong><\/span>&nbsp;<\/a>\u2013&nbsp;Aprova altera\u00e7\u00e3o na Res. 020\/2015-CONSU\/UNIFAP<\/p>\n<p><span style=\"color: #99cc00\"><strong><a href=\"http:\/\/www2.unifap.br\/dad\/files\/2015\/05\/Resolu%C3%A7%C3%A3o-n%C2%BA-020-2015-Estabelece-as-diretrizes-do-PAID.-Revoga-a-resolu%C3%A7%C3%A3o-07-2015.pdf\" target=\"_blank\" rel=\"noopener\"><span style=\"color: #99cc00\">Resolu\u00e7\u00e3o n\u00ba 020\/2015-CONSU\/UNIFAP<\/span><\/a><\/strong>&nbsp;<\/span>&#8211;<strong>&nbsp;<\/strong>PAID<\/p>\n<p>&nbsp;<\/p>\n<p><strong>COMPROVA\u00c7\u00c3O DA TITULA\u00c7\u00c3O<\/strong><\/p>\n<p><a href=\"http:\/\/www2.unifap.br\/drh\/files\/2019\/07\/NOTA-T%C3%89CNICA-13-2019-ME.pdf\"><strong>Nota T\u00e9cnica SEI n\u00ba 13\/2019\/CGCAR ASSES\/CGCAR\/DESEN\/SGP\/SEDGG-ME<\/strong><\/a><\/p>\n<p>&nbsp;<strong><a href=\"http:\/\/www2.unifap.br\/drh\/files\/2019\/07\/OF%C3%8DCIO-CIRCULAR-2-2019-ME.pdf\">OF\u00cdCIO CIRCULAR SEI n\u00ba 2\/2019\/CGCAR ASSES\/CGCAR\/DESEN\/SGP\/SEDGG-ME<\/a><\/strong><\/p>\n<p>&nbsp;<\/p>\n<p>Para mais informa\u00e7\u00f5es, clique no link abaixo:<\/p>\n<p><a href=\"http:\/\/www2.unifap.br\/cppd\/legislacao-2\/\"><strong><span style=\"color: #008000\">Clique Aqui<\/span><\/strong><\/a><\/p>\n","protected":false},"excerpt":{"rendered":"<p>Legisla\u00e7\u00e3o acerca da Carreira Docente: Resolu\u00e7\u00e3o n\u00ba 06\/2016-CONSU\/UNIFAP&nbsp;\u2013&nbsp;Aprova altera\u00e7\u00e3o na Res. 020\/2015-CONSU\/UNIFAP Resolu\u00e7\u00e3o n\u00ba 020\/2015-CONSU\/UNIFAP&nbsp;&#8211;&nbsp;PAID &nbsp; COMPROVA\u00c7\u00c3O DA TITULA\u00c7\u00c3O Nota T\u00e9cnica SEI n\u00ba 13\/2019\/CGCAR ASSES\/CGCAR\/DESEN\/SGP\/SEDGG-ME &nbsp;OF\u00cdCIO CIRCULAR SEI n\u00ba 2\/2019\/CGCAR ASSES\/CGCAR\/DESEN\/SGP\/SEDGG-ME &nbsp; Para mais informa\u00e7\u00f5es, clique no link abaixo: Clique Aqui<\/p>\n","protected":false},"author":685,"featured_media":0,"parent":5727,"menu_order":0,"comment_status":"open","ping_status":"open","template":"","meta":{"inline_featured_image":false,"ngg_post_thumbnail":0,"footnotes":""},"class_list":["post-8679","page","type-page","status-publish","hentry","entry"],"_links":{"self":[{"href":"http:\/\/www2.unifap.br\/drh\/wp-json\/wp\/v2\/pages\/8679","targetHints":{"allow":["GET"]}}],"collection":[{"href":"http:\/\/www2.unifap.br\/drh\/wp-json\/wp\/v2\/pages"}],"about":[{"href":"http:\/\/www2.unifap.br\/drh\/wp-json\/wp\/v2\/types\/page"}],"author":[{"embeddable":true,"href":"http:\/\/www2.unifap.br\/drh\/wp-json\/wp\/v2\/users\/685"}],"replies":[{"embeddable":true,"href":"http:\/\/www2.unifap.br\/drh\/wp-json\/wp\/v2\/comments?post=8679"}],"version-history":[{"count":6,"href":"http:\/\/www2.unifap.br\/drh\/wp-json\/wp\/v2\/pages\/8679\/revisions"}],"predecessor-version":[{"id":12169,"href":"http:\/\/www2.unifap.br\/drh\/wp-json\/wp\/v2\/pages\/8679\/revisions\/12169"}],"up":[{"embeddable":true,"href":"http:\/\/www2.unifap.br\/drh\/wp-json\/wp\/v2\/pages\/5727"}],"wp:attachment":[{"href":"http:\/\/www2.unifap.br\/drh\/wp-json\/wp\/v2\/media?parent=8679"}],"curies":[{"name":"wp","href":"https:\/\/api.w.org\/{rel}","templated":true}]}}