{"id":8682,"date":"2017-08-08T17:44:52","date_gmt":"2017-08-08T17:44:52","guid":{"rendered":"http:\/\/www2.unifap.br\/drh\/?page_id=8682"},"modified":"2017-08-08T17:44:52","modified_gmt":"2017-08-08T17:44:52","slug":"mudanca-de-regime-de-trabalho","status":"publish","type":"page","link":"http:\/\/www2.unifap.br\/drh\/desenvolvimento-na-carreira\/docente\/mudanca-de-regime-de-trabalho\/","title":{"rendered":"Mudan\u00e7a de Regime de Trabalho"},"content":{"rendered":"<p style=\"text-align: justify\"><strong>Lei 12.772\/12<\/strong><\/p>\n<p style=\"text-align: justify\"><strong>Art. 22.<\/strong>\u00a0O Professor poder\u00e1 solicitar a altera\u00e7\u00e3o de seu regime de trabalho,\u00a0<strong>mediante proposta que ser\u00e1 submetida a sua unidade de lota\u00e7\u00e3o<\/strong>.<br \/>\n\u00a7 1\u00ba\u00a0A solicita\u00e7\u00e3o de mudan\u00e7a de regime de trabalho,\u00a0<strong>aprovada na unidade referida no caput<\/strong>,<strong>\u00a0ser\u00e1 encaminhada\u00a0<\/strong>ao dirigente m\u00e1ximo, no caso das IFE vinculadas ao Minist\u00e9rio da Defesa,<strong>\u00a0ou \u00e0 Comiss\u00e3o Permanente de Pessoal Docente \u2013 CPPD<\/strong>\u00a0de que trata o art. 26, no caso das IFE vinculadas ao Minist\u00e9rio da Educa\u00e7\u00e3o, para<strong>\u00a0an\u00e1lise e parece<\/strong>r, e<strong>\u00a0posteriormente \u00e0 decis\u00e3o final da autoridade ou Conselho Superior competente.<\/strong><\/p>\n<p style=\"text-align: justify\">\u00a7 2\u00ba\u00a0\u00c9\u00a0<strong>vedada a mudan\u00e7a de regime de trabalho<\/strong>\u00a0aos docentes em\u00a0<strong>est\u00e1gio probat\u00f3rio<\/strong>.<br \/>\n\u00a7 3\u00ba\u00a0Na hip\u00f3tese de\u00a0<strong>concess\u00e3o de afastamento sem preju\u00edzo de vencimentos<\/strong>, as\u00a0<strong>solicita\u00e7\u00f5es de altera\u00e7\u00e3o de regime s\u00f3 ser\u00e3o autorizada<\/strong>s<strong>\u00a0ap\u00f3s o decurso de prazo igual ao do\u00a0afastamento concedido<\/strong>.<\/p>\n","protected":false},"excerpt":{"rendered":"<p>Lei 12.772\/12 Art. 22.\u00a0O Professor poder\u00e1 solicitar a altera\u00e7\u00e3o de seu regime de trabalho,\u00a0mediante proposta que ser\u00e1 submetida a sua unidade de lota\u00e7\u00e3o. \u00a7 1\u00ba\u00a0A solicita\u00e7\u00e3o de mudan\u00e7a de regime de trabalho,\u00a0aprovada na unidade referida no caput,\u00a0ser\u00e1 encaminhada\u00a0ao dirigente m\u00e1ximo, no caso das IFE vinculadas ao Minist\u00e9rio da Defesa,\u00a0ou \u00e0 Comiss\u00e3o Permanente de Pessoal Docente&#8230;<\/p>\n","protected":false},"author":685,"featured_media":0,"parent":5727,"menu_order":6,"comment_status":"open","ping_status":"open","template":"","meta":{"inline_featured_image":false,"ngg_post_thumbnail":0,"footnotes":""},"class_list":["post-8682","page","type-page","status-publish","hentry","entry"],"_links":{"self":[{"href":"http:\/\/www2.unifap.br\/drh\/wp-json\/wp\/v2\/pages\/8682","targetHints":{"allow":["GET"]}}],"collection":[{"href":"http:\/\/www2.unifap.br\/drh\/wp-json\/wp\/v2\/pages"}],"about":[{"href":"http:\/\/www2.unifap.br\/drh\/wp-json\/wp\/v2\/types\/page"}],"author":[{"embeddable":true,"href":"http:\/\/www2.unifap.br\/drh\/wp-json\/wp\/v2\/users\/685"}],"replies":[{"embeddable":true,"href":"http:\/\/www2.unifap.br\/drh\/wp-json\/wp\/v2\/comments?post=8682"}],"version-history":[{"count":1,"href":"http:\/\/www2.unifap.br\/drh\/wp-json\/wp\/v2\/pages\/8682\/revisions"}],"predecessor-version":[{"id":8683,"href":"http:\/\/www2.unifap.br\/drh\/wp-json\/wp\/v2\/pages\/8682\/revisions\/8683"}],"up":[{"embeddable":true,"href":"http:\/\/www2.unifap.br\/drh\/wp-json\/wp\/v2\/pages\/5727"}],"wp:attachment":[{"href":"http:\/\/www2.unifap.br\/drh\/wp-json\/wp\/v2\/media?parent=8682"}],"curies":[{"name":"wp","href":"https:\/\/api.w.org\/{rel}","templated":true}]}}