{"id":9187,"date":"2018-02-01T14:21:51","date_gmt":"2018-02-01T14:21:51","guid":{"rendered":"http:\/\/www2.unifap.br\/drh\/?page_id=9187"},"modified":"2019-05-22T14:17:09","modified_gmt":"2019-05-22T14:17:09","slug":"2o-concurso-de-remocao","status":"publish","type":"page","link":"http:\/\/www2.unifap.br\/drh\/progep-2\/processos-seletivos\/2o-concurso-de-remocao\/","title":{"rendered":"REMO\u00c7\u00c3O T\u00c9CNICO"},"content":{"rendered":"<h2 align=\"center\"><span style=\"color: #0000ff\"><b>EDITAL N\u00ba 01\/2018-COMISS\u00c3O DE REMO\u00c7\u00c3O\/UNIFAP<\/b><\/span><\/h2>\n<p>&nbsp;<\/p>\n<p align=\"center\"><span style=\"color: #008000\"><b>2\u00ba PROCESSO SELETIVO DE REMO\u00c7\u00c3O DE SERVIDORES T\u00c9CNICO-ADMINISTRATIVOS<\/b><\/span><\/p>\n<p style=\"text-align: justify\"><span style=\"color: #000000\"><strong>O Presidente da Comiss\u00e3o do 2\u00ba Processo Seletivo de Remo\u00e7\u00e3o de Servidores T\u00e9cnico-administrativos, no uso de suas atribui\u00e7\u00f5es e considerando o que consta no Art. 36, III, \u201cc\u201d, da Lei n\u00ba 8.112\/1990, na Resolu\u00e7\u00e3o n\u00ba 019\/2016\u2013CONSU\/UNIFAP, na Portaria n\u00ba 0107\/2018-UNIFAP e no Processo n\u00b0 23125.000377\/2018-95.<\/strong><\/span><\/p>\n<p style=\"text-align: justify\"><span style=\"color: #0000ff\"><strong>RESOLVE:<\/strong><\/span><\/p>\n<p style=\"text-align: justify\"><span style=\"color: #000000\"><strong>Tornar p\u00fablica a abertura das inscri\u00e7\u00f5es para o 2\u00ba Processo Seletivo de Remo\u00e7\u00e3o e forma\u00e7\u00e3o de cadastro reserva de Servidores T\u00e9cnico-administrativos no \u00e2mbito dos <em>campi<\/em> da Universidade Federal do Amap\u00e1.<\/strong><\/span><\/p>\n<p>&nbsp;<\/p>\n<table border=\"1\" cellspacing=\"0\" cellpadding=\"0\">\n<tbody>\n<tr>\n<td width=\"111\">\n<p align=\"center\"><span style=\"color: #0000ff\"><b>ORDEM<\/b><\/span><\/p>\n<\/td>\n<td width=\"312\">\n<p align=\"center\"><span style=\"color: #0000ff\"><b>DOCUMENTO<\/b><\/span><\/p>\n<\/td>\n<td width=\"153\">\n<p align=\"center\"><span style=\"color: #0000ff\"><b>LINK<\/b><\/span><\/p>\n<\/td>\n<\/tr>\n<tr>\n<td style=\"text-align: center\" width=\"111\">&nbsp;<strong>01.<\/strong><\/td>\n<td style=\"text-align: center\" valign=\"top\" width=\"312\">\n<p align=\"center\"><strong>EDITAL N\u00ba 01\/2018-COMISS\u00c3O DE REMO\u00c7\u00c3O\/UNIFAP &#8211; 2\u00ba PROCESSO SELETIVO DE REMO\u00c7\u00c3O DE SERVIDORES T\u00c9CNICO-ADMINISTRATIVOS &#8211; <span style=\"color: #ff0000\">REPUBLICADO<\/span><\/strong><\/p>\n<\/td>\n<td style=\"text-align: center\" width=\"153\">\n<p align=\"center\"><strong>&lt;&lt;<span style=\"color: #008000\"><a href=\"http:\/\/www2.unifap.br\/drh\/files\/2018\/02\/EDITAL-01-2018-COMISS\u00c3O-DE-REMO\u00c7\u00c3O-UNIFAP-2-PROCESSO-SELETIVO-DE-REMO\u00c7\u00c3O-DE-SERVIDORES-T\u00c9CNICO-ADMINISTRATIVOS-REPUBLICADO.pdf\" target=\"_blank\" rel=\"noopener\"><span style=\"color: #008000\">Aqui<\/span><\/a><\/span>&gt;&gt;<\/strong><\/p>\n<\/td>\n<\/tr>\n<tr>\n<td style=\"text-align: center\" width=\"111\"><strong>&nbsp;02.<\/strong><\/td>\n<td style=\"text-align: center\" valign=\"top\" width=\"312\"><strong>&nbsp;Inscri\u00e7\u00f5es Homologadas<\/strong><\/td>\n<td style=\"text-align: center\" valign=\"top\" width=\"153\"><strong>&nbsp;&lt;&lt;<span style=\"color: #008000\"><a href=\"http:\/\/www2.unifap.br\/drh\/files\/2018\/02\/INSCRI\u00c7\u00d5ES_HOMOLOGADAS.pdf\" target=\"_blank\" rel=\"noopener\"><span style=\"color: #008000\">Aqui<\/span><\/a><\/span>&gt;&gt;<\/strong><\/td>\n<\/tr>\n<tr>\n<td style=\"text-align: center\" width=\"111\"><strong>&nbsp;03.<\/strong><\/td>\n<td style=\"text-align: center\" valign=\"top\" width=\"312\"><strong>&nbsp;Resultado Preliminar<\/strong><\/td>\n<td style=\"text-align: center\" valign=\"top\" width=\"153\"><strong>&nbsp;&lt;&lt;<span style=\"color: #008000\"><a href=\"http:\/\/www2.unifap.br\/drh\/files\/2018\/02\/RESULTADO-PRELIMINAR.pdf\" target=\"_blank\" rel=\"noopener\"><span style=\"color: #008000\">Aqui<\/span><\/a><\/span>&gt;&gt;<\/strong><\/td>\n<\/tr>\n<tr>\n<td style=\"text-align: center\" width=\"111\"><strong>&nbsp;04.<\/strong><\/td>\n<td style=\"text-align: center\" valign=\"top\" width=\"312\"><strong>&nbsp;Comunicado<\/strong><\/td>\n<td style=\"text-align: center\" valign=\"top\" width=\"153\"><strong>&nbsp;&lt;&lt;<span style=\"color: #339966\"><a href=\"http:\/\/www2.unifap.br\/drh\/files\/2018\/02\/COMUNICADO-01.pdf\" target=\"_blank\" rel=\"noopener\"><span style=\"color: #339966\">Aqui<\/span><\/a><\/span>&gt;&gt;<\/strong><\/td>\n<\/tr>\n<tr>\n<td style=\"text-align: center\" width=\"111\"><strong>&nbsp;05.<\/strong><\/td>\n<td style=\"text-align: center\" valign=\"top\" width=\"312\"><strong>&nbsp;Situa\u00e7\u00e3o dos Recursos<\/strong><\/td>\n<td style=\"text-align: center\" valign=\"top\" width=\"153\"><strong>&nbsp;&lt;&lt;<span style=\"color: #339966\"><span style=\"color: #339966\"><span style=\"color: #008000\"><a href=\"http:\/\/www2.unifap.br\/drh\/files\/2018\/02\/SITUA\u00c7\u00c3O-DOS-RECURSOS.pdf\" target=\"_blank\" rel=\"noopener\"><span style=\"color: #008000\">Aqui<\/span><\/a><\/span><span style=\"color: #000000\">&gt;&gt;<\/span><\/span><\/span><\/strong><\/td>\n<\/tr>\n<tr>\n<td style=\"text-align: center\" width=\"111\"><strong>&nbsp;06.<\/strong><\/td>\n<td style=\"text-align: center\" valign=\"top\" width=\"312\">&nbsp;<strong><span style=\"color: #ff0000\">RESULTADO FINAL<\/span><\/strong><\/td>\n<td style=\"text-align: center\" valign=\"top\" width=\"153\">&nbsp;&lt;&lt;<span style=\"color: #008000\"><strong><a href=\"http:\/\/www2.unifap.br\/drh\/files\/2018\/02\/RESULTADO-FINAL.pdf\" target=\"_blank\" rel=\"noopener\"><span style=\"color: #008000\">Aqui<\/span><\/a><\/strong><\/span>&gt;&gt;<\/td>\n<\/tr>\n<\/tbody>\n<\/table>\n<p>&nbsp;<\/p>\n","protected":false},"excerpt":{"rendered":"<p>EDITAL N\u00ba 01\/2018-COMISS\u00c3O DE REMO\u00c7\u00c3O\/UNIFAP &nbsp; 2\u00ba PROCESSO SELETIVO DE REMO\u00c7\u00c3O DE SERVIDORES T\u00c9CNICO-ADMINISTRATIVOS O Presidente da Comiss\u00e3o do 2\u00ba Processo Seletivo de Remo\u00e7\u00e3o de Servidores T\u00e9cnico-administrativos, no uso de suas atribui\u00e7\u00f5es e considerando o que consta no Art. 36, III, \u201cc\u201d, da Lei n\u00ba 8.112\/1990, na Resolu\u00e7\u00e3o n\u00ba 019\/2016\u2013CONSU\/UNIFAP, na Portaria n\u00ba 0107\/2018-UNIFAP e&#8230;<\/p>\n","protected":false},"author":685,"featured_media":0,"parent":10624,"menu_order":3,"comment_status":"open","ping_status":"open","template":"fullwidth.php","meta":{"inline_featured_image":false,"ngg_post_thumbnail":0,"footnotes":""},"class_list":["post-9187","page","type-page","status-publish","hentry","entry"],"_links":{"self":[{"href":"http:\/\/www2.unifap.br\/drh\/wp-json\/wp\/v2\/pages\/9187","targetHints":{"allow":["GET"]}}],"collection":[{"href":"http:\/\/www2.unifap.br\/drh\/wp-json\/wp\/v2\/pages"}],"about":[{"href":"http:\/\/www2.unifap.br\/drh\/wp-json\/wp\/v2\/types\/page"}],"author":[{"embeddable":true,"href":"http:\/\/www2.unifap.br\/drh\/wp-json\/wp\/v2\/users\/685"}],"replies":[{"embeddable":true,"href":"http:\/\/www2.unifap.br\/drh\/wp-json\/wp\/v2\/comments?post=9187"}],"version-history":[{"count":28,"href":"http:\/\/www2.unifap.br\/drh\/wp-json\/wp\/v2\/pages\/9187\/revisions"}],"predecessor-version":[{"id":11358,"href":"http:\/\/www2.unifap.br\/drh\/wp-json\/wp\/v2\/pages\/9187\/revisions\/11358"}],"up":[{"embeddable":true,"href":"http:\/\/www2.unifap.br\/drh\/wp-json\/wp\/v2\/pages\/10624"}],"wp:attachment":[{"href":"http:\/\/www2.unifap.br\/drh\/wp-json\/wp\/v2\/media?parent=9187"}],"curies":[{"name":"wp","href":"https:\/\/api.w.org\/{rel}","templated":true}]}}