{"id":9433,"date":"2018-03-02T13:21:46","date_gmt":"2018-03-02T13:21:46","guid":{"rendered":"http:\/\/www2.unifap.br\/drh\/?page_id=9433"},"modified":"2021-12-06T20:03:46","modified_gmt":"2021-12-06T20:03:46","slug":"concurso-de-remocao-docente","status":"publish","type":"page","link":"http:\/\/www2.unifap.br\/drh\/progep-2\/processos-seletivos\/concurso-de-remocao-docente\/","title":{"rendered":"REMO\u00c7\u00c3O DOCENTE"},"content":{"rendered":"<h2 style=\"text-align: center\"><span style=\"color: #0000ff\"><strong>EDITAL N\u00ba 07\/2018-COMISS\u00c3O DE REMO\u00c7\u00c3O\/UNIFAP<\/strong><\/span><\/h2>\n<p style=\"text-align: center\"><span style=\"color: #008000\"><strong>PROCESSO SELETIVO DE REMO\u00c7\u00c3O DE SERVIDORES DOCENTES<\/strong><\/span><\/p>\n<p style=\"text-align: justify\"><strong>A Comiss\u00e3o do Processo Seletivo de Remo\u00e7\u00e3o de Servidores Docentes, no uso&nbsp;de suas atribui\u00e7\u00f5es e considerando o que consta no Art. 36, III, \u201cc\u201d, da Lei n\u00ba&nbsp;8.112\/1990, na Resolu\u00e7\u00e3o n\u00ba 019\/2016\u2013CONSU\/UNIFAP, na Portaria n\u00ba 0297\/2018-&nbsp;UNIFAP e no Processo n\u00b0 23125.006432\/2018-51.<\/strong><\/p>\n<p style=\"text-align: justify\"><span style=\"color: #0000ff\"><strong>RESOLVE:<\/strong><\/span><\/p>\n<p style=\"text-align: justify\"><strong>Tornar p\u00fablica a abertura das inscri\u00e7\u00f5es para o Processo Seletivo de Remo\u00e7\u00e3o&nbsp;de Servidores Docentes, no \u00e2mbito dos <em>campi<\/em> da Universidade Federal do Amap\u00e1.<\/strong><\/p>\n<table>\n<tbody>\n<tr>\n<td width=\"82\">\n<p style=\"text-align: center\"><span style=\"color: #ff6600\"><strong>ORDEM<\/strong><\/span><\/p>\n<\/td>\n<td style=\"text-align: center\" width=\"363\"><span style=\"color: #ff6600\"><strong>DOCUMENTO<\/strong><\/span><\/td>\n<td style=\"text-align: center\" width=\"123\"><span style=\"color: #ff6600\"><strong>LINK<\/strong><\/span><\/td>\n<\/tr>\n<tr>\n<td width=\"82\">\n<p style=\"text-align: center\"><strong>01.<\/strong><\/p>\n<\/td>\n<td width=\"363\">\n<p style=\"text-align: center\"><strong>EDITAL N\u00ba 07\/2018-COMISS\u00c3O DE REMO\u00c7\u00c3O\/UNIFAP&nbsp; &#8211;&nbsp;<em>PROCESSO SELETIVO DE REMO\u00c7\u00c3O DE SERVIDORES DOCENTES<\/em><\/strong><\/p>\n<\/td>\n<td width=\"123\">\n<p style=\"text-align: center\"><strong>&lt;&lt;<span style=\"color: #008000\"><a style=\"color: #008000\" href=\"http:\/\/www2.unifap.br\/drh\/files\/2018\/03\/EDITAL-N%C2%BA-07-2018-COMISS%C3%83O-DE-REMO%C3%87%C3%83O-UNIFAP.pdf\">Aqui<\/a><\/span>&gt;&gt;<\/strong><\/p>\n<\/td>\n<\/tr>\n<tr>\n<td width=\"82\">\n<p style=\"text-align: center\"><strong>02.<\/strong><\/p>\n<\/td>\n<td style=\"text-align: center\" width=\"363\"><strong>RETIFICA\u00c7\u00c3O 01<\/strong><\/td>\n<td width=\"123\">\n<p style=\"text-align: center\"><strong>&lt;&lt;<span style=\"color: #008000\"><a style=\"color: #008000\" href=\"http:\/\/www2.unifap.br\/drh\/files\/2018\/03\/ANEXO-RETIFICADO-REMO%C3%87%C3%83O-DOCENTE.pdf\">Aqui<\/a><\/span>&gt;&gt;<\/strong><\/p>\n<\/td>\n<\/tr>\n<tr>\n<td width=\"82\">\n<p style=\"text-align: center\"><strong>03.<\/strong><\/p>\n<\/td>\n<td style=\"text-align: center\" width=\"363\"><strong>RETIFICA\u00c7\u00c3O 02 &#8211; Anexo II<\/strong><\/td>\n<td style=\"text-align: center\" width=\"123\"><strong>&lt;&lt;<span style=\"color: #008000\"><a style=\"color: #008000\" href=\"http:\/\/www2.unifap.br\/drh\/files\/2018\/03\/RETIFICA%C3%87%C3%83O-02-ANEXO-II.pdf\">Aqui<\/a><\/span>&gt;&gt;<\/strong><\/td>\n<\/tr>\n<tr>\n<td width=\"82\">\n<p style=\"text-align: center\"><strong>04.<\/strong><\/p>\n<\/td>\n<td width=\"363\">\n<p style=\"text-align: center\"><strong>LISTA PRELIMINAR &#8211; HOMOLOGA\u00c7\u00c3O DAS INSCRI\u00c7\u00d5ES<\/strong><\/p>\n<\/td>\n<td width=\"123\">\n<p style=\"text-align: center\"><strong>&lt;&lt;<span style=\"color: #008000\"><a style=\"color: #008000\" href=\"http:\/\/www2.unifap.br\/drh\/files\/2018\/03\/LISTA-PROVIS%C3%93RIA-HOMOLOGA%C3%87%C3%83O-DAS-INSCRI%C3%87%C3%95ES.pdf\">Aqui<\/a><\/span>&gt;&gt;<\/strong><\/p>\n<\/td>\n<\/tr>\n<tr>\n<td style=\"text-align: center\" width=\"82\">\n<p style=\"text-align: center\"><strong>05.<\/strong><\/p>\n<\/td>\n<td style=\"text-align: center\" width=\"363\"><strong>LISTA FINAL &#8211; HOMOLOGA\u00c7\u00c3O DAS INSCRI\u00c7\u00d5ES<\/strong><\/td>\n<td width=\"123\">\n<p style=\"text-align: center\"><strong>&lt;&lt;<span style=\"color: #008000\"><a style=\"color: #008000\" href=\"http:\/\/www2.unifap.br\/drh\/files\/2018\/03\/LISTA-FINAL-HOMOLOGA%C3%87%C3%83O-DAS-INSCRI%C3%87%C3%95ES-REMO%C3%87%C3%83O-DOCENTE.pdf\">Aqui<\/a><\/span>&gt;&gt;<\/strong><\/p>\n<\/td>\n<\/tr>\n<tr>\n<td width=\"82\">\n<p style=\"text-align: center\"><strong>06.<\/strong><\/p>\n<\/td>\n<td style=\"text-align: center\" width=\"363\"><strong>RETIFICA\u00c7\u00c3O 03 &#8211; Anexo II<\/strong><\/td>\n<td style=\"text-align: center\" width=\"123\"><strong>&lt;&lt;<span style=\"color: #008000\"><a style=\"color: #008000\" href=\"http:\/\/www2.unifap.br\/drh\/files\/2018\/03\/RETIFICA%C3%87%C3%83O-03-ANEXO-II.pdf\">Aqui<\/a><\/span>&gt;&gt;<\/strong><\/td>\n<\/tr>\n<tr>\n<td style=\"text-align: center\" width=\"82\"><strong>07.<\/strong><\/td>\n<td style=\"text-align: center\" width=\"363\"><strong>Resultado Preliminar<\/strong><\/td>\n<td width=\"123\">\n<p style=\"text-align: center\"><strong>&lt;&lt;<span style=\"color: #008000\"><a style=\"color: #008000\" href=\"http:\/\/www2.unifap.br\/drh\/files\/2018\/03\/RESULTADO-PRELIMINAR.pdf\">Aqui<\/a><\/span>&gt;&gt;<\/strong><\/p>\n<\/td>\n<\/tr>\n<tr>\n<td width=\"82\">\n<p style=\"text-align: center\"><strong>08.<\/strong><\/p>\n<\/td>\n<td style=\"text-align: center\" width=\"363\"><span style=\"color: #ff0000\"><strong>RESULTADO FINAL &#8211; REPUBLICADO<\/strong><\/span><\/td>\n<td style=\"text-align: center\" width=\"123\"><strong>&lt;&lt;<span style=\"color: #008000\"><a style=\"color: #008000\" href=\"http:\/\/www2.unifap.br\/drh\/files\/2018\/03\/RESULTADO-FINAL-P%C3%93S-PARECER-CLN.pdf\">Aqui<\/a><\/span>&gt;&gt;<\/strong><\/td>\n<\/tr>\n<tr>\n<td style=\"text-align: center\" width=\"82\"><strong>09.<\/strong><\/td>\n<td style=\"text-align: center\" width=\"363\"><strong>CRONOGRAMA &#8211; ADEMAR ALVES DOS SANTOS<\/strong><\/td>\n<td width=\"123\">\n<p style=\"text-align: center\"><strong>&lt;&lt;<span style=\"color: #008000\"><a style=\"color: #008000\" href=\"http:\/\/www2.unifap.br\/drh\/files\/2018\/03\/CRONOGRAMA-ADEMAR-ALVES-DOS-SANTOS.pdf\">Aqui<\/a><\/span>&gt;&gt;<\/strong><\/p>\n<\/td>\n<\/tr>\n<tr>\n<td width=\"82\">\n<p style=\"text-align: center\"><strong>10.<\/strong><\/p>\n<\/td>\n<td width=\"363\"><strong>&nbsp;LISTA PRELIMINAR &#8211; HOMOLOGA\u00c7\u00c3O DA INSCRI\u00c7\u00c3O &#8211; ADEMAR ALVES<\/strong><\/td>\n<td width=\"123\">\n<p style=\"text-align: center\"><strong>&lt;&lt;<span style=\"color: #008000\"><a style=\"color: #008000\" href=\"http:\/\/www2.unifap.br\/drh\/files\/2018\/03\/Lista-Preliminar-Ademar-Alves-dos-Santos.pdf\">Aqui<\/a><\/span>&gt;&gt;<\/strong><\/p>\n<\/td>\n<\/tr>\n<tr>\n<td style=\"text-align: center\" width=\"82\"><strong>11.<\/strong><\/td>\n<td style=\"text-align: center\" width=\"363\"><strong>LISTA FINAL &#8211; HOMOLOGA\u00c7\u00c3O DA INSCRI\u00c7\u00c3O &#8211; ADEMAR ALVES&nbsp;<\/strong><\/td>\n<td width=\"123\">\n<p style=\"text-align: center\"><strong>&lt;&lt;<span style=\"color: #008000\"><a style=\"color: #008000\" href=\"http:\/\/www2.unifap.br\/drh\/files\/2018\/03\/Lista-Final-Ademar-Alves.pdf\">Aqui<\/a><\/span>&gt;&gt;<\/strong><\/p>\n<\/td>\n<\/tr>\n<tr>\n<td width=\"82\">\n<p style=\"text-align: center\"><strong>12.<\/strong><\/p>\n<\/td>\n<td style=\"text-align: center\" width=\"363\"><strong>&nbsp;RESULTADO PRELIMINAR &#8211; ADEMAR ALVES<\/strong><\/td>\n<td style=\"text-align: center\" width=\"123\"><strong>&lt;&lt;<span style=\"color: #008000\"><a style=\"color: #008000\" href=\"http:\/\/www2.unifap.br\/drh\/files\/2018\/03\/Resultado-Preliminar-Ademar-Alves.pdf\">Aqui<\/a><\/span>&gt;&gt;<\/strong><\/td>\n<\/tr>\n<tr>\n<td style=\"text-align: center\" width=\"82\"><strong>13.<\/strong><\/td>\n<td style=\"text-align: center\" width=\"363\"><strong>&nbsp;RESULTADO FINAL &#8211; ADEMAR ALVES<\/strong><\/td>\n<td width=\"123\">\n<p style=\"text-align: center\"><strong>&lt;&lt;<span style=\"color: #008000\"><a style=\"color: #008000\" href=\"http:\/\/www2.unifap.br\/drh\/files\/2018\/03\/Resultado-Final-Ademar-Alves.pdf\">Aqui<\/a><\/span>&gt;&gt;<\/strong><\/p>\n<\/td>\n<\/tr>\n<tr>\n<td style=\"text-align: center\" width=\"82\"><strong>14.<\/strong><\/td>\n<td style=\"text-align: center\" width=\"363\"><strong>&nbsp;REABERTURA &#8211; EDITAL 07\/2018<\/strong><\/td>\n<td width=\"123\">\n<p style=\"text-align: center\"><strong>&lt;&lt;<span style=\"color: #008000\"><a style=\"color: #008000\" href=\"http:\/\/www2.unifap.br\/drh\/files\/2018\/03\/REABERTURA-EDITAL-07-2018.pdf\">Aqui<\/a><\/span>&gt;&gt;<\/strong><\/p>\n<\/td>\n<\/tr>\n<tr>\n<td width=\"82\">\n<p style=\"text-align: center\"><strong>15.<\/strong><\/p>\n<\/td>\n<td style=\"text-align: center\" width=\"363\"><strong>&nbsp;<\/strong><strong>RETIFICA\u00c7\u00c3O 04 &#8211; CRONOGRAMA<\/strong><\/td>\n<td style=\"text-align: center\" width=\"123\"><strong>&lt;&lt;<span style=\"color: #008000\"><a style=\"color: #008000\" href=\"http:\/\/www2.unifap.br\/drh\/files\/2018\/03\/RETIFICA\u00c7\u00c3O-04.pdf\">Aqui<\/a><\/span>&gt;&gt;<\/strong><\/td>\n<\/tr>\n<tr>\n<td width=\"82\">\n<p style=\"text-align: center\"><strong>16.<\/strong><\/p>\n<\/td>\n<td width=\"363\">\n<p style=\"text-align: center\"><strong>&nbsp;INSCRI\u00c7\u00d5ES HOMOLOGADAS &#8211; LISTA PRELIMINAR<\/strong><\/p>\n<\/td>\n<td width=\"123\">\n<p style=\"text-align: center\"><strong>&lt;&lt;<span style=\"color: #008000\"><a style=\"color: #008000\" href=\"http:\/\/www2.unifap.br\/drh\/files\/2018\/03\/LISTA-RELIMINAR-INSCRI\u00c7\u00d5ES-REABERTURA.pdf\">Aqui<\/a><\/span>&gt;&gt;<\/strong><\/p>\n<\/td>\n<\/tr>\n<tr>\n<td width=\"82\">\n<p style=\"text-align: center\"><strong>17.<\/strong><\/p>\n<\/td>\n<td width=\"363\">\n<p style=\"text-align: center\"><strong>INSCRI\u00c7\u00d5ES HOMOLOGADAS &#8211; LISTA FINAL<\/strong><\/p>\n<\/td>\n<td style=\"text-align: center\" width=\"123\"><strong>&lt;&lt;<span style=\"color: #008000\"><a style=\"color: #008000\" href=\"http:\/\/www2.unifap.br\/drh\/files\/2019\/02\/Lista-final-reabertura.pdf\">Aqui<\/a><\/span>&gt;&gt;<\/strong><\/td>\n<\/tr>\n<tr>\n<td style=\"text-align: center\" width=\"82\"><strong>18.<\/strong><\/td>\n<td style=\"text-align: center\" width=\"363\"><strong>RESULTADO PRELIMINAR&nbsp;<\/strong><\/td>\n<td width=\"123\">\n<p style=\"text-align: center\"><strong>&lt;&lt;<span style=\"color: #008000\"><a style=\"color: #008000\" href=\"http:\/\/www2.unifap.br\/drh\/files\/2019\/03\/RESULTADO-PRELIMINAR.pdf\">Aqui<\/a><\/span>&gt;&gt;<\/strong><\/p>\n<\/td>\n<\/tr>\n<tr>\n<td width=\"82\">\n<p style=\"text-align: center\"><strong>19.<\/strong><\/p>\n<\/td>\n<td style=\"text-align: center\" width=\"363\"><strong>&nbsp;RETIFICA\u00c7\u00c3O &#8211; DATA DO RESULTADO FINAL<\/strong><\/td>\n<td style=\"text-align: center\" width=\"123\"><strong>&lt;&lt;<a href=\"http:\/\/www2.unifap.br\/drh\/files\/2019\/03\/RETIFICA\u00c7\u00c3O-DATA-RESULTADO-FINAL.pdf\" target=\"_blank\" rel=\"noopener noreferrer\"><span style=\"color: #008000\">Aqui<\/span><\/a>&gt;&gt;&nbsp;<\/strong><\/td>\n<\/tr>\n<tr>\n<td width=\"82\">\n<p style=\"text-align: center\"><strong>20.<\/strong><\/p>\n<\/td>\n<td style=\"text-align: center\" width=\"363\"><strong>&nbsp;RESULTADO FINAL<\/strong><\/td>\n<td style=\"text-align: center\" width=\"123\"><strong>&nbsp;&lt;&lt;<a href=\"http:\/\/www2.unifap.br\/drh\/files\/2019\/04\/RESULTADO-FINAL-REABERTURA.pdf\" target=\"_blank\" rel=\"noopener noreferrer\"><span style=\"color: #008000\">Aqui<\/span><\/a>&gt;&gt;<\/strong><\/td>\n<\/tr>\n<tr>\n<td width=\"82\">\n<p style=\"text-align: center\"><strong>21.<\/strong><\/p>\n<\/td>\n<td style=\"text-align: center\" width=\"363\"><strong>COMUNICADO&nbsp; DE SUSPENS\u00c3O DO Edital N\u00ba 07\/2018&nbsp;<\/strong><\/td>\n<td style=\"text-align: center\" width=\"123\"><strong>&nbsp;<a href=\"https:\/\/www2.unifap.br\/drh\/2019\/09\/comunicado-edital-no-07-2018-processo-seletivo-de-remocao-de-servidores-docentes\/\">&nbsp;&lt;&lt;<span style=\"color: #008000\">Aqui<\/span>&gt;&gt;<\/a><\/strong><\/td>\n<\/tr>\n<tr>\n<td width=\"82\">\n<p style=\"text-align: center\"><strong>22.<\/strong><\/p>\n<\/td>\n<td style=\"text-align: center\" width=\"363\"><strong> COMUNICADO DECIS\u00c3O JUDICIAL &#8211; Edital N\u00ba 07\/2018<\/strong><\/td>\n<td style=\"text-align: center\" width=\"123\"><strong>&nbsp;&lt;&lt;<a href=\"https:\/\/www2.unifap.br\/drh\/2021\/12\/comunicado-decisao-judicial-edital-no-07-2018\/\">Aqui<\/a>&gt;&gt;<\/strong><\/td>\n<\/tr>\n<tr>\n<td style=\"text-align: center\" width=\"82\"><strong>23.<\/strong><\/td>\n<td style=\"text-align: center\" width=\"363\"><strong>&nbsp;<\/strong><\/td>\n<td width=\"123\">\n<p style=\"text-align: center\"><strong>&nbsp;<\/strong><\/p>\n<\/td>\n<\/tr>\n<\/tbody>\n<\/table>\n<p>&nbsp;<\/p>\n","protected":false},"excerpt":{"rendered":"<p>EDITAL N\u00ba 07\/2018-COMISS\u00c3O DE REMO\u00c7\u00c3O\/UNIFAP PROCESSO SELETIVO DE REMO\u00c7\u00c3O DE SERVIDORES DOCENTES A Comiss\u00e3o do Processo Seletivo de Remo\u00e7\u00e3o de Servidores Docentes, no uso&nbsp;de suas atribui\u00e7\u00f5es e considerando o que consta no Art. 36, III, \u201cc\u201d, da Lei n\u00ba&nbsp;8.112\/1990, na Resolu\u00e7\u00e3o n\u00ba 019\/2016\u2013CONSU\/UNIFAP, na Portaria n\u00ba 0297\/2018-&nbsp;UNIFAP e no Processo n\u00b0 23125.006432\/2018-51. RESOLVE: Tornar p\u00fablica&#8230;<\/p>\n","protected":false},"author":685,"featured_media":0,"parent":10624,"menu_order":8,"comment_status":"open","ping_status":"open","template":"fullwidth.php","meta":{"inline_featured_image":false,"ngg_post_thumbnail":0,"footnotes":""},"class_list":["post-9433","page","type-page","status-publish","hentry","entry"],"_links":{"self":[{"href":"http:\/\/www2.unifap.br\/drh\/wp-json\/wp\/v2\/pages\/9433","targetHints":{"allow":["GET"]}}],"collection":[{"href":"http:\/\/www2.unifap.br\/drh\/wp-json\/wp\/v2\/pages"}],"about":[{"href":"http:\/\/www2.unifap.br\/drh\/wp-json\/wp\/v2\/types\/page"}],"author":[{"embeddable":true,"href":"http:\/\/www2.unifap.br\/drh\/wp-json\/wp\/v2\/users\/685"}],"replies":[{"embeddable":true,"href":"http:\/\/www2.unifap.br\/drh\/wp-json\/wp\/v2\/comments?post=9433"}],"version-history":[{"count":54,"href":"http:\/\/www2.unifap.br\/drh\/wp-json\/wp\/v2\/pages\/9433\/revisions"}],"predecessor-version":[{"id":14253,"href":"http:\/\/www2.unifap.br\/drh\/wp-json\/wp\/v2\/pages\/9433\/revisions\/14253"}],"up":[{"embeddable":true,"href":"http:\/\/www2.unifap.br\/drh\/wp-json\/wp\/v2\/pages\/10624"}],"wp:attachment":[{"href":"http:\/\/www2.unifap.br\/drh\/wp-json\/wp\/v2\/media?parent=9433"}],"curies":[{"name":"wp","href":"https:\/\/api.w.org\/{rel}","templated":true}]}}