{"id":9555,"date":"2018-03-06T12:36:32","date_gmt":"2018-03-06T12:36:32","guid":{"rendered":"http:\/\/www2.unifap.br\/drh\/?page_id=9555"},"modified":"2024-10-15T23:35:56","modified_gmt":"2024-10-16T02:35:56","slug":"qrsta-quadro-de-referencia-dos-servidores-tecnico-administrativos","status":"publish","type":"page","link":"http:\/\/www2.unifap.br\/drh\/manual-do-servidor\/qrsta-quadro-de-referencia-dos-servidores-tecnico-administrativos\/","title":{"rendered":"QRSTA &#8211; Quadro de Refer\u00eancia dos Servidores T\u00e9cnico-Administrativos"},"content":{"rendered":"\t\t<div data-elementor-type=\"wp-post\" data-elementor-id=\"9555\" class=\"elementor elementor-9555\">\n\t\t\t\t\t\t<section class=\"elementor-section elementor-top-section elementor-element elementor-element-5a6ead12 elementor-section-boxed elementor-section-height-default elementor-section-height-default\" data-id=\"5a6ead12\" data-element_type=\"section\" data-e-type=\"section\">\n\t\t\t\t\t\t<div class=\"elementor-container elementor-column-gap-default\">\n\t\t\t\t\t<div class=\"elementor-column elementor-col-100 elementor-top-column elementor-element elementor-element-321bdaf5\" data-id=\"321bdaf5\" data-element_type=\"column\" data-e-type=\"column\">\n\t\t\t<div class=\"elementor-widget-wrap elementor-element-populated\">\n\t\t\t\t\t\t<div class=\"elementor-element elementor-element-20e4bb0b elementor-widget elementor-widget-text-editor\" data-id=\"20e4bb0b\" data-element_type=\"widget\" data-e-type=\"widget\" data-widget_type=\"text-editor.default\">\n\t\t\t\t<div class=\"elementor-widget-container\">\n\t\t\t\t\t\t\t\t\t<p style=\"text-align: justify\">O\u00a0<span style=\"color: #0000ff\"><strong><a href=\"http:\/\/www.planalto.gov.br\/ccivil_03\/_Ato2007-2010\/2010\/Decreto\/D7232.htm\" target=\"_blank\" rel=\"noopener\"><span style=\"color: #0000ff\">Decreto n\u00ba 7.232, de 19\/07\/2010<\/span><\/a>,<\/strong><\/span> disp\u00f5e\u00a0sobre os quantitativos de lota\u00e7\u00e3o dos cargos dos n\u00edveis de classifica\u00e7\u00e3o \u201cC\u201d, \u201cD\u201d e \u201cE\u201d integrantes do Plano de Carreira dos Cargos T\u00e9cnico-Administrativos em Educa\u00e7\u00e3o, de que trata a\u00a0<a href=\"http:\/\/www.planalto.gov.br\/ccivil_03\/_ato2004-2006\/2005\/lei\/l11091.htm\" target=\"_blank\" rel=\"noopener\"><strong><span style=\"color: #0000ff\"><span style=\"color: #0000ff\">Lei n. 11.091, de 12\/01\/2005<\/span><\/span><\/strong><\/a>, das \u00a0Universidades Federais vinculadas ao Minist\u00e9rio da Educa\u00e7\u00e3o. Basicamente, o Decreto n\u00ba 7.232 instituiu o que \u00e9 chamado de <strong>Quadro de Refer\u00eancia dos Servidores T\u00e9cnico-Administrativos em Educa\u00e7\u00e3o &#8211; QRSTA<\/strong>, que delimita o quantitativo de vagas autorizadas para cada IFES, al\u00e9m de conceder autonomia \u00e0s IFES para, dentro dos limites estabelecidos pelo Decreto, gerenciarem as suas vagas.<\/p><p style=\"text-align: justify\">Informa\u00e7\u00f5es abaixo:<span style=\"color: #008000\"><strong><br \/><\/strong><\/span><\/p><p style=\"text-align: justify\">\u00a0<\/p>\t\t\t\t\t\t\t\t<\/div>\n\t\t\t\t<\/div>\n\t\t\t\t<div class=\"elementor-element elementor-element-76e6c4c elementor-invisible elementor-widget elementor-widget-counter\" data-id=\"76e6c4c\" data-element_type=\"widget\" data-e-type=\"widget\" data-settings=\"{&quot;_animation&quot;:&quot;fadeInRight&quot;}\" data-widget_type=\"counter.default\">\n\t\t\t\t<div class=\"elementor-widget-container\">\n\t\t\t\t\t\t\t<div class=\"elementor-counter\">\n\t\t\t<div class=\"elementor-counter-title\">Cargos T\u00e9cnico-Administrativos Ocupados (Setembro de 2024)<\/div>\t\t\t<div class=\"elementor-counter-number-wrapper\">\n\t\t\t\t<span class=\"elementor-counter-number-prefix\"><\/span>\n\t\t\t\t<span class=\"elementor-counter-number\" data-duration=\"2000\" data-to-value=\"474\" data-from-value=\"0\" data-delimiter=\" \">0<\/span>\n\t\t\t\t<span class=\"elementor-counter-number-suffix\"><\/span>\n\t\t\t<\/div>\n\t\t<\/div>\n\t\t\t\t\t\t<\/div>\n\t\t\t\t<\/div>\n\t\t\t\t<div class=\"elementor-element elementor-element-8ca73f5 elementor-invisible elementor-widget elementor-widget-counter\" data-id=\"8ca73f5\" data-element_type=\"widget\" data-e-type=\"widget\" data-settings=\"{&quot;_animation&quot;:&quot;fadeInRight&quot;}\" data-widget_type=\"counter.default\">\n\t\t\t\t<div class=\"elementor-widget-container\">\n\t\t\t\t\t\t\t<div class=\"elementor-counter\">\n\t\t\t<div class=\"elementor-counter-title\">Cargos T\u00e9cnico-Administrativos Vagos (Setembro de 2024).<\/div>\t\t\t<div class=\"elementor-counter-number-wrapper\">\n\t\t\t\t<span class=\"elementor-counter-number-prefix\"><\/span>\n\t\t\t\t<span class=\"elementor-counter-number\" data-duration=\"2000\" data-to-value=\"22\" data-from-value=\"0\" data-delimiter=\" \">0<\/span>\n\t\t\t\t<span class=\"elementor-counter-number-suffix\"><\/span>\n\t\t\t<\/div>\n\t\t<\/div>\n\t\t\t\t\t\t<\/div>\n\t\t\t\t<\/div>\n\t\t\t\t<div class=\"elementor-element elementor-element-b668faa elementor-invisible elementor-widget elementor-widget-counter\" data-id=\"b668faa\" data-element_type=\"widget\" data-e-type=\"widget\" data-settings=\"{&quot;_animation&quot;:&quot;fadeInRight&quot;}\" data-widget_type=\"counter.default\">\n\t\t\t\t<div class=\"elementor-widget-container\">\n\t\t\t\t\t\t\t<div class=\"elementor-counter\">\n\t\t\t<div class=\"elementor-counter-title\">Cargos T\u00e9cnico-Administrativos Comprometidos em Concurso P\u00fablico e demais processos de provimento (Setembro de 2024)<\/div>\t\t\t<div class=\"elementor-counter-number-wrapper\">\n\t\t\t\t<span class=\"elementor-counter-number-prefix\"><\/span>\n\t\t\t\t<span class=\"elementor-counter-number\" data-duration=\"2000\" data-to-value=\"1\" data-from-value=\"0\" data-delimiter=\" \">0<\/span>\n\t\t\t\t<span class=\"elementor-counter-number-suffix\"><\/span>\n\t\t\t<\/div>\n\t\t<\/div>\n\t\t\t\t\t\t<\/div>\n\t\t\t\t<\/div>\n\t\t\t\t<div class=\"elementor-element elementor-element-9178185 elementor-widget elementor-widget-toggle\" data-id=\"9178185\" data-element_type=\"widget\" data-e-type=\"widget\" data-widget_type=\"toggle.default\">\n\t\t\t\t<div class=\"elementor-widget-container\">\n\t\t\t\t\t\t\t<div class=\"elementor-toggle\">\n\t\t\t\t\t\t\t<div class=\"elementor-toggle-item\">\n\t\t\t\t\t<div id=\"elementor-tab-title-1521\" class=\"elementor-tab-title\" data-tab=\"1\" role=\"button\" aria-controls=\"elementor-tab-content-1521\" aria-expanded=\"false\">\n\t\t\t\t\t\t\t\t\t\t\t\t<span class=\"elementor-toggle-icon elementor-toggle-icon-left\" aria-hidden=\"true\">\n\t\t\t\t\t\t\t\t\t\t\t\t\t\t\t<span class=\"elementor-toggle-icon-closed\"><i class=\"fas fa-caret-right\"><\/i><\/span>\n\t\t\t\t\t\t\t\t<span class=\"elementor-toggle-icon-opened\"><i class=\"elementor-toggle-icon-opened fas fa-caret-up\"><\/i><\/span>\n\t\t\t\t\t\t\t\t\t\t\t\t\t<\/span>\n\t\t\t\t\t\t\t\t\t\t\t\t<a class=\"elementor-toggle-title\" tabindex=\"0\">QUADRO DE REFER\u00caNCIA DOS SERVIDORES T\u00c9CNICOS ADMINISTRATIVOS \/ QRSTAE - 2024<\/a>\n\t\t\t\t\t<\/div>\n\n\t\t\t\t\t<div id=\"elementor-tab-content-1521\" class=\"elementor-tab-content elementor-clearfix\" data-tab=\"1\" role=\"region\" aria-labelledby=\"elementor-tab-title-1521\"><p><strong><a href=\"https:\/\/www2.unifap.br\/drh\/qrsta-taes-setembro-2024\/\" rel=\"attachment wp-att-18899\">QRSTA UNIFAP \u2013 SETEMBRO\/2024<\/a><\/strong><\/p><p><strong><a href=\"https:\/\/www2.unifap.br\/drh\/2-controle-de-cod-vaga-e-qrsta-taes-qrsta-ago24\/\" rel=\"attachment wp-att-18866\">QRSTA UNIFAP \u2013 AGOSTO\/2024<\/a><\/strong><\/p><p><strong><a href=\"https:\/\/www2.unifap.br\/drh\/2-controle-de-cod-vaga-e-qrsta-taes-qrsta-jul24\/\" rel=\"attachment wp-att-18867\">QRSTA UNIFAP \u2013 JULHO\/2024<\/a><\/strong><\/p><p><strong><a href=\"https:\/\/www2.unifap.br\/drh\/2-controle-de-cod-vaga-e-qrsta-taes-qrsta-jun24\/\" rel=\"attachment wp-att-18868\">QRSTA UNIFAP \u2013 JUNHO\/2024<\/a><\/strong><\/p><p><strong><a href=\"https:\/\/www2.unifap.br\/drh\/2-controle-de-cod-vaga-e-qrsta-taes-copia-de-qrsta-mai24\/\" rel=\"attachment wp-att-18869\">QRSTA UNIFAP \u2013 MAIO\/2024<\/a><\/strong><\/p><p><strong><a href=\"http:\/\/www2.unifap.br\/drh\/files\/2024\/05\/QRSTA-UNIFAP-ABRIL2024.pdf\">QRSTA UNIFAP \u2013 ABRIL\/2024<\/a><\/strong><\/p><p><strong><a href=\"http:\/\/www2.unifap.br\/drh\/files\/2024\/05\/QRSTA-UNIFAP-MARCO2024.pdf\">QRSTA UNIFAP \u2013 MAR\u00c7O\/2024<\/a><\/strong><\/p><p><strong><a href=\"http:\/\/www2.unifap.br\/drh\/files\/2024\/05\/QRSTA-UNIFAP-FEVEREIRO2024.pdf\">QRSTA UNIFAP \u2013 FEVEREIRO\/2024<\/a><\/strong><\/p><p><strong><a href=\"http:\/\/www2.unifap.br\/drh\/files\/2024\/05\/QRSTA-UNIFAP-JANEIRO2024.pdf\">QRSTA UNIFAP \u2013 JANEIRO\/2024<\/a><\/strong><\/p><\/div>\n\t\t\t\t<\/div>\n\t\t\t\t\t\t\t<div class=\"elementor-toggle-item\">\n\t\t\t\t\t<div id=\"elementor-tab-title-1522\" class=\"elementor-tab-title\" data-tab=\"2\" role=\"button\" aria-controls=\"elementor-tab-content-1522\" aria-expanded=\"false\">\n\t\t\t\t\t\t\t\t\t\t\t\t<span class=\"elementor-toggle-icon elementor-toggle-icon-left\" aria-hidden=\"true\">\n\t\t\t\t\t\t\t\t\t\t\t\t\t\t\t<span class=\"elementor-toggle-icon-closed\"><i class=\"fas fa-caret-right\"><\/i><\/span>\n\t\t\t\t\t\t\t\t<span class=\"elementor-toggle-icon-opened\"><i class=\"elementor-toggle-icon-opened fas fa-caret-up\"><\/i><\/span>\n\t\t\t\t\t\t\t\t\t\t\t\t\t<\/span>\n\t\t\t\t\t\t\t\t\t\t\t\t<a class=\"elementor-toggle-title\" tabindex=\"0\">QUADRO DE REFER\u00caNCIA DOS SERVIDORES T\u00c9CNICOS ADMINISTRATIVOS \/ QRSTAE - 2022<\/a>\n\t\t\t\t\t<\/div>\n\n\t\t\t\t\t<div id=\"elementor-tab-content-1522\" class=\"elementor-tab-content elementor-clearfix\" data-tab=\"2\" role=\"region\" aria-labelledby=\"elementor-tab-title-1522\"><p><a href=\"http:\/\/www2.unifap.br\/drh\/files\/2022\/12\/QRSTA-UNIFAP-\u2013-OUTUBRO2022.pdf\"><strong>QRSTA UNIFAP \u2013 OUTUBRO\/2022<\/strong><\/a><\/p><p><strong><a href=\"http:\/\/www2.unifap.br\/drh\/files\/2022\/10\/QRSTA-TEC.-ADMIN-SETEMBRO2022-COMPLETO.pdf\">QRSTA UNIFAP \u2013 SETEMBRO\/2022<\/a><\/strong><\/p><p><strong><a href=\"http:\/\/www2.unifap.br\/drh\/files\/2022\/10\/8-QRSTA-TEC.-ADMIN-AGOSTO2022.pdf\">QRSTA UNIFAP \u2013 AGOSTO\/2022<\/a><\/strong><\/p><p><strong><a href=\"http:\/\/www2.unifap.br\/drh\/files\/2022\/10\/7-QRSTA-TEC.-ADMIN-JUL2022.pdf\">QRSTA UNIFAP \u2013 JULHO\/2022<\/a><\/strong><\/p><p><a href=\"http:\/\/www2.unifap.br\/drh\/files\/2022\/10\/6-QRSTA-TEC.-ADMIN-JUN2022.pdf\"><strong>QRSTA UNIFAP \u2013 JUNHO\/2022<\/strong><\/a><\/p><p><strong><a href=\"http:\/\/www2.unifap.br\/drh\/files\/2022\/06\/QRSTA-UNIFAP-\u2013-MAIO-2022.pdf\">QRSTA UNIFAP \u2013 MAIO-2022<\/a><\/strong><\/p><p><strong><a href=\"http:\/\/www2.unifap.br\/drh\/files\/2022\/06\/QRSTA-UNIFAP-\u2013-ABRIL-2022.pdf\">QRSTA UNIFAP \u2013 ABRIL -2022<\/a><\/strong><\/p><p><a href=\"http:\/\/www2.unifap.br\/drh\/files\/2022\/04\/QRSTA-TEC.-ADMINISTRATIVOS-MAR-2022.pdf\"><strong>QRSTA UNIFAP &#8211; MAR\u00c7O -2022<\/strong><\/a><\/p><p><a href=\"http:\/\/www2.unifap.br\/drh\/files\/2022\/03\/QRSTA-TEC.-ADMINISTRATIVOS-FEV-2022-1.pdf\"><strong>QRSTA UNIFAP &#8211; FEVEREIRO -2022<\/strong><\/a><\/p><p><strong><a href=\"http:\/\/www2.unifap.br\/drh\/files\/2022\/03\/QRSTA-TEC.-ADMINISTRATIVOS-JAN-2021.pdf\">QRSTA UNIFAP &#8211; JANEIRO -2022<\/a><\/strong><\/p><\/div>\n\t\t\t\t<\/div>\n\t\t\t\t\t\t\t<div class=\"elementor-toggle-item\">\n\t\t\t\t\t<div id=\"elementor-tab-title-1523\" class=\"elementor-tab-title\" data-tab=\"3\" role=\"button\" aria-controls=\"elementor-tab-content-1523\" aria-expanded=\"false\">\n\t\t\t\t\t\t\t\t\t\t\t\t<span class=\"elementor-toggle-icon elementor-toggle-icon-left\" aria-hidden=\"true\">\n\t\t\t\t\t\t\t\t\t\t\t\t\t\t\t<span class=\"elementor-toggle-icon-closed\"><i class=\"fas fa-caret-right\"><\/i><\/span>\n\t\t\t\t\t\t\t\t<span class=\"elementor-toggle-icon-opened\"><i class=\"elementor-toggle-icon-opened fas fa-caret-up\"><\/i><\/span>\n\t\t\t\t\t\t\t\t\t\t\t\t\t<\/span>\n\t\t\t\t\t\t\t\t\t\t\t\t<a class=\"elementor-toggle-title\" tabindex=\"0\">QUADRO DE REFER\u00caNCIA DOS SERVIDORES T\u00c9CNICOS ADMINISTRATIVOS \/ QRSTAE - 2021<\/a>\n\t\t\t\t\t<\/div>\n\n\t\t\t\t\t<div id=\"elementor-tab-content-1523\" class=\"elementor-tab-content elementor-clearfix\" data-tab=\"3\" role=\"region\" aria-labelledby=\"elementor-tab-title-1523\"><p><a href=\"http:\/\/www2.unifap.br\/drh\/files\/2022\/03\/QRSTA-TEC.-ADMINISTRATIVOS-DEZ-2021.pdf\"><strong>QRSTA UNIFAP &#8211; DEZEMBRO -2021<\/strong><\/a><\/p><p><strong><a href=\"http:\/\/www2.unifap.br\/drh\/files\/2021\/12\/QRSTA-UNIFAP-NOV-2021.pdf\">QRSTA UNIFAP &#8211; NOVEMBRO -2021<\/a><\/strong><\/p><\/div>\n\t\t\t\t<\/div>\n\t\t\t\t\t\t\t\t<\/div>\n\t\t\t\t\t\t<\/div>\n\t\t\t\t<\/div>\n\t\t\t\t\t<\/div>\n\t\t<\/div>\n\t\t\t\t\t<\/div>\n\t\t<\/section>\n\t\t\t\t<section class=\"elementor-section elementor-top-section elementor-element elementor-element-51aeaff elementor-section-boxed elementor-section-height-default elementor-section-height-default\" data-id=\"51aeaff\" data-element_type=\"section\" data-e-type=\"section\">\n\t\t\t\t\t\t<div class=\"elementor-container elementor-column-gap-default\">\n\t\t\t\t\t<div class=\"elementor-column elementor-col-100 elementor-top-column elementor-element elementor-element-a4058ce\" data-id=\"a4058ce\" data-element_type=\"column\" data-e-type=\"column\">\n\t\t\t<div class=\"elementor-widget-wrap elementor-element-populated\">\n\t\t\t\t\t\t<div class=\"elementor-element elementor-element-54534c3 elementor-widget elementor-widget-text-editor\" data-id=\"54534c3\" data-element_type=\"widget\" data-e-type=\"widget\" data-widget_type=\"text-editor.default\">\n\t\t\t\t<div class=\"elementor-widget-container\">\n\t\t\t\t\t\t\t\t\t<p><u style=\"color: #000000;font-family: Arial, sans-serif;font-size: 16px;font-style: italic;font-weight: 600;letter-spacing: -0.2px;text-align: justify\">LEGISLA\u00c7\u00d5ES:<\/u><\/p><p align=\"justify\"><a href=\"http:\/\/legislacao.planalto.gov.br\/legisla\/legislacao.nsf\/Viw_Identificacao\/lei%2011.091-2005?OpenDocument\"><strong><span style=\"color: #000000\"><span style=\"font-family: Arial, sans-serif\"><span style=\"font-size: medium\">L<\/span><\/span><\/span><\/strong><strong><span style=\"color: #000000\"><span style=\"font-family: Arial, sans-serif\"><span style=\"font-size: medium\">ei n<\/span><\/span><\/span><\/strong><strong><span style=\"color: #000000\"><span style=\"font-family: Arial, sans-serif\"><span style=\"font-size: medium\">\u00ba 11.091, <\/span><\/span><\/span><\/strong><strong><span style=\"color: #000000\"><span style=\"font-family: Arial, sans-serif\"><span style=\"font-size: medium\">de 12\/01\/2005<\/span><\/span><\/span><\/strong><\/a><span style=\"color: #000000\"><span style=\"font-family: Arial, sans-serif\"><span style=\"font-size: medium\"> &#8211; Disp\u00f5e sobre a estrutura\u00e7\u00e3o do Plano de Carreira dos Cargos T\u00e9cnico- Administrativos em Educa\u00e7\u00e3o, no \u00e2mbito das Institui\u00e7\u00f5es Federais de Ensino vinculadas ao Minist\u00e9rio da Educa\u00e7\u00e3o, e d\u00e1 outras provid\u00eancias.<\/span><\/span><\/span><\/p><p align=\"justify\"><span style=\"color: #000000\"><span style=\"font-family: Arial, sans-serif\"><span style=\"font-size: medium\">\u00a0<\/span><\/span><\/span><\/p><p align=\"justify\"><a href=\"https:\/\/www.planalto.gov.br\/ccivil_03\/_ato2007-2010\/2010\/decreto\/d7232.htm\"><strong><span style=\"color: #000000\"><span style=\"font-family: Arial, sans-serif\"><span style=\"font-size: medium\">Decreto n<\/span><\/span><\/span><span style=\"color: #000000\"><span style=\"font-family: Arial, sans-serif\"><span style=\"font-size: medium\">\u00ba 7.232, <\/span><\/span><\/span><span style=\"color: #000000\"><span style=\"font-family: Arial, sans-serif\"><span style=\"font-size: medium\">de 19\/07\/2010<\/span><\/span><\/span><\/strong><\/a> <span style=\"color: #000000\"><span style=\"font-family: Arial, sans-serif\"><span style=\"font-size: medium\">&#8211; Disp\u00f5e sobre os quantitativos de lota\u00e7\u00e3o dos cargos dos n\u00edveis de classifica\u00e7\u00e3o \u201cC\u201d, \u201cD\u201d e \u201cE\u201d integrantes do Plano de Carreira dos Cargos T\u00e9cnico-Administrativos em Educa\u00e7\u00e3o, de que trata a Lei n<\/span><\/span><\/span><span style=\"color: #000000\"><sup><span style=\"font-family: Arial, sans-serif\"><span style=\"font-size: medium\"><u>o<\/u><\/span><\/span><\/sup><\/span><span style=\"color: #000000\"><span style=\"font-family: Arial, sans-serif\"><span style=\"font-size: medium\">\u00a011.091, de 12 de janeiro de 2005, das universidades federais vinculadas ao Minist\u00e9rio da Educa\u00e7\u00e3o, e d\u00e1 outras provid\u00eancias. <\/span><\/span><\/span><\/p><p align=\"justify\"><span style=\"color: #000000\"><span style=\"font-family: Arial, sans-serif\"><span style=\"font-size: medium\">\u00a0<\/span><\/span><\/span><\/p><p align=\"justify\"><strong><span style=\"color: #000000\"><span style=\"font-family: Arial, sans-serif\"><span style=\"font-size: medium\">Portaria Interministerial MP\/MEC <\/span><\/span><\/span><span style=\"color: #000000\"><span style=\"font-family: Arial, sans-serif\"><span style=\"font-size: medium\">n<\/span><\/span><\/span><span style=\"color: #000000\"><span style=\"font-family: Arial, sans-serif\"><span style=\"font-size: medium\">\u00ba 111, <\/span><\/span><\/span><span style=\"color: #000000\"><span style=\"font-family: Arial, sans-serif\"><span style=\"font-size: medium\">de 02\/04\/2014-<\/span><\/span><\/span><\/strong><span style=\"color: #000000\"><span style=\"font-family: Arial, sans-serif\"><span style=\"font-size: medium\"> Atualiza, nos termos dos Anexos I e II a esta Portaria, o quantitativo de cargos efetivos do Banco de Professor-Equivalente e do Quadro de Lota\u00e7\u00e3o dos Cargos de T\u00e9cnico-Administrativo em Educa\u00e7\u00e3o, n\u00edveis de classifica\u00e7\u00e3o &#8220;C&#8221;, &#8220;D&#8221; e &#8220;E&#8221;, das Universidades Federais vinculadas ao Minist\u00e9rio da Educa\u00e7\u00e3o, fixados por meio dos Decretos n\u00ba 7.485, de 18 de maio de 2011, e n\u00ba 7.232, de 19 de julho de 2010, respectivamente. <\/span><\/span><\/span><\/p><p align=\"justify\"><span style=\"color: #000000\"><span style=\"font-family: Arial, sans-serif\"><span style=\"font-size: medium\">\u00a0<\/span><\/span><\/span><\/p><p align=\"justify\"><strong><span style=\"color: #000000\"><span style=\"font-family: Arial, sans-serif\"><span style=\"font-size: medium\"><a href=\"http:\/\/www2.unifap.br\/drh\/files\/2024\/05\/Portaria-Interministerial-MP-MEC-no-316-de-09-10-2017.pdf\">Portaria Interministerial MP\/MEC n\u00ba 316, de 09\/10\/2017 &#8211;<\/a> <\/span><\/span><\/span><\/strong><span style=\"color: #000000\"><span style=\"font-family: Arial, sans-serif\"><span style=\"font-size: medium\">Autorizar a amplia\u00e7\u00e3o em 1.900 (mil e novecentas) vagas do Banco de Professor-Equivalente &#8211; Magist\u00e9rio Superior, Banco de Professor-Equivalente &#8211; EBTT e Quadro de Refer\u00eancia dos ServidoresT\u00e9cnico-Administrativos das Universidades Federais, vinculadas ao Minist\u00e9rio da Educa\u00e7\u00e3o conforme Anexos I, II e III, constantes nesta Portaria. <\/span><\/span><\/span><\/p><p align=\"justify\"><span style=\"color: #000000\"><span style=\"font-family: Arial, sans-serif\"><span style=\"font-size: medium\">\u00a0<\/span><\/span><\/span><\/p><p align=\"justify\"><strong><span style=\"color: #000000\"><span style=\"font-family: Arial, sans-serif\"><span style=\"font-size: medium\"><a href=\"https:\/\/www.in.gov.br\/web\/dou\/-\/portaria-conjunta-mgi\/mec-n-29-de-28-de-julho-de-2023-499522800\">Portaria Conjunta MGI\/MEC n\u00ba 29\u00a0 de 28\/07\/2023<\/a>\u2013\u00a0<\/span><\/span><\/span><\/strong><span style=\"color: #000000\"><span style=\"font-family: Arial, sans-serif\"><span style=\"font-size: medium\">Amplia o Banco de Professor-Equivalente do Magist\u00e9rio Superior das Universidades Federais, vinculadas ao Minist\u00e9rio da Educa\u00e7\u00e3o, constitu\u00eddo pelo Decreto n\u00ba 7.485, de 18 de maio de 2011, e o Banco de Professor-Equivalente da Carreira do Magist\u00e9rio do Ensino B\u00e1sico, T\u00e9cnico e Tecnol\u00f3gico das unidades subordinadas \u00e0s Universidades Federais, institu\u00eddo pelo Decreto n\u00ba 8.260, 29 de maio de 2014; e atualiza o Quadro de Refer\u00eancia dos Servidores T\u00e9cnico-Administrativos das Universidades Federais, de que trata a Lei n\u00ba 11.091, de 12 de janeiro de 2005, vinculadas ao Minist\u00e9rio da Educa\u00e7\u00e3o.<\/span><\/span><\/span><\/p><p align=\"justify\">\u00a0<\/p><p align=\"justify\"><strong>ATUALIZA\u00c7\u00c3O DA P\u00c1GINA EM: 29\/05\/2024<\/strong><\/p>\t\t\t\t\t\t\t\t<\/div>\n\t\t\t\t<\/div>\n\t\t\t\t\t<\/div>\n\t\t<\/div>\n\t\t\t\t\t<\/div>\n\t\t<\/section>\n\t\t\t\t<\/div>\n\t\t","protected":false},"excerpt":{"rendered":"<p>O\u00a0Decreto n\u00ba 7.232, de 19\/07\/2010, disp\u00f5e\u00a0sobre os quantitativos de lota\u00e7\u00e3o dos cargos dos n\u00edveis de classifica\u00e7\u00e3o \u201cC\u201d, \u201cD\u201d e \u201cE\u201d integrantes do Plano de Carreira dos Cargos T\u00e9cnico-Administrativos em Educa\u00e7\u00e3o, de que trata a\u00a0Lei n. 11.091, de 12\/01\/2005, das \u00a0Universidades Federais vinculadas ao Minist\u00e9rio da Educa\u00e7\u00e3o. Basicamente, o Decreto n\u00ba 7.232 instituiu o que \u00e9&#8230;<\/p>\n","protected":false},"author":685,"featured_media":0,"parent":1831,"menu_order":7,"comment_status":"open","ping_status":"open","template":"","meta":{"inline_featured_image":false,"ngg_post_thumbnail":0,"footnotes":""},"class_list":["post-9555","page","type-page","status-publish","hentry","entry"],"_links":{"self":[{"href":"http:\/\/www2.unifap.br\/drh\/wp-json\/wp\/v2\/pages\/9555","targetHints":{"allow":["GET"]}}],"collection":[{"href":"http:\/\/www2.unifap.br\/drh\/wp-json\/wp\/v2\/pages"}],"about":[{"href":"http:\/\/www2.unifap.br\/drh\/wp-json\/wp\/v2\/types\/page"}],"author":[{"embeddable":true,"href":"http:\/\/www2.unifap.br\/drh\/wp-json\/wp\/v2\/users\/685"}],"replies":[{"embeddable":true,"href":"http:\/\/www2.unifap.br\/drh\/wp-json\/wp\/v2\/comments?post=9555"}],"version-history":[{"count":69,"href":"http:\/\/www2.unifap.br\/drh\/wp-json\/wp\/v2\/pages\/9555\/revisions"}],"predecessor-version":[{"id":18902,"href":"http:\/\/www2.unifap.br\/drh\/wp-json\/wp\/v2\/pages\/9555\/revisions\/18902"}],"up":[{"embeddable":true,"href":"http:\/\/www2.unifap.br\/drh\/wp-json\/wp\/v2\/pages\/1831"}],"wp:attachment":[{"href":"http:\/\/www2.unifap.br\/drh\/wp-json\/wp\/v2\/media?parent=9555"}],"curies":[{"name":"wp","href":"https:\/\/api.w.org\/{rel}","templated":true}]}}