{"id":9632,"date":"2018-03-09T12:27:28","date_gmt":"2018-03-09T12:27:28","guid":{"rendered":"http:\/\/www2.unifap.br\/drh\/?page_id=9632"},"modified":"2019-07-02T13:14:43","modified_gmt":"2019-07-02T13:14:43","slug":"progressao-e-promocao","status":"publish","type":"page","link":"http:\/\/www2.unifap.br\/drh\/desenvolvimento-na-carreira\/docente\/progressao-e-promocao\/","title":{"rendered":"Progress\u00e3o e Promo\u00e7\u00e3o"},"content":{"rendered":"<p style=\"text-align: justify\"><span style=\"color: #0000ff\"><a href=\"http:\/\/www.planalto.gov.br\/ccivil_03\/_ato2011-2014\/2012\/lei\/l12772.htm\" target=\"_blank\" rel=\"noopener\"><span style=\"color: #0000ff\"><strong>Lei 12.772\/12:<\/strong><\/span><\/a><\/span><\/p>\n<p style=\"text-align: justify\"><strong>Art. 12.<\/strong>&nbsp;&nbsp;O desenvolvimento na<strong>&nbsp;Carreira de Magist\u00e9rio Superior<\/strong>&nbsp;ocorrer\u00e1 mediante&nbsp;<strong>progress\u00e3o funcional e promo\u00e7\u00e3o<\/strong>.<\/p>\n<p style=\"text-align: justify\">\u00a7 1\u00ba&nbsp; Para os fins do disposto no&nbsp;caput,&nbsp;<strong>progress\u00e3o \u00e9 a passagem do servidor para o n\u00edvel de vencimento imediatamente superior dentro de uma mesma classe<\/strong>, e&nbsp;<strong>promo\u00e7\u00e3o, a passagem do servidor de uma classe para outra subsequente, na forma desta Lei.<\/strong><\/p>\n<p style=\"text-align: justify\">\u00a7 2\u00ba&nbsp; A&nbsp;<strong>progress\u00e3o na Carreira de Magist\u00e9rio Superior<\/strong>&nbsp;ocorrer\u00e1 com base nos&nbsp;<strong>crit\u00e9rios gerais estabelecidos nesta Le<\/strong>i e observar\u00e1, cumulativamente:<\/p>\n<p style=\"text-align: justify\">I \u2013 o&nbsp;<strong>cumprimento do interst\u00edcio de 24 (vinte e quatro) meses<\/strong>&nbsp;de efetivo exerc\u00edcio em cada n\u00edvel; e<\/p>\n<p style=\"text-align: justify\">II \u2013&nbsp;<strong>aprova\u00e7\u00e3o em avalia\u00e7\u00e3o de desempenho.<\/strong><\/p>\n<p style=\"text-align: justify\">\u00a7 3o&nbsp;&nbsp;A&nbsp;<strong>promo\u00e7\u00e3o<\/strong>&nbsp;ocorrer\u00e1 observados o&nbsp;<strong>interst\u00edcio m\u00ednimo de 24 (vinte e quatro) meses no \u00faltimo n\u00edvel de cada Classe antecedente<\/strong>&nbsp;\u00e0quela para a qual se dar\u00e1 a promo\u00e7\u00e3o e, ainda, as seguintes condi\u00e7\u00f5es:<\/p>\n<p style=\"text-align: justify\">I \u2013 para a<strong>&nbsp;Classe B<\/strong>, com denomina\u00e7\u00e3o de&nbsp;<strong>Professor Assistente<\/strong>, ser aprovado em processo de avalia\u00e7\u00e3o de desempenho;&nbsp;&nbsp;&nbsp;&nbsp;&nbsp;&nbsp;<a href=\"http:\/\/www.planalto.gov.br\/ccivil_03\/_ato2011-2014\/2013\/Lei\/L12863.htm#art1\">(Reda\u00e7\u00e3o dada pela Lei n\u00ba 12.863, de 2013)<\/a><\/p>\n<p style=\"text-align: justify\">II \u2013 para a&nbsp;<strong>Classe C<\/strong>, com denomina\u00e7\u00e3o de<strong>&nbsp;Professor Adjunto<\/strong>, ser aprovado em processo de avalia\u00e7\u00e3o de desempenho;&nbsp;&nbsp;&nbsp;&nbsp;&nbsp;&nbsp;<a href=\"http:\/\/www.planalto.gov.br\/ccivil_03\/_ato2011-2014\/2013\/Lei\/L12863.htm#art1\">(Reda\u00e7\u00e3o dada pela Lei n\u00ba 12.863, de 2013)<\/a><\/p>\n<p style=\"text-align: justify\">III \u2013 para a&nbsp;<strong>Classe D<\/strong>, com denomina\u00e7\u00e3o de&nbsp;<strong>Professor Associado<\/strong>:&nbsp;&nbsp;&nbsp;&nbsp;&nbsp;&nbsp;<a href=\"http:\/\/www.planalto.gov.br\/ccivil_03\/_ato2011-2014\/2013\/Lei\/L12863.htm#art1\">(Reda\u00e7\u00e3o dada pela Lei n\u00ba 12.863, de 2013)<\/a><\/p>\n<p style=\"text-align: justify\">a) possuir o&nbsp;<strong>t\u00edtulo de doutor<\/strong>; e<\/p>\n<p style=\"text-align: justify\">b) ser&nbsp;<strong>aprovado em processo de avalia\u00e7\u00e3o de desempenho<\/strong>; e<\/p>\n<p style=\"text-align: justify\">IV \u2013 para a&nbsp;<strong>Classe E<\/strong>, com denomina\u00e7\u00e3o de&nbsp;<strong>Professor Titular<\/strong>:&nbsp;&nbsp;&nbsp;&nbsp;&nbsp;&nbsp;<a href=\"http:\/\/www.planalto.gov.br\/ccivil_03\/_ato2011-2014\/2013\/Lei\/L12863.htm#art1\">(Reda\u00e7\u00e3o dada pela Lei n\u00ba 12.863, de 2013)<\/a><\/p>\n<p style=\"text-align: justify\">a) possuir o&nbsp;<strong>t\u00edtulo de doutor<\/strong>;<\/p>\n<p style=\"text-align: justify\">b) ser&nbsp;<strong>aprovado em<\/strong>&nbsp;<strong>processo de avalia\u00e7\u00e3o de desempenho<\/strong>; e<\/p>\n<p style=\"text-align: justify\">c) lograr&nbsp;<strong>aprova\u00e7\u00e3o de memorial que dever\u00e1 considerar as atividades de ensino, pesquisa, extens\u00e3o, gest\u00e3o acad\u00eamica e produ\u00e7\u00e3o profissional<\/strong>&nbsp;<strong>relevante<\/strong>, ou defesa de tese acad\u00eamica in\u00e9dita.<\/p>\n<p style=\"text-align: justify\">\u00a7 4o&nbsp;&nbsp;As diretrizes gerais para o<strong>&nbsp;processo de avalia\u00e7\u00e3o de desempenho para fins de progress\u00e3o e de promo\u00e7\u00e3o ser\u00e3o estabelecidas em ato do Minist\u00e9rio da Educa\u00e7\u00e3o&nbsp;<\/strong>e do Minist\u00e9rio da Defesa<strong>,&nbsp;<\/strong>conforme a subordina\u00e7\u00e3o ou vincula\u00e7\u00e3o das respectivas IFE<strong>&nbsp;e dever\u00e3o contemplar as atividades de ensino, pesquisa, extens\u00e3o e gest\u00e3o<\/strong>, cabendo aos&nbsp;<strong>conselhos competentes<\/strong>&nbsp;no&nbsp;<strong>\u00e2mbito de cada Institui\u00e7\u00e3o Federal de Ensino regulamentar os procedimentos do referido processo<\/strong>.<\/p>\n<p style=\"text-align: justify\">\u00a7 5o&nbsp;&nbsp;O processo de avalia\u00e7\u00e3o para acesso \u00e0<strong>&nbsp;Classe E<\/strong>, com denomina\u00e7\u00e3o de<strong>&nbsp;Titular<\/strong>, ser\u00e1 realizado por comiss\u00e3o especial composta por, no m\u00ednimo,&nbsp;<strong>75% (setenta e cinco por cento) de profissionais externos \u00e0 IFE<\/strong>, nos termos de ato do Ministro de Estado da Educa\u00e7\u00e3o.&nbsp;&nbsp;&nbsp;&nbsp;&nbsp;&nbsp;<a href=\"http:\/\/www.planalto.gov.br\/ccivil_03\/_ato2011-2014\/2013\/Lei\/L12863.htm#art1\">(Reda\u00e7\u00e3o dada pela Lei n\u00ba 12.863, de 2013)<\/a><\/p>\n<p style=\"text-align: justify\">\u00a7 6o&nbsp;&nbsp;Os cursos de&nbsp;<strong>mestrado e doutorado<\/strong>, para os fins previstos neste artigo, ser\u00e3o considerados somente se&nbsp;<strong>credenciados pelo Conselho Nacional de Educa\u00e7\u00e3o e, quando realizados no exterior, revalidados por institui\u00e7\u00e3o nacional competente.<\/strong><\/p>\n<p style=\"text-align: justify\">Art. 13.&nbsp; Os&nbsp;<strong>docentes aprovados no est\u00e1gio probat\u00f3rio<\/strong>&nbsp;do respectivo cargo que atenderem os seguintes&nbsp;<strong>requisitos de titula\u00e7\u00e3o<\/strong>&nbsp;far\u00e3o jus a&nbsp;<strong>processo de acelera\u00e7\u00e3o da promo\u00e7\u00e3o:<\/strong>&nbsp;&nbsp;&nbsp;&nbsp;&nbsp;&nbsp;<a href=\"http:\/\/www.planalto.gov.br\/ccivil_03\/_ato2011-2014\/2013\/Lei\/L12863.htm#art1\">(Reda\u00e7\u00e3o dada pela Lei n\u00ba 12.863, de 2013)<\/a><\/p>\n<p style=\"text-align: justify\">I \u2013 para o n\u00edvel inicial da&nbsp;<strong>Classe<\/strong>&nbsp;<strong>B<\/strong>, com denomina\u00e7\u00e3o de Professor<strong>&nbsp;Assistente<\/strong>, pela apresenta\u00e7\u00e3o de titula\u00e7\u00e3o de&nbsp;<strong>mestre<\/strong>; e&nbsp;&nbsp;&nbsp;&nbsp;&nbsp;&nbsp;<a href=\"http:\/\/www.planalto.gov.br\/ccivil_03\/_ato2011-2014\/2013\/Lei\/L12863.htm#art1\">(Reda\u00e7\u00e3o dada pela Lei n\u00ba 12.863, de 2013)<\/a><\/p>\n<p style=\"text-align: justify\">II \u2013 para o n\u00edvel inicial da&nbsp;<strong>Classe C<\/strong>, com denomina\u00e7\u00e3o de Professor&nbsp;<strong>Adjunto<\/strong>, pela apresenta\u00e7\u00e3o de titula\u00e7\u00e3o de&nbsp;<strong>doutor<\/strong>.&nbsp;&nbsp;&nbsp;&nbsp;&nbsp;&nbsp;<a href=\"http:\/\/www.planalto.gov.br\/ccivil_03\/_ato2011-2014\/2013\/Lei\/L12863.htm#art1\">(Reda\u00e7\u00e3o dada pela Lei n\u00ba 12.863, de 2013)<\/a><\/p>\n<p style=\"text-align: justify\">Par\u00e1grafo \u00fanico. &nbsp;Aos servidores ocupantes de cargos da Carreira de Magist\u00e9rio Superior em&nbsp;<strong>1o&nbsp;de mar\u00e7o de 2013<\/strong>&nbsp;ou&nbsp;<strong>na data de publica\u00e7\u00e3o desta Lei<\/strong>, se posterior,<strong>&nbsp;\u00e9 permitida a acelera\u00e7\u00e3o da promo\u00e7\u00e3o<\/strong>&nbsp;de que trata este artigo&nbsp;<strong>ainda que se encontrem em est\u00e1gio probat\u00f3rio<\/strong>&nbsp;no cargo.<\/p>\n<p>&nbsp;<\/p>\n<p><span style=\"color: #0000ff\"><strong>COMPROVA\u00c7\u00c3O DA TITULA\u00c7\u00c3O<\/strong><\/span><\/p>\n<p><a href=\"http:\/\/www2.unifap.br\/drh\/files\/2019\/07\/NOTA-T%C3%89CNICA-13-2019-ME.pdf\"><strong>Nota T\u00e9cnica SEI n\u00ba 13\/2019\/CGCAR ASSES\/CGCAR\/DESEN\/SGP\/SEDGG-ME<\/strong><\/a><\/p>\n<p>&nbsp;<strong><a href=\"http:\/\/www2.unifap.br\/drh\/files\/2019\/07\/OF%C3%8DCIO-CIRCULAR-2-2019-ME.pdf\">OF\u00cdCIO CIRCULAR SEI n\u00ba 2\/2019\/CGCAR ASSES\/CGCAR\/DESEN\/SGP\/SEDGG-ME<\/a><\/strong><\/p>\n","protected":false},"excerpt":{"rendered":"<p>Lei 12.772\/12: Art. 12.&nbsp;&nbsp;O desenvolvimento na&nbsp;Carreira de Magist\u00e9rio Superior&nbsp;ocorrer\u00e1 mediante&nbsp;progress\u00e3o funcional e promo\u00e7\u00e3o. \u00a7 1\u00ba&nbsp; Para os fins do disposto no&nbsp;caput,&nbsp;progress\u00e3o \u00e9 a passagem do servidor para o n\u00edvel de vencimento imediatamente superior dentro de uma mesma classe, e&nbsp;promo\u00e7\u00e3o, a passagem do servidor de uma classe para outra subsequente, na forma desta Lei. \u00a7 2\u00ba&nbsp;&#8230;<\/p>\n","protected":false},"author":685,"featured_media":0,"parent":5727,"menu_order":3,"comment_status":"open","ping_status":"open","template":"fullwidth.php","meta":{"inline_featured_image":false,"ngg_post_thumbnail":0,"footnotes":""},"class_list":["post-9632","page","type-page","status-publish","hentry","entry"],"_links":{"self":[{"href":"http:\/\/www2.unifap.br\/drh\/wp-json\/wp\/v2\/pages\/9632","targetHints":{"allow":["GET"]}}],"collection":[{"href":"http:\/\/www2.unifap.br\/drh\/wp-json\/wp\/v2\/pages"}],"about":[{"href":"http:\/\/www2.unifap.br\/drh\/wp-json\/wp\/v2\/types\/page"}],"author":[{"embeddable":true,"href":"http:\/\/www2.unifap.br\/drh\/wp-json\/wp\/v2\/users\/685"}],"replies":[{"embeddable":true,"href":"http:\/\/www2.unifap.br\/drh\/wp-json\/wp\/v2\/comments?post=9632"}],"version-history":[{"count":5,"href":"http:\/\/www2.unifap.br\/drh\/wp-json\/wp\/v2\/pages\/9632\/revisions"}],"predecessor-version":[{"id":12170,"href":"http:\/\/www2.unifap.br\/drh\/wp-json\/wp\/v2\/pages\/9632\/revisions\/12170"}],"up":[{"embeddable":true,"href":"http:\/\/www2.unifap.br\/drh\/wp-json\/wp\/v2\/pages\/5727"}],"wp:attachment":[{"href":"http:\/\/www2.unifap.br\/drh\/wp-json\/wp\/v2\/media?parent=9632"}],"curies":[{"name":"wp","href":"https:\/\/api.w.org\/{rel}","templated":true}]}}