{"id":9667,"date":"2018-03-09T16:52:25","date_gmt":"2018-03-09T16:52:25","guid":{"rendered":"http:\/\/www2.unifap.br\/drh\/?page_id=9667"},"modified":"2024-04-23T18:08:49","modified_gmt":"2024-04-23T21:08:49","slug":"acompanhamento-docente","status":"publish","type":"page","link":"http:\/\/www2.unifap.br\/drh\/desenvolvimento-na-carreira\/docente\/acompanhamento-docente\/","title":{"rendered":"Acompanhamento Docente"},"content":{"rendered":"<h2><strong><span style=\"color: #008000\">Divis\u00e3o de Acompanhamento Docente<\/span><\/strong><\/h2>\n<p style=\"text-align: justify\">A Divis\u00e3o de Acompanhamento Docente (DAD) \u00e9 uma unidade de servi\u00e7o da Coordenadoria de Ensino da Gradua\u00e7\u00e3o (COEG) e tem por finalidade prestar assessoramento a Pr\u00f3-Reitoria de Ensino de Gradua\u00e7\u00e3o (PROGRAD) na formula\u00e7\u00e3o e no acompanhamento da pol\u00edtica de desenvolvimento docente da UNIFAP.<\/p>\n<p style=\"text-align: justify\">Compete \u00e0 DAD realizar estudos que subsidiem a PROGRAD e a COEG, no que tange os diversos processos, programas e procedimentos did\u00e1tico-pedag\u00f3gicos aos professores e as Coordena\u00e7\u00f5es de curso. Prop\u00f5e-se \u00e0 melhoria de desempenhos, com vista \u00e0 otimiza\u00e7\u00e3o de resultados.<\/p>\n<p style=\"text-align: justify\">Neste sentido, a UNIFAP, por interm\u00e9dio desta Coordenadoria, dos Coordenadores de Curso e assessorado por esta Divis\u00e3o, acompanha e avalia as atividades docentes, atrav\u00e9s de registros acad\u00eamicos e instrumentos institucionais que visam este fim, quanto ao cumprimento de programas e consecu\u00e7\u00e3o dos objetivos propostos, em conson\u00e2ncia com a proposta da avalia\u00e7\u00e3o institucional, considerando:<\/p>\n<ul>\n<li style=\"text-align: justify\">OPlano de Atividades Individuais Docente (PAID), no qual o professor dimensiona sua carga hor\u00e1ria no semestre, especificando disciplinas e turma, cursos atendidos, bem como hor\u00e1rio disponibilizado para as atividades de pesquisa, extens\u00e3o, prepara\u00e7\u00e3o de aulas, supervis\u00e3o e orienta\u00e7\u00e3o de graduandos entre outras atividades possivelmente desenvolvidas por ele;<\/li>\n<li style=\"text-align: justify\">A atualiza\u00e7\u00e3o do conte\u00fado program\u00e1tico e da bibliografia utilizada nos Planos de Ensino, tendo em vista a ementa e os objetivos propostos pela disciplina desenvolvida pelo docente e que periodicamente pressup\u00f5e a retomada e reorienta\u00e7\u00e3o de aspectos considerados pass\u00edveis de aperfei\u00e7oamento, observando as normas institucionais vigentes;<\/li>\n<li style=\"text-align: justify\">O Plano de Trabalho de Est\u00e1gio Probat\u00f3rio Docente, no qual o professor rec\u00e9m-egresso na institui\u00e7\u00e3o, dimensiona seu trabalho no \u00e2mbito do ensino, da pesquisa e da extens\u00e3o detalhadamente, para os 3 anos subsequente nesta IFES;<\/li>\n<\/ul>\n<p style=\"text-align: justify\">A DAD tem ainda por objetivos:<\/p>\n<ul style=\"text-align: justify\">\n<li>Assessorar, sempre que necess\u00e1rio, as Coordena\u00e7\u00f5es de curso quanto a demanda e distribui\u00e7\u00e3o docente;<\/li>\n<li>Acompanhar o planejamento acad\u00eamico dos cursos;<\/li>\n<li>Orientar e acompanhar particularmente o docente em seu per\u00edodo de Est\u00e1gio Probat\u00f3rio;<\/li>\n<\/ul>\n<ul style=\"text-align: justify\">\n<li>Orientar e acompanhar as atribui\u00e7\u00f5es docentes na Institui\u00e7\u00e3o;<\/li>\n<li>Apreciar e emitir pareceres preliminares de afastamento e avalia\u00e7\u00e3o para efetiva\u00e7\u00e3o na Institui\u00e7\u00e3o;<\/li>\n<\/ul>\n<ul style=\"text-align: justify\">\n<li>Organizar e manter atualizado um banco de dados dos Docentes da UNIFAP: efetivos, substitutos, volunt\u00e1rios\/colaboradores.<\/li>\n<\/ul>\n<ul>\n<li style=\"text-align: justify\">Organizar, aprimorar e promover em conjunto com outros setores da Institui\u00e7\u00e3o o Programa de Forma\u00e7\u00e3o Docente, que envolve o universo dos professores em estudo e discuss\u00f5es, com vista \u00e0 qualifica\u00e7\u00e3o gradativa e continuada das a\u00e7\u00f5es;<\/li>\n<\/ul>\n<p>&nbsp;<\/p>\n<p><strong>Clique no link abaixo para ter acesso a p\u00e1gina da DAD<\/strong><\/p>\n<h2><a href=\"http:\/\/www2.unifap.br\/dad\/\" target=\"_blank\" rel=\"noopener\"><span style=\"color: #008000\"><strong>http:\/\/www2.unifap.br\/dad\/<\/strong><\/span><\/a><\/h2>\n","protected":false},"excerpt":{"rendered":"<p>Divis\u00e3o de Acompanhamento Docente A Divis\u00e3o de Acompanhamento Docente (DAD) \u00e9 uma unidade de servi\u00e7o da Coordenadoria de Ensino da Gradua\u00e7\u00e3o (COEG) e tem por finalidade prestar assessoramento a Pr\u00f3-Reitoria de Ensino de Gradua\u00e7\u00e3o (PROGRAD) na formula\u00e7\u00e3o e no acompanhamento da pol\u00edtica de desenvolvimento docente da UNIFAP. Compete \u00e0 DAD realizar estudos que subsidiem a&#8230;<\/p>\n","protected":false},"author":685,"featured_media":0,"parent":5727,"menu_order":4,"comment_status":"closed","ping_status":"closed","template":"","meta":{"inline_featured_image":false,"ngg_post_thumbnail":0,"footnotes":""},"class_list":["post-9667","page","type-page","status-publish","hentry","entry"],"_links":{"self":[{"href":"http:\/\/www2.unifap.br\/drh\/wp-json\/wp\/v2\/pages\/9667","targetHints":{"allow":["GET"]}}],"collection":[{"href":"http:\/\/www2.unifap.br\/drh\/wp-json\/wp\/v2\/pages"}],"about":[{"href":"http:\/\/www2.unifap.br\/drh\/wp-json\/wp\/v2\/types\/page"}],"author":[{"embeddable":true,"href":"http:\/\/www2.unifap.br\/drh\/wp-json\/wp\/v2\/users\/685"}],"replies":[{"embeddable":true,"href":"http:\/\/www2.unifap.br\/drh\/wp-json\/wp\/v2\/comments?post=9667"}],"version-history":[{"count":5,"href":"http:\/\/www2.unifap.br\/drh\/wp-json\/wp\/v2\/pages\/9667\/revisions"}],"predecessor-version":[{"id":18068,"href":"http:\/\/www2.unifap.br\/drh\/wp-json\/wp\/v2\/pages\/9667\/revisions\/18068"}],"up":[{"embeddable":true,"href":"http:\/\/www2.unifap.br\/drh\/wp-json\/wp\/v2\/pages\/5727"}],"wp:attachment":[{"href":"http:\/\/www2.unifap.br\/drh\/wp-json\/wp\/v2\/media?parent=9667"}],"curies":[{"name":"wp","href":"https:\/\/api.w.org\/{rel}","templated":true}]}}