{"id":13,"date":"2019-01-29T19:16:11","date_gmt":"2019-01-29T19:16:11","guid":{"rendered":"http:\/\/www2.unifap.br\/drinf\/?page_id=13"},"modified":"2019-01-29T21:36:17","modified_gmt":"2019-01-29T21:36:17","slug":"contato","status":"publish","type":"page","link":"http:\/\/www2.unifap.br\/drinf\/contato\/","title":{"rendered":"Contato"},"content":{"rendered":"<h3><strong>Divis\u00e3o de Redes e Infraestrutura &#8211; DRINF<\/strong><\/h3>\n<h3>N\u00facleo de Tecnologia da Informa\u00e7\u00e3o &#8211; NTI\/UNIFAP<\/h3>\n<p><span style=\"line-height: 1.5em;\"><strong>Endere\u00e7o:<\/strong> Rodovia Juscelino Kubstichek, s\/n. Bairro Universidade &#8211; CEP 68902-280<\/span><\/p>\n<p><strong>Fone<\/strong>:\u00a0(96) 3312-1736<\/p>\n<p><strong>Localiza\u00e7\u00e3o:<\/strong><br \/>\n<iframe style=\"border: 0;\" src=\"https:\/\/www.google.com\/maps\/embed?pb=!1m18!1m12!1m3!1d3236.1624606566484!2d-51.086898185246824!3d-0.00604969999558257!2m3!1f0!2f0!3f0!3m2!1i1024!2i768!4f13.1!3m3!1m2!1s0x929e1e1ac58e8edf%3A0x298af248839cc644!2sN%C3%BAcleo+de+Tecnologia+da+Informa%C3%A7%C3%A3o+-+UNIFAP!5e1!3m2!1spt-BR!2sbr!4v1460461174518\" height=\"450\" width=\"600\" allowfullscreen=\"\" frameborder=\"0\"><\/iframe><\/p>\n","protected":false},"excerpt":{"rendered":"<p>Divis\u00e3o de Redes e Infraestrutura &#8211; DRINF N\u00facleo de Tecnologia da Informa\u00e7\u00e3o &#8211; NTI\/UNIFAP Endere\u00e7o: Rodovia Juscelino Kubstichek, s\/n. Bairro Universidade &#8211; CEP 68902-280 Fone:\u00a0(96) 3312-1736 Localiza\u00e7\u00e3o:<\/p>\n","protected":false},"author":167,"featured_media":0,"parent":0,"menu_order":4,"comment_status":"closed","ping_status":"closed","template":"","meta":{"inline_featured_image":false,"ngg_post_thumbnail":0,"footnotes":""},"class_list":["post-13","page","type-page","status-publish","hentry","entry"],"_links":{"self":[{"href":"http:\/\/www2.unifap.br\/drinf\/wp-json\/wp\/v2\/pages\/13","targetHints":{"allow":["GET"]}}],"collection":[{"href":"http:\/\/www2.unifap.br\/drinf\/wp-json\/wp\/v2\/pages"}],"about":[{"href":"http:\/\/www2.unifap.br\/drinf\/wp-json\/wp\/v2\/types\/page"}],"author":[{"embeddable":true,"href":"http:\/\/www2.unifap.br\/drinf\/wp-json\/wp\/v2\/users\/167"}],"replies":[{"embeddable":true,"href":"http:\/\/www2.unifap.br\/drinf\/wp-json\/wp\/v2\/comments?post=13"}],"version-history":[{"count":4,"href":"http:\/\/www2.unifap.br\/drinf\/wp-json\/wp\/v2\/pages\/13\/revisions"}],"predecessor-version":[{"id":17,"href":"http:\/\/www2.unifap.br\/drinf\/wp-json\/wp\/v2\/pages\/13\/revisions\/17"}],"wp:attachment":[{"href":"http:\/\/www2.unifap.br\/drinf\/wp-json\/wp\/v2\/media?parent=13"}],"curies":[{"name":"wp","href":"https:\/\/api.w.org\/{rel}","templated":true}]}}