{"id":2,"date":"2018-12-26T15:07:43","date_gmt":"2018-12-26T15:07:43","guid":{"rendered":"http:\/\/www2.unifap.br\/drinf\/?page_id=2"},"modified":"2023-06-15T22:16:34","modified_gmt":"2023-06-15T22:16:34","slug":"politicas","status":"publish","type":"page","link":"http:\/\/www2.unifap.br\/drinf\/politicas\/","title":{"rendered":"Pol\u00edticas"},"content":{"rendered":"\t\t<div data-elementor-type=\"wp-page\" data-elementor-id=\"2\" class=\"elementor elementor-2\">\n\t\t\t\t\t\t<section class=\"elementor-section elementor-top-section elementor-element elementor-element-1b9ed29 elementor-section-boxed elementor-section-height-default elementor-section-height-default elementor-invisible\" data-id=\"1b9ed29\" data-element_type=\"section\" data-e-type=\"section\" data-settings=\"{&quot;animation&quot;:&quot;fadeIn&quot;}\">\n\t\t\t\t\t\t<div class=\"elementor-container elementor-column-gap-default\">\n\t\t\t\t\t<div class=\"elementor-column elementor-col-100 elementor-top-column elementor-element elementor-element-b1a7731\" data-id=\"b1a7731\" data-element_type=\"column\" data-e-type=\"column\">\n\t\t\t<div class=\"elementor-widget-wrap elementor-element-populated\">\n\t\t\t\t\t\t<div class=\"elementor-element elementor-element-84c0f29 elementor-widget elementor-widget-heading\" data-id=\"84c0f29\" data-element_type=\"widget\" data-e-type=\"widget\" data-widget_type=\"heading.default\">\n\t\t\t\t<div class=\"elementor-widget-container\">\n\t\t\t\t\t<h3 class=\"elementor-heading-title elementor-size-medium\">Ao utilizar nossos Servi\u00e7os, voc\u00ea est\u00e1 concordando em seguir as normatiza\u00e7\u00f5es constantes nas pol\u00edticas abaixo. Recomendamos que leia-as com aten\u00e7\u00e3o.<\/h3>\t\t\t\t<\/div>\n\t\t\t\t<\/div>\n\t\t\t\t\t<\/div>\n\t\t<\/div>\n\t\t\t\t\t<\/div>\n\t\t<\/section>\n\t\t\t\t<section class=\"elementor-section elementor-top-section elementor-element elementor-element-a3b7be9 elementor-section-boxed elementor-section-height-default elementor-section-height-default elementor-invisible\" data-id=\"a3b7be9\" data-element_type=\"section\" data-e-type=\"section\" data-settings=\"{&quot;animation&quot;:&quot;fadeIn&quot;}\">\n\t\t\t\t\t\t<div class=\"elementor-container elementor-column-gap-default\">\n\t\t\t\t\t<div class=\"elementor-column elementor-col-25 elementor-top-column elementor-element elementor-element-e06e038\" data-id=\"e06e038\" data-element_type=\"column\" data-e-type=\"column\">\n\t\t\t<div class=\"elementor-widget-wrap elementor-element-populated\">\n\t\t\t\t\t\t<div class=\"elementor-element elementor-element-fb56cfe elementor-widget elementor-widget-image\" data-id=\"fb56cfe\" data-element_type=\"widget\" data-e-type=\"widget\" data-widget_type=\"image.default\">\n\t\t\t\t<div class=\"elementor-widget-container\">\n\t\t\t\t\t\t\t\t\t\t\t\t\t\t\t\t<a href=\"https:\/\/www2.unifap.br\/nti\/files\/2016\/10\/Pol\u00edtica-de-Seguran\u00e7a-da-Informa\u00e7\u00e3o-POSIC-2.pdf\">\n\t\t\t\t\t\t\t<img fetchpriority=\"high\" decoding=\"async\" width=\"1024\" height=\"683\" src=\"http:\/\/www2.unifap.br\/drinf\/files\/2023\/06\/11121-1024x683.jpg\" class=\"elementor-animation-grow attachment-large size-large wp-image-820\" alt=\"\" srcset=\"http:\/\/www2.unifap.br\/drinf\/files\/2023\/06\/11121-1024x683.jpg 1024w, http:\/\/www2.unifap.br\/drinf\/files\/2023\/06\/11121-300x200.jpg 300w, http:\/\/www2.unifap.br\/drinf\/files\/2023\/06\/11121-768x512.jpg 768w, http:\/\/www2.unifap.br\/drinf\/files\/2023\/06\/11121-1536x1024.jpg 1536w, http:\/\/www2.unifap.br\/drinf\/files\/2023\/06\/11121-2048x1365.jpg 2048w\" sizes=\"(max-width: 1024px) 100vw, 1024px\" \/>\t\t\t\t\t\t\t\t<\/a>\n\t\t\t\t\t\t\t\t\t\t\t\t\t\t\t<\/div>\n\t\t\t\t<\/div>\n\t\t\t\t\t<\/div>\n\t\t<\/div>\n\t\t\t\t<div class=\"elementor-column elementor-col-25 elementor-top-column elementor-element elementor-element-f3a3f93\" data-id=\"f3a3f93\" data-element_type=\"column\" data-e-type=\"column\">\n\t\t\t<div class=\"elementor-widget-wrap elementor-element-populated\">\n\t\t\t\t\t\t<div class=\"elementor-element elementor-element-c138659 elementor-widget elementor-widget-spacer\" data-id=\"c138659\" data-element_type=\"widget\" data-e-type=\"widget\" data-widget_type=\"spacer.default\">\n\t\t\t\t<div class=\"elementor-widget-container\">\n\t\t\t\t\t\t\t<div class=\"elementor-spacer\">\n\t\t\t<div class=\"elementor-spacer-inner\"><\/div>\n\t\t<\/div>\n\t\t\t\t\t\t<\/div>\n\t\t\t\t<\/div>\n\t\t\t\t<div class=\"elementor-element elementor-element-87cb8ae elementor-widget elementor-widget-heading\" data-id=\"87cb8ae\" data-element_type=\"widget\" data-e-type=\"widget\" data-widget_type=\"heading.default\">\n\t\t\t\t<div class=\"elementor-widget-container\">\n\t\t\t\t\t<h2 class=\"elementor-heading-title elementor-size-default\"><a href=\"https:\/\/www2.unifap.br\/nti\/files\/2016\/10\/Pol\u00edtica-de-Seguran\u00e7a-da-Informa\u00e7\u00e3o-POSIC-2.pdf\">Pol\u00edtica de Seguran\u00e7a da Informa\u00e7\u00e3o (POSIC)<\/a><\/h2>\t\t\t\t<\/div>\n\t\t\t\t<\/div>\n\t\t\t\t\t<\/div>\n\t\t<\/div>\n\t\t\t\t<div class=\"elementor-column elementor-col-25 elementor-top-column elementor-element elementor-element-a0a43c9\" data-id=\"a0a43c9\" data-element_type=\"column\" data-e-type=\"column\">\n\t\t\t<div class=\"elementor-widget-wrap elementor-element-populated\">\n\t\t\t\t\t\t<div class=\"elementor-element elementor-element-ee6925a elementor-widget elementor-widget-image\" data-id=\"ee6925a\" data-element_type=\"widget\" data-e-type=\"widget\" data-widget_type=\"image.default\">\n\t\t\t\t<div class=\"elementor-widget-container\">\n\t\t\t\t\t\t\t\t\t\t\t\t\t\t\t\t<a href=\"https:\/\/www2.unifap.br\/nti\/files\/2016\/10\/Politica-de-Backup.pdf\">\n\t\t\t\t\t\t\t<img decoding=\"async\" width=\"1024\" height=\"683\" src=\"http:\/\/www2.unifap.br\/drinf\/files\/2023\/06\/20945274-1024x683.jpg\" class=\"elementor-animation-grow attachment-large size-large wp-image-822\" alt=\"\" srcset=\"http:\/\/www2.unifap.br\/drinf\/files\/2023\/06\/20945274-1024x683.jpg 1024w, http:\/\/www2.unifap.br\/drinf\/files\/2023\/06\/20945274-300x200.jpg 300w, http:\/\/www2.unifap.br\/drinf\/files\/2023\/06\/20945274-768x512.jpg 768w, http:\/\/www2.unifap.br\/drinf\/files\/2023\/06\/20945274-1536x1024.jpg 1536w, http:\/\/www2.unifap.br\/drinf\/files\/2023\/06\/20945274-2048x1365.jpg 2048w\" sizes=\"(max-width: 1024px) 100vw, 1024px\" \/>\t\t\t\t\t\t\t\t<\/a>\n\t\t\t\t\t\t\t\t\t\t\t\t\t\t\t<\/div>\n\t\t\t\t<\/div>\n\t\t\t\t\t<\/div>\n\t\t<\/div>\n\t\t\t\t<div class=\"elementor-column elementor-col-25 elementor-top-column elementor-element elementor-element-b1fdae4\" data-id=\"b1fdae4\" data-element_type=\"column\" data-e-type=\"column\">\n\t\t\t<div class=\"elementor-widget-wrap elementor-element-populated\">\n\t\t\t\t\t\t<div class=\"elementor-element elementor-element-7572243 elementor-widget elementor-widget-spacer\" data-id=\"7572243\" data-element_type=\"widget\" data-e-type=\"widget\" data-widget_type=\"spacer.default\">\n\t\t\t\t<div class=\"elementor-widget-container\">\n\t\t\t\t\t\t\t<div class=\"elementor-spacer\">\n\t\t\t<div class=\"elementor-spacer-inner\"><\/div>\n\t\t<\/div>\n\t\t\t\t\t\t<\/div>\n\t\t\t\t<\/div>\n\t\t\t\t<div class=\"elementor-element elementor-element-4c0e792 elementor-widget elementor-widget-heading\" data-id=\"4c0e792\" data-element_type=\"widget\" data-e-type=\"widget\" data-widget_type=\"heading.default\">\n\t\t\t\t<div class=\"elementor-widget-container\">\n\t\t\t\t\t<h2 class=\"elementor-heading-title elementor-size-default\"><a href=\"https:\/\/www2.unifap.br\/nti\/files\/2016\/10\/Politica-de-Backup.pdf\">Pol\u00edtica de Backup<\/a><\/h2>\t\t\t\t<\/div>\n\t\t\t\t<\/div>\n\t\t\t\t\t<\/div>\n\t\t<\/div>\n\t\t\t\t\t<\/div>\n\t\t<\/section>\n\t\t\t\t<section class=\"elementor-section elementor-top-section elementor-element elementor-element-bdac6b9 elementor-section-boxed elementor-section-height-default elementor-section-height-default\" data-id=\"bdac6b9\" data-element_type=\"section\" data-e-type=\"section\">\n\t\t\t\t\t\t<div class=\"elementor-container elementor-column-gap-default\">\n\t\t\t\t\t<div class=\"elementor-column elementor-col-25 elementor-top-column elementor-element elementor-element-39f5000\" data-id=\"39f5000\" data-element_type=\"column\" data-e-type=\"column\">\n\t\t\t<div class=\"elementor-widget-wrap elementor-element-populated\">\n\t\t\t\t\t\t<div class=\"elementor-element elementor-element-b57e619 elementor-widget elementor-widget-image\" data-id=\"b57e619\" data-element_type=\"widget\" data-e-type=\"widget\" data-widget_type=\"image.default\">\n\t\t\t\t<div class=\"elementor-widget-container\">\n\t\t\t\t\t\t\t\t\t\t\t\t\t\t\t\t<a href=\"https:\/\/www2.unifap.br\/nti\/files\/2016\/10\/Politica-Webmail-Institucional-para-Servidores.pdf\">\n\t\t\t\t\t\t\t<img decoding=\"async\" width=\"1024\" height=\"683\" src=\"http:\/\/www2.unifap.br\/drinf\/files\/2023\/06\/20945480-1024x683.jpg\" class=\"elementor-animation-grow attachment-large size-large wp-image-823\" alt=\"\" srcset=\"http:\/\/www2.unifap.br\/drinf\/files\/2023\/06\/20945480-1024x683.jpg 1024w, http:\/\/www2.unifap.br\/drinf\/files\/2023\/06\/20945480-300x200.jpg 300w, http:\/\/www2.unifap.br\/drinf\/files\/2023\/06\/20945480-768x512.jpg 768w, http:\/\/www2.unifap.br\/drinf\/files\/2023\/06\/20945480-1536x1024.jpg 1536w, http:\/\/www2.unifap.br\/drinf\/files\/2023\/06\/20945480-2048x1365.jpg 2048w\" sizes=\"(max-width: 1024px) 100vw, 1024px\" \/>\t\t\t\t\t\t\t\t<\/a>\n\t\t\t\t\t\t\t\t\t\t\t\t\t\t\t<\/div>\n\t\t\t\t<\/div>\n\t\t\t\t\t<\/div>\n\t\t<\/div>\n\t\t\t\t<div class=\"elementor-column elementor-col-25 elementor-top-column elementor-element elementor-element-f29f0e9\" data-id=\"f29f0e9\" data-element_type=\"column\" data-e-type=\"column\">\n\t\t\t<div class=\"elementor-widget-wrap elementor-element-populated\">\n\t\t\t\t\t\t<div class=\"elementor-element elementor-element-54ac81e elementor-widget elementor-widget-spacer\" data-id=\"54ac81e\" data-element_type=\"widget\" data-e-type=\"widget\" data-widget_type=\"spacer.default\">\n\t\t\t\t<div class=\"elementor-widget-container\">\n\t\t\t\t\t\t\t<div class=\"elementor-spacer\">\n\t\t\t<div class=\"elementor-spacer-inner\"><\/div>\n\t\t<\/div>\n\t\t\t\t\t\t<\/div>\n\t\t\t\t<\/div>\n\t\t\t\t<div class=\"elementor-element elementor-element-c92d943 elementor-widget elementor-widget-heading\" data-id=\"c92d943\" data-element_type=\"widget\" data-e-type=\"widget\" data-widget_type=\"heading.default\">\n\t\t\t\t<div class=\"elementor-widget-container\">\n\t\t\t\t\t<h2 class=\"elementor-heading-title elementor-size-default\"><a href=\"https:\/\/www2.unifap.br\/nti\/files\/2016\/10\/Politica-Webmail-Institucional-para-Servidores.pdf\">Pol\u00edtica de Uso para o e-mail Institucional<\/a><\/h2>\t\t\t\t<\/div>\n\t\t\t\t<\/div>\n\t\t\t\t\t<\/div>\n\t\t<\/div>\n\t\t\t\t<div class=\"elementor-column elementor-col-25 elementor-top-column elementor-element elementor-element-478533f\" data-id=\"478533f\" data-element_type=\"column\" data-e-type=\"column\">\n\t\t\t<div class=\"elementor-widget-wrap elementor-element-populated\">\n\t\t\t\t\t\t<div class=\"elementor-element elementor-element-bc3507e elementor-widget elementor-widget-image\" data-id=\"bc3507e\" data-element_type=\"widget\" data-e-type=\"widget\" data-widget_type=\"image.default\">\n\t\t\t\t<div class=\"elementor-widget-container\">\n\t\t\t\t\t\t\t\t\t\t\t\t\t\t\t\t<a href=\"https:\/\/www2.unifap.br\/nti\/files\/2012\/04\/Norma-de-seguran\u00e7a-para-UNIFAPnet.pdf\">\n\t\t\t\t\t\t\t<img loading=\"lazy\" decoding=\"async\" width=\"1024\" height=\"683\" src=\"http:\/\/www2.unifap.br\/drinf\/files\/2023\/06\/20944117-1024x683.jpg\" class=\"elementor-animation-grow attachment-large size-large wp-image-826\" alt=\"\" srcset=\"http:\/\/www2.unifap.br\/drinf\/files\/2023\/06\/20944117-1024x683.jpg 1024w, http:\/\/www2.unifap.br\/drinf\/files\/2023\/06\/20944117-300x200.jpg 300w, http:\/\/www2.unifap.br\/drinf\/files\/2023\/06\/20944117-768x512.jpg 768w, http:\/\/www2.unifap.br\/drinf\/files\/2023\/06\/20944117-1536x1024.jpg 1536w, http:\/\/www2.unifap.br\/drinf\/files\/2023\/06\/20944117-2048x1365.jpg 2048w\" sizes=\"(max-width: 1024px) 100vw, 1024px\" \/>\t\t\t\t\t\t\t\t<\/a>\n\t\t\t\t\t\t\t\t\t\t\t\t\t\t\t<\/div>\n\t\t\t\t<\/div>\n\t\t\t\t\t<\/div>\n\t\t<\/div>\n\t\t\t\t<div class=\"elementor-column elementor-col-25 elementor-top-column elementor-element elementor-element-70fc2ef\" data-id=\"70fc2ef\" data-element_type=\"column\" data-e-type=\"column\">\n\t\t\t<div class=\"elementor-widget-wrap elementor-element-populated\">\n\t\t\t\t\t\t<div class=\"elementor-element elementor-element-a059030 elementor-widget elementor-widget-spacer\" data-id=\"a059030\" data-element_type=\"widget\" data-e-type=\"widget\" data-widget_type=\"spacer.default\">\n\t\t\t\t<div class=\"elementor-widget-container\">\n\t\t\t\t\t\t\t<div class=\"elementor-spacer\">\n\t\t\t<div class=\"elementor-spacer-inner\"><\/div>\n\t\t<\/div>\n\t\t\t\t\t\t<\/div>\n\t\t\t\t<\/div>\n\t\t\t\t<div class=\"elementor-element elementor-element-ff3e0a7 elementor-widget elementor-widget-heading\" data-id=\"ff3e0a7\" data-element_type=\"widget\" data-e-type=\"widget\" data-widget_type=\"heading.default\">\n\t\t\t\t<div class=\"elementor-widget-container\">\n\t\t\t\t\t<h2 class=\"elementor-heading-title elementor-size-default\"><a href=\"https:\/\/www2.unifap.br\/nti\/files\/2012\/04\/Norma-de-seguran\u00e7a-para-UNIFAPnet.pdf\">Normas de Seguran\u00e7a para UNIFAPnet<\/a><\/h2>\t\t\t\t<\/div>\n\t\t\t\t<\/div>\n\t\t\t\t\t<\/div>\n\t\t<\/div>\n\t\t\t\t\t<\/div>\n\t\t<\/section>\n\t\t\t\t<\/div>\n\t\t","protected":false},"excerpt":{"rendered":"<p>Ao utilizar nossos Servi\u00e7os, voc\u00ea est\u00e1 concordando em seguir as normatiza\u00e7\u00f5es constantes nas pol\u00edticas abaixo. Recomendamos que leia-as com aten\u00e7\u00e3o. Pol\u00edtica de Seguran\u00e7a da Informa\u00e7\u00e3o (POSIC) Pol\u00edtica de Backup Pol\u00edtica de Uso para o e-mail Institucional Normas de Seguran\u00e7a para UNIFAPnet<\/p>\n","protected":false},"author":167,"featured_media":0,"parent":0,"menu_order":3,"comment_status":"closed","ping_status":"closed","template":"elementor_header_footer","meta":{"inline_featured_image":false,"ngg_post_thumbnail":0,"footnotes":""},"class_list":["post-2","page","type-page","status-publish","hentry","entry"],"_links":{"self":[{"href":"http:\/\/www2.unifap.br\/drinf\/wp-json\/wp\/v2\/pages\/2","targetHints":{"allow":["GET"]}}],"collection":[{"href":"http:\/\/www2.unifap.br\/drinf\/wp-json\/wp\/v2\/pages"}],"about":[{"href":"http:\/\/www2.unifap.br\/drinf\/wp-json\/wp\/v2\/types\/page"}],"author":[{"embeddable":true,"href":"http:\/\/www2.unifap.br\/drinf\/wp-json\/wp\/v2\/users\/167"}],"replies":[{"embeddable":true,"href":"http:\/\/www2.unifap.br\/drinf\/wp-json\/wp\/v2\/comments?post=2"}],"version-history":[{"count":12,"href":"http:\/\/www2.unifap.br\/drinf\/wp-json\/wp\/v2\/pages\/2\/revisions"}],"predecessor-version":[{"id":832,"href":"http:\/\/www2.unifap.br\/drinf\/wp-json\/wp\/v2\/pages\/2\/revisions\/832"}],"wp:attachment":[{"href":"http:\/\/www2.unifap.br\/drinf\/wp-json\/wp\/v2\/media?parent=2"}],"curies":[{"name":"wp","href":"https:\/\/api.w.org\/{rel}","templated":true}]}}