{"id":158,"date":"2015-05-19T11:59:15","date_gmt":"2015-05-19T11:59:15","guid":{"rendered":"http:\/\/www2.unifap.br\/dsmt\/?page_id=158"},"modified":"2016-07-25T20:21:53","modified_gmt":"2016-07-25T20:21:53","slug":"equipe","status":"publish","type":"page","link":"http:\/\/www2.unifap.br\/dsmt\/equipe\/","title":{"rendered":"Equipe"},"content":{"rendered":"<p>&nbsp;<\/p>\n<p><a href=\"http:\/\/www2.unifap.br\/dsmt\/files\/2015\/05\/IMG-20160520-WA0006.jpg\"><img fetchpriority=\"high\" decoding=\"async\" class=\"alignnone size-medium wp-image-321\" alt=\"IMG-20160520-WA0006\" src=\"http:\/\/www2.unifap.br\/dsmt\/files\/2015\/05\/IMG-20160520-WA0006-300x225.jpg\" width=\"300\" height=\"225\" srcset=\"http:\/\/www2.unifap.br\/dsmt\/files\/2015\/05\/IMG-20160520-WA0006-300x225.jpg 300w, http:\/\/www2.unifap.br\/dsmt\/files\/2015\/05\/IMG-20160520-WA0006-1024x768.jpg 1024w, http:\/\/www2.unifap.br\/dsmt\/files\/2015\/05\/IMG-20160520-WA0006.jpg 1280w\" sizes=\"(max-width: 300px) 100vw, 300px\" \/><\/a><\/p>\n<p>&nbsp;<\/p>\n<p>&nbsp;<\/p>\n<p>H\u00e9lder Albuquerque &#8211; M\u00e9dico<\/p>\n<p>Rosilvado Souza Cruz &#8211; T\u00e9cnico Em Seguran\u00e7a do Trabalho (Chefe da Divis\u00e3o)<\/p>\n<p>Gustavo Hebron Pinheiro Menezes &#8211; T\u00e9cnico em Seguran\u00e7a do Trabalho<\/p>\n<p>&nbsp;<\/p>\n<p>&nbsp;<\/p>\n<p>&nbsp;<\/p>\n","protected":false},"excerpt":{"rendered":"<p>&nbsp; &nbsp; &nbsp; H\u00e9lder Albuquerque &#8211; M\u00e9dico Rosilvado Souza Cruz &#8211; T\u00e9cnico Em Seguran\u00e7a do Trabalho (Chefe da Divis\u00e3o) Gustavo Hebron Pinheiro Menezes &#8211; T\u00e9cnico em Seguran\u00e7a do Trabalho &nbsp; &nbsp; &nbsp;<\/p>\n","protected":false},"author":656,"featured_media":0,"parent":0,"menu_order":0,"comment_status":"open","ping_status":"open","template":"","meta":{"inline_featured_image":false,"ngg_post_thumbnail":0,"footnotes":""},"class_list":["post-158","page","type-page","status-publish","hentry"],"_links":{"self":[{"href":"http:\/\/www2.unifap.br\/dsmt\/wp-json\/wp\/v2\/pages\/158","targetHints":{"allow":["GET"]}}],"collection":[{"href":"http:\/\/www2.unifap.br\/dsmt\/wp-json\/wp\/v2\/pages"}],"about":[{"href":"http:\/\/www2.unifap.br\/dsmt\/wp-json\/wp\/v2\/types\/page"}],"author":[{"embeddable":true,"href":"http:\/\/www2.unifap.br\/dsmt\/wp-json\/wp\/v2\/users\/656"}],"replies":[{"embeddable":true,"href":"http:\/\/www2.unifap.br\/dsmt\/wp-json\/wp\/v2\/comments?post=158"}],"version-history":[{"count":4,"href":"http:\/\/www2.unifap.br\/dsmt\/wp-json\/wp\/v2\/pages\/158\/revisions"}],"predecessor-version":[{"id":323,"href":"http:\/\/www2.unifap.br\/dsmt\/wp-json\/wp\/v2\/pages\/158\/revisions\/323"}],"wp:attachment":[{"href":"http:\/\/www2.unifap.br\/dsmt\/wp-json\/wp\/v2\/media?parent=158"}],"curies":[{"name":"wp","href":"https:\/\/api.w.org\/{rel}","templated":true}]}}