{"id":243,"date":"2016-03-31T15:25:15","date_gmt":"2016-03-31T15:25:15","guid":{"rendered":"http:\/\/www2.unifap.br\/dsmt\/?page_id=243"},"modified":"2016-03-31T15:25:15","modified_gmt":"2016-03-31T15:25:15","slug":"requerimento-e-declaracao-de-lotacao","status":"publish","type":"page","link":"http:\/\/www2.unifap.br\/dsmt\/adicional-de-insalubridade-e-periculosidade\/requerimento-e-declaracao-de-lotacao\/","title":{"rendered":"Requerimento e Declara\u00e7\u00e3o de Lota\u00e7\u00e3o"},"content":{"rendered":"<p><a href=\"http:\/\/www2.unifap.br\/dsmt\/files\/2016\/03\/word-Requerimento-para-fazer-download.docx\">(word) Requerimento para fazer download<\/a><\/p>\n","protected":false},"excerpt":{"rendered":"<p>(word) Requerimento para fazer download<\/p>\n","protected":false},"author":656,"featured_media":0,"parent":123,"menu_order":0,"comment_status":"open","ping_status":"open","template":"","meta":{"inline_featured_image":false,"ngg_post_thumbnail":0,"footnotes":""},"class_list":["post-243","page","type-page","status-publish","hentry"],"_links":{"self":[{"href":"http:\/\/www2.unifap.br\/dsmt\/wp-json\/wp\/v2\/pages\/243","targetHints":{"allow":["GET"]}}],"collection":[{"href":"http:\/\/www2.unifap.br\/dsmt\/wp-json\/wp\/v2\/pages"}],"about":[{"href":"http:\/\/www2.unifap.br\/dsmt\/wp-json\/wp\/v2\/types\/page"}],"author":[{"embeddable":true,"href":"http:\/\/www2.unifap.br\/dsmt\/wp-json\/wp\/v2\/users\/656"}],"replies":[{"embeddable":true,"href":"http:\/\/www2.unifap.br\/dsmt\/wp-json\/wp\/v2\/comments?post=243"}],"version-history":[{"count":2,"href":"http:\/\/www2.unifap.br\/dsmt\/wp-json\/wp\/v2\/pages\/243\/revisions"}],"predecessor-version":[{"id":245,"href":"http:\/\/www2.unifap.br\/dsmt\/wp-json\/wp\/v2\/pages\/243\/revisions\/245"}],"up":[{"embeddable":true,"href":"http:\/\/www2.unifap.br\/dsmt\/wp-json\/wp\/v2\/pages\/123"}],"wp:attachment":[{"href":"http:\/\/www2.unifap.br\/dsmt\/wp-json\/wp\/v2\/media?parent=243"}],"curies":[{"name":"wp","href":"https:\/\/api.w.org\/{rel}","templated":true}]}}