{"id":252,"date":"2016-06-16T14:45:22","date_gmt":"2016-06-16T14:45:22","guid":{"rendered":"http:\/\/www2.unifap.br\/dsmt\/?page_id=252"},"modified":"2017-02-15T13:46:27","modified_gmt":"2017-02-15T13:46:27","slug":"formularios","status":"publish","type":"page","link":"http:\/\/www2.unifap.br\/dsmt\/formularios\/","title":{"rendered":"Formul\u00e1rios e Requerimentos"},"content":{"rendered":"<p>&nbsp;<\/p>\n<h2><span style=\"color: #0000ff\"><strong><a href=\"http:\/\/www2.unifap.br\/dsmt\/files\/2016\/06\/COMUNICA\u00c7\u00c3O-DE-ACIDENTE-DE-TRABALHO-DO-SERVI\u00c7O-P\u00daBLICO.pdf\"><span style=\"color: #0000ff\">COMUNICA\u00c7\u00c3O DE ACIDENTE DE TRABALHO DO SERVI\u00c7O P\u00daBLICO &#8211; CAT\/SP<\/span><\/a><\/strong><\/span><\/h2>\n<p><span style=\"color: #ff0000\"><strong>\u00a0<\/strong><\/span><\/p>\n<h2><span style=\"color: #ff0000\"><strong><a href=\"http:\/\/www2.unifap.br\/dsmt\/files\/2016\/06\/RECONHECIMENTO-DOS-RISCOS-AMBIENTAIS.docx\"><span style=\"color: #ff0000\"><a href=\"http:\/\/www2.unifap.br\/dsmt\/files\/2016\/06\/RECONHECIMENTO-DOS-RISCOS-AMBIENTAIS1.docx\">RECONHECIMENTO DOS RISCOS AMBIENTAIS<\/a><\/span><\/a><\/strong><\/span><\/h2>\n<h2><\/h2>\n<h2><span style=\"color: #ff0000\"><strong><a href=\"http:\/\/www2.unifap.br\/dsmt\/files\/2016\/06\/FORMUL\u00c1RIO-DE-INSPE\u00c7\u00c3O-DE-OBRAS.pdf\">FORMUL\u00c1RIO DE INSPE\u00c7\u00c3O DE OBRAS<\/a><\/strong><\/span><\/h2>\n","protected":false},"excerpt":{"rendered":"<p>&nbsp; COMUNICA\u00c7\u00c3O DE ACIDENTE DE TRABALHO DO SERVI\u00c7O P\u00daBLICO &#8211; CAT\/SP \u00a0 RECONHECIMENTO DOS RISCOS AMBIENTAIS FORMUL\u00c1RIO DE INSPE\u00c7\u00c3O DE OBRAS<\/p>\n","protected":false},"author":867,"featured_media":0,"parent":0,"menu_order":0,"comment_status":"open","ping_status":"open","template":"","meta":{"inline_featured_image":false,"ngg_post_thumbnail":0,"footnotes":""},"class_list":["post-252","page","type-page","status-publish","hentry"],"_links":{"self":[{"href":"http:\/\/www2.unifap.br\/dsmt\/wp-json\/wp\/v2\/pages\/252","targetHints":{"allow":["GET"]}}],"collection":[{"href":"http:\/\/www2.unifap.br\/dsmt\/wp-json\/wp\/v2\/pages"}],"about":[{"href":"http:\/\/www2.unifap.br\/dsmt\/wp-json\/wp\/v2\/types\/page"}],"author":[{"embeddable":true,"href":"http:\/\/www2.unifap.br\/dsmt\/wp-json\/wp\/v2\/users\/867"}],"replies":[{"embeddable":true,"href":"http:\/\/www2.unifap.br\/dsmt\/wp-json\/wp\/v2\/comments?post=252"}],"version-history":[{"count":15,"href":"http:\/\/www2.unifap.br\/dsmt\/wp-json\/wp\/v2\/pages\/252\/revisions"}],"predecessor-version":[{"id":356,"href":"http:\/\/www2.unifap.br\/dsmt\/wp-json\/wp\/v2\/pages\/252\/revisions\/356"}],"wp:attachment":[{"href":"http:\/\/www2.unifap.br\/dsmt\/wp-json\/wp\/v2\/media?parent=252"}],"curies":[{"name":"wp","href":"https:\/\/api.w.org\/{rel}","templated":true}]}}