{"id":62,"date":"2015-05-14T12:56:57","date_gmt":"2015-05-14T12:56:57","guid":{"rendered":"http:\/\/www2.unifap.br\/dsmt\/?page_id=62"},"modified":"2016-09-01T14:23:05","modified_gmt":"2016-09-01T14:23:05","slug":"adicionais-de-insalubridade-ou-de-periculosidade-ou-de-irradiacao-ionizante-e-da-gratificacao-por-trabalhos-com-raios-x-ou-por-substancias-radioativas","status":"publish","type":"page","link":"http:\/\/www2.unifap.br\/dsmt\/adicionais-de-insalubridade-ou-de-periculosidade-ou-de-irradiacao-ionizante-e-da-gratificacao-por-trabalhos-com-raios-x-ou-por-substancias-radioativas\/","title":{"rendered":"LEGISLA\u00c7\u00c3O"},"content":{"rendered":"<p>&nbsp;<\/p>\n<h3><strong><span style=\"color: #0000ff\"><a href=\"http:\/\/www2.unifap.br\/dsmt\/files\/2015\/05\/CONSTITUI\u00c7\u00c3O-DA-REP\u00daBLICA-FEDERATIVA-DO-BRASIL.pdf\"><span style=\"color: #0000ff\">CONSTITUI\u00c7\u00c3O DA REP\u00daBLICA FEDERATIVA DO BRASIL<\/span><\/a><\/span><\/strong><\/h3>\n<h3><strong><span style=\"color: #0000ff\"><a href=\"http:\/\/www2.unifap.br\/dsmt\/files\/2015\/05\/lei-8.112-anotada-9-3-2015-2-41.pdf\"><span style=\"color: #0000ff\">lei-8.112-anotada-9-3-2015-(2) (4)<\/span><\/a><\/span><\/strong><\/h3>\n<h3><strong><span style=\"color: #0000ff\"><a href=\"http:\/\/www2.unifap.br\/dsmt\/files\/2015\/05\/orientacao_normativa_6_-_20131.pdf\"><span style=\"color: #0000ff\">orientacao_normativa_6_-_2013<\/span><\/a><\/span><\/strong><\/h3>\n<h3><strong><span style=\"color: #0000ff\"><a href=\"http:\/\/www2.unifap.br\/dsmt\/files\/2015\/05\/ORIENTA\u00c7\u00c3O-NORMATIVA-3-2010.pdf\"><span style=\"color: #0000ff\">ORIENTA\u00c7\u00c3O NORMATIVA 3 &#8211; 2010<\/span><\/a><\/span><\/strong><\/h3>\n<h3><strong><span style=\"color: #0000ff\"><a href=\"http:\/\/www2.unifap.br\/dsmt\/files\/2015\/05\/NORMA-OPERACIONAL-DE-SA\u00daDE-DO-SERVIDOR-N\u00ba-3-DE-7-DE-MAIO-2010.pdf\"><span style=\"color: #0000ff\">NORMA OPERACIONAL DE SA\u00daDE DO SERVIDOR N\u00ba 3, DE 7 DE MAIO 2010<\/span><\/a><\/span><\/strong><\/h3>\n<h3><strong><span style=\"line-height: 1.5em;color: #0000ff\">\u00a0<a href=\"http:\/\/www2.unifap.br\/dsmt\/files\/2015\/05\/Decreto-n\u00ba-7003.pdf\"><span style=\"color: #0000ff\">Decreto n\u00ba 7003<\/span><\/a><\/span><\/strong><\/h3>\n<h3><strong><span style=\"line-height: 1.5em;color: #0000ff\"> <a href=\"http:\/\/www2.unifap.br\/dsmt\/files\/2015\/05\/LICEN\u00c7A-M\u00c9DICA-INFORMA\u00c7\u00d5ES-ACOLHIMENTO.docx\"><span style=\"color: #0000ff\">LICEN\u00c7A M\u00c9DICA INFORMA\u00c7\u00d5ES ACOLHIMENTO<\/span><\/a> <\/span><\/strong><\/h3>\n<h3><strong><span style=\"line-height: 1.5em;color: #0000ff\"><a href=\"http:\/\/www2.unifap.br\/dsmt\/files\/2015\/05\/Manual-de-Per\u00edcia_Atualizado-em-05.05.2016.pdf\"><span style=\"color: #0000ff\">Manual de Per\u00edcia_Atualizado em 05.05.2016<\/span><\/a><\/span><\/strong><\/h3>\n<p>&nbsp;<\/p>\n","protected":false},"excerpt":{"rendered":"<p>&nbsp; CONSTITUI\u00c7\u00c3O DA REP\u00daBLICA FEDERATIVA DO BRASIL lei-8.112-anotada-9-3-2015-(2) (4) orientacao_normativa_6_-_2013 ORIENTA\u00c7\u00c3O NORMATIVA 3 &#8211; 2010 NORMA OPERACIONAL DE SA\u00daDE DO SERVIDOR N\u00ba 3, DE 7 DE MAIO 2010 \u00a0Decreto n\u00ba 7003 LICEN\u00c7A M\u00c9DICA INFORMA\u00c7\u00d5ES ACOLHIMENTO Manual de Per\u00edcia_Atualizado em 05.05.2016&hellip; <\/p>\n<p><a href=\"http:\/\/www2.unifap.br\/dsmt\/adicionais-de-insalubridade-ou-de-periculosidade-ou-de-irradiacao-ionizante-e-da-gratificacao-por-trabalhos-com-raios-x-ou-por-substancias-radioativas\/\" class=\"readmore-button\">Continue Reading<\/a><\/p>\n","protected":false},"author":656,"featured_media":0,"parent":0,"menu_order":0,"comment_status":"open","ping_status":"open","template":"","meta":{"inline_featured_image":false,"ngg_post_thumbnail":0,"footnotes":""},"class_list":["post-62","page","type-page","status-publish","hentry"],"_links":{"self":[{"href":"http:\/\/www2.unifap.br\/dsmt\/wp-json\/wp\/v2\/pages\/62","targetHints":{"allow":["GET"]}}],"collection":[{"href":"http:\/\/www2.unifap.br\/dsmt\/wp-json\/wp\/v2\/pages"}],"about":[{"href":"http:\/\/www2.unifap.br\/dsmt\/wp-json\/wp\/v2\/types\/page"}],"author":[{"embeddable":true,"href":"http:\/\/www2.unifap.br\/dsmt\/wp-json\/wp\/v2\/users\/656"}],"replies":[{"embeddable":true,"href":"http:\/\/www2.unifap.br\/dsmt\/wp-json\/wp\/v2\/comments?post=62"}],"version-history":[{"count":19,"href":"http:\/\/www2.unifap.br\/dsmt\/wp-json\/wp\/v2\/pages\/62\/revisions"}],"predecessor-version":[{"id":345,"href":"http:\/\/www2.unifap.br\/dsmt\/wp-json\/wp\/v2\/pages\/62\/revisions\/345"}],"wp:attachment":[{"href":"http:\/\/www2.unifap.br\/dsmt\/wp-json\/wp\/v2\/media?parent=62"}],"curies":[{"name":"wp","href":"https:\/\/api.w.org\/{rel}","templated":true}]}}