{"id":94,"date":"2015-05-14T14:34:01","date_gmt":"2015-05-14T14:34:01","guid":{"rendered":"http:\/\/www2.unifap.br\/dsmt\/?page_id=94"},"modified":"2015-05-14T20:24:06","modified_gmt":"2015-05-14T20:24:06","slug":"exames-medicos-periodicos","status":"publish","type":"page","link":"http:\/\/www2.unifap.br\/dsmt\/adicionais-de-insalubridade-ou-de-periculosidade-ou-de-irradiacao-ionizante-e-da-gratificacao-por-trabalhos-com-raios-x-ou-por-substancias-radioativas\/exames-medicos-periodicos\/","title":{"rendered":"LEGISLA\u00c7\u00c3O DE  Exames m\u00e9dicos peri\u00f3dicos"},"content":{"rendered":"<ul>\n<li><a href=\"http:\/\/www2.unifap.br\/dsmt\/files\/2015\/05\/PORTARIA-NORMATIVA-4-2009.pdf\">PORTARIA NORMATIVA 4 &#8211; 2009<\/a><\/li>\n<li><a href=\"http:\/\/www2.unifap.br\/dsmt\/files\/2015\/05\/Decreto-n\u00ba-6856.html_.docx\">Decreto n\u00ba 6856.html<\/a><\/li>\n<li><a href=\"http:\/\/www2.unifap.br\/dsmt\/files\/2015\/05\/Artigo-206-da-Lei-n\u00ba-8.112.90.docx\">Artigo 206 da Lei n\u00ba 8.112.90<\/a><\/li>\n<\/ul>\n","protected":false},"excerpt":{"rendered":"<p>PORTARIA NORMATIVA 4 &#8211; 2009 Decreto n\u00ba 6856.html Artigo 206 da Lei n\u00ba 8.112.90<\/p>\n","protected":false},"author":656,"featured_media":0,"parent":62,"menu_order":0,"comment_status":"open","ping_status":"open","template":"","meta":{"inline_featured_image":false,"ngg_post_thumbnail":0,"footnotes":""},"class_list":["post-94","page","type-page","status-publish","hentry"],"_links":{"self":[{"href":"http:\/\/www2.unifap.br\/dsmt\/wp-json\/wp\/v2\/pages\/94","targetHints":{"allow":["GET"]}}],"collection":[{"href":"http:\/\/www2.unifap.br\/dsmt\/wp-json\/wp\/v2\/pages"}],"about":[{"href":"http:\/\/www2.unifap.br\/dsmt\/wp-json\/wp\/v2\/types\/page"}],"author":[{"embeddable":true,"href":"http:\/\/www2.unifap.br\/dsmt\/wp-json\/wp\/v2\/users\/656"}],"replies":[{"embeddable":true,"href":"http:\/\/www2.unifap.br\/dsmt\/wp-json\/wp\/v2\/comments?post=94"}],"version-history":[{"count":4,"href":"http:\/\/www2.unifap.br\/dsmt\/wp-json\/wp\/v2\/pages\/94\/revisions"}],"predecessor-version":[{"id":122,"href":"http:\/\/www2.unifap.br\/dsmt\/wp-json\/wp\/v2\/pages\/94\/revisions\/122"}],"up":[{"embeddable":true,"href":"http:\/\/www2.unifap.br\/dsmt\/wp-json\/wp\/v2\/pages\/62"}],"wp:attachment":[{"href":"http:\/\/www2.unifap.br\/dsmt\/wp-json\/wp\/v2\/media?parent=94"}],"curies":[{"name":"wp","href":"https:\/\/api.w.org\/{rel}","templated":true}]}}