{"id":16536,"date":"2016-05-23T15:22:49","date_gmt":"2016-05-23T18:22:49","guid":{"rendered":"http:\/\/www2.unifap.br\/ead\/?page_id=16536"},"modified":"2016-05-23T15:22:49","modified_gmt":"2016-05-23T18:22:49","slug":"normalizacao-e-apresentacao-de-trabalhos-academicos","status":"publish","type":"page","link":"http:\/\/www2.unifap.br\/ead\/inscricao\/normalizacao-e-apresentacao-de-trabalhos-academicos\/","title":{"rendered":"Normaliza\u00e7\u00e3o e apresenta\u00e7\u00e3o de trabalhos acad\u00eamicos"},"content":{"rendered":"\n<div class=\"wpcf7 no-js\" id=\"wpcf7-f20372-o1\" lang=\"\" dir=\"ltr\" data-wpcf7-id=\"20372\">\n<div class=\"screen-reader-response\"><p role=\"status\" aria-live=\"polite\" aria-atomic=\"true\"><\/p> <ul><\/ul><\/div>\n<form action=\"\/ead\/wp-json\/wp\/v2\/pages\/16536#wpcf7-f20372-o1\" method=\"post\" class=\"wpcf7-form init\" aria-label=\"Formul\u00e1rios de contato\" novalidate=\"novalidate\" data-status=\"init\">\n<fieldset class=\"hidden-fields-container\"><input type=\"hidden\" name=\"_wpcf7\" value=\"20372\" \/><input type=\"hidden\" name=\"_wpcf7_version\" value=\"6.1\" \/><input type=\"hidden\" name=\"_wpcf7_locale\" value=\"\" \/><input type=\"hidden\" name=\"_wpcf7_unit_tag\" value=\"wpcf7-f20372-o1\" \/><input type=\"hidden\" name=\"_wpcf7_container_post\" value=\"0\" \/><input type=\"hidden\" name=\"_wpcf7_posted_data_hash\" value=\"\" \/>\n<\/fieldset>\n<center>\n\t<p><strong>INSCRI\u00c7\u00c3O P\/ O MINICURSO: Normaliza\u00e7\u00e3o e apresenta\u00e7\u00e3o de trabalhos acad\u00eamicos utilizando as ferramentas Microsoft Word e PowerPoint.<\/strong>\n\t<\/p>\n<\/center>\n<p><strong><br \/>\n---------------------------------------------------------------------<br \/>\n1. DADOS DE IDENTIFICA\u00c7\u00c3O DO CANDIDATO<br \/>\n---------------------------------------------------------------------<\/strong><br \/>\nCandidato(a): <span class=\"wpcf7-form-control-wrap\" data-name=\"text-450\"><input size=\"40\" maxlength=\"400\" class=\"wpcf7-form-control wpcf7-text wpcf7-validates-as-required\" aria-required=\"true\" aria-invalid=\"false\" value=\"\" type=\"text\" name=\"text-450\" \/><\/span>\n<\/p>\n<p>Endere\u00e7o: <span class=\"wpcf7-form-control-wrap\" data-name=\"text-164\"><input size=\"40\" maxlength=\"400\" class=\"wpcf7-form-control wpcf7-text wpcf7-validates-as-required\" aria-required=\"true\" aria-invalid=\"false\" value=\"\" type=\"text\" name=\"text-164\" \/><\/span> - Cidade: <span class=\"wpcf7-form-control-wrap\" data-name=\"text-550\"><input size=\"15\" maxlength=\"400\" class=\"wpcf7-form-control wpcf7-text wpcf7-validates-as-required\" aria-required=\"true\" aria-invalid=\"false\" value=\"\" type=\"text\" name=\"text-550\" \/><\/span>\n<\/p>\n<p>CEP: <span class=\"wpcf7-form-control-wrap\" data-name=\"text-745\"><input size=\"15\" maxlength=\"400\" class=\"wpcf7-form-control wpcf7-text wpcf7-validates-as-required\" aria-required=\"true\" aria-invalid=\"false\" value=\"\" type=\"text\" name=\"text-745\" \/><\/span> - UF: <span class=\"wpcf7-form-control-wrap\" data-name=\"menu-286\"><select class=\"wpcf7-form-control wpcf7-select\" aria-invalid=\"false\" name=\"menu-286\"><option value=\"Selecione\">Selecione<\/option><option value=\"AC\">AC<\/option><option value=\"AL\">AL<\/option><option value=\"AP\">AP<\/option><option value=\"AM\">AM<\/option><option value=\"BA\">BA<\/option><option value=\"CE\">CE<\/option><option value=\"DF\">DF<\/option><option value=\"ES\">ES<\/option><option value=\"GO\">GO<\/option><option value=\"MA\">MA<\/option><option value=\"MT\">MT<\/option><option value=\"MS\">MS<\/option><option value=\"MG\">MG<\/option><option value=\"PA\">PA<\/option><option value=\"PB\">PB<\/option><option value=\"PR\">PR<\/option><option value=\"PE\">PE<\/option><option value=\"PI\">PI<\/option><option value=\"RJ\">RJ<\/option><option value=\"RN\">RN<\/option><option value=\"RS\">RS<\/option><option value=\"RO\">RO<\/option><option value=\"RR\">RR<\/option><option value=\"SC\">SC<\/option><option value=\"SP\">SP<\/option><option value=\"SE\">SE<\/option><option value=\"TO\">TO<\/option><\/select><\/span>\n<\/p>\n<p>Telefone residencial: <span class=\"wpcf7-form-control-wrap\" data-name=\"text-308\"><input size=\"15\" maxlength=\"400\" class=\"wpcf7-form-control wpcf7-text wpcf7-validates-as-required\" aria-required=\"true\" aria-invalid=\"false\" value=\"\" type=\"text\" name=\"text-308\" \/><\/span> - Celular: <span class=\"wpcf7-form-control-wrap\" data-name=\"text-216\"><input size=\"15\" maxlength=\"400\" class=\"wpcf7-form-control wpcf7-text wpcf7-validates-as-required\" aria-required=\"true\" aria-invalid=\"false\" value=\"\" type=\"text\" name=\"text-216\" \/><\/span>\n<\/p>\n<p>E-mail: <span class=\"wpcf7-form-control-wrap\" data-name=\"email-782\"><input size=\"40\" maxlength=\"400\" class=\"wpcf7-form-control wpcf7-email wpcf7-validates-as-required wpcf7-text wpcf7-validates-as-email\" aria-required=\"true\" aria-invalid=\"false\" placeholder=\"candidato@email.com\" value=\"\" type=\"email\" name=\"email-782\" \/><\/span>\n<\/p>\n<p>Sexo: <span class=\"wpcf7-form-control-wrap\" data-name=\"radio-987\"><span class=\"wpcf7-form-control wpcf7-radio\"><span class=\"wpcf7-list-item first\"><input type=\"radio\" name=\"radio-987\" value=\"Masculino\" \/><span class=\"wpcf7-list-item-label\">Masculino<\/span><\/span><span class=\"wpcf7-list-item last\"><input type=\"radio\" name=\"radio-987\" value=\"Feminino\" \/><span class=\"wpcf7-list-item-label\">Feminino<\/span><\/span><\/span><\/span>\n<\/p>\n<p>Data de Nascimento: <span class=\"wpcf7-form-control-wrap\" data-name=\"text-811\"><input size=\"14\" maxlength=\"400\" class=\"wpcf7-form-control wpcf7-text wpcf7-validates-as-required\" aria-required=\"true\" aria-invalid=\"false\" value=\"\" type=\"text\" name=\"text-811\" \/><\/span> - Naturalidade: <span class=\"wpcf7-form-control-wrap\" data-name=\"text-310\"><input size=\"15\" maxlength=\"400\" class=\"wpcf7-form-control wpcf7-text wpcf7-validates-as-required\" aria-required=\"true\" aria-invalid=\"false\" value=\"\" type=\"text\" name=\"text-310\" \/><\/span>\n<\/p>\n<p>CPF: <span class=\"wpcf7-form-control-wrap\" data-name=\"text-800\"><input size=\"15\" maxlength=\"400\" class=\"wpcf7-form-control wpcf7-text wpcf7-validates-as-required\" aria-required=\"true\" aria-invalid=\"false\" value=\"\" type=\"text\" name=\"text-800\" \/><\/span>\n<\/p>\n<p>RG: <span class=\"wpcf7-form-control-wrap\" data-name=\"text-697\"><input size=\"10\" maxlength=\"400\" class=\"wpcf7-form-control wpcf7-text wpcf7-validates-as-required\" aria-required=\"true\" aria-invalid=\"false\" value=\"\" type=\"text\" name=\"text-697\" \/><\/span> - \u00d3rg\u00e3o Emissor: <span class=\"wpcf7-form-control-wrap\" data-name=\"text-740\"><input size=\"7\" maxlength=\"400\" class=\"wpcf7-form-control wpcf7-text wpcf7-validates-as-required\" aria-required=\"true\" aria-invalid=\"false\" value=\"\" type=\"text\" name=\"text-740\" \/><\/span> - Data de expedi\u00e7\u00e3o: <span class=\"wpcf7-form-control-wrap\" data-name=\"text-847\"><input size=\"10\" maxlength=\"400\" class=\"wpcf7-form-control wpcf7-text wpcf7-validates-as-required\" aria-required=\"true\" aria-invalid=\"false\" value=\"\" type=\"text\" name=\"text-847\" \/><\/span>\n<\/p>\n<p><strong><br \/>\n<input class=\"wpcf7-form-control wpcf7-submit has-spinner\" type=\"submit\" value=\"Enviar\" \/><\/strong>\n<\/p><div class=\"wpcf7-response-output\" aria-hidden=\"true\"><\/div>\n<\/form>\n<\/div>\n\n","protected":false},"excerpt":{"rendered":"","protected":false},"author":435,"featured_media":0,"parent":3112,"menu_order":0,"comment_status":"closed","ping_status":"closed","template":"","meta":{"inline_featured_image":false,"ngg_post_thumbnail":0,"footnotes":""},"class_list":["post-16536","page","type-page","status-publish","hentry","entry"],"_links":{"self":[{"href":"http:\/\/www2.unifap.br\/ead\/wp-json\/wp\/v2\/pages\/16536","targetHints":{"allow":["GET"]}}],"collection":[{"href":"http:\/\/www2.unifap.br\/ead\/wp-json\/wp\/v2\/pages"}],"about":[{"href":"http:\/\/www2.unifap.br\/ead\/wp-json\/wp\/v2\/types\/page"}],"author":[{"embeddable":true,"href":"http:\/\/www2.unifap.br\/ead\/wp-json\/wp\/v2\/users\/435"}],"replies":[{"embeddable":true,"href":"http:\/\/www2.unifap.br\/ead\/wp-json\/wp\/v2\/comments?post=16536"}],"version-history":[{"count":1,"href":"http:\/\/www2.unifap.br\/ead\/wp-json\/wp\/v2\/pages\/16536\/revisions"}],"predecessor-version":[{"id":16537,"href":"http:\/\/www2.unifap.br\/ead\/wp-json\/wp\/v2\/pages\/16536\/revisions\/16537"}],"up":[{"embeddable":true,"href":"http:\/\/www2.unifap.br\/ead\/wp-json\/wp\/v2\/pages\/3112"}],"wp:attachment":[{"href":"http:\/\/www2.unifap.br\/ead\/wp-json\/wp\/v2\/media?parent=16536"}],"curies":[{"name":"wp","href":"https:\/\/api.w.org\/{rel}","templated":true}]}}