{"id":16999,"date":"2016-12-12T16:52:32","date_gmt":"2016-12-12T19:52:32","guid":{"rendered":"http:\/\/www2.unifap.br\/ead\/?page_id=16999"},"modified":"2016-12-12T16:52:59","modified_gmt":"2016-12-12T19:52:59","slug":"curso-de-extensao-em-ensino-religioso-2","status":"publish","type":"page","link":"http:\/\/www2.unifap.br\/ead\/curso-de-extensao-em-ensino-religioso-2\/","title":{"rendered":"Curso de Extens\u00e3o em Ensino Religioso"},"content":{"rendered":"<p style=\"text-align: justify\">\n<h1>P\u00fablico-Alvo: <\/h1>\n<p>Professores de 1\u00ba ao 5\u00ba ano (que ministram o Ensino Religioso concomitante as demais disciplinas) e professores de Ensino Religioso de 6\u00ba e 7\u00ba ano da Rede Estadual e Municipal de Ensino; e alunos de gradua\u00e7\u00e3o ou p\u00f3s-gradua\u00e7\u00e3o.<\/p>\n<h1>Objetivos do curso:<\/h1>\n<h2>Geral:<\/h2>\n<ul>\n<p style=\"text-align: justify\">\n<li>Oferecer aos docentes da Rede P\u00fablica Estadual e Municipal que ministram Ensino Religioso e aos graduandos e p\u00f3s-gradua\u00e7\u00e3o, forma\u00e7\u00e3o continuada em Ensino Religioso de forma a consolidar a LDB 9.394\/96 (em seu Art. 33, modificado pelo Decreto Lei 1.475\/97, A resolu\u00e7\u00e3o 14\/06 CEE-AP), a nova Diretriz Nacional para Educa\u00e7\u00e3o B\u00e1sica, o Curr\u00edculo Escolar e o Fen\u00f4meno Religioso, a partir de referenciais cient\u00edficos, pedag\u00f3gicos e legais para a melhoria de suas a\u00e7\u00f5es relativas aos processos de promo\u00e7\u00e3o da aprendizagem e forma\u00e7\u00e3o humana.<\/li>\n<\/ul>\n<h2>Espec\u00edfico:<\/h2>\n<ul>\n<li><span style=\"text-align: justify\">Sensibilizar alunos e professores sobre a import\u00e2ncia do ensino religioso; estimular novas pesquisas sobre a quest\u00e3o da religi\u00e3o no estado do AMAP\u00c1.<\/span><\/li>\n<\/ul>\n<p style=\"text-align: justify\">\n<p style=\"text-align: justify\">\n<h1>Forma de Ingresso:<\/h1>\n<h2> Para fazer o curso o professor dever\u00e1 apresentar:<\/h2>\n<ul>\n<li>Declara\u00e7\u00e3o da escola em que atua, afirmando que ministra a disciplina Ensino Religioso;<\/li>\n<li>Redigir uma carta de inten\u00e7\u00e3o onde explicitar\u00e1 por que quer fazer o curso; na carta tamb\u00e9m dever\u00e1 ter um curr\u00edculo sucinto contendo forma\u00e7\u00e3o e experi\u00eancia profissional do pleiteante a vaga; <\/li>\n<li>Para alunos: dever\u00e1 apresentar declara\u00e7\u00e3o de matricula em um Curso de gradua\u00e7\u00e3o ou p\u00f3s-gradua\u00e7\u00e3o; redigir uma carta de inten\u00e7\u00e3o onde explicitar\u00e1 por que quer fazer o curso; na carta tamb\u00e9m dever\u00e1 ter um curr\u00edculo sucinto contendo forma\u00e7\u00e3o e experi\u00eancia profissional do pleiteante a vaga.      <\/li>\n<\/ul>\n<h2>Dura\u00e7\u00e3o do Curso:<\/h2>\n<p>Meses de mar\u00e7o e abril de 2017 (30 hs)<\/p>\n<h2>Metodologia:<\/h2>\n<p>Aulas expositivas e utiliza\u00e7\u00e3o da plataforma Moodle.<\/p>\n<h2>In\u00edcio das Atividades:<\/h2>\n<p>Mar\u00e7o.<\/p>\n<h2>Coordenadores:<\/h2>\n<p>Dr. Marcos Vinicius de Freitas Reis.<br \/>\nMsc. Maria de Lourdes Maria Vulcao<br \/>\nMsc. Aldeci Silva Dias<br \/>\nEsp. Katia Maria Barbosa dos Anjos<\/p>\n<h2>Contato:<\/h2>\n<p>marcosvinicius5@yahoo.com.br<\/p>\n<p style=\"text-align: justify\"><strong> <\/strong><\/p>\n","protected":false},"excerpt":{"rendered":"<p>P\u00fablico-Alvo: Professores de 1\u00ba ao 5\u00ba ano (que ministram o Ensino Religioso concomitante as demais disciplinas) e professores de Ensino Religioso de 6\u00ba e 7\u00ba ano da Rede Estadual e&#8230;<\/p>\n","protected":false},"author":435,"featured_media":0,"parent":0,"menu_order":0,"comment_status":"closed","ping_status":"closed","template":"","meta":{"inline_featured_image":false,"ngg_post_thumbnail":0,"footnotes":""},"class_list":["post-16999","page","type-page","status-publish","hentry","entry"],"_links":{"self":[{"href":"http:\/\/www2.unifap.br\/ead\/wp-json\/wp\/v2\/pages\/16999","targetHints":{"allow":["GET"]}}],"collection":[{"href":"http:\/\/www2.unifap.br\/ead\/wp-json\/wp\/v2\/pages"}],"about":[{"href":"http:\/\/www2.unifap.br\/ead\/wp-json\/wp\/v2\/types\/page"}],"author":[{"embeddable":true,"href":"http:\/\/www2.unifap.br\/ead\/wp-json\/wp\/v2\/users\/435"}],"replies":[{"embeddable":true,"href":"http:\/\/www2.unifap.br\/ead\/wp-json\/wp\/v2\/comments?post=16999"}],"version-history":[{"count":2,"href":"http:\/\/www2.unifap.br\/ead\/wp-json\/wp\/v2\/pages\/16999\/revisions"}],"predecessor-version":[{"id":17001,"href":"http:\/\/www2.unifap.br\/ead\/wp-json\/wp\/v2\/pages\/16999\/revisions\/17001"}],"wp:attachment":[{"href":"http:\/\/www2.unifap.br\/ead\/wp-json\/wp\/v2\/media?parent=16999"}],"curies":[{"name":"wp","href":"https:\/\/api.w.org\/{rel}","templated":true}]}}